{"id":116212,"date":"2026-05-10T14:35:28","date_gmt":"2026-05-10T12:35:28","guid":{"rendered":"https:\/\/vog.com.tn\/?post_type=product&#038;p=116212"},"modified":"2026-05-11T12:11:38","modified_gmt":"2026-05-11T10:11:38","slug":"baskets-femme-316756-vog","status":"publish","type":"product","link":"https:\/\/vog.com.tn\/?product=baskets-femme-316756-vog","title":{"rendered":"Baskets Femme-316756-VOG"},"content":{"rendered":"<p>Vog met en vente en ligne baskets pour femme en Tunisie. Les baskets sont un incontournable du dressing f\u00e9minin, alliant confort et style. Cette saison, adoptez ces baskets tendance pour compl\u00e9ter vos looks avec simplicit\u00e9 et modernit\u00e9 ! Polyvalentes, elles s\u2019accordent aussi bien avec un pantalon d\u00e9contract\u00e9 qu\u2019avec un jean pour un style casual. Portez-les \u00e9galement avec une robe ou une jupe pour un look \u00e0 la fois chic et confortable.<\/p>\n","protected":false},"excerpt":{"rendered":"<p data-path-to-node=\"2,0,0\"><b data-path-to-node=\"2,0,0\" data-index-in-node=\"0\">Vente en ligne baskets pour femme.<\/b><\/p>\n<ul>\n<li>\n<p data-path-to-node=\"2,1,0\">Design dynamique avec une silhouette l\u00e9g\u00e8re et sportive.<\/p>\n<\/li>\n<li>\n<p data-path-to-node=\"2,2,0\">Mati\u00e8re en maille respirante combin\u00e9e \u00e0 des empi\u00e8cements \u00e9l\u00e9gants.<\/p>\n<\/li>\n<li>\n<p data-path-to-node=\"2,3,0\">Semelle \u00e9paisse et confortable offrant un excellent amorti pour la marche.<\/p>\n<\/li>\n<li>\n<p data-path-to-node=\"2,4,0\">Fermeture \u00e0 lacets pour un maintien s\u00fbr et ajust\u00e9.<\/p>\n<\/li>\n<li>\n<p data-path-to-node=\"2,5,0\">Style polyvalent id\u00e9al pour vos sorties quotidiennes ou un look sport-chic.<\/p>\n<\/li>\n<\/ul>\n<p>\ud83d\ude9a Livraison \u00e0 domicile : 8.500 TND<\/p>\n<p>\u23f1\ufe0f D\u00e9lai de livraison : 2 \u00e0 3 jours ouvrables<\/p>\n<p>\ud83d\udd01 \u00c9change possible : Oui (vous payez seulement les frais de livraison retour).<\/p>\n","protected":false},"featured_media":116222,"template":"","meta":[],"product_brand":[],"product_cat":[97,96,137,360],"product_tag":[],"class_list":{"0":"post-116212","1":"product","2":"type-product","3":"status-publish","4":"has-post-thumbnail","6":"product_cat-chaussures-baskets-femme","7":"product_cat-chaussures-femme","8":"product_cat-mode-femme","9":"product_cat-nouvelle-collection","10":"pa_couleurs-noir","11":"pa_pointure-105","12":"pa_pointure-106","13":"pa_pointure-107","14":"pa_pointure-108","15":"pa_pointure-109","16":"pa_pointure-110","19":"first","20":"instock","21":"taxable","22":"shipping-taxable","23":"purchasable","24":"product-type-variable"},"yoast_head":"<!-- This site is optimized with the Yoast SEO plugin v27.5 - https:\/\/yoast.com\/product\/yoast-seo-wordpress\/ -->\n<title>Baskets Femme-316756-VOG - Vog Tunisie<\/title>\n<meta name=\"robots\" content=\"index, follow, max-snippet:-1, max-image-preview:large, max-video-preview:-1\" \/>\n<link rel=\"canonical\" href=\"https:\/\/vog.com.tn\/?product=baskets-femme-316756-vog\" \/>\n<meta property=\"og:locale\" content=\"fr_FR\" \/>\n<meta property=\"og:type\" content=\"article\" \/>\n<meta property=\"og:title\" content=\"Baskets Femme-316756-VOG - Vog Tunisie\" \/>\n<meta property=\"og:description\" content=\"Vente en ligne baskets pour femme.     Design dynamique avec une silhouette l\u00e9g\u00e8re et sportive.    Mati\u00e8re en maille respirante combin\u00e9e \u00e0 des empi\u00e8cements \u00e9l\u00e9gants.    Semelle \u00e9paisse et confortable offrant un excellent amorti pour la marche.    Fermeture \u00e0 lacets pour un maintien s\u00fbr et ajust\u00e9.    Style polyvalent id\u00e9al pour vos sorties quotidiennes ou un look sport-chic.   \ud83d\ude9a Livraison \u00e0 domicile : 8.500 TND  \u23f1\ufe0f D\u00e9lai de livraison : 2 \u00e0 3 jours ouvrables  \ud83d\udd01 \u00c9change possible : Oui (vous payez seulement les frais de livraison retour).\" \/>\n<meta property=\"og:url\" content=\"https:\/\/vog.com.tn\/?product=baskets-femme-316756-vog\" \/>\n<meta property=\"og:site_name\" content=\"Vog Tunisie\" \/>\n<meta property=\"article:modified_time\" content=\"2026-05-11T10:11:38+00:00\" \/>\n<meta property=\"og:image\" content=\"https:\/\/vog.com.tn\/wp-content\/uploads\/2026\/05\/Ref-316756-noir.png\" \/>\n\t<meta property=\"og:image:width\" content=\"572\" \/>\n\t<meta property=\"og:image:height\" content=\"800\" \/>\n\t<meta property=\"og:image:type\" content=\"image\/png\" \/>\n<meta name=\"twitter:card\" content=\"summary_large_image\" \/>\n<meta name=\"twitter:label1\" content=\"Dur\u00e9e de lecture estim\u00e9e\" \/>\n\t<meta name=\"twitter:data1\" content=\"1 minute\" \/>\n<script type=\"application\/ld+json\" class=\"yoast-schema-graph\">{\"@context\":\"https:\\\/\\\/schema.org\",\"@graph\":[{\"@type\":\"WebPage\",\"@id\":\"https:\\\/\\\/vog.com.tn\\\/?product=baskets-femme-316756-vog\",\"url\":\"https:\\\/\\\/vog.com.tn\\\/?product=baskets-femme-316756-vog\",\"name\":\"Baskets Femme-316756-VOG - Vog Tunisie\",\"isPartOf\":{\"@id\":\"https:\\\/\\\/vog.com.tn\\\/#website\"},\"primaryImageOfPage\":{\"@id\":\"https:\\\/\\\/vog.com.tn\\\/?product=baskets-femme-316756-vog#primaryimage\"},\"image\":{\"@id\":\"https:\\\/\\\/vog.com.tn\\\/?product=baskets-femme-316756-vog#primaryimage\"},\"thumbnailUrl\":\"https:\\\/\\\/vog.com.tn\\\/wp-content\\\/uploads\\\/2026\\\/05\\\/Ref-316756-noir.png\",\"datePublished\":\"2026-05-10T12:35:28+00:00\",\"dateModified\":\"2026-05-11T10:11:38+00:00\",\"breadcrumb\":{\"@id\":\"https:\\\/\\\/vog.com.tn\\\/?product=baskets-femme-316756-vog#breadcrumb\"},\"inLanguage\":\"fr-FR\",\"potentialAction\":[{\"@type\":\"ReadAction\",\"target\":[\"https:\\\/\\\/vog.com.tn\\\/?product=baskets-femme-316756-vog\"]}]},{\"@type\":\"ImageObject\",\"inLanguage\":\"fr-FR\",\"@id\":\"https:\\\/\\\/vog.com.tn\\\/?product=baskets-femme-316756-vog#primaryimage\",\"url\":\"https:\\\/\\\/vog.com.tn\\\/wp-content\\\/uploads\\\/2026\\\/05\\\/Ref-316756-noir.png\",\"contentUrl\":\"https:\\\/\\\/vog.com.tn\\\/wp-content\\\/uploads\\\/2026\\\/05\\\/Ref-316756-noir.png\",\"width\":572,\"height\":800},{\"@type\":\"BreadcrumbList\",\"@id\":\"https:\\\/\\\/vog.com.tn\\\/?product=baskets-femme-316756-vog#breadcrumb\",\"itemListElement\":[{\"@type\":\"ListItem\",\"position\":1,\"name\":\"Home\",\"item\":\"https:\\\/\\\/vog.com.tn\\\/\"},{\"@type\":\"ListItem\",\"position\":2,\"name\":\"Produits\",\"item\":\"https:\\\/\\\/vog.com.tn\\\/?page_id=8\"},{\"@type\":\"ListItem\",\"position\":3,\"name\":\"Baskets Femme-316756-VOG\"}]},{\"@type\":\"WebSite\",\"@id\":\"https:\\\/\\\/vog.com.tn\\\/#website\",\"url\":\"https:\\\/\\\/vog.com.tn\\\/\",\"name\":\"Vog Tunisie\",\"description\":\"Pr\u00eat-\u00e0-porter\",\"potentialAction\":[{\"@type\":\"SearchAction\",\"target\":{\"@type\":\"EntryPoint\",\"urlTemplate\":\"https:\\\/\\\/vog.com.tn\\\/?s={search_term_string}\"},\"query-input\":{\"@type\":\"PropertyValueSpecification\",\"valueRequired\":true,\"valueName\":\"search_term_string\"}}],\"inLanguage\":\"fr-FR\"}]}<\/script>\n<!-- \/ Yoast SEO plugin. -->","yoast_head_json":{"title":"Baskets Femme-316756-VOG - Vog Tunisie","robots":{"index":"index","follow":"follow","max-snippet":"max-snippet:-1","max-image-preview":"max-image-preview:large","max-video-preview":"max-video-preview:-1"},"canonical":"https:\/\/vog.com.tn\/?product=baskets-femme-316756-vog","og_locale":"fr_FR","og_type":"article","og_title":"Baskets Femme-316756-VOG - Vog Tunisie","og_description":"Vente en ligne baskets pour femme.     Design dynamique avec une silhouette l\u00e9g\u00e8re et sportive.    Mati\u00e8re en maille respirante combin\u00e9e \u00e0 des empi\u00e8cements \u00e9l\u00e9gants.    Semelle \u00e9paisse et confortable offrant un excellent amorti pour la marche.    Fermeture \u00e0 lacets pour un maintien s\u00fbr et ajust\u00e9.    Style polyvalent id\u00e9al pour vos sorties quotidiennes ou un look sport-chic.   \ud83d\ude9a Livraison \u00e0 domicile : 8.500 TND  \u23f1\ufe0f D\u00e9lai de livraison : 2 \u00e0 3 jours ouvrables  \ud83d\udd01 \u00c9change possible : Oui (vous payez seulement les frais de livraison retour).","og_url":"https:\/\/vog.com.tn\/?product=baskets-femme-316756-vog","og_site_name":"Vog Tunisie","article_modified_time":"2026-05-11T10:11:38+00:00","og_image":[{"width":572,"height":800,"url":"https:\/\/vog.com.tn\/wp-content\/uploads\/2026\/05\/Ref-316756-noir.png","type":"image\/png"}],"twitter_card":"summary_large_image","twitter_misc":{"Dur\u00e9e de lecture estim\u00e9e":"1 minute"},"schema":{"@context":"https:\/\/schema.org","@graph":[{"@type":"WebPage","@id":"https:\/\/vog.com.tn\/?product=baskets-femme-316756-vog","url":"https:\/\/vog.com.tn\/?product=baskets-femme-316756-vog","name":"Baskets Femme-316756-VOG - Vog Tunisie","isPartOf":{"@id":"https:\/\/vog.com.tn\/#website"},"primaryImageOfPage":{"@id":"https:\/\/vog.com.tn\/?product=baskets-femme-316756-vog#primaryimage"},"image":{"@id":"https:\/\/vog.com.tn\/?product=baskets-femme-316756-vog#primaryimage"},"thumbnailUrl":"https:\/\/vog.com.tn\/wp-content\/uploads\/2026\/05\/Ref-316756-noir.png","datePublished":"2026-05-10T12:35:28+00:00","dateModified":"2026-05-11T10:11:38+00:00","breadcrumb":{"@id":"https:\/\/vog.com.tn\/?product=baskets-femme-316756-vog#breadcrumb"},"inLanguage":"fr-FR","potentialAction":[{"@type":"ReadAction","target":["https:\/\/vog.com.tn\/?product=baskets-femme-316756-vog"]}]},{"@type":"ImageObject","inLanguage":"fr-FR","@id":"https:\/\/vog.com.tn\/?product=baskets-femme-316756-vog#primaryimage","url":"https:\/\/vog.com.tn\/wp-content\/uploads\/2026\/05\/Ref-316756-noir.png","contentUrl":"https:\/\/vog.com.tn\/wp-content\/uploads\/2026\/05\/Ref-316756-noir.png","width":572,"height":800},{"@type":"BreadcrumbList","@id":"https:\/\/vog.com.tn\/?product=baskets-femme-316756-vog#breadcrumb","itemListElement":[{"@type":"ListItem","position":1,"name":"Home","item":"https:\/\/vog.com.tn\/"},{"@type":"ListItem","position":2,"name":"Produits","item":"https:\/\/vog.com.tn\/?page_id=8"},{"@type":"ListItem","position":3,"name":"Baskets Femme-316756-VOG"}]},{"@type":"WebSite","@id":"https:\/\/vog.com.tn\/#website","url":"https:\/\/vog.com.tn\/","name":"Vog Tunisie","description":"Pr\u00eat-\u00e0-porter","potentialAction":[{"@type":"SearchAction","target":{"@type":"EntryPoint","urlTemplate":"https:\/\/vog.com.tn\/?s={search_term_string}"},"query-input":{"@type":"PropertyValueSpecification","valueRequired":true,"valueName":"search_term_string"}}],"inLanguage":"fr-FR"}]}},"_links":{"self":[{"href":"https:\/\/vog.com.tn\/index.php?rest_route=\/wp\/v2\/product\/116212","targetHints":{"allow":["GET"]}}],"collection":[{"href":"https:\/\/vog.com.tn\/index.php?rest_route=\/wp\/v2\/product"}],"about":[{"href":"https:\/\/vog.com.tn\/index.php?rest_route=\/wp\/v2\/types\/product"}],"wp:featuredmedia":[{"embeddable":true,"href":"https:\/\/vog.com.tn\/index.php?rest_route=\/wp\/v2\/media\/116222"}],"wp:attachment":[{"href":"https:\/\/vog.com.tn\/index.php?rest_route=%2Fwp%2Fv2%2Fmedia&parent=116212"}],"wp:term":[{"taxonomy":"product_brand","embeddable":true,"href":"https:\/\/vog.com.tn\/index.php?rest_route=%2Fwp%2Fv2%2Fproduct_brand&post=116212"},{"taxonomy":"product_cat","embeddable":true,"href":"https:\/\/vog.com.tn\/index.php?rest_route=%2Fwp%2Fv2%2Fproduct_cat&post=116212"},{"taxonomy":"product_tag","embeddable":true,"href":"https:\/\/vog.com.tn\/index.php?rest_route=%2Fwp%2Fv2%2Fproduct_tag&post=116212"}],"curies":[{"name":"wp","href":"https:\/\/api.w.org\/{rel}","templated":true}]}}