{"id":116772,"date":"2026-05-14T13:36:12","date_gmt":"2026-05-14T11:36:12","guid":{"rendered":"https:\/\/vog.com.tn\/?post_type=product&#038;p=116772"},"modified":"2026-05-15T12:11:38","modified_gmt":"2026-05-15T10:11:38","slug":"ballerines-femme-316890-vog","status":"publish","type":"product","link":"https:\/\/vog.com.tn\/?product=ballerines-femme-316890-vog","title":{"rendered":"Ballerines Femme \u2013316890-VOG"},"content":{"rendered":"<p>Vog met en vente des ballerines simples, confortables et toujours \u00e0 la mode. Elles se portent facilement au quotidien, que ce soit pour un look d\u00e9contract\u00e9 ou plus habill\u00e9.<br \/>\nPratiques et l\u00e9g\u00e8res, elles s\u2019adaptent \u00e0 toutes les tenues et restent un essentiel du dressing f\u00e9minin.<\/p>\n","protected":false},"excerpt":{"rendered":"<p>Vente en ligne ballerines pour femme.<\/p>\n<ul>\n<li data-path-to-node=\"3,0,0\">Ballerines ultra-tendances et originales.<\/li>\n<li data-path-to-node=\"3,1,0\">Design orn\u00e9 de strass brillants pour un look chic et affirm\u00e9.<\/li>\n<li data-path-to-node=\"3,2,0\">Bride vernie sur le dessus avec boucle pour un maintien parfait.<\/li>\n<li data-path-to-node=\"3,3,0\">Silhouette plate et l\u00e9g\u00e8re offrant un grand confort au quotidien.<\/li>\n<li data-path-to-node=\"3,4,0\">Mod\u00e8le id\u00e9al pour ajouter une touche de caract\u00e8re \u00e0 toutes vos tenues.<\/li>\n<\/ul>\n<p><strong>\ud83d\ude9a Livraison \u00e0 domicile :<\/strong> 8.500 TND<\/p>\n<p><strong>\u23f1\ufe0f D\u00e9lai de livraison :<\/strong> 2 \u00e0 3 jours ouvrables<\/p>\n<p><strong>\ud83d\udd01 \u00c9change possible :<\/strong> Oui (vous payez seulement les frais de livraison retour).<\/p>\n","protected":false},"featured_media":116794,"template":"","meta":[],"product_brand":[],"product_cat":[96,128,137,360],"product_tag":[],"class_list":{"0":"post-116772","1":"product","2":"type-product","3":"status-publish","4":"has-post-thumbnail","6":"product_cat-chaussures-femme","7":"product_cat-mocassins-ballerines-femme","8":"product_cat-mode-femme","9":"product_cat-nouvelle-collection","10":"pa_couleurs-beige","11":"pa_couleurs-choco","12":"pa_couleurs-noir","13":"pa_pointure-105","14":"pa_pointure-106","15":"pa_pointure-107","16":"pa_pointure-108","17":"pa_pointure-109","18":"pa_pointure-110","21":"first","22":"instock","23":"taxable","24":"shipping-taxable","25":"purchasable","26":"product-type-variable"},"yoast_head":"<!-- This site is optimized with the Yoast SEO plugin v27.5 - https:\/\/yoast.com\/product\/yoast-seo-wordpress\/ -->\n<title>Ballerines Femme \u2013316890-VOG - Vog Tunisie<\/title>\n<meta name=\"robots\" content=\"index, follow, max-snippet:-1, max-image-preview:large, max-video-preview:-1\" \/>\n<link rel=\"canonical\" href=\"https:\/\/vog.com.tn\/?product=ballerines-femme-316890-vog\" \/>\n<meta property=\"og:locale\" content=\"fr_FR\" \/>\n<meta property=\"og:type\" content=\"article\" \/>\n<meta property=\"og:title\" content=\"Ballerines Femme \u2013316890-VOG - Vog Tunisie\" \/>\n<meta property=\"og:description\" content=\"Vente en ligne ballerines pour femme.   Ballerines ultra-tendances et originales.  Design orn\u00e9 de strass brillants pour un look chic et affirm\u00e9.  Bride vernie sur le dessus avec boucle pour un maintien parfait.  Silhouette plate et l\u00e9g\u00e8re offrant un grand confort au quotidien.  Mod\u00e8le id\u00e9al pour ajouter une touche de caract\u00e8re \u00e0 toutes vos tenues.  \ud83d\ude9a Livraison \u00e0 domicile : 8.500 TND  \u23f1\ufe0f D\u00e9lai de livraison : 2 \u00e0 3 jours ouvrables  \ud83d\udd01 \u00c9change possible : Oui (vous payez seulement les frais de livraison retour).\" \/>\n<meta property=\"og:url\" content=\"https:\/\/vog.com.tn\/?product=ballerines-femme-316890-vog\" \/>\n<meta property=\"og:site_name\" content=\"Vog Tunisie\" \/>\n<meta property=\"article:modified_time\" content=\"2026-05-15T10:11:38+00:00\" \/>\n<meta property=\"og:image\" content=\"https:\/\/vog.com.tn\/wp-content\/uploads\/2026\/05\/Ref-316890-beige-2.png\" \/>\n\t<meta property=\"og:image:width\" content=\"572\" \/>\n\t<meta property=\"og:image:height\" content=\"800\" \/>\n\t<meta property=\"og:image:type\" content=\"image\/png\" \/>\n<meta name=\"twitter:card\" content=\"summary_large_image\" \/>\n<meta name=\"twitter:label1\" content=\"Dur\u00e9e de lecture estim\u00e9e\" \/>\n\t<meta name=\"twitter:data1\" content=\"1 minute\" \/>\n<script type=\"application\/ld+json\" class=\"yoast-schema-graph\">{\"@context\":\"https:\\\/\\\/schema.org\",\"@graph\":[{\"@type\":\"WebPage\",\"@id\":\"https:\\\/\\\/vog.com.tn\\\/?product=ballerines-femme-316890-vog\",\"url\":\"https:\\\/\\\/vog.com.tn\\\/?product=ballerines-femme-316890-vog\",\"name\":\"Ballerines Femme \u2013316890-VOG - Vog Tunisie\",\"isPartOf\":{\"@id\":\"https:\\\/\\\/vog.com.tn\\\/#website\"},\"primaryImageOfPage\":{\"@id\":\"https:\\\/\\\/vog.com.tn\\\/?product=ballerines-femme-316890-vog#primaryimage\"},\"image\":{\"@id\":\"https:\\\/\\\/vog.com.tn\\\/?product=ballerines-femme-316890-vog#primaryimage\"},\"thumbnailUrl\":\"https:\\\/\\\/vog.com.tn\\\/wp-content\\\/uploads\\\/2026\\\/05\\\/Ref-316890-beige-2.png\",\"datePublished\":\"2026-05-14T11:36:12+00:00\",\"dateModified\":\"2026-05-15T10:11:38+00:00\",\"breadcrumb\":{\"@id\":\"https:\\\/\\\/vog.com.tn\\\/?product=ballerines-femme-316890-vog#breadcrumb\"},\"inLanguage\":\"fr-FR\",\"potentialAction\":[{\"@type\":\"ReadAction\",\"target\":[\"https:\\\/\\\/vog.com.tn\\\/?product=ballerines-femme-316890-vog\"]}]},{\"@type\":\"ImageObject\",\"inLanguage\":\"fr-FR\",\"@id\":\"https:\\\/\\\/vog.com.tn\\\/?product=ballerines-femme-316890-vog#primaryimage\",\"url\":\"https:\\\/\\\/vog.com.tn\\\/wp-content\\\/uploads\\\/2026\\\/05\\\/Ref-316890-beige-2.png\",\"contentUrl\":\"https:\\\/\\\/vog.com.tn\\\/wp-content\\\/uploads\\\/2026\\\/05\\\/Ref-316890-beige-2.png\",\"width\":572,\"height\":800},{\"@type\":\"BreadcrumbList\",\"@id\":\"https:\\\/\\\/vog.com.tn\\\/?product=ballerines-femme-316890-vog#breadcrumb\",\"itemListElement\":[{\"@type\":\"ListItem\",\"position\":1,\"name\":\"Home\",\"item\":\"https:\\\/\\\/vog.com.tn\\\/\"},{\"@type\":\"ListItem\",\"position\":2,\"name\":\"Produits\",\"item\":\"https:\\\/\\\/vog.com.tn\\\/?page_id=8\"},{\"@type\":\"ListItem\",\"position\":3,\"name\":\"Ballerines Femme \u2013316890-VOG\"}]},{\"@type\":\"WebSite\",\"@id\":\"https:\\\/\\\/vog.com.tn\\\/#website\",\"url\":\"https:\\\/\\\/vog.com.tn\\\/\",\"name\":\"Vog Tunisie\",\"description\":\"Pr\u00eat-\u00e0-porter\",\"potentialAction\":[{\"@type\":\"SearchAction\",\"target\":{\"@type\":\"EntryPoint\",\"urlTemplate\":\"https:\\\/\\\/vog.com.tn\\\/?s={search_term_string}\"},\"query-input\":{\"@type\":\"PropertyValueSpecification\",\"valueRequired\":true,\"valueName\":\"search_term_string\"}}],\"inLanguage\":\"fr-FR\"}]}<\/script>\n<!-- \/ Yoast SEO plugin. -->","yoast_head_json":{"title":"Ballerines Femme \u2013316890-VOG - Vog Tunisie","robots":{"index":"index","follow":"follow","max-snippet":"max-snippet:-1","max-image-preview":"max-image-preview:large","max-video-preview":"max-video-preview:-1"},"canonical":"https:\/\/vog.com.tn\/?product=ballerines-femme-316890-vog","og_locale":"fr_FR","og_type":"article","og_title":"Ballerines Femme \u2013316890-VOG - Vog Tunisie","og_description":"Vente en ligne ballerines pour femme.   Ballerines ultra-tendances et originales.  Design orn\u00e9 de strass brillants pour un look chic et affirm\u00e9.  Bride vernie sur le dessus avec boucle pour un maintien parfait.  Silhouette plate et l\u00e9g\u00e8re offrant un grand confort au quotidien.  Mod\u00e8le id\u00e9al pour ajouter une touche de caract\u00e8re \u00e0 toutes vos tenues.  \ud83d\ude9a Livraison \u00e0 domicile : 8.500 TND  \u23f1\ufe0f D\u00e9lai de livraison : 2 \u00e0 3 jours ouvrables  \ud83d\udd01 \u00c9change possible : Oui (vous payez seulement les frais de livraison retour).","og_url":"https:\/\/vog.com.tn\/?product=ballerines-femme-316890-vog","og_site_name":"Vog Tunisie","article_modified_time":"2026-05-15T10:11:38+00:00","og_image":[{"width":572,"height":800,"url":"https:\/\/vog.com.tn\/wp-content\/uploads\/2026\/05\/Ref-316890-beige-2.png","type":"image\/png"}],"twitter_card":"summary_large_image","twitter_misc":{"Dur\u00e9e de lecture estim\u00e9e":"1 minute"},"schema":{"@context":"https:\/\/schema.org","@graph":[{"@type":"WebPage","@id":"https:\/\/vog.com.tn\/?product=ballerines-femme-316890-vog","url":"https:\/\/vog.com.tn\/?product=ballerines-femme-316890-vog","name":"Ballerines Femme \u2013316890-VOG - Vog Tunisie","isPartOf":{"@id":"https:\/\/vog.com.tn\/#website"},"primaryImageOfPage":{"@id":"https:\/\/vog.com.tn\/?product=ballerines-femme-316890-vog#primaryimage"},"image":{"@id":"https:\/\/vog.com.tn\/?product=ballerines-femme-316890-vog#primaryimage"},"thumbnailUrl":"https:\/\/vog.com.tn\/wp-content\/uploads\/2026\/05\/Ref-316890-beige-2.png","datePublished":"2026-05-14T11:36:12+00:00","dateModified":"2026-05-15T10:11:38+00:00","breadcrumb":{"@id":"https:\/\/vog.com.tn\/?product=ballerines-femme-316890-vog#breadcrumb"},"inLanguage":"fr-FR","potentialAction":[{"@type":"ReadAction","target":["https:\/\/vog.com.tn\/?product=ballerines-femme-316890-vog"]}]},{"@type":"ImageObject","inLanguage":"fr-FR","@id":"https:\/\/vog.com.tn\/?product=ballerines-femme-316890-vog#primaryimage","url":"https:\/\/vog.com.tn\/wp-content\/uploads\/2026\/05\/Ref-316890-beige-2.png","contentUrl":"https:\/\/vog.com.tn\/wp-content\/uploads\/2026\/05\/Ref-316890-beige-2.png","width":572,"height":800},{"@type":"BreadcrumbList","@id":"https:\/\/vog.com.tn\/?product=ballerines-femme-316890-vog#breadcrumb","itemListElement":[{"@type":"ListItem","position":1,"name":"Home","item":"https:\/\/vog.com.tn\/"},{"@type":"ListItem","position":2,"name":"Produits","item":"https:\/\/vog.com.tn\/?page_id=8"},{"@type":"ListItem","position":3,"name":"Ballerines Femme \u2013316890-VOG"}]},{"@type":"WebSite","@id":"https:\/\/vog.com.tn\/#website","url":"https:\/\/vog.com.tn\/","name":"Vog Tunisie","description":"Pr\u00eat-\u00e0-porter","potentialAction":[{"@type":"SearchAction","target":{"@type":"EntryPoint","urlTemplate":"https:\/\/vog.com.tn\/?s={search_term_string}"},"query-input":{"@type":"PropertyValueSpecification","valueRequired":true,"valueName":"search_term_string"}}],"inLanguage":"fr-FR"}]}},"_links":{"self":[{"href":"https:\/\/vog.com.tn\/index.php?rest_route=\/wp\/v2\/product\/116772","targetHints":{"allow":["GET"]}}],"collection":[{"href":"https:\/\/vog.com.tn\/index.php?rest_route=\/wp\/v2\/product"}],"about":[{"href":"https:\/\/vog.com.tn\/index.php?rest_route=\/wp\/v2\/types\/product"}],"wp:featuredmedia":[{"embeddable":true,"href":"https:\/\/vog.com.tn\/index.php?rest_route=\/wp\/v2\/media\/116794"}],"wp:attachment":[{"href":"https:\/\/vog.com.tn\/index.php?rest_route=%2Fwp%2Fv2%2Fmedia&parent=116772"}],"wp:term":[{"taxonomy":"product_brand","embeddable":true,"href":"https:\/\/vog.com.tn\/index.php?rest_route=%2Fwp%2Fv2%2Fproduct_brand&post=116772"},{"taxonomy":"product_cat","embeddable":true,"href":"https:\/\/vog.com.tn\/index.php?rest_route=%2Fwp%2Fv2%2Fproduct_cat&post=116772"},{"taxonomy":"product_tag","embeddable":true,"href":"https:\/\/vog.com.tn\/index.php?rest_route=%2Fwp%2Fv2%2Fproduct_tag&post=116772"}],"curies":[{"name":"wp","href":"https:\/\/api.w.org\/{rel}","templated":true}]}}