{"id":117115,"date":"2026-05-15T15:50:27","date_gmt":"2026-05-15T13:50:27","guid":{"rendered":"https:\/\/vog.com.tn\/?post_type=product&#038;p=117115"},"modified":"2026-05-15T15:50:27","modified_gmt":"2026-05-15T13:50:27","slug":"mules-plates-femme-316000-vog","status":"publish","type":"product","link":"https:\/\/vog.com.tn\/?product=mules-plates-femme-316000-vog","title":{"rendered":"Mules Plates femme \u2013 316000 \u2013 VOG"},"content":{"rendered":"<p>\u00c9l\u00e9gantes mules pour femme, dont l\u2019unique bride \u00e0 l\u2019avant habille le coup de pied. Ces nu-pieds offrent une belle note de raffinement et de brillance \u00e0 toutes vos tenues. N\u2019h\u00e9sitez pas \u00e0 les assortir d\u2019une ample robe longue et vaporeuse pour une soir\u00e9e chic. On craque totalement pour ces jolies claquettes tr\u00e8s souples et confortables, vous pourrez les porter toutes la journ\u00e9e pour \u00eatre \u00e0 l\u2019aise.<\/p>\n","protected":false},"excerpt":{"rendered":"<p>Vente en lignes mules plates pour femmes.<\/p>\n<ul>\n<li data-start=\"0\" data-end=\"46\">Mules plates au design minimaliste et raffin\u00e9.<\/li>\n<li data-start=\"0\" data-end=\"46\">Bride large et confortable avec s\u00e9paration \u00e9l\u00e9gante entre les orteils pour un maintien optimal.<\/li>\n<li data-start=\"0\" data-end=\"46\">Finition lisse et d\u00e9tails m\u00e9talliques discrets apportant une touche chic et moderne.<\/li>\n<li data-start=\"0\" data-end=\"46\">Semelle plate l\u00e9g\u00e8re id\u00e9ale pour un confort quotidien.<\/li>\n<li data-start=\"0\" data-end=\"46\">Mod\u00e8le facile \u00e0 assortir avec toutes vos tenues estivales, du look d\u00e9contract\u00e9 au style \u00e9l\u00e9gant.<img decoding=\"async\" class=\"emoji\" role=\"img\" draggable=\"false\" src=\"https:\/\/s.w.org\/images\/core\/emoji\/17.0.2\/svg\/1f69a.svg\" alt=\"\ud83d\ude9a\" \/>\u00a0Livraison \u00e0 domicile : 8.500 TND\n<p><img decoding=\"async\" class=\"emoji\" role=\"img\" draggable=\"false\" src=\"https:\/\/s.w.org\/images\/core\/emoji\/17.0.2\/svg\/23f1.svg\" alt=\"\u23f1\ufe0f\" \/>\u00a0D\u00e9lai de livraison : 2 \u00e0 3 jours ouvrables<\/p>\n<p><img decoding=\"async\" class=\"emoji\" role=\"img\" draggable=\"false\" src=\"https:\/\/s.w.org\/images\/core\/emoji\/17.0.2\/svg\/1f501.svg\" alt=\"\ud83d\udd01\" \/>\u00a0\u00c9change possible : Oui (vous payez seulement les frais de livraison retour).<\/li>\n<\/ul>\n","protected":false},"featured_media":117146,"template":"","meta":[],"product_brand":[],"product_cat":[96,137,130,360],"product_tag":[],"class_list":{"0":"post-117115","1":"product","2":"type-product","3":"status-publish","4":"has-post-thumbnail","6":"product_cat-chaussures-femme","7":"product_cat-mode-femme","8":"product_cat-mules-femme","9":"product_cat-nouvelle-collection","10":"pa_couleurs-beige","11":"pa_couleurs-blanc","12":"pa_couleurs-choco","13":"pa_couleurs-noir","14":"pa_pointure-105","15":"pa_pointure-106","16":"pa_pointure-107","17":"pa_pointure-108","18":"pa_pointure-109","19":"pa_pointure-110","22":"first","23":"instock","24":"taxable","25":"shipping-taxable","26":"purchasable","27":"product-type-variable"},"yoast_head":"<!-- This site is optimized with the Yoast SEO plugin v27.5 - https:\/\/yoast.com\/product\/yoast-seo-wordpress\/ -->\n<title>Mules Plates femme \u2013 316000 \u2013 VOG - Vog Tunisie<\/title>\n<meta name=\"robots\" content=\"index, follow, max-snippet:-1, max-image-preview:large, max-video-preview:-1\" \/>\n<link rel=\"canonical\" href=\"https:\/\/vog.com.tn\/?product=mules-plates-femme-316000-vog\" \/>\n<meta property=\"og:locale\" content=\"fr_FR\" \/>\n<meta property=\"og:type\" content=\"article\" \/>\n<meta property=\"og:title\" content=\"Mules Plates femme \u2013 316000 \u2013 VOG - Vog Tunisie\" \/>\n<meta property=\"og:description\" content=\"Vente en lignes mules plates pour femmes.   Mules plates au design minimaliste et raffin\u00e9.  Bride large et confortable avec s\u00e9paration \u00e9l\u00e9gante entre les orteils pour un maintien optimal.  Finition lisse et d\u00e9tails m\u00e9talliques discrets apportant une touche chic et moderne.  Semelle plate l\u00e9g\u00e8re id\u00e9ale pour un confort quotidien.  Mod\u00e8le facile \u00e0 assortir avec toutes vos tenues estivales, du look d\u00e9contract\u00e9 au style \u00e9l\u00e9gant.\u00a0Livraison \u00e0 domicile : 8.500 TND  \u00a0D\u00e9lai de livraison : 2 \u00e0 3 jours ouvrables  \u00a0\u00c9change possible : Oui (vous payez seulement les frais de livraison retour).\" \/>\n<meta property=\"og:url\" content=\"https:\/\/vog.com.tn\/?product=mules-plates-femme-316000-vog\" \/>\n<meta property=\"og:site_name\" content=\"Vog Tunisie\" \/>\n<meta property=\"og:image\" content=\"https:\/\/vog.com.tn\/wp-content\/uploads\/2026\/05\/Ref-316000-choco.png\" \/>\n\t<meta property=\"og:image:width\" content=\"572\" \/>\n\t<meta property=\"og:image:height\" content=\"800\" \/>\n\t<meta property=\"og:image:type\" content=\"image\/png\" \/>\n<meta name=\"twitter:card\" content=\"summary_large_image\" \/>\n<meta name=\"twitter:label1\" content=\"Dur\u00e9e de lecture estim\u00e9e\" \/>\n\t<meta name=\"twitter:data1\" content=\"1 minute\" \/>\n<script type=\"application\/ld+json\" class=\"yoast-schema-graph\">{\"@context\":\"https:\\\/\\\/schema.org\",\"@graph\":[{\"@type\":\"WebPage\",\"@id\":\"https:\\\/\\\/vog.com.tn\\\/?product=mules-plates-femme-316000-vog\",\"url\":\"https:\\\/\\\/vog.com.tn\\\/?product=mules-plates-femme-316000-vog\",\"name\":\"Mules Plates femme \u2013 316000 \u2013 VOG - Vog Tunisie\",\"isPartOf\":{\"@id\":\"https:\\\/\\\/vog.com.tn\\\/#website\"},\"primaryImageOfPage\":{\"@id\":\"https:\\\/\\\/vog.com.tn\\\/?product=mules-plates-femme-316000-vog#primaryimage\"},\"image\":{\"@id\":\"https:\\\/\\\/vog.com.tn\\\/?product=mules-plates-femme-316000-vog#primaryimage\"},\"thumbnailUrl\":\"https:\\\/\\\/vog.com.tn\\\/wp-content\\\/uploads\\\/2026\\\/05\\\/Ref-316000-choco.png\",\"datePublished\":\"2026-05-15T13:50:27+00:00\",\"breadcrumb\":{\"@id\":\"https:\\\/\\\/vog.com.tn\\\/?product=mules-plates-femme-316000-vog#breadcrumb\"},\"inLanguage\":\"fr-FR\",\"potentialAction\":[{\"@type\":\"ReadAction\",\"target\":[\"https:\\\/\\\/vog.com.tn\\\/?product=mules-plates-femme-316000-vog\"]}]},{\"@type\":\"ImageObject\",\"inLanguage\":\"fr-FR\",\"@id\":\"https:\\\/\\\/vog.com.tn\\\/?product=mules-plates-femme-316000-vog#primaryimage\",\"url\":\"https:\\\/\\\/vog.com.tn\\\/wp-content\\\/uploads\\\/2026\\\/05\\\/Ref-316000-choco.png\",\"contentUrl\":\"https:\\\/\\\/vog.com.tn\\\/wp-content\\\/uploads\\\/2026\\\/05\\\/Ref-316000-choco.png\",\"width\":572,\"height\":800},{\"@type\":\"BreadcrumbList\",\"@id\":\"https:\\\/\\\/vog.com.tn\\\/?product=mules-plates-femme-316000-vog#breadcrumb\",\"itemListElement\":[{\"@type\":\"ListItem\",\"position\":1,\"name\":\"Home\",\"item\":\"https:\\\/\\\/vog.com.tn\\\/\"},{\"@type\":\"ListItem\",\"position\":2,\"name\":\"Produits\",\"item\":\"https:\\\/\\\/vog.com.tn\\\/?page_id=8\"},{\"@type\":\"ListItem\",\"position\":3,\"name\":\"Mules Plates femme \u2013 316000 \u2013 VOG\"}]},{\"@type\":\"WebSite\",\"@id\":\"https:\\\/\\\/vog.com.tn\\\/#website\",\"url\":\"https:\\\/\\\/vog.com.tn\\\/\",\"name\":\"Vog Tunisie\",\"description\":\"Pr\u00eat-\u00e0-porter\",\"potentialAction\":[{\"@type\":\"SearchAction\",\"target\":{\"@type\":\"EntryPoint\",\"urlTemplate\":\"https:\\\/\\\/vog.com.tn\\\/?s={search_term_string}\"},\"query-input\":{\"@type\":\"PropertyValueSpecification\",\"valueRequired\":true,\"valueName\":\"search_term_string\"}}],\"inLanguage\":\"fr-FR\"}]}<\/script>\n<!-- \/ Yoast SEO plugin. -->","yoast_head_json":{"title":"Mules Plates femme \u2013 316000 \u2013 VOG - Vog Tunisie","robots":{"index":"index","follow":"follow","max-snippet":"max-snippet:-1","max-image-preview":"max-image-preview:large","max-video-preview":"max-video-preview:-1"},"canonical":"https:\/\/vog.com.tn\/?product=mules-plates-femme-316000-vog","og_locale":"fr_FR","og_type":"article","og_title":"Mules Plates femme \u2013 316000 \u2013 VOG - Vog Tunisie","og_description":"Vente en lignes mules plates pour femmes.   Mules plates au design minimaliste et raffin\u00e9.  Bride large et confortable avec s\u00e9paration \u00e9l\u00e9gante entre les orteils pour un maintien optimal.  Finition lisse et d\u00e9tails m\u00e9talliques discrets apportant une touche chic et moderne.  Semelle plate l\u00e9g\u00e8re id\u00e9ale pour un confort quotidien.  Mod\u00e8le facile \u00e0 assortir avec toutes vos tenues estivales, du look d\u00e9contract\u00e9 au style \u00e9l\u00e9gant.\u00a0Livraison \u00e0 domicile : 8.500 TND  \u00a0D\u00e9lai de livraison : 2 \u00e0 3 jours ouvrables  \u00a0\u00c9change possible : Oui (vous payez seulement les frais de livraison retour).","og_url":"https:\/\/vog.com.tn\/?product=mules-plates-femme-316000-vog","og_site_name":"Vog Tunisie","og_image":[{"width":572,"height":800,"url":"https:\/\/vog.com.tn\/wp-content\/uploads\/2026\/05\/Ref-316000-choco.png","type":"image\/png"}],"twitter_card":"summary_large_image","twitter_misc":{"Dur\u00e9e de lecture estim\u00e9e":"1 minute"},"schema":{"@context":"https:\/\/schema.org","@graph":[{"@type":"WebPage","@id":"https:\/\/vog.com.tn\/?product=mules-plates-femme-316000-vog","url":"https:\/\/vog.com.tn\/?product=mules-plates-femme-316000-vog","name":"Mules Plates femme \u2013 316000 \u2013 VOG - Vog Tunisie","isPartOf":{"@id":"https:\/\/vog.com.tn\/#website"},"primaryImageOfPage":{"@id":"https:\/\/vog.com.tn\/?product=mules-plates-femme-316000-vog#primaryimage"},"image":{"@id":"https:\/\/vog.com.tn\/?product=mules-plates-femme-316000-vog#primaryimage"},"thumbnailUrl":"https:\/\/vog.com.tn\/wp-content\/uploads\/2026\/05\/Ref-316000-choco.png","datePublished":"2026-05-15T13:50:27+00:00","breadcrumb":{"@id":"https:\/\/vog.com.tn\/?product=mules-plates-femme-316000-vog#breadcrumb"},"inLanguage":"fr-FR","potentialAction":[{"@type":"ReadAction","target":["https:\/\/vog.com.tn\/?product=mules-plates-femme-316000-vog"]}]},{"@type":"ImageObject","inLanguage":"fr-FR","@id":"https:\/\/vog.com.tn\/?product=mules-plates-femme-316000-vog#primaryimage","url":"https:\/\/vog.com.tn\/wp-content\/uploads\/2026\/05\/Ref-316000-choco.png","contentUrl":"https:\/\/vog.com.tn\/wp-content\/uploads\/2026\/05\/Ref-316000-choco.png","width":572,"height":800},{"@type":"BreadcrumbList","@id":"https:\/\/vog.com.tn\/?product=mules-plates-femme-316000-vog#breadcrumb","itemListElement":[{"@type":"ListItem","position":1,"name":"Home","item":"https:\/\/vog.com.tn\/"},{"@type":"ListItem","position":2,"name":"Produits","item":"https:\/\/vog.com.tn\/?page_id=8"},{"@type":"ListItem","position":3,"name":"Mules Plates femme \u2013 316000 \u2013 VOG"}]},{"@type":"WebSite","@id":"https:\/\/vog.com.tn\/#website","url":"https:\/\/vog.com.tn\/","name":"Vog Tunisie","description":"Pr\u00eat-\u00e0-porter","potentialAction":[{"@type":"SearchAction","target":{"@type":"EntryPoint","urlTemplate":"https:\/\/vog.com.tn\/?s={search_term_string}"},"query-input":{"@type":"PropertyValueSpecification","valueRequired":true,"valueName":"search_term_string"}}],"inLanguage":"fr-FR"}]}},"_links":{"self":[{"href":"https:\/\/vog.com.tn\/index.php?rest_route=\/wp\/v2\/product\/117115","targetHints":{"allow":["GET"]}}],"collection":[{"href":"https:\/\/vog.com.tn\/index.php?rest_route=\/wp\/v2\/product"}],"about":[{"href":"https:\/\/vog.com.tn\/index.php?rest_route=\/wp\/v2\/types\/product"}],"wp:featuredmedia":[{"embeddable":true,"href":"https:\/\/vog.com.tn\/index.php?rest_route=\/wp\/v2\/media\/117146"}],"wp:attachment":[{"href":"https:\/\/vog.com.tn\/index.php?rest_route=%2Fwp%2Fv2%2Fmedia&parent=117115"}],"wp:term":[{"taxonomy":"product_brand","embeddable":true,"href":"https:\/\/vog.com.tn\/index.php?rest_route=%2Fwp%2Fv2%2Fproduct_brand&post=117115"},{"taxonomy":"product_cat","embeddable":true,"href":"https:\/\/vog.com.tn\/index.php?rest_route=%2Fwp%2Fv2%2Fproduct_cat&post=117115"},{"taxonomy":"product_tag","embeddable":true,"href":"https:\/\/vog.com.tn\/index.php?rest_route=%2Fwp%2Fv2%2Fproduct_tag&post=117115"}],"curies":[{"name":"wp","href":"https:\/\/api.w.org\/{rel}","templated":true}]}}