{"id":12070,"date":"2021-05-26T13:48:00","date_gmt":"2021-05-26T11:48:00","guid":{"rendered":"https:\/\/vog.com.tn\/?post_type=product&#038;p=12070"},"modified":"2025-08-03T10:19:16","modified_gmt":"2025-08-03T08:19:16","slug":"sous-vetements-gris-44008","status":"publish","type":"product","link":"https:\/\/vog.com.tn\/?product=sous-vetements-gris-44008","title":{"rendered":"Sous v\u00eatements &#8211; 44008 &#8211; VOG"},"content":{"rendered":"<p>Un concentr\u00e9 de mode, un savoir-faire de corsetier unique pour des dessous qui prennent le dessus ! Des soutiens-gorge, aux culottes, en passant par les bodys : de la lingerie pour tous les jours ou de la<strong> lingerie d&rsquo;exception!<\/strong><\/p>\n","protected":false},"excerpt":{"rendered":"<ul>\n<li>Ensemble deux pi\u00e8ces<\/li>\n<li>Bretelles r\u00e9glables et amovibles<\/li>\n<li>Dentelle avec motifs fleuris sur les bonnets<\/li>\n<li>Superposition de mati\u00e8res contrastantes<\/li>\n<li>dos avec empi\u00e8cement en dentelle<\/li>\n<li>Petit n\u0153ud d\u00e9coratif devant.<\/li>\n<li>Effet de transparence<\/li>\n<li>Culotte toute en dentelle<\/li>\n<li>Petit n\u0153ud d\u00e9coratif \u00e0 la taille<\/li>\n<li>Mati\u00e8re : 90% polyamide et 10% \u00e9lasthanne<\/li>\n<li>Entretien : lavage 30C\u00b0<\/li>\n<li><span style=\"color: #ff0000\"><em><strong>Attention<\/strong>:<\/em>\u00a0<\/span><strong>pour des raisons d\u2019hygi\u00e8ne, les produits de la cat\u00e9gorie lingerie ne peuvent pas faire l\u2019objet d\u2019un \u00e9change ou d\u2019un remboursement.<\/strong><\/li>\n<\/ul>\n","protected":false},"featured_media":12133,"template":"","meta":[],"product_brand":[],"product_cat":[74,15,137],"product_tag":[211],"class_list":{"0":"post-12070","1":"product","2":"type-product","3":"status-publish","4":"has-post-thumbnail","6":"product_cat-ensembles-lingerie-femme","7":"product_cat-lingerie","8":"product_cat-mode-femme","9":"product_tag-ensembles-lingerie","10":"pa_couleurs-gris","11":"pa_couleurs-noir","12":"pa_couleurs-rose","13":"pa_taille-l-b","14":"pa_taille-l-c","15":"pa_taille-m-b","16":"pa_taille-m-c","17":"pa_taille-s-b","18":"pa_taille-s-c","19":"pa_taille-xl-c","22":"first","23":"outofstock","24":"taxable","25":"shipping-taxable","26":"product-type-variable"},"yoast_head":"<!-- This site is optimized with the Yoast SEO plugin v27.5 - https:\/\/yoast.com\/product\/yoast-seo-wordpress\/ -->\n<title>Sous v\u00eatements - 44008 - VOG - Vog Tunisie<\/title>\n<meta name=\"robots\" content=\"index, follow, max-snippet:-1, max-image-preview:large, max-video-preview:-1\" \/>\n<link rel=\"canonical\" href=\"https:\/\/vog.com.tn\/?product=sous-vetements-gris-44008\" \/>\n<meta property=\"og:locale\" content=\"fr_FR\" \/>\n<meta property=\"og:type\" content=\"article\" \/>\n<meta property=\"og:title\" content=\"Sous v\u00eatements - 44008 - VOG - Vog Tunisie\" \/>\n<meta property=\"og:description\" content=\"Ensemble deux pi\u00e8ces  Bretelles r\u00e9glables et amovibles  Dentelle avec motifs fleuris sur les bonnets  Superposition de mati\u00e8res contrastantes  dos avec empi\u00e8cement en dentelle  Petit n\u0153ud d\u00e9coratif devant.  Effet de transparence  Culotte toute en dentelle  Petit n\u0153ud d\u00e9coratif \u00e0 la taille  Mati\u00e8re : 90% polyamide et 10% \u00e9lasthanne  Entretien : lavage 30C\u00b0  Attention:\u00a0pour des raisons d\u2019hygi\u00e8ne, les produits de la cat\u00e9gorie lingerie ne peuvent pas faire l\u2019objet d\u2019un \u00e9change ou d\u2019un remboursement.\" \/>\n<meta property=\"og:url\" content=\"https:\/\/vog.com.tn\/?product=sous-vetements-gris-44008\" \/>\n<meta property=\"og:site_name\" content=\"Vog Tunisie\" \/>\n<meta property=\"article:modified_time\" content=\"2025-08-03T08:19:16+00:00\" \/>\n<meta property=\"og:image\" content=\"https:\/\/vog.com.tn\/wp-content\/uploads\/2021\/05\/Lingerie-44008-Gris-1-1.jpg\" \/>\n\t<meta property=\"og:image:width\" content=\"505\" \/>\n\t<meta property=\"og:image:height\" content=\"757\" \/>\n\t<meta property=\"og:image:type\" content=\"image\/jpeg\" \/>\n<meta name=\"twitter:card\" content=\"summary_large_image\" \/>\n<meta name=\"twitter:label1\" content=\"Dur\u00e9e de lecture estim\u00e9e\" \/>\n\t<meta name=\"twitter:data1\" content=\"1 minute\" \/>\n<script type=\"application\/ld+json\" class=\"yoast-schema-graph\">{\"@context\":\"https:\\\/\\\/schema.org\",\"@graph\":[{\"@type\":\"WebPage\",\"@id\":\"https:\\\/\\\/vog.com.tn\\\/?product=sous-vetements-gris-44008\",\"url\":\"https:\\\/\\\/vog.com.tn\\\/?product=sous-vetements-gris-44008\",\"name\":\"Sous v\u00eatements - 44008 - VOG - Vog Tunisie\",\"isPartOf\":{\"@id\":\"https:\\\/\\\/vog.com.tn\\\/#website\"},\"primaryImageOfPage\":{\"@id\":\"https:\\\/\\\/vog.com.tn\\\/?product=sous-vetements-gris-44008#primaryimage\"},\"image\":{\"@id\":\"https:\\\/\\\/vog.com.tn\\\/?product=sous-vetements-gris-44008#primaryimage\"},\"thumbnailUrl\":\"https:\\\/\\\/vog.com.tn\\\/wp-content\\\/uploads\\\/2021\\\/05\\\/Lingerie-44008-Gris-1-1.jpg\",\"datePublished\":\"2021-05-26T11:48:00+00:00\",\"dateModified\":\"2025-08-03T08:19:16+00:00\",\"breadcrumb\":{\"@id\":\"https:\\\/\\\/vog.com.tn\\\/?product=sous-vetements-gris-44008#breadcrumb\"},\"inLanguage\":\"fr-FR\",\"potentialAction\":[{\"@type\":\"ReadAction\",\"target\":[\"https:\\\/\\\/vog.com.tn\\\/?product=sous-vetements-gris-44008\"]}]},{\"@type\":\"ImageObject\",\"inLanguage\":\"fr-FR\",\"@id\":\"https:\\\/\\\/vog.com.tn\\\/?product=sous-vetements-gris-44008#primaryimage\",\"url\":\"https:\\\/\\\/vog.com.tn\\\/wp-content\\\/uploads\\\/2021\\\/05\\\/Lingerie-44008-Gris-1-1.jpg\",\"contentUrl\":\"https:\\\/\\\/vog.com.tn\\\/wp-content\\\/uploads\\\/2021\\\/05\\\/Lingerie-44008-Gris-1-1.jpg\",\"width\":505,\"height\":757},{\"@type\":\"BreadcrumbList\",\"@id\":\"https:\\\/\\\/vog.com.tn\\\/?product=sous-vetements-gris-44008#breadcrumb\",\"itemListElement\":[{\"@type\":\"ListItem\",\"position\":1,\"name\":\"Home\",\"item\":\"https:\\\/\\\/vog.com.tn\\\/\"},{\"@type\":\"ListItem\",\"position\":2,\"name\":\"Produits\",\"item\":\"https:\\\/\\\/vog.com.tn\\\/?page_id=8\"},{\"@type\":\"ListItem\",\"position\":3,\"name\":\"Sous v\u00eatements &#8211; 44008 &#8211; VOG\"}]},{\"@type\":\"WebSite\",\"@id\":\"https:\\\/\\\/vog.com.tn\\\/#website\",\"url\":\"https:\\\/\\\/vog.com.tn\\\/\",\"name\":\"Vog Tunisie\",\"description\":\"Pr\u00eat-\u00e0-porter\",\"potentialAction\":[{\"@type\":\"SearchAction\",\"target\":{\"@type\":\"EntryPoint\",\"urlTemplate\":\"https:\\\/\\\/vog.com.tn\\\/?s={search_term_string}\"},\"query-input\":{\"@type\":\"PropertyValueSpecification\",\"valueRequired\":true,\"valueName\":\"search_term_string\"}}],\"inLanguage\":\"fr-FR\"}]}<\/script>\n<!-- \/ Yoast SEO plugin. -->","yoast_head_json":{"title":"Sous v\u00eatements - 44008 - VOG - Vog Tunisie","robots":{"index":"index","follow":"follow","max-snippet":"max-snippet:-1","max-image-preview":"max-image-preview:large","max-video-preview":"max-video-preview:-1"},"canonical":"https:\/\/vog.com.tn\/?product=sous-vetements-gris-44008","og_locale":"fr_FR","og_type":"article","og_title":"Sous v\u00eatements - 44008 - VOG - Vog Tunisie","og_description":"Ensemble deux pi\u00e8ces  Bretelles r\u00e9glables et amovibles  Dentelle avec motifs fleuris sur les bonnets  Superposition de mati\u00e8res contrastantes  dos avec empi\u00e8cement en dentelle  Petit n\u0153ud d\u00e9coratif devant.  Effet de transparence  Culotte toute en dentelle  Petit n\u0153ud d\u00e9coratif \u00e0 la taille  Mati\u00e8re : 90% polyamide et 10% \u00e9lasthanne  Entretien : lavage 30C\u00b0  Attention:\u00a0pour des raisons d\u2019hygi\u00e8ne, les produits de la cat\u00e9gorie lingerie ne peuvent pas faire l\u2019objet d\u2019un \u00e9change ou d\u2019un remboursement.","og_url":"https:\/\/vog.com.tn\/?product=sous-vetements-gris-44008","og_site_name":"Vog Tunisie","article_modified_time":"2025-08-03T08:19:16+00:00","og_image":[{"width":505,"height":757,"url":"https:\/\/vog.com.tn\/wp-content\/uploads\/2021\/05\/Lingerie-44008-Gris-1-1.jpg","type":"image\/jpeg"}],"twitter_card":"summary_large_image","twitter_misc":{"Dur\u00e9e de lecture estim\u00e9e":"1 minute"},"schema":{"@context":"https:\/\/schema.org","@graph":[{"@type":"WebPage","@id":"https:\/\/vog.com.tn\/?product=sous-vetements-gris-44008","url":"https:\/\/vog.com.tn\/?product=sous-vetements-gris-44008","name":"Sous v\u00eatements - 44008 - VOG - Vog Tunisie","isPartOf":{"@id":"https:\/\/vog.com.tn\/#website"},"primaryImageOfPage":{"@id":"https:\/\/vog.com.tn\/?product=sous-vetements-gris-44008#primaryimage"},"image":{"@id":"https:\/\/vog.com.tn\/?product=sous-vetements-gris-44008#primaryimage"},"thumbnailUrl":"https:\/\/vog.com.tn\/wp-content\/uploads\/2021\/05\/Lingerie-44008-Gris-1-1.jpg","datePublished":"2021-05-26T11:48:00+00:00","dateModified":"2025-08-03T08:19:16+00:00","breadcrumb":{"@id":"https:\/\/vog.com.tn\/?product=sous-vetements-gris-44008#breadcrumb"},"inLanguage":"fr-FR","potentialAction":[{"@type":"ReadAction","target":["https:\/\/vog.com.tn\/?product=sous-vetements-gris-44008"]}]},{"@type":"ImageObject","inLanguage":"fr-FR","@id":"https:\/\/vog.com.tn\/?product=sous-vetements-gris-44008#primaryimage","url":"https:\/\/vog.com.tn\/wp-content\/uploads\/2021\/05\/Lingerie-44008-Gris-1-1.jpg","contentUrl":"https:\/\/vog.com.tn\/wp-content\/uploads\/2021\/05\/Lingerie-44008-Gris-1-1.jpg","width":505,"height":757},{"@type":"BreadcrumbList","@id":"https:\/\/vog.com.tn\/?product=sous-vetements-gris-44008#breadcrumb","itemListElement":[{"@type":"ListItem","position":1,"name":"Home","item":"https:\/\/vog.com.tn\/"},{"@type":"ListItem","position":2,"name":"Produits","item":"https:\/\/vog.com.tn\/?page_id=8"},{"@type":"ListItem","position":3,"name":"Sous v\u00eatements &#8211; 44008 &#8211; VOG"}]},{"@type":"WebSite","@id":"https:\/\/vog.com.tn\/#website","url":"https:\/\/vog.com.tn\/","name":"Vog Tunisie","description":"Pr\u00eat-\u00e0-porter","potentialAction":[{"@type":"SearchAction","target":{"@type":"EntryPoint","urlTemplate":"https:\/\/vog.com.tn\/?s={search_term_string}"},"query-input":{"@type":"PropertyValueSpecification","valueRequired":true,"valueName":"search_term_string"}}],"inLanguage":"fr-FR"}]}},"_links":{"self":[{"href":"https:\/\/vog.com.tn\/index.php?rest_route=\/wp\/v2\/product\/12070","targetHints":{"allow":["GET"]}}],"collection":[{"href":"https:\/\/vog.com.tn\/index.php?rest_route=\/wp\/v2\/product"}],"about":[{"href":"https:\/\/vog.com.tn\/index.php?rest_route=\/wp\/v2\/types\/product"}],"wp:featuredmedia":[{"embeddable":true,"href":"https:\/\/vog.com.tn\/index.php?rest_route=\/wp\/v2\/media\/12133"}],"wp:attachment":[{"href":"https:\/\/vog.com.tn\/index.php?rest_route=%2Fwp%2Fv2%2Fmedia&parent=12070"}],"wp:term":[{"taxonomy":"product_brand","embeddable":true,"href":"https:\/\/vog.com.tn\/index.php?rest_route=%2Fwp%2Fv2%2Fproduct_brand&post=12070"},{"taxonomy":"product_cat","embeddable":true,"href":"https:\/\/vog.com.tn\/index.php?rest_route=%2Fwp%2Fv2%2Fproduct_cat&post=12070"},{"taxonomy":"product_tag","embeddable":true,"href":"https:\/\/vog.com.tn\/index.php?rest_route=%2Fwp%2Fv2%2Fproduct_tag&post=12070"}],"curies":[{"name":"wp","href":"https:\/\/api.w.org\/{rel}","templated":true}]}}