{"id":14644,"date":"2021-06-01T11:25:15","date_gmt":"2021-06-01T09:25:15","guid":{"rendered":"https:\/\/vog.com.tn\/?post_type=product&#038;p=14644"},"modified":"2023-03-17T17:12:03","modified_gmt":"2023-03-17T16:12:03","slug":"mules-a-talons-simili-cuir-bronze-122452","status":"publish","type":"product","link":"https:\/\/vog.com.tn\/?product=mules-a-talons-simili-cuir-bronze-122452","title":{"rendered":"Mules \u00e0 talons &#8211; Simili cuir \u2013 Bronze \u2013 122452"},"content":{"rendered":"<p>Une Mules \u00e0 talon qui accentuera votre f\u00e9minit\u00e9 avec sa coupe originale .Un mod\u00e8le incontournable de cette saison. Un mod\u00e8le de Mules \u00e0 talon f\u00e9minine fait de simili cuir, souple qui assure un confort maximale .C&rsquo;est un mod\u00e8le classique avec une touche moderne qui va tr\u00e8s bien avec vos habits. Parfait pour tous les occasions.<\/p>\n","protected":false},"excerpt":{"rendered":"<ul>\n<li>Mules en simili cuir \u00e0 talon carr\u00e9<\/li>\n<li>Mod\u00e8le \u00e0 larges brides<\/li>\n<li>Bout de la chaussure: ouvert<\/li>\n<li>Semelle synth\u00e9tique<\/li>\n<li>Hauteur du talon: 7.5 cm<\/li>\n<li>Couleur :Bronze<\/li>\n<\/ul>\n","protected":false},"featured_media":14651,"template":"","meta":[],"product_brand":[],"product_cat":[96,137,246],"product_tag":[],"class_list":{"0":"post-14644","1":"product","2":"type-product","3":"status-publish","4":"has-post-thumbnail","6":"product_cat-chaussures-femme","7":"product_cat-mode-femme","8":"product_cat-mules-talon","9":"pa_couleurs-bronze","10":"pa_pointure-105","11":"pa_pointure-106","12":"pa_pointure-107","13":"pa_pointure-108","16":"first","17":"outofstock","18":"taxable","19":"shipping-taxable","20":"product-type-variable"},"yoast_head":"<!-- This site is optimized with the Yoast SEO plugin v27.5 - https:\/\/yoast.com\/product\/yoast-seo-wordpress\/ -->\n<title>Mules \u00e0 talons - Simili cuir \u2013 Bronze \u2013 122452 - Vog Tunisie<\/title>\n<meta name=\"robots\" content=\"index, follow, max-snippet:-1, max-image-preview:large, max-video-preview:-1\" \/>\n<link rel=\"canonical\" href=\"https:\/\/vog.com.tn\/?product=mules-a-talons-simili-cuir-bronze-122452\" \/>\n<meta property=\"og:locale\" content=\"fr_FR\" \/>\n<meta property=\"og:type\" content=\"article\" \/>\n<meta property=\"og:title\" content=\"Mules \u00e0 talons - Simili cuir \u2013 Bronze \u2013 122452 - Vog Tunisie\" \/>\n<meta property=\"og:description\" content=\"Mules en simili cuir \u00e0 talon carr\u00e9  Mod\u00e8le \u00e0 larges brides  Bout de la chaussure: ouvert  Semelle synth\u00e9tique  Hauteur du talon: 7.5 cm  Couleur :Bronze\" \/>\n<meta property=\"og:url\" content=\"https:\/\/vog.com.tn\/?product=mules-a-talons-simili-cuir-bronze-122452\" \/>\n<meta property=\"og:site_name\" content=\"Vog Tunisie\" \/>\n<meta property=\"article:modified_time\" content=\"2023-03-17T16:12:03+00:00\" \/>\n<meta property=\"og:image\" content=\"https:\/\/vog.com.tn\/wp-content\/uploads\/2021\/06\/122452-Bronze-1-1.jpg\" \/>\n\t<meta property=\"og:image:width\" content=\"2000\" \/>\n\t<meta property=\"og:image:height\" content=\"1999\" \/>\n\t<meta property=\"og:image:type\" content=\"image\/jpeg\" \/>\n<meta name=\"twitter:card\" content=\"summary_large_image\" \/>\n<meta name=\"twitter:label1\" content=\"Dur\u00e9e de lecture estim\u00e9e\" \/>\n\t<meta name=\"twitter:data1\" content=\"1 minute\" \/>\n<script type=\"application\/ld+json\" class=\"yoast-schema-graph\">{\"@context\":\"https:\\\/\\\/schema.org\",\"@graph\":[{\"@type\":\"WebPage\",\"@id\":\"https:\\\/\\\/vog.com.tn\\\/?product=mules-a-talons-simili-cuir-bronze-122452\",\"url\":\"https:\\\/\\\/vog.com.tn\\\/?product=mules-a-talons-simili-cuir-bronze-122452\",\"name\":\"Mules \u00e0 talons - Simili cuir \u2013 Bronze \u2013 122452 - Vog Tunisie\",\"isPartOf\":{\"@id\":\"https:\\\/\\\/vog.com.tn\\\/#website\"},\"primaryImageOfPage\":{\"@id\":\"https:\\\/\\\/vog.com.tn\\\/?product=mules-a-talons-simili-cuir-bronze-122452#primaryimage\"},\"image\":{\"@id\":\"https:\\\/\\\/vog.com.tn\\\/?product=mules-a-talons-simili-cuir-bronze-122452#primaryimage\"},\"thumbnailUrl\":\"https:\\\/\\\/vog.com.tn\\\/wp-content\\\/uploads\\\/2021\\\/06\\\/122452-Bronze-1-1.jpg\",\"datePublished\":\"2021-06-01T09:25:15+00:00\",\"dateModified\":\"2023-03-17T16:12:03+00:00\",\"breadcrumb\":{\"@id\":\"https:\\\/\\\/vog.com.tn\\\/?product=mules-a-talons-simili-cuir-bronze-122452#breadcrumb\"},\"inLanguage\":\"fr-FR\",\"potentialAction\":[{\"@type\":\"ReadAction\",\"target\":[\"https:\\\/\\\/vog.com.tn\\\/?product=mules-a-talons-simili-cuir-bronze-122452\"]}]},{\"@type\":\"ImageObject\",\"inLanguage\":\"fr-FR\",\"@id\":\"https:\\\/\\\/vog.com.tn\\\/?product=mules-a-talons-simili-cuir-bronze-122452#primaryimage\",\"url\":\"https:\\\/\\\/vog.com.tn\\\/wp-content\\\/uploads\\\/2021\\\/06\\\/122452-Bronze-1-1.jpg\",\"contentUrl\":\"https:\\\/\\\/vog.com.tn\\\/wp-content\\\/uploads\\\/2021\\\/06\\\/122452-Bronze-1-1.jpg\",\"width\":2000,\"height\":1999},{\"@type\":\"BreadcrumbList\",\"@id\":\"https:\\\/\\\/vog.com.tn\\\/?product=mules-a-talons-simili-cuir-bronze-122452#breadcrumb\",\"itemListElement\":[{\"@type\":\"ListItem\",\"position\":1,\"name\":\"Home\",\"item\":\"https:\\\/\\\/vog.com.tn\\\/\"},{\"@type\":\"ListItem\",\"position\":2,\"name\":\"Produits\",\"item\":\"https:\\\/\\\/vog.com.tn\\\/?page_id=8\"},{\"@type\":\"ListItem\",\"position\":3,\"name\":\"Mules \u00e0 talons &#8211; Simili cuir \u2013 Bronze \u2013 122452\"}]},{\"@type\":\"WebSite\",\"@id\":\"https:\\\/\\\/vog.com.tn\\\/#website\",\"url\":\"https:\\\/\\\/vog.com.tn\\\/\",\"name\":\"Vog Tunisie\",\"description\":\"Pr\u00eat-\u00e0-porter\",\"potentialAction\":[{\"@type\":\"SearchAction\",\"target\":{\"@type\":\"EntryPoint\",\"urlTemplate\":\"https:\\\/\\\/vog.com.tn\\\/?s={search_term_string}\"},\"query-input\":{\"@type\":\"PropertyValueSpecification\",\"valueRequired\":true,\"valueName\":\"search_term_string\"}}],\"inLanguage\":\"fr-FR\"}]}<\/script>\n<!-- \/ Yoast SEO plugin. -->","yoast_head_json":{"title":"Mules \u00e0 talons - Simili cuir \u2013 Bronze \u2013 122452 - Vog Tunisie","robots":{"index":"index","follow":"follow","max-snippet":"max-snippet:-1","max-image-preview":"max-image-preview:large","max-video-preview":"max-video-preview:-1"},"canonical":"https:\/\/vog.com.tn\/?product=mules-a-talons-simili-cuir-bronze-122452","og_locale":"fr_FR","og_type":"article","og_title":"Mules \u00e0 talons - Simili cuir \u2013 Bronze \u2013 122452 - Vog Tunisie","og_description":"Mules en simili cuir \u00e0 talon carr\u00e9  Mod\u00e8le \u00e0 larges brides  Bout de la chaussure: ouvert  Semelle synth\u00e9tique  Hauteur du talon: 7.5 cm  Couleur :Bronze","og_url":"https:\/\/vog.com.tn\/?product=mules-a-talons-simili-cuir-bronze-122452","og_site_name":"Vog Tunisie","article_modified_time":"2023-03-17T16:12:03+00:00","og_image":[{"width":2000,"height":1999,"url":"https:\/\/vog.com.tn\/wp-content\/uploads\/2021\/06\/122452-Bronze-1-1.jpg","type":"image\/jpeg"}],"twitter_card":"summary_large_image","twitter_misc":{"Dur\u00e9e de lecture estim\u00e9e":"1 minute"},"schema":{"@context":"https:\/\/schema.org","@graph":[{"@type":"WebPage","@id":"https:\/\/vog.com.tn\/?product=mules-a-talons-simili-cuir-bronze-122452","url":"https:\/\/vog.com.tn\/?product=mules-a-talons-simili-cuir-bronze-122452","name":"Mules \u00e0 talons - Simili cuir \u2013 Bronze \u2013 122452 - Vog Tunisie","isPartOf":{"@id":"https:\/\/vog.com.tn\/#website"},"primaryImageOfPage":{"@id":"https:\/\/vog.com.tn\/?product=mules-a-talons-simili-cuir-bronze-122452#primaryimage"},"image":{"@id":"https:\/\/vog.com.tn\/?product=mules-a-talons-simili-cuir-bronze-122452#primaryimage"},"thumbnailUrl":"https:\/\/vog.com.tn\/wp-content\/uploads\/2021\/06\/122452-Bronze-1-1.jpg","datePublished":"2021-06-01T09:25:15+00:00","dateModified":"2023-03-17T16:12:03+00:00","breadcrumb":{"@id":"https:\/\/vog.com.tn\/?product=mules-a-talons-simili-cuir-bronze-122452#breadcrumb"},"inLanguage":"fr-FR","potentialAction":[{"@type":"ReadAction","target":["https:\/\/vog.com.tn\/?product=mules-a-talons-simili-cuir-bronze-122452"]}]},{"@type":"ImageObject","inLanguage":"fr-FR","@id":"https:\/\/vog.com.tn\/?product=mules-a-talons-simili-cuir-bronze-122452#primaryimage","url":"https:\/\/vog.com.tn\/wp-content\/uploads\/2021\/06\/122452-Bronze-1-1.jpg","contentUrl":"https:\/\/vog.com.tn\/wp-content\/uploads\/2021\/06\/122452-Bronze-1-1.jpg","width":2000,"height":1999},{"@type":"BreadcrumbList","@id":"https:\/\/vog.com.tn\/?product=mules-a-talons-simili-cuir-bronze-122452#breadcrumb","itemListElement":[{"@type":"ListItem","position":1,"name":"Home","item":"https:\/\/vog.com.tn\/"},{"@type":"ListItem","position":2,"name":"Produits","item":"https:\/\/vog.com.tn\/?page_id=8"},{"@type":"ListItem","position":3,"name":"Mules \u00e0 talons &#8211; Simili cuir \u2013 Bronze \u2013 122452"}]},{"@type":"WebSite","@id":"https:\/\/vog.com.tn\/#website","url":"https:\/\/vog.com.tn\/","name":"Vog Tunisie","description":"Pr\u00eat-\u00e0-porter","potentialAction":[{"@type":"SearchAction","target":{"@type":"EntryPoint","urlTemplate":"https:\/\/vog.com.tn\/?s={search_term_string}"},"query-input":{"@type":"PropertyValueSpecification","valueRequired":true,"valueName":"search_term_string"}}],"inLanguage":"fr-FR"}]}},"_links":{"self":[{"href":"https:\/\/vog.com.tn\/index.php?rest_route=\/wp\/v2\/product\/14644","targetHints":{"allow":["GET"]}}],"collection":[{"href":"https:\/\/vog.com.tn\/index.php?rest_route=\/wp\/v2\/product"}],"about":[{"href":"https:\/\/vog.com.tn\/index.php?rest_route=\/wp\/v2\/types\/product"}],"wp:featuredmedia":[{"embeddable":true,"href":"https:\/\/vog.com.tn\/index.php?rest_route=\/wp\/v2\/media\/14651"}],"wp:attachment":[{"href":"https:\/\/vog.com.tn\/index.php?rest_route=%2Fwp%2Fv2%2Fmedia&parent=14644"}],"wp:term":[{"taxonomy":"product_brand","embeddable":true,"href":"https:\/\/vog.com.tn\/index.php?rest_route=%2Fwp%2Fv2%2Fproduct_brand&post=14644"},{"taxonomy":"product_cat","embeddable":true,"href":"https:\/\/vog.com.tn\/index.php?rest_route=%2Fwp%2Fv2%2Fproduct_cat&post=14644"},{"taxonomy":"product_tag","embeddable":true,"href":"https:\/\/vog.com.tn\/index.php?rest_route=%2Fwp%2Fv2%2Fproduct_tag&post=14644"}],"curies":[{"name":"wp","href":"https:\/\/api.w.org\/{rel}","templated":true}]}}