{"id":16330,"date":"2021-06-04T17:20:22","date_gmt":"2021-06-04T15:20:22","guid":{"rendered":"https:\/\/vog.com.tn\/?post_type=product&#038;p=16330"},"modified":"2025-11-19T16:54:21","modified_gmt":"2025-11-19T15:54:21","slug":"mules-plates-simili-daim-camel-122517","status":"publish","type":"product","link":"https:\/\/vog.com.tn\/?product=mules-plates-simili-daim-camel-122517","title":{"rendered":"Mules plates &#8211; Simili daim \u2013 Camel &#8211; 122517"},"content":{"rendered":"<p>\u00c9l\u00e9gantes mules pour femme, dont l&rsquo;unique bride \u00e0 l&rsquo;avant habille le coup de pied. Ces nu-pieds offrent une belle note de raffinement et de brillance \u00e0 toutes vos tenues. N&rsquo;h\u00e9sitez pas \u00e0 les assortir d&rsquo;une ample robe longue et vaporeuse pour une soir\u00e9e chic.<\/p>\n","protected":false},"excerpt":{"rendered":"<ul>\n<li>Mules plates en simili daim<\/li>\n<li>Larges brides entrecrois\u00e9es<\/li>\n<li>Strass d\u00e9coratifs<\/li>\n<li>Empi\u00e8cement simili daim et m\u00e9tal au talon<\/li>\n<li>Semelle int\u00e9rieure effet simili daim<\/li>\n<li>Talon en gomme caoutchouc<\/li>\n<li>Hauteur du talon: 1.5 cm<\/li>\n<li>Couleur : Camel<\/li>\n<\/ul>\n<hr \/>\n<p><strong><span style=\"color: #ff0000;\"><a style=\"color: #ff0000;\" href=\"https:\/\/vog.com.tn\/?s=122517&amp;post_type=product\" rel=\"noopener\">Voir les autres couleurs<\/a><\/span><\/strong><\/p>\n","protected":false},"featured_media":105030,"template":"","meta":[],"product_brand":[],"product_cat":[96,137,130],"product_tag":[],"class_list":{"0":"post-16330","1":"product","2":"type-product","3":"status-publish","4":"has-post-thumbnail","6":"product_cat-chaussures-femme","7":"product_cat-mode-femme","8":"product_cat-mules-femme","9":"pa_couleurs-camel","10":"pa_pointure-106","11":"pa_pointure-107","12":"pa_pointure-108","13":"pa_pointure-109","16":"first","17":"instock","18":"sale","19":"taxable","20":"shipping-taxable","21":"purchasable","22":"product-type-variable"},"yoast_head":"<!-- This site is optimized with the Yoast SEO plugin v27.5 - https:\/\/yoast.com\/product\/yoast-seo-wordpress\/ -->\n<title>Mules plates - Simili daim \u2013 Camel - 122517 - Vog Tunisie<\/title>\n<meta name=\"robots\" content=\"index, follow, max-snippet:-1, max-image-preview:large, max-video-preview:-1\" \/>\n<link rel=\"canonical\" href=\"https:\/\/vog.com.tn\/?product=mules-plates-simili-daim-camel-122517\" \/>\n<meta property=\"og:locale\" content=\"fr_FR\" \/>\n<meta property=\"og:type\" content=\"article\" \/>\n<meta property=\"og:title\" content=\"Mules plates - Simili daim \u2013 Camel - 122517 - Vog Tunisie\" \/>\n<meta property=\"og:description\" content=\"Mules plates en simili daim  Larges brides entrecrois\u00e9es  Strass d\u00e9coratifs  Empi\u00e8cement simili daim et m\u00e9tal au talon  Semelle int\u00e9rieure effet simili daim  Talon en gomme caoutchouc  Hauteur du talon: 1.5 cm  Couleur : Camel     Voir les autres couleurs\" \/>\n<meta property=\"og:url\" content=\"https:\/\/vog.com.tn\/?product=mules-plates-simili-daim-camel-122517\" \/>\n<meta property=\"og:site_name\" content=\"Vog Tunisie\" \/>\n<meta property=\"article:modified_time\" content=\"2025-11-19T15:54:21+00:00\" \/>\n<meta property=\"og:image\" content=\"https:\/\/vog.com.tn\/wp-content\/uploads\/2021\/06\/122517-Camel-1-1.jpg\" \/>\n\t<meta property=\"og:image:width\" content=\"2000\" \/>\n\t<meta property=\"og:image:height\" content=\"1999\" \/>\n\t<meta property=\"og:image:type\" content=\"image\/jpeg\" \/>\n<meta name=\"twitter:card\" content=\"summary_large_image\" \/>\n<meta name=\"twitter:label1\" content=\"Dur\u00e9e de lecture estim\u00e9e\" \/>\n\t<meta name=\"twitter:data1\" content=\"1 minute\" \/>\n<script type=\"application\/ld+json\" class=\"yoast-schema-graph\">{\"@context\":\"https:\\\/\\\/schema.org\",\"@graph\":[{\"@type\":\"WebPage\",\"@id\":\"https:\\\/\\\/vog.com.tn\\\/?product=mules-plates-simili-daim-camel-122517\",\"url\":\"https:\\\/\\\/vog.com.tn\\\/?product=mules-plates-simili-daim-camel-122517\",\"name\":\"Mules plates - Simili daim \u2013 Camel - 122517 - Vog Tunisie\",\"isPartOf\":{\"@id\":\"https:\\\/\\\/vog.com.tn\\\/#website\"},\"primaryImageOfPage\":{\"@id\":\"https:\\\/\\\/vog.com.tn\\\/?product=mules-plates-simili-daim-camel-122517#primaryimage\"},\"image\":{\"@id\":\"https:\\\/\\\/vog.com.tn\\\/?product=mules-plates-simili-daim-camel-122517#primaryimage\"},\"thumbnailUrl\":\"https:\\\/\\\/vog.com.tn\\\/wp-content\\\/uploads\\\/2021\\\/06\\\/122517-Camel-1-1-572x572-1.jpg\",\"datePublished\":\"2021-06-04T15:20:22+00:00\",\"dateModified\":\"2025-11-19T15:54:21+00:00\",\"breadcrumb\":{\"@id\":\"https:\\\/\\\/vog.com.tn\\\/?product=mules-plates-simili-daim-camel-122517#breadcrumb\"},\"inLanguage\":\"fr-FR\",\"potentialAction\":[{\"@type\":\"ReadAction\",\"target\":[\"https:\\\/\\\/vog.com.tn\\\/?product=mules-plates-simili-daim-camel-122517\"]}]},{\"@type\":\"ImageObject\",\"inLanguage\":\"fr-FR\",\"@id\":\"https:\\\/\\\/vog.com.tn\\\/?product=mules-plates-simili-daim-camel-122517#primaryimage\",\"url\":\"https:\\\/\\\/vog.com.tn\\\/wp-content\\\/uploads\\\/2021\\\/06\\\/122517-Camel-1-1-572x572-1.jpg\",\"contentUrl\":\"https:\\\/\\\/vog.com.tn\\\/wp-content\\\/uploads\\\/2021\\\/06\\\/122517-Camel-1-1-572x572-1.jpg\",\"width\":572,\"height\":572},{\"@type\":\"BreadcrumbList\",\"@id\":\"https:\\\/\\\/vog.com.tn\\\/?product=mules-plates-simili-daim-camel-122517#breadcrumb\",\"itemListElement\":[{\"@type\":\"ListItem\",\"position\":1,\"name\":\"Home\",\"item\":\"https:\\\/\\\/vog.com.tn\\\/\"},{\"@type\":\"ListItem\",\"position\":2,\"name\":\"Produits\",\"item\":\"https:\\\/\\\/vog.com.tn\\\/?page_id=8\"},{\"@type\":\"ListItem\",\"position\":3,\"name\":\"Mules plates &#8211; Simili daim \u2013 Camel &#8211; 122517\"}]},{\"@type\":\"WebSite\",\"@id\":\"https:\\\/\\\/vog.com.tn\\\/#website\",\"url\":\"https:\\\/\\\/vog.com.tn\\\/\",\"name\":\"Vog Tunisie\",\"description\":\"Pr\u00eat-\u00e0-porter\",\"potentialAction\":[{\"@type\":\"SearchAction\",\"target\":{\"@type\":\"EntryPoint\",\"urlTemplate\":\"https:\\\/\\\/vog.com.tn\\\/?s={search_term_string}\"},\"query-input\":{\"@type\":\"PropertyValueSpecification\",\"valueRequired\":true,\"valueName\":\"search_term_string\"}}],\"inLanguage\":\"fr-FR\"}]}<\/script>\n<!-- \/ Yoast SEO plugin. -->","yoast_head_json":{"title":"Mules plates - Simili daim \u2013 Camel - 122517 - Vog Tunisie","robots":{"index":"index","follow":"follow","max-snippet":"max-snippet:-1","max-image-preview":"max-image-preview:large","max-video-preview":"max-video-preview:-1"},"canonical":"https:\/\/vog.com.tn\/?product=mules-plates-simili-daim-camel-122517","og_locale":"fr_FR","og_type":"article","og_title":"Mules plates - Simili daim \u2013 Camel - 122517 - Vog Tunisie","og_description":"Mules plates en simili daim  Larges brides entrecrois\u00e9es  Strass d\u00e9coratifs  Empi\u00e8cement simili daim et m\u00e9tal au talon  Semelle int\u00e9rieure effet simili daim  Talon en gomme caoutchouc  Hauteur du talon: 1.5 cm  Couleur : Camel     Voir les autres couleurs","og_url":"https:\/\/vog.com.tn\/?product=mules-plates-simili-daim-camel-122517","og_site_name":"Vog Tunisie","article_modified_time":"2025-11-19T15:54:21+00:00","og_image":[{"width":2000,"height":1999,"url":"https:\/\/vog.com.tn\/wp-content\/uploads\/2021\/06\/122517-Camel-1-1.jpg","type":"image\/jpeg"}],"twitter_card":"summary_large_image","twitter_misc":{"Dur\u00e9e de lecture estim\u00e9e":"1 minute"},"schema":{"@context":"https:\/\/schema.org","@graph":[{"@type":"WebPage","@id":"https:\/\/vog.com.tn\/?product=mules-plates-simili-daim-camel-122517","url":"https:\/\/vog.com.tn\/?product=mules-plates-simili-daim-camel-122517","name":"Mules plates - Simili daim \u2013 Camel - 122517 - Vog Tunisie","isPartOf":{"@id":"https:\/\/vog.com.tn\/#website"},"primaryImageOfPage":{"@id":"https:\/\/vog.com.tn\/?product=mules-plates-simili-daim-camel-122517#primaryimage"},"image":{"@id":"https:\/\/vog.com.tn\/?product=mules-plates-simili-daim-camel-122517#primaryimage"},"thumbnailUrl":"https:\/\/vog.com.tn\/wp-content\/uploads\/2021\/06\/122517-Camel-1-1-572x572-1.jpg","datePublished":"2021-06-04T15:20:22+00:00","dateModified":"2025-11-19T15:54:21+00:00","breadcrumb":{"@id":"https:\/\/vog.com.tn\/?product=mules-plates-simili-daim-camel-122517#breadcrumb"},"inLanguage":"fr-FR","potentialAction":[{"@type":"ReadAction","target":["https:\/\/vog.com.tn\/?product=mules-plates-simili-daim-camel-122517"]}]},{"@type":"ImageObject","inLanguage":"fr-FR","@id":"https:\/\/vog.com.tn\/?product=mules-plates-simili-daim-camel-122517#primaryimage","url":"https:\/\/vog.com.tn\/wp-content\/uploads\/2021\/06\/122517-Camel-1-1-572x572-1.jpg","contentUrl":"https:\/\/vog.com.tn\/wp-content\/uploads\/2021\/06\/122517-Camel-1-1-572x572-1.jpg","width":572,"height":572},{"@type":"BreadcrumbList","@id":"https:\/\/vog.com.tn\/?product=mules-plates-simili-daim-camel-122517#breadcrumb","itemListElement":[{"@type":"ListItem","position":1,"name":"Home","item":"https:\/\/vog.com.tn\/"},{"@type":"ListItem","position":2,"name":"Produits","item":"https:\/\/vog.com.tn\/?page_id=8"},{"@type":"ListItem","position":3,"name":"Mules plates &#8211; Simili daim \u2013 Camel &#8211; 122517"}]},{"@type":"WebSite","@id":"https:\/\/vog.com.tn\/#website","url":"https:\/\/vog.com.tn\/","name":"Vog Tunisie","description":"Pr\u00eat-\u00e0-porter","potentialAction":[{"@type":"SearchAction","target":{"@type":"EntryPoint","urlTemplate":"https:\/\/vog.com.tn\/?s={search_term_string}"},"query-input":{"@type":"PropertyValueSpecification","valueRequired":true,"valueName":"search_term_string"}}],"inLanguage":"fr-FR"}]}},"_links":{"self":[{"href":"https:\/\/vog.com.tn\/index.php?rest_route=\/wp\/v2\/product\/16330","targetHints":{"allow":["GET"]}}],"collection":[{"href":"https:\/\/vog.com.tn\/index.php?rest_route=\/wp\/v2\/product"}],"about":[{"href":"https:\/\/vog.com.tn\/index.php?rest_route=\/wp\/v2\/types\/product"}],"wp:featuredmedia":[{"embeddable":true,"href":"https:\/\/vog.com.tn\/index.php?rest_route=\/wp\/v2\/media\/105030"}],"wp:attachment":[{"href":"https:\/\/vog.com.tn\/index.php?rest_route=%2Fwp%2Fv2%2Fmedia&parent=16330"}],"wp:term":[{"taxonomy":"product_brand","embeddable":true,"href":"https:\/\/vog.com.tn\/index.php?rest_route=%2Fwp%2Fv2%2Fproduct_brand&post=16330"},{"taxonomy":"product_cat","embeddable":true,"href":"https:\/\/vog.com.tn\/index.php?rest_route=%2Fwp%2Fv2%2Fproduct_cat&post=16330"},{"taxonomy":"product_tag","embeddable":true,"href":"https:\/\/vog.com.tn\/index.php?rest_route=%2Fwp%2Fv2%2Fproduct_tag&post=16330"}],"curies":[{"name":"wp","href":"https:\/\/api.w.org\/{rel}","templated":true}]}}