{"id":23787,"date":"2021-08-24T15:01:27","date_gmt":"2021-08-24T13:01:27","guid":{"rendered":"https:\/\/vog.com.tn\/?post_type=product&#038;p=23787"},"modified":"2022-04-19T11:06:27","modified_gmt":"2022-04-19T09:06:27","slug":"robe-courte-rose-131243","status":"publish","type":"product","link":"https:\/\/vog.com.tn\/?product=robe-courte-rose-131243","title":{"rendered":"Robe Courte &#8211; Rose &#8211; 131243"},"content":{"rendered":"<p>Qu\u2019il s\u2019agisse de mod\u00e8les portefeuille ou ajust\u00e9s , nous vous proposons tous les styles, couleurs et imprim\u00e9s pour les robes de la saison. Que vous cherchiez une robe chemise classique pour le travail ou une robe en maille pour \u00eatre \u00e0 l\u2019aise le week-end, trouvez la robe id\u00e9ale pour chaque occasion dans notre collection.<\/p>\n","protected":false},"excerpt":{"rendered":"<ul>\n<li>Robe patineuse \u00e0 imprim\u00e9 fleurs.<\/li>\n<li>Mod\u00e8le cintr\u00e9 avec liens de serrage.<\/li>\n<li>Manches courtes.<\/li>\n<li>Col Rond .<\/li>\n<li>Longueur : environ 86,5 cm.<\/li>\n<li>Composition : 100% polyester.<\/li>\n<li>Couleur : Rose<\/li>\n<li>Craquez pour cette robe l\u00e9g\u00e8re qui porte chance !<\/li>\n<\/ul>\n<hr \/>\n<p><span style=\"color: #ff0000\"><strong><a style=\"color: #ff0000\" href=\"https:\/\/vog.com.tn\/?s=131243&amp;post_type=product\">Voir les autres couleurs<\/a><\/strong><\/span><\/p>\n","protected":false},"featured_media":37846,"template":"","meta":[],"product_brand":[],"product_cat":[137,44,71],"product_tag":[],"class_list":{"0":"post-23787","1":"product","2":"type-product","3":"status-publish","4":"has-post-thumbnail","6":"product_cat-mode-femme","7":"product_cat-robes-femme","8":"product_cat-vetements-femme","9":"pa_couleurs-rose","10":"pa_taille-moyenne","11":"pa_taille-small","14":"first","15":"outofstock","16":"taxable","17":"shipping-taxable","18":"product-type-variable"},"yoast_head":"<!-- This site is optimized with the Yoast SEO plugin v27.5 - https:\/\/yoast.com\/product\/yoast-seo-wordpress\/ -->\n<title>Robe Courte - Rose - 131243 - Vog Tunisie<\/title>\n<meta name=\"robots\" content=\"index, follow, max-snippet:-1, max-image-preview:large, max-video-preview:-1\" \/>\n<link rel=\"canonical\" href=\"https:\/\/vog.com.tn\/?product=robe-courte-rose-131243\" \/>\n<meta property=\"og:locale\" content=\"fr_FR\" \/>\n<meta property=\"og:type\" content=\"article\" \/>\n<meta property=\"og:title\" content=\"Robe Courte - Rose - 131243 - Vog Tunisie\" \/>\n<meta property=\"og:description\" content=\"Robe patineuse \u00e0 imprim\u00e9 fleurs.  Mod\u00e8le cintr\u00e9 avec liens de serrage.  Manches courtes.  Col Rond .  Longueur : environ 86,5 cm.  Composition : 100% polyester.  Couleur : Rose  Craquez pour cette robe l\u00e9g\u00e8re qui porte chance !     Voir les autres couleurs\" \/>\n<meta property=\"og:url\" content=\"https:\/\/vog.com.tn\/?product=robe-courte-rose-131243\" \/>\n<meta property=\"og:site_name\" content=\"Vog Tunisie\" \/>\n<meta property=\"article:modified_time\" content=\"2022-04-19T09:06:27+00:00\" \/>\n<meta property=\"og:image\" content=\"https:\/\/vog.com.tn\/wp-content\/uploads\/2021\/08\/131243-Rose-1-1.jpg\" \/>\n\t<meta property=\"og:image:width\" content=\"1434\" \/>\n\t<meta property=\"og:image:height\" content=\"2000\" \/>\n\t<meta property=\"og:image:type\" content=\"image\/jpeg\" \/>\n<meta name=\"twitter:card\" content=\"summary_large_image\" \/>\n<script type=\"application\/ld+json\" class=\"yoast-schema-graph\">{\"@context\":\"https:\\\/\\\/schema.org\",\"@graph\":[{\"@type\":\"WebPage\",\"@id\":\"https:\\\/\\\/vog.com.tn\\\/?product=robe-courte-rose-131243\",\"url\":\"https:\\\/\\\/vog.com.tn\\\/?product=robe-courte-rose-131243\",\"name\":\"Robe Courte - Rose - 131243 - Vog Tunisie\",\"isPartOf\":{\"@id\":\"https:\\\/\\\/vog.com.tn\\\/#website\"},\"primaryImageOfPage\":{\"@id\":\"https:\\\/\\\/vog.com.tn\\\/?product=robe-courte-rose-131243#primaryimage\"},\"image\":{\"@id\":\"https:\\\/\\\/vog.com.tn\\\/?product=robe-courte-rose-131243#primaryimage\"},\"thumbnailUrl\":\"https:\\\/\\\/vog.com.tn\\\/wp-content\\\/uploads\\\/2021\\\/08\\\/131243-Rose-1-1.jpg\",\"datePublished\":\"2021-08-24T13:01:27+00:00\",\"dateModified\":\"2022-04-19T09:06:27+00:00\",\"breadcrumb\":{\"@id\":\"https:\\\/\\\/vog.com.tn\\\/?product=robe-courte-rose-131243#breadcrumb\"},\"inLanguage\":\"fr-FR\",\"potentialAction\":[{\"@type\":\"ReadAction\",\"target\":[\"https:\\\/\\\/vog.com.tn\\\/?product=robe-courte-rose-131243\"]}]},{\"@type\":\"ImageObject\",\"inLanguage\":\"fr-FR\",\"@id\":\"https:\\\/\\\/vog.com.tn\\\/?product=robe-courte-rose-131243#primaryimage\",\"url\":\"https:\\\/\\\/vog.com.tn\\\/wp-content\\\/uploads\\\/2021\\\/08\\\/131243-Rose-1-1.jpg\",\"contentUrl\":\"https:\\\/\\\/vog.com.tn\\\/wp-content\\\/uploads\\\/2021\\\/08\\\/131243-Rose-1-1.jpg\",\"width\":1434,\"height\":2000},{\"@type\":\"BreadcrumbList\",\"@id\":\"https:\\\/\\\/vog.com.tn\\\/?product=robe-courte-rose-131243#breadcrumb\",\"itemListElement\":[{\"@type\":\"ListItem\",\"position\":1,\"name\":\"Home\",\"item\":\"https:\\\/\\\/vog.com.tn\\\/\"},{\"@type\":\"ListItem\",\"position\":2,\"name\":\"Produits\",\"item\":\"https:\\\/\\\/vog.com.tn\\\/?page_id=8\"},{\"@type\":\"ListItem\",\"position\":3,\"name\":\"Robe Courte &#8211; Rose &#8211; 131243\"}]},{\"@type\":\"WebSite\",\"@id\":\"https:\\\/\\\/vog.com.tn\\\/#website\",\"url\":\"https:\\\/\\\/vog.com.tn\\\/\",\"name\":\"Vog Tunisie\",\"description\":\"Pr\u00eat-\u00e0-porter\",\"potentialAction\":[{\"@type\":\"SearchAction\",\"target\":{\"@type\":\"EntryPoint\",\"urlTemplate\":\"https:\\\/\\\/vog.com.tn\\\/?s={search_term_string}\"},\"query-input\":{\"@type\":\"PropertyValueSpecification\",\"valueRequired\":true,\"valueName\":\"search_term_string\"}}],\"inLanguage\":\"fr-FR\"}]}<\/script>\n<!-- \/ Yoast SEO plugin. -->","yoast_head_json":{"title":"Robe Courte - Rose - 131243 - Vog Tunisie","robots":{"index":"index","follow":"follow","max-snippet":"max-snippet:-1","max-image-preview":"max-image-preview:large","max-video-preview":"max-video-preview:-1"},"canonical":"https:\/\/vog.com.tn\/?product=robe-courte-rose-131243","og_locale":"fr_FR","og_type":"article","og_title":"Robe Courte - Rose - 131243 - Vog Tunisie","og_description":"Robe patineuse \u00e0 imprim\u00e9 fleurs.  Mod\u00e8le cintr\u00e9 avec liens de serrage.  Manches courtes.  Col Rond .  Longueur : environ 86,5 cm.  Composition : 100% polyester.  Couleur : Rose  Craquez pour cette robe l\u00e9g\u00e8re qui porte chance !     Voir les autres couleurs","og_url":"https:\/\/vog.com.tn\/?product=robe-courte-rose-131243","og_site_name":"Vog Tunisie","article_modified_time":"2022-04-19T09:06:27+00:00","og_image":[{"width":1434,"height":2000,"url":"https:\/\/vog.com.tn\/wp-content\/uploads\/2021\/08\/131243-Rose-1-1.jpg","type":"image\/jpeg"}],"twitter_card":"summary_large_image","schema":{"@context":"https:\/\/schema.org","@graph":[{"@type":"WebPage","@id":"https:\/\/vog.com.tn\/?product=robe-courte-rose-131243","url":"https:\/\/vog.com.tn\/?product=robe-courte-rose-131243","name":"Robe Courte - Rose - 131243 - Vog Tunisie","isPartOf":{"@id":"https:\/\/vog.com.tn\/#website"},"primaryImageOfPage":{"@id":"https:\/\/vog.com.tn\/?product=robe-courte-rose-131243#primaryimage"},"image":{"@id":"https:\/\/vog.com.tn\/?product=robe-courte-rose-131243#primaryimage"},"thumbnailUrl":"https:\/\/vog.com.tn\/wp-content\/uploads\/2021\/08\/131243-Rose-1-1.jpg","datePublished":"2021-08-24T13:01:27+00:00","dateModified":"2022-04-19T09:06:27+00:00","breadcrumb":{"@id":"https:\/\/vog.com.tn\/?product=robe-courte-rose-131243#breadcrumb"},"inLanguage":"fr-FR","potentialAction":[{"@type":"ReadAction","target":["https:\/\/vog.com.tn\/?product=robe-courte-rose-131243"]}]},{"@type":"ImageObject","inLanguage":"fr-FR","@id":"https:\/\/vog.com.tn\/?product=robe-courte-rose-131243#primaryimage","url":"https:\/\/vog.com.tn\/wp-content\/uploads\/2021\/08\/131243-Rose-1-1.jpg","contentUrl":"https:\/\/vog.com.tn\/wp-content\/uploads\/2021\/08\/131243-Rose-1-1.jpg","width":1434,"height":2000},{"@type":"BreadcrumbList","@id":"https:\/\/vog.com.tn\/?product=robe-courte-rose-131243#breadcrumb","itemListElement":[{"@type":"ListItem","position":1,"name":"Home","item":"https:\/\/vog.com.tn\/"},{"@type":"ListItem","position":2,"name":"Produits","item":"https:\/\/vog.com.tn\/?page_id=8"},{"@type":"ListItem","position":3,"name":"Robe Courte &#8211; Rose &#8211; 131243"}]},{"@type":"WebSite","@id":"https:\/\/vog.com.tn\/#website","url":"https:\/\/vog.com.tn\/","name":"Vog Tunisie","description":"Pr\u00eat-\u00e0-porter","potentialAction":[{"@type":"SearchAction","target":{"@type":"EntryPoint","urlTemplate":"https:\/\/vog.com.tn\/?s={search_term_string}"},"query-input":{"@type":"PropertyValueSpecification","valueRequired":true,"valueName":"search_term_string"}}],"inLanguage":"fr-FR"}]}},"_links":{"self":[{"href":"https:\/\/vog.com.tn\/index.php?rest_route=\/wp\/v2\/product\/23787","targetHints":{"allow":["GET"]}}],"collection":[{"href":"https:\/\/vog.com.tn\/index.php?rest_route=\/wp\/v2\/product"}],"about":[{"href":"https:\/\/vog.com.tn\/index.php?rest_route=\/wp\/v2\/types\/product"}],"wp:featuredmedia":[{"embeddable":true,"href":"https:\/\/vog.com.tn\/index.php?rest_route=\/wp\/v2\/media\/37846"}],"wp:attachment":[{"href":"https:\/\/vog.com.tn\/index.php?rest_route=%2Fwp%2Fv2%2Fmedia&parent=23787"}],"wp:term":[{"taxonomy":"product_brand","embeddable":true,"href":"https:\/\/vog.com.tn\/index.php?rest_route=%2Fwp%2Fv2%2Fproduct_brand&post=23787"},{"taxonomy":"product_cat","embeddable":true,"href":"https:\/\/vog.com.tn\/index.php?rest_route=%2Fwp%2Fv2%2Fproduct_cat&post=23787"},{"taxonomy":"product_tag","embeddable":true,"href":"https:\/\/vog.com.tn\/index.php?rest_route=%2Fwp%2Fv2%2Fproduct_tag&post=23787"}],"curies":[{"name":"wp","href":"https:\/\/api.w.org\/{rel}","templated":true}]}}