{"id":24700,"date":"2021-09-17T15:18:33","date_gmt":"2021-09-17T13:18:33","guid":{"rendered":"https:\/\/vog.com.tn\/?post_type=product&#038;p=24700"},"modified":"2024-03-27T09:56:22","modified_gmt":"2024-03-27T08:56:22","slug":"pantalon-jean-gris-120006","status":"publish","type":"product","link":"https:\/\/vog.com.tn\/?product=pantalon-jean-gris-120006","title":{"rendered":"Pantalon Jean \u2013 Gris &#8211; 120006 \u2013 VOG"},"content":{"rendered":"<p>Vog met en vente en ligne Pantalon Jean \u2013 Gris en Tunisie. Le Jean pour femme est un indispensable puisqu&rsquo;il s&rsquo;adapte \u00e0 n&rsquo;importe quelle occasion: Sporty avec des tennis, Casual avec des ballerines ou Chic avec des talons hauts, s&rsquo;adapte, \u00e9galement, \u00e0 toutes les silhouettes.<br \/>\nA porter de fa\u00e7on chic ou casual, selon vos envies! Le pantalon droit est plus qu&rsquo;ind\u00e9modable, il est intemporel. Nous aimons le porter avec une hauteur de talon vertigineuse, pour lui donner une touche f\u00e9minine et sensuelle. Et non! Ce n&rsquo;est pas un pantalon de papi, regardez comment le porte In\u00e8s de la Fressange, l\u2019incarnation m\u00eame de l\u2019\u00e9l\u00e9gance \u00e0 la fran\u00e7aise. Il a une allure stricte pour un pantalon, mais aussi du style. Valable pour toutes les saisons et pour tous les styles, avec une chemise, des talons ou des ballerines, c&rsquo;est le basic \u00e0 avoir dans son placard.<\/p>\n","protected":false},"excerpt":{"rendered":"<h2 class=\"vente-lgn-dsc\">Vente en ligne Pantalon Jean \u2013 Gris<\/h2>\n<ul>\n<li>Longueur longue et coupe skinny<\/li>\n<li>Pantalon 5 poches<\/li>\n<li>Int\u00e9rieur en jeans<\/li>\n<li>Ourlet au choix<\/li>\n<li>L\u00e9g\u00e8res d\u00e9chirures<\/li>\n<li>Composition et entretien<\/li>\n<li>68% Coton<\/li>\n<li>30% Polyester<\/li>\n<li>2% \u00c9lasthanne<\/li>\n<li>Lavage \u00e0 30\u00b0 maximum, ne se d\u00e9colore pas, \u00e0 laver de pr\u00e9f\u00e9rence avec des couleurs fonc\u00e9es et retourn\u00e9.<\/li>\n<\/ul>\n","protected":false},"featured_media":24708,"template":"","meta":[],"product_brand":[],"product_cat":[137,92,71],"product_tag":[],"class_list":{"0":"post-24700","1":"product","2":"type-product","3":"status-publish","4":"has-post-thumbnail","6":"product_cat-mode-femme","7":"product_cat-pantalons","8":"product_cat-vetements-femme","9":"pa_couleurs-gris","10":"pa_taille-225","13":"first","14":"outofstock","15":"taxable","16":"shipping-taxable","17":"product-type-variable"},"yoast_head":"<!-- This site is optimized with the Yoast SEO plugin v27.5 - https:\/\/yoast.com\/product\/yoast-seo-wordpress\/ -->\n<title>Pantalons Femme en ligne\u2502VOG pr\u00eat \u00e0 porter Tunisie<\/title>\n<meta name=\"description\" content=\"VOG est une cha\u00eene de boutiques de pr\u00eat \u00e0 porter \u00e0 Bizerte, Tunisie, sp\u00e9cialis\u00e9e dans la vente en ligne de v\u00eatements, chaussures et sacs\u2026 pour femme et homme.\" \/>\n<meta name=\"robots\" content=\"index, follow, max-snippet:-1, max-image-preview:large, max-video-preview:-1\" \/>\n<link rel=\"canonical\" href=\"https:\/\/vog.com.tn\/?product=pantalon-jean-gris-120006\" \/>\n<meta property=\"og:locale\" content=\"fr_FR\" \/>\n<meta property=\"og:type\" content=\"article\" \/>\n<meta property=\"og:title\" content=\"Pantalons Femme en ligne\u2502VOG pr\u00eat \u00e0 porter Tunisie\" \/>\n<meta property=\"og:description\" content=\"VOG est une cha\u00eene de boutiques de pr\u00eat \u00e0 porter \u00e0 Bizerte, Tunisie, sp\u00e9cialis\u00e9e dans la vente en ligne de v\u00eatements, chaussures et sacs\u2026 pour femme et homme.\" \/>\n<meta property=\"og:url\" content=\"https:\/\/vog.com.tn\/?product=pantalon-jean-gris-120006\" \/>\n<meta property=\"og:site_name\" content=\"Vog Tunisie\" \/>\n<meta property=\"article:modified_time\" content=\"2024-03-27T08:56:22+00:00\" \/>\n<meta property=\"og:image\" content=\"https:\/\/vog.com.tn\/wp-content\/uploads\/2021\/09\/120006-Gris.jpg\" \/>\n\t<meta property=\"og:image:width\" content=\"705\" \/>\n\t<meta property=\"og:image:height\" content=\"1058\" \/>\n\t<meta property=\"og:image:type\" content=\"image\/jpeg\" \/>\n<meta name=\"twitter:card\" content=\"summary_large_image\" \/>\n<meta name=\"twitter:label1\" content=\"Dur\u00e9e de lecture estim\u00e9e\" \/>\n\t<meta name=\"twitter:data1\" content=\"1 minute\" \/>\n<script type=\"application\/ld+json\" class=\"yoast-schema-graph\">{\"@context\":\"https:\\\/\\\/schema.org\",\"@graph\":[{\"@type\":\"WebPage\",\"@id\":\"https:\\\/\\\/vog.com.tn\\\/?product=pantalon-jean-gris-120006\",\"url\":\"https:\\\/\\\/vog.com.tn\\\/?product=pantalon-jean-gris-120006\",\"name\":\"Pantalons Femme en ligne\u2502VOG pr\u00eat \u00e0 porter Tunisie\",\"isPartOf\":{\"@id\":\"https:\\\/\\\/vog.com.tn\\\/#website\"},\"primaryImageOfPage\":{\"@id\":\"https:\\\/\\\/vog.com.tn\\\/?product=pantalon-jean-gris-120006#primaryimage\"},\"image\":{\"@id\":\"https:\\\/\\\/vog.com.tn\\\/?product=pantalon-jean-gris-120006#primaryimage\"},\"thumbnailUrl\":\"https:\\\/\\\/vog.com.tn\\\/wp-content\\\/uploads\\\/2021\\\/09\\\/120006-Gris.jpg\",\"datePublished\":\"2021-09-17T13:18:33+00:00\",\"dateModified\":\"2024-03-27T08:56:22+00:00\",\"description\":\"VOG est une cha\u00eene de boutiques de pr\u00eat \u00e0 porter \u00e0 Bizerte, Tunisie, sp\u00e9cialis\u00e9e dans la vente en ligne de v\u00eatements, chaussures et sacs\u2026 pour femme et homme.\",\"breadcrumb\":{\"@id\":\"https:\\\/\\\/vog.com.tn\\\/?product=pantalon-jean-gris-120006#breadcrumb\"},\"inLanguage\":\"fr-FR\",\"potentialAction\":[{\"@type\":\"ReadAction\",\"target\":[\"https:\\\/\\\/vog.com.tn\\\/?product=pantalon-jean-gris-120006\"]}]},{\"@type\":\"ImageObject\",\"inLanguage\":\"fr-FR\",\"@id\":\"https:\\\/\\\/vog.com.tn\\\/?product=pantalon-jean-gris-120006#primaryimage\",\"url\":\"https:\\\/\\\/vog.com.tn\\\/wp-content\\\/uploads\\\/2021\\\/09\\\/120006-Gris.jpg\",\"contentUrl\":\"https:\\\/\\\/vog.com.tn\\\/wp-content\\\/uploads\\\/2021\\\/09\\\/120006-Gris.jpg\",\"width\":705,\"height\":1058},{\"@type\":\"BreadcrumbList\",\"@id\":\"https:\\\/\\\/vog.com.tn\\\/?product=pantalon-jean-gris-120006#breadcrumb\",\"itemListElement\":[{\"@type\":\"ListItem\",\"position\":1,\"name\":\"Home\",\"item\":\"https:\\\/\\\/vog.com.tn\\\/\"},{\"@type\":\"ListItem\",\"position\":2,\"name\":\"Produits\",\"item\":\"https:\\\/\\\/vog.com.tn\\\/?page_id=8\"},{\"@type\":\"ListItem\",\"position\":3,\"name\":\"Pantalon Jean \u2013 Gris &#8211; 120006 \u2013 VOG\"}]},{\"@type\":\"WebSite\",\"@id\":\"https:\\\/\\\/vog.com.tn\\\/#website\",\"url\":\"https:\\\/\\\/vog.com.tn\\\/\",\"name\":\"Vog Tunisie\",\"description\":\"Pr\u00eat-\u00e0-porter\",\"potentialAction\":[{\"@type\":\"SearchAction\",\"target\":{\"@type\":\"EntryPoint\",\"urlTemplate\":\"https:\\\/\\\/vog.com.tn\\\/?s={search_term_string}\"},\"query-input\":{\"@type\":\"PropertyValueSpecification\",\"valueRequired\":true,\"valueName\":\"search_term_string\"}}],\"inLanguage\":\"fr-FR\"}]}<\/script>\n<!-- \/ Yoast SEO plugin. -->","yoast_head_json":{"title":"Pantalons Femme en ligne\u2502VOG pr\u00eat \u00e0 porter Tunisie","description":"VOG est une cha\u00eene de boutiques de pr\u00eat \u00e0 porter \u00e0 Bizerte, Tunisie, sp\u00e9cialis\u00e9e dans la vente en ligne de v\u00eatements, chaussures et sacs\u2026 pour femme et homme.","robots":{"index":"index","follow":"follow","max-snippet":"max-snippet:-1","max-image-preview":"max-image-preview:large","max-video-preview":"max-video-preview:-1"},"canonical":"https:\/\/vog.com.tn\/?product=pantalon-jean-gris-120006","og_locale":"fr_FR","og_type":"article","og_title":"Pantalons Femme en ligne\u2502VOG pr\u00eat \u00e0 porter Tunisie","og_description":"VOG est une cha\u00eene de boutiques de pr\u00eat \u00e0 porter \u00e0 Bizerte, Tunisie, sp\u00e9cialis\u00e9e dans la vente en ligne de v\u00eatements, chaussures et sacs\u2026 pour femme et homme.","og_url":"https:\/\/vog.com.tn\/?product=pantalon-jean-gris-120006","og_site_name":"Vog Tunisie","article_modified_time":"2024-03-27T08:56:22+00:00","og_image":[{"width":705,"height":1058,"url":"https:\/\/vog.com.tn\/wp-content\/uploads\/2021\/09\/120006-Gris.jpg","type":"image\/jpeg"}],"twitter_card":"summary_large_image","twitter_misc":{"Dur\u00e9e de lecture estim\u00e9e":"1 minute"},"schema":{"@context":"https:\/\/schema.org","@graph":[{"@type":"WebPage","@id":"https:\/\/vog.com.tn\/?product=pantalon-jean-gris-120006","url":"https:\/\/vog.com.tn\/?product=pantalon-jean-gris-120006","name":"Pantalons Femme en ligne\u2502VOG pr\u00eat \u00e0 porter Tunisie","isPartOf":{"@id":"https:\/\/vog.com.tn\/#website"},"primaryImageOfPage":{"@id":"https:\/\/vog.com.tn\/?product=pantalon-jean-gris-120006#primaryimage"},"image":{"@id":"https:\/\/vog.com.tn\/?product=pantalon-jean-gris-120006#primaryimage"},"thumbnailUrl":"https:\/\/vog.com.tn\/wp-content\/uploads\/2021\/09\/120006-Gris.jpg","datePublished":"2021-09-17T13:18:33+00:00","dateModified":"2024-03-27T08:56:22+00:00","description":"VOG est une cha\u00eene de boutiques de pr\u00eat \u00e0 porter \u00e0 Bizerte, Tunisie, sp\u00e9cialis\u00e9e dans la vente en ligne de v\u00eatements, chaussures et sacs\u2026 pour femme et homme.","breadcrumb":{"@id":"https:\/\/vog.com.tn\/?product=pantalon-jean-gris-120006#breadcrumb"},"inLanguage":"fr-FR","potentialAction":[{"@type":"ReadAction","target":["https:\/\/vog.com.tn\/?product=pantalon-jean-gris-120006"]}]},{"@type":"ImageObject","inLanguage":"fr-FR","@id":"https:\/\/vog.com.tn\/?product=pantalon-jean-gris-120006#primaryimage","url":"https:\/\/vog.com.tn\/wp-content\/uploads\/2021\/09\/120006-Gris.jpg","contentUrl":"https:\/\/vog.com.tn\/wp-content\/uploads\/2021\/09\/120006-Gris.jpg","width":705,"height":1058},{"@type":"BreadcrumbList","@id":"https:\/\/vog.com.tn\/?product=pantalon-jean-gris-120006#breadcrumb","itemListElement":[{"@type":"ListItem","position":1,"name":"Home","item":"https:\/\/vog.com.tn\/"},{"@type":"ListItem","position":2,"name":"Produits","item":"https:\/\/vog.com.tn\/?page_id=8"},{"@type":"ListItem","position":3,"name":"Pantalon Jean \u2013 Gris &#8211; 120006 \u2013 VOG"}]},{"@type":"WebSite","@id":"https:\/\/vog.com.tn\/#website","url":"https:\/\/vog.com.tn\/","name":"Vog Tunisie","description":"Pr\u00eat-\u00e0-porter","potentialAction":[{"@type":"SearchAction","target":{"@type":"EntryPoint","urlTemplate":"https:\/\/vog.com.tn\/?s={search_term_string}"},"query-input":{"@type":"PropertyValueSpecification","valueRequired":true,"valueName":"search_term_string"}}],"inLanguage":"fr-FR"}]}},"_links":{"self":[{"href":"https:\/\/vog.com.tn\/index.php?rest_route=\/wp\/v2\/product\/24700","targetHints":{"allow":["GET"]}}],"collection":[{"href":"https:\/\/vog.com.tn\/index.php?rest_route=\/wp\/v2\/product"}],"about":[{"href":"https:\/\/vog.com.tn\/index.php?rest_route=\/wp\/v2\/types\/product"}],"wp:featuredmedia":[{"embeddable":true,"href":"https:\/\/vog.com.tn\/index.php?rest_route=\/wp\/v2\/media\/24708"}],"wp:attachment":[{"href":"https:\/\/vog.com.tn\/index.php?rest_route=%2Fwp%2Fv2%2Fmedia&parent=24700"}],"wp:term":[{"taxonomy":"product_brand","embeddable":true,"href":"https:\/\/vog.com.tn\/index.php?rest_route=%2Fwp%2Fv2%2Fproduct_brand&post=24700"},{"taxonomy":"product_cat","embeddable":true,"href":"https:\/\/vog.com.tn\/index.php?rest_route=%2Fwp%2Fv2%2Fproduct_cat&post=24700"},{"taxonomy":"product_tag","embeddable":true,"href":"https:\/\/vog.com.tn\/index.php?rest_route=%2Fwp%2Fv2%2Fproduct_tag&post=24700"}],"curies":[{"name":"wp","href":"https:\/\/api.w.org\/{rel}","templated":true}]}}