{"id":25884,"date":"2021-09-21T11:09:18","date_gmt":"2021-09-21T09:09:18","guid":{"rendered":"https:\/\/vog.com.tn\/?post_type=product&#038;p=25884"},"modified":"2025-11-19T16:48:55","modified_gmt":"2025-11-19T15:48:55","slug":"espadrille-rose-133909","status":"publish","type":"product","link":"https:\/\/vog.com.tn\/?product=espadrille-rose-133909","title":{"rendered":"Espadrille femme &#8211; 133909"},"content":{"rendered":"<p>Alliez confort et style avec ces baskets modernes et confortables, ce mod\u00e8le a tout pour s\u00e9duire les adeptes d&rsquo;un style plut\u00f4t d\u00e9contract\u00e9 ! Facile et agr\u00e9able \u00e0 porter, ce mod\u00e8le s&rsquo;annonce comme la r\u00e9f\u00e9rence phare de la saison. Qu&rsquo;elles soient unies ou garnies de motifs, ces baskets haut de gamme incroyablement diversifi\u00e9s vous apporteront que des satisfactions au quotidien.<\/p>\n","protected":false},"excerpt":{"rendered":"<ul>\n<li>L\u00e9g\u00e8res espadrilles en mailles<\/li>\n<li>Plateforme souple et confortable<\/li>\n<li>L\u00e9ger rembourrage int\u00e9rieur pour plus de confort<\/li>\n<li>Tige et semelle: synth\u00e9tique<\/li>\n<li>Hauteur de la semelle : 2 cm<\/li>\n<li>Des baskets Id\u00e9ales pour \u00eatre styl\u00e9 au sport !<\/li>\n<\/ul>\n<p>&nbsp;<\/p>\n","protected":false},"featured_media":105023,"template":"","meta":[],"product_brand":[],"product_cat":[96,181,137],"product_tag":[],"class_list":{"0":"post-25884","1":"product","2":"type-product","3":"status-publish","4":"has-post-thumbnail","6":"product_cat-chaussures-femme","7":"product_cat-espadrilles-femme","8":"product_cat-mode-femme","9":"pa_couleurs-blanc","10":"pa_couleurs-ciel","11":"pa_couleurs-rose","12":"pa_pointure-105","13":"pa_pointure-106","14":"pa_pointure-107","15":"pa_pointure-108","16":"pa_pointure-109","17":"pa_pointure-110","20":"first","21":"instock","22":"taxable","23":"shipping-taxable","24":"purchasable","25":"product-type-variable"},"yoast_head":"<!-- This site is optimized with the Yoast SEO plugin v27.5 - https:\/\/yoast.com\/product\/yoast-seo-wordpress\/ -->\n<title>Espadrille femme - 133909 - Vog Tunisie<\/title>\n<meta name=\"robots\" content=\"index, follow, max-snippet:-1, max-image-preview:large, max-video-preview:-1\" \/>\n<link rel=\"canonical\" href=\"https:\/\/vog.com.tn\/?product=espadrille-rose-133909\" \/>\n<meta property=\"og:locale\" content=\"fr_FR\" \/>\n<meta property=\"og:type\" content=\"article\" \/>\n<meta property=\"og:title\" content=\"Espadrille femme - 133909 - Vog Tunisie\" \/>\n<meta property=\"og:description\" content=\"L\u00e9g\u00e8res espadrilles en mailles  Plateforme souple et confortable  L\u00e9ger rembourrage int\u00e9rieur pour plus de confort  Tige et semelle: synth\u00e9tique  Hauteur de la semelle : 2 cm  Des baskets Id\u00e9ales pour \u00eatre styl\u00e9 au sport !  &nbsp;\" \/>\n<meta property=\"og:url\" content=\"https:\/\/vog.com.tn\/?product=espadrille-rose-133909\" \/>\n<meta property=\"og:site_name\" content=\"Vog Tunisie\" \/>\n<meta property=\"article:modified_time\" content=\"2025-11-19T15:48:55+00:00\" \/>\n<meta property=\"og:image\" content=\"https:\/\/vog.com.tn\/wp-content\/uploads\/2021\/09\/133909-rose-2-1.jpg\" \/>\n\t<meta property=\"og:image:width\" content=\"1500\" \/>\n\t<meta property=\"og:image:height\" content=\"1500\" \/>\n\t<meta property=\"og:image:type\" content=\"image\/jpeg\" \/>\n<meta name=\"twitter:card\" content=\"summary_large_image\" \/>\n<meta name=\"twitter:label1\" content=\"Dur\u00e9e de lecture estim\u00e9e\" \/>\n\t<meta name=\"twitter:data1\" content=\"1 minute\" \/>\n<script type=\"application\/ld+json\" class=\"yoast-schema-graph\">{\"@context\":\"https:\\\/\\\/schema.org\",\"@graph\":[{\"@type\":\"WebPage\",\"@id\":\"https:\\\/\\\/vog.com.tn\\\/?product=espadrille-rose-133909\",\"url\":\"https:\\\/\\\/vog.com.tn\\\/?product=espadrille-rose-133909\",\"name\":\"Espadrille femme - 133909 - Vog Tunisie\",\"isPartOf\":{\"@id\":\"https:\\\/\\\/vog.com.tn\\\/#website\"},\"primaryImageOfPage\":{\"@id\":\"https:\\\/\\\/vog.com.tn\\\/?product=espadrille-rose-133909#primaryimage\"},\"image\":{\"@id\":\"https:\\\/\\\/vog.com.tn\\\/?product=espadrille-rose-133909#primaryimage\"},\"thumbnailUrl\":\"https:\\\/\\\/vog.com.tn\\\/wp-content\\\/uploads\\\/2021\\\/09\\\/133909-blanc-2-1-1-1.jpg\",\"datePublished\":\"2021-09-21T09:09:18+00:00\",\"dateModified\":\"2025-11-19T15:48:55+00:00\",\"breadcrumb\":{\"@id\":\"https:\\\/\\\/vog.com.tn\\\/?product=espadrille-rose-133909#breadcrumb\"},\"inLanguage\":\"fr-FR\",\"potentialAction\":[{\"@type\":\"ReadAction\",\"target\":[\"https:\\\/\\\/vog.com.tn\\\/?product=espadrille-rose-133909\"]}]},{\"@type\":\"ImageObject\",\"inLanguage\":\"fr-FR\",\"@id\":\"https:\\\/\\\/vog.com.tn\\\/?product=espadrille-rose-133909#primaryimage\",\"url\":\"https:\\\/\\\/vog.com.tn\\\/wp-content\\\/uploads\\\/2021\\\/09\\\/133909-blanc-2-1-1-1.jpg\",\"contentUrl\":\"https:\\\/\\\/vog.com.tn\\\/wp-content\\\/uploads\\\/2021\\\/09\\\/133909-blanc-2-1-1-1.jpg\",\"width\":1500,\"height\":1499},{\"@type\":\"BreadcrumbList\",\"@id\":\"https:\\\/\\\/vog.com.tn\\\/?product=espadrille-rose-133909#breadcrumb\",\"itemListElement\":[{\"@type\":\"ListItem\",\"position\":1,\"name\":\"Home\",\"item\":\"https:\\\/\\\/vog.com.tn\\\/\"},{\"@type\":\"ListItem\",\"position\":2,\"name\":\"Produits\",\"item\":\"https:\\\/\\\/vog.com.tn\\\/?page_id=8\"},{\"@type\":\"ListItem\",\"position\":3,\"name\":\"Espadrille femme &#8211; 133909\"}]},{\"@type\":\"WebSite\",\"@id\":\"https:\\\/\\\/vog.com.tn\\\/#website\",\"url\":\"https:\\\/\\\/vog.com.tn\\\/\",\"name\":\"Vog Tunisie\",\"description\":\"Pr\u00eat-\u00e0-porter\",\"potentialAction\":[{\"@type\":\"SearchAction\",\"target\":{\"@type\":\"EntryPoint\",\"urlTemplate\":\"https:\\\/\\\/vog.com.tn\\\/?s={search_term_string}\"},\"query-input\":{\"@type\":\"PropertyValueSpecification\",\"valueRequired\":true,\"valueName\":\"search_term_string\"}}],\"inLanguage\":\"fr-FR\"}]}<\/script>\n<!-- \/ Yoast SEO plugin. -->","yoast_head_json":{"title":"Espadrille femme - 133909 - Vog Tunisie","robots":{"index":"index","follow":"follow","max-snippet":"max-snippet:-1","max-image-preview":"max-image-preview:large","max-video-preview":"max-video-preview:-1"},"canonical":"https:\/\/vog.com.tn\/?product=espadrille-rose-133909","og_locale":"fr_FR","og_type":"article","og_title":"Espadrille femme - 133909 - Vog Tunisie","og_description":"L\u00e9g\u00e8res espadrilles en mailles  Plateforme souple et confortable  L\u00e9ger rembourrage int\u00e9rieur pour plus de confort  Tige et semelle: synth\u00e9tique  Hauteur de la semelle : 2 cm  Des baskets Id\u00e9ales pour \u00eatre styl\u00e9 au sport !  &nbsp;","og_url":"https:\/\/vog.com.tn\/?product=espadrille-rose-133909","og_site_name":"Vog Tunisie","article_modified_time":"2025-11-19T15:48:55+00:00","og_image":[{"width":1500,"height":1500,"url":"https:\/\/vog.com.tn\/wp-content\/uploads\/2021\/09\/133909-rose-2-1.jpg","type":"image\/jpeg"}],"twitter_card":"summary_large_image","twitter_misc":{"Dur\u00e9e de lecture estim\u00e9e":"1 minute"},"schema":{"@context":"https:\/\/schema.org","@graph":[{"@type":"WebPage","@id":"https:\/\/vog.com.tn\/?product=espadrille-rose-133909","url":"https:\/\/vog.com.tn\/?product=espadrille-rose-133909","name":"Espadrille femme - 133909 - Vog Tunisie","isPartOf":{"@id":"https:\/\/vog.com.tn\/#website"},"primaryImageOfPage":{"@id":"https:\/\/vog.com.tn\/?product=espadrille-rose-133909#primaryimage"},"image":{"@id":"https:\/\/vog.com.tn\/?product=espadrille-rose-133909#primaryimage"},"thumbnailUrl":"https:\/\/vog.com.tn\/wp-content\/uploads\/2021\/09\/133909-blanc-2-1-1-1.jpg","datePublished":"2021-09-21T09:09:18+00:00","dateModified":"2025-11-19T15:48:55+00:00","breadcrumb":{"@id":"https:\/\/vog.com.tn\/?product=espadrille-rose-133909#breadcrumb"},"inLanguage":"fr-FR","potentialAction":[{"@type":"ReadAction","target":["https:\/\/vog.com.tn\/?product=espadrille-rose-133909"]}]},{"@type":"ImageObject","inLanguage":"fr-FR","@id":"https:\/\/vog.com.tn\/?product=espadrille-rose-133909#primaryimage","url":"https:\/\/vog.com.tn\/wp-content\/uploads\/2021\/09\/133909-blanc-2-1-1-1.jpg","contentUrl":"https:\/\/vog.com.tn\/wp-content\/uploads\/2021\/09\/133909-blanc-2-1-1-1.jpg","width":1500,"height":1499},{"@type":"BreadcrumbList","@id":"https:\/\/vog.com.tn\/?product=espadrille-rose-133909#breadcrumb","itemListElement":[{"@type":"ListItem","position":1,"name":"Home","item":"https:\/\/vog.com.tn\/"},{"@type":"ListItem","position":2,"name":"Produits","item":"https:\/\/vog.com.tn\/?page_id=8"},{"@type":"ListItem","position":3,"name":"Espadrille femme &#8211; 133909"}]},{"@type":"WebSite","@id":"https:\/\/vog.com.tn\/#website","url":"https:\/\/vog.com.tn\/","name":"Vog Tunisie","description":"Pr\u00eat-\u00e0-porter","potentialAction":[{"@type":"SearchAction","target":{"@type":"EntryPoint","urlTemplate":"https:\/\/vog.com.tn\/?s={search_term_string}"},"query-input":{"@type":"PropertyValueSpecification","valueRequired":true,"valueName":"search_term_string"}}],"inLanguage":"fr-FR"}]}},"_links":{"self":[{"href":"https:\/\/vog.com.tn\/index.php?rest_route=\/wp\/v2\/product\/25884","targetHints":{"allow":["GET"]}}],"collection":[{"href":"https:\/\/vog.com.tn\/index.php?rest_route=\/wp\/v2\/product"}],"about":[{"href":"https:\/\/vog.com.tn\/index.php?rest_route=\/wp\/v2\/types\/product"}],"wp:featuredmedia":[{"embeddable":true,"href":"https:\/\/vog.com.tn\/index.php?rest_route=\/wp\/v2\/media\/105023"}],"wp:attachment":[{"href":"https:\/\/vog.com.tn\/index.php?rest_route=%2Fwp%2Fv2%2Fmedia&parent=25884"}],"wp:term":[{"taxonomy":"product_brand","embeddable":true,"href":"https:\/\/vog.com.tn\/index.php?rest_route=%2Fwp%2Fv2%2Fproduct_brand&post=25884"},{"taxonomy":"product_cat","embeddable":true,"href":"https:\/\/vog.com.tn\/index.php?rest_route=%2Fwp%2Fv2%2Fproduct_cat&post=25884"},{"taxonomy":"product_tag","embeddable":true,"href":"https:\/\/vog.com.tn\/index.php?rest_route=%2Fwp%2Fv2%2Fproduct_tag&post=25884"}],"curies":[{"name":"wp","href":"https:\/\/api.w.org\/{rel}","templated":true}]}}