{"id":29243,"date":"2021-11-13T14:58:36","date_gmt":"2021-11-13T13:58:36","guid":{"rendered":"https:\/\/vog.com.tn\/?post_type=product&#038;p=29243"},"modified":"2026-04-28T12:12:24","modified_gmt":"2026-04-28T10:12:24","slug":"sous-vetements-blanc-44521","status":"publish","type":"product","link":"https:\/\/vog.com.tn\/?product=sous-vetements-blanc-44521","title":{"rendered":"Sous V\u00eatements &#8211; 44521 &#8211; VOG"},"content":{"rendered":"<p>Un concentr\u00e9 de mode, un savoir-faire de corsetier unique pour des dessous qui prennent le dessus ! Des soutiens-gorge, aux culottes, en passant par les bodys : de la lingerie pour tous les jours ou de la lingerie d\u2019exception!<\/p>\n","protected":false},"excerpt":{"rendered":"<ul>\n<li>Ensemble lingerie en dentelle avec une culotte assortie<\/li>\n<li>Bretelles r\u00e9glables et amovibles<\/li>\n<li>Dentelle avec motifs sur les bonnets<\/li>\n<li>Couleurs et mati\u00e8res contrastantes<\/li>\n<li>Petits noeuds satin\u00e9s d\u00e9coratifs devant.<\/li>\n<li>Effet de transparence<\/li>\n<li><span style=\"color: #ff0000;\"><em><strong>Attention<\/strong>:<\/em><\/span>\u00a0<strong>pour des raisons d\u2019hygi\u00e8ne, les produits de la cat\u00e9gorie lingerie ne peuvent pas faire l\u2019objet d\u2019un \u00e9change ou d\u2019un remboursement.<\/strong><\/li>\n<\/ul>\n","protected":false},"featured_media":105020,"template":"","meta":[],"product_brand":[],"product_cat":[74,15,137],"product_tag":[],"class_list":{"0":"post-29243","1":"product","2":"type-product","3":"status-publish","4":"has-post-thumbnail","6":"product_cat-ensembles-lingerie-femme","7":"product_cat-lingerie","8":"product_cat-mode-femme","9":"pa_couleurs-blanc","10":"pa_couleurs-noir","11":"pa_taille-l-b","12":"pa_taille-l-c","13":"pa_taille-l-d","14":"pa_taille-m-b","15":"pa_taille-m-c","16":"pa_taille-m-d","17":"pa_taille-s-b","18":"pa_taille-s-c","19":"pa_taille-xl-d","22":"first","23":"instock","24":"sale","25":"taxable","26":"shipping-taxable","27":"purchasable","28":"product-type-variable"},"yoast_head":"<!-- This site is optimized with the Yoast SEO plugin v27.5 - https:\/\/yoast.com\/product\/yoast-seo-wordpress\/ -->\n<title>Sous V\u00eatements - 44521 - VOG - Vog Tunisie<\/title>\n<meta name=\"robots\" content=\"index, follow, max-snippet:-1, max-image-preview:large, max-video-preview:-1\" \/>\n<link rel=\"canonical\" href=\"https:\/\/vog.com.tn\/?product=sous-vetements-blanc-44521\" \/>\n<meta property=\"og:locale\" content=\"fr_FR\" \/>\n<meta property=\"og:type\" content=\"article\" \/>\n<meta property=\"og:title\" content=\"Sous V\u00eatements - 44521 - VOG - Vog Tunisie\" \/>\n<meta property=\"og:description\" content=\"Ensemble lingerie en dentelle avec une culotte assortie  Bretelles r\u00e9glables et amovibles  Dentelle avec motifs sur les bonnets  Couleurs et mati\u00e8res contrastantes  Petits noeuds satin\u00e9s d\u00e9coratifs devant.  Effet de transparence  Attention:\u00a0pour des raisons d\u2019hygi\u00e8ne, les produits de la cat\u00e9gorie lingerie ne peuvent pas faire l\u2019objet d\u2019un \u00e9change ou d\u2019un remboursement.\" \/>\n<meta property=\"og:url\" content=\"https:\/\/vog.com.tn\/?product=sous-vetements-blanc-44521\" \/>\n<meta property=\"og:site_name\" content=\"Vog Tunisie\" \/>\n<meta property=\"article:modified_time\" content=\"2026-04-28T10:12:24+00:00\" \/>\n<meta property=\"og:image\" content=\"https:\/\/vog.com.tn\/wp-content\/uploads\/2021\/11\/44521-blanc-1-1.jpg\" \/>\n\t<meta property=\"og:image:width\" content=\"522\" \/>\n\t<meta property=\"og:image:height\" content=\"864\" \/>\n\t<meta property=\"og:image:type\" content=\"image\/jpeg\" \/>\n<meta name=\"twitter:card\" content=\"summary_large_image\" \/>\n<meta name=\"twitter:label1\" content=\"Dur\u00e9e de lecture estim\u00e9e\" \/>\n\t<meta name=\"twitter:data1\" content=\"1 minute\" \/>\n<script type=\"application\/ld+json\" class=\"yoast-schema-graph\">{\"@context\":\"https:\\\/\\\/schema.org\",\"@graph\":[{\"@type\":\"WebPage\",\"@id\":\"https:\\\/\\\/vog.com.tn\\\/?product=sous-vetements-blanc-44521\",\"url\":\"https:\\\/\\\/vog.com.tn\\\/?product=sous-vetements-blanc-44521\",\"name\":\"Sous V\u00eatements - 44521 - VOG - Vog Tunisie\",\"isPartOf\":{\"@id\":\"https:\\\/\\\/vog.com.tn\\\/#website\"},\"primaryImageOfPage\":{\"@id\":\"https:\\\/\\\/vog.com.tn\\\/?product=sous-vetements-blanc-44521#primaryimage\"},\"image\":{\"@id\":\"https:\\\/\\\/vog.com.tn\\\/?product=sous-vetements-blanc-44521#primaryimage\"},\"thumbnailUrl\":\"https:\\\/\\\/vog.com.tn\\\/wp-content\\\/uploads\\\/2021\\\/11\\\/44521-blanc-1-1.jpg\",\"datePublished\":\"2021-11-13T13:58:36+00:00\",\"dateModified\":\"2026-04-28T10:12:24+00:00\",\"breadcrumb\":{\"@id\":\"https:\\\/\\\/vog.com.tn\\\/?product=sous-vetements-blanc-44521#breadcrumb\"},\"inLanguage\":\"fr-FR\",\"potentialAction\":[{\"@type\":\"ReadAction\",\"target\":[\"https:\\\/\\\/vog.com.tn\\\/?product=sous-vetements-blanc-44521\"]}]},{\"@type\":\"ImageObject\",\"inLanguage\":\"fr-FR\",\"@id\":\"https:\\\/\\\/vog.com.tn\\\/?product=sous-vetements-blanc-44521#primaryimage\",\"url\":\"https:\\\/\\\/vog.com.tn\\\/wp-content\\\/uploads\\\/2021\\\/11\\\/44521-blanc-1-1.jpg\",\"contentUrl\":\"https:\\\/\\\/vog.com.tn\\\/wp-content\\\/uploads\\\/2021\\\/11\\\/44521-blanc-1-1.jpg\",\"width\":522,\"height\":864},{\"@type\":\"BreadcrumbList\",\"@id\":\"https:\\\/\\\/vog.com.tn\\\/?product=sous-vetements-blanc-44521#breadcrumb\",\"itemListElement\":[{\"@type\":\"ListItem\",\"position\":1,\"name\":\"Home\",\"item\":\"https:\\\/\\\/vog.com.tn\\\/\"},{\"@type\":\"ListItem\",\"position\":2,\"name\":\"Produits\",\"item\":\"https:\\\/\\\/vog.com.tn\\\/?page_id=8\"},{\"@type\":\"ListItem\",\"position\":3,\"name\":\"Sous V\u00eatements &#8211; 44521 &#8211; VOG\"}]},{\"@type\":\"WebSite\",\"@id\":\"https:\\\/\\\/vog.com.tn\\\/#website\",\"url\":\"https:\\\/\\\/vog.com.tn\\\/\",\"name\":\"Vog Tunisie\",\"description\":\"Pr\u00eat-\u00e0-porter\",\"potentialAction\":[{\"@type\":\"SearchAction\",\"target\":{\"@type\":\"EntryPoint\",\"urlTemplate\":\"https:\\\/\\\/vog.com.tn\\\/?s={search_term_string}\"},\"query-input\":{\"@type\":\"PropertyValueSpecification\",\"valueRequired\":true,\"valueName\":\"search_term_string\"}}],\"inLanguage\":\"fr-FR\"}]}<\/script>\n<!-- \/ Yoast SEO plugin. -->","yoast_head_json":{"title":"Sous V\u00eatements - 44521 - VOG - Vog Tunisie","robots":{"index":"index","follow":"follow","max-snippet":"max-snippet:-1","max-image-preview":"max-image-preview:large","max-video-preview":"max-video-preview:-1"},"canonical":"https:\/\/vog.com.tn\/?product=sous-vetements-blanc-44521","og_locale":"fr_FR","og_type":"article","og_title":"Sous V\u00eatements - 44521 - VOG - Vog Tunisie","og_description":"Ensemble lingerie en dentelle avec une culotte assortie  Bretelles r\u00e9glables et amovibles  Dentelle avec motifs sur les bonnets  Couleurs et mati\u00e8res contrastantes  Petits noeuds satin\u00e9s d\u00e9coratifs devant.  Effet de transparence  Attention:\u00a0pour des raisons d\u2019hygi\u00e8ne, les produits de la cat\u00e9gorie lingerie ne peuvent pas faire l\u2019objet d\u2019un \u00e9change ou d\u2019un remboursement.","og_url":"https:\/\/vog.com.tn\/?product=sous-vetements-blanc-44521","og_site_name":"Vog Tunisie","article_modified_time":"2026-04-28T10:12:24+00:00","og_image":[{"width":522,"height":864,"url":"https:\/\/vog.com.tn\/wp-content\/uploads\/2021\/11\/44521-blanc-1-1.jpg","type":"image\/jpeg"}],"twitter_card":"summary_large_image","twitter_misc":{"Dur\u00e9e de lecture estim\u00e9e":"1 minute"},"schema":{"@context":"https:\/\/schema.org","@graph":[{"@type":"WebPage","@id":"https:\/\/vog.com.tn\/?product=sous-vetements-blanc-44521","url":"https:\/\/vog.com.tn\/?product=sous-vetements-blanc-44521","name":"Sous V\u00eatements - 44521 - VOG - Vog Tunisie","isPartOf":{"@id":"https:\/\/vog.com.tn\/#website"},"primaryImageOfPage":{"@id":"https:\/\/vog.com.tn\/?product=sous-vetements-blanc-44521#primaryimage"},"image":{"@id":"https:\/\/vog.com.tn\/?product=sous-vetements-blanc-44521#primaryimage"},"thumbnailUrl":"https:\/\/vog.com.tn\/wp-content\/uploads\/2021\/11\/44521-blanc-1-1.jpg","datePublished":"2021-11-13T13:58:36+00:00","dateModified":"2026-04-28T10:12:24+00:00","breadcrumb":{"@id":"https:\/\/vog.com.tn\/?product=sous-vetements-blanc-44521#breadcrumb"},"inLanguage":"fr-FR","potentialAction":[{"@type":"ReadAction","target":["https:\/\/vog.com.tn\/?product=sous-vetements-blanc-44521"]}]},{"@type":"ImageObject","inLanguage":"fr-FR","@id":"https:\/\/vog.com.tn\/?product=sous-vetements-blanc-44521#primaryimage","url":"https:\/\/vog.com.tn\/wp-content\/uploads\/2021\/11\/44521-blanc-1-1.jpg","contentUrl":"https:\/\/vog.com.tn\/wp-content\/uploads\/2021\/11\/44521-blanc-1-1.jpg","width":522,"height":864},{"@type":"BreadcrumbList","@id":"https:\/\/vog.com.tn\/?product=sous-vetements-blanc-44521#breadcrumb","itemListElement":[{"@type":"ListItem","position":1,"name":"Home","item":"https:\/\/vog.com.tn\/"},{"@type":"ListItem","position":2,"name":"Produits","item":"https:\/\/vog.com.tn\/?page_id=8"},{"@type":"ListItem","position":3,"name":"Sous V\u00eatements &#8211; 44521 &#8211; VOG"}]},{"@type":"WebSite","@id":"https:\/\/vog.com.tn\/#website","url":"https:\/\/vog.com.tn\/","name":"Vog Tunisie","description":"Pr\u00eat-\u00e0-porter","potentialAction":[{"@type":"SearchAction","target":{"@type":"EntryPoint","urlTemplate":"https:\/\/vog.com.tn\/?s={search_term_string}"},"query-input":{"@type":"PropertyValueSpecification","valueRequired":true,"valueName":"search_term_string"}}],"inLanguage":"fr-FR"}]}},"_links":{"self":[{"href":"https:\/\/vog.com.tn\/index.php?rest_route=\/wp\/v2\/product\/29243","targetHints":{"allow":["GET"]}}],"collection":[{"href":"https:\/\/vog.com.tn\/index.php?rest_route=\/wp\/v2\/product"}],"about":[{"href":"https:\/\/vog.com.tn\/index.php?rest_route=\/wp\/v2\/types\/product"}],"wp:featuredmedia":[{"embeddable":true,"href":"https:\/\/vog.com.tn\/index.php?rest_route=\/wp\/v2\/media\/105020"}],"wp:attachment":[{"href":"https:\/\/vog.com.tn\/index.php?rest_route=%2Fwp%2Fv2%2Fmedia&parent=29243"}],"wp:term":[{"taxonomy":"product_brand","embeddable":true,"href":"https:\/\/vog.com.tn\/index.php?rest_route=%2Fwp%2Fv2%2Fproduct_brand&post=29243"},{"taxonomy":"product_cat","embeddable":true,"href":"https:\/\/vog.com.tn\/index.php?rest_route=%2Fwp%2Fv2%2Fproduct_cat&post=29243"},{"taxonomy":"product_tag","embeddable":true,"href":"https:\/\/vog.com.tn\/index.php?rest_route=%2Fwp%2Fv2%2Fproduct_tag&post=29243"}],"curies":[{"name":"wp","href":"https:\/\/api.w.org\/{rel}","templated":true}]}}