{"id":38101,"date":"2022-03-25T13:18:34","date_gmt":"2022-03-25T12:18:34","guid":{"rendered":"https:\/\/vog.com.tn\/?post_type=product&#038;p=38101"},"modified":"2026-01-01T11:08:54","modified_gmt":"2026-01-01T10:08:54","slug":"mules-a-talon-noir-133111","status":"publish","type":"product","link":"https:\/\/vog.com.tn\/?product=mules-a-talon-noir-133111","title":{"rendered":"Mules \u00e0 talon femme &#8211; 133111 &#8211; VOG"},"content":{"rendered":"<p>Une Mule \u00e0 talon qui accentuera votre f\u00e9minit\u00e9 avec son mod\u00e8le fait de simili cuir, souple et qui assure un confort maximal \u00e0 vos pieds. C\u2019est un mod\u00e8le classique avec une touche moderne qui va tr\u00e8s bien avec vos habits, parfait pour tous les occasions et incontournable de cette saison!<\/p>\n","protected":false},"excerpt":{"rendered":"<ul>\n<li>Mules avec bride tress\u00e9e.<\/li>\n<li>Mod\u00e8le \u00e0 bout ouvert carr\u00e9<\/li>\n<li>Talon aiguille verni et semelle int\u00e9rieure l\u00e9g\u00e8rement rembourr\u00e9e.<\/li>\n<li>Hauteur du talon: 7 cm<\/li>\n<li>Couleur : Noir , Camel , Beige<\/li>\n<\/ul>\n","protected":false},"featured_media":38102,"template":"","meta":[],"product_brand":[],"product_cat":[96,137,246,347],"product_tag":[],"class_list":{"0":"post-38101","1":"product","2":"type-product","3":"status-publish","4":"has-post-thumbnail","6":"product_cat-chaussures-femme","7":"product_cat-mode-femme","8":"product_cat-mules-talon","9":"product_cat-promos","10":"pa_couleurs-beige","11":"pa_couleurs-camel","12":"pa_couleurs-noir","13":"pa_pointure-105","14":"pa_pointure-106","15":"pa_pointure-107","16":"pa_pointure-108","17":"pa_pointure-109","18":"pa_pointure-110","21":"first","22":"outofstock","23":"taxable","24":"shipping-taxable","25":"product-type-variable"},"yoast_head":"<!-- This site is optimized with the Yoast SEO plugin v27.5 - https:\/\/yoast.com\/product\/yoast-seo-wordpress\/ -->\n<title>Mules \u00e0 talon femme - 133111 - VOG - Vog Tunisie<\/title>\n<meta name=\"robots\" content=\"index, follow, max-snippet:-1, max-image-preview:large, max-video-preview:-1\" \/>\n<link rel=\"canonical\" href=\"https:\/\/vog.com.tn\/?product=mules-a-talon-noir-133111\" \/>\n<meta property=\"og:locale\" content=\"fr_FR\" \/>\n<meta property=\"og:type\" content=\"article\" \/>\n<meta property=\"og:title\" content=\"Mules \u00e0 talon femme - 133111 - VOG - Vog Tunisie\" \/>\n<meta property=\"og:description\" content=\"Mules avec bride tress\u00e9e.  Mod\u00e8le \u00e0 bout ouvert carr\u00e9  Talon aiguille verni et semelle int\u00e9rieure l\u00e9g\u00e8rement rembourr\u00e9e.  Hauteur du talon: 7 cm  Couleur : Noir , Camel , Beige\" \/>\n<meta property=\"og:url\" content=\"https:\/\/vog.com.tn\/?product=mules-a-talon-noir-133111\" \/>\n<meta property=\"og:site_name\" content=\"Vog Tunisie\" \/>\n<meta property=\"article:modified_time\" content=\"2026-01-01T10:08:54+00:00\" \/>\n<meta property=\"og:image\" content=\"https:\/\/vog.com.tn\/wp-content\/uploads\/2022\/03\/133111-Noir-1-1.jpg\" \/>\n\t<meta property=\"og:image:width\" content=\"1999\" \/>\n\t<meta property=\"og:image:height\" content=\"2000\" \/>\n\t<meta property=\"og:image:type\" content=\"image\/jpeg\" \/>\n<meta name=\"twitter:card\" content=\"summary_large_image\" \/>\n<meta name=\"twitter:label1\" content=\"Dur\u00e9e de lecture estim\u00e9e\" \/>\n\t<meta name=\"twitter:data1\" content=\"1 minute\" \/>\n<script type=\"application\/ld+json\" class=\"yoast-schema-graph\">{\"@context\":\"https:\\\/\\\/schema.org\",\"@graph\":[{\"@type\":\"WebPage\",\"@id\":\"https:\\\/\\\/vog.com.tn\\\/?product=mules-a-talon-noir-133111\",\"url\":\"https:\\\/\\\/vog.com.tn\\\/?product=mules-a-talon-noir-133111\",\"name\":\"Mules \u00e0 talon femme - 133111 - VOG - Vog Tunisie\",\"isPartOf\":{\"@id\":\"https:\\\/\\\/vog.com.tn\\\/#website\"},\"primaryImageOfPage\":{\"@id\":\"https:\\\/\\\/vog.com.tn\\\/?product=mules-a-talon-noir-133111#primaryimage\"},\"image\":{\"@id\":\"https:\\\/\\\/vog.com.tn\\\/?product=mules-a-talon-noir-133111#primaryimage\"},\"thumbnailUrl\":\"https:\\\/\\\/vog.com.tn\\\/wp-content\\\/uploads\\\/2022\\\/03\\\/133111-Noir-1-1.jpg\",\"datePublished\":\"2022-03-25T12:18:34+00:00\",\"dateModified\":\"2026-01-01T10:08:54+00:00\",\"breadcrumb\":{\"@id\":\"https:\\\/\\\/vog.com.tn\\\/?product=mules-a-talon-noir-133111#breadcrumb\"},\"inLanguage\":\"fr-FR\",\"potentialAction\":[{\"@type\":\"ReadAction\",\"target\":[\"https:\\\/\\\/vog.com.tn\\\/?product=mules-a-talon-noir-133111\"]}]},{\"@type\":\"ImageObject\",\"inLanguage\":\"fr-FR\",\"@id\":\"https:\\\/\\\/vog.com.tn\\\/?product=mules-a-talon-noir-133111#primaryimage\",\"url\":\"https:\\\/\\\/vog.com.tn\\\/wp-content\\\/uploads\\\/2022\\\/03\\\/133111-Noir-1-1.jpg\",\"contentUrl\":\"https:\\\/\\\/vog.com.tn\\\/wp-content\\\/uploads\\\/2022\\\/03\\\/133111-Noir-1-1.jpg\",\"width\":1999,\"height\":2000},{\"@type\":\"BreadcrumbList\",\"@id\":\"https:\\\/\\\/vog.com.tn\\\/?product=mules-a-talon-noir-133111#breadcrumb\",\"itemListElement\":[{\"@type\":\"ListItem\",\"position\":1,\"name\":\"Home\",\"item\":\"https:\\\/\\\/vog.com.tn\\\/\"},{\"@type\":\"ListItem\",\"position\":2,\"name\":\"Produits\",\"item\":\"https:\\\/\\\/vog.com.tn\\\/?page_id=8\"},{\"@type\":\"ListItem\",\"position\":3,\"name\":\"Mules \u00e0 talon femme &#8211; 133111 &#8211; VOG\"}]},{\"@type\":\"WebSite\",\"@id\":\"https:\\\/\\\/vog.com.tn\\\/#website\",\"url\":\"https:\\\/\\\/vog.com.tn\\\/\",\"name\":\"Vog Tunisie\",\"description\":\"Pr\u00eat-\u00e0-porter\",\"potentialAction\":[{\"@type\":\"SearchAction\",\"target\":{\"@type\":\"EntryPoint\",\"urlTemplate\":\"https:\\\/\\\/vog.com.tn\\\/?s={search_term_string}\"},\"query-input\":{\"@type\":\"PropertyValueSpecification\",\"valueRequired\":true,\"valueName\":\"search_term_string\"}}],\"inLanguage\":\"fr-FR\"}]}<\/script>\n<!-- \/ Yoast SEO plugin. -->","yoast_head_json":{"title":"Mules \u00e0 talon femme - 133111 - VOG - Vog Tunisie","robots":{"index":"index","follow":"follow","max-snippet":"max-snippet:-1","max-image-preview":"max-image-preview:large","max-video-preview":"max-video-preview:-1"},"canonical":"https:\/\/vog.com.tn\/?product=mules-a-talon-noir-133111","og_locale":"fr_FR","og_type":"article","og_title":"Mules \u00e0 talon femme - 133111 - VOG - Vog Tunisie","og_description":"Mules avec bride tress\u00e9e.  Mod\u00e8le \u00e0 bout ouvert carr\u00e9  Talon aiguille verni et semelle int\u00e9rieure l\u00e9g\u00e8rement rembourr\u00e9e.  Hauteur du talon: 7 cm  Couleur : Noir , Camel , Beige","og_url":"https:\/\/vog.com.tn\/?product=mules-a-talon-noir-133111","og_site_name":"Vog Tunisie","article_modified_time":"2026-01-01T10:08:54+00:00","og_image":[{"width":1999,"height":2000,"url":"https:\/\/vog.com.tn\/wp-content\/uploads\/2022\/03\/133111-Noir-1-1.jpg","type":"image\/jpeg"}],"twitter_card":"summary_large_image","twitter_misc":{"Dur\u00e9e de lecture estim\u00e9e":"1 minute"},"schema":{"@context":"https:\/\/schema.org","@graph":[{"@type":"WebPage","@id":"https:\/\/vog.com.tn\/?product=mules-a-talon-noir-133111","url":"https:\/\/vog.com.tn\/?product=mules-a-talon-noir-133111","name":"Mules \u00e0 talon femme - 133111 - VOG - Vog Tunisie","isPartOf":{"@id":"https:\/\/vog.com.tn\/#website"},"primaryImageOfPage":{"@id":"https:\/\/vog.com.tn\/?product=mules-a-talon-noir-133111#primaryimage"},"image":{"@id":"https:\/\/vog.com.tn\/?product=mules-a-talon-noir-133111#primaryimage"},"thumbnailUrl":"https:\/\/vog.com.tn\/wp-content\/uploads\/2022\/03\/133111-Noir-1-1.jpg","datePublished":"2022-03-25T12:18:34+00:00","dateModified":"2026-01-01T10:08:54+00:00","breadcrumb":{"@id":"https:\/\/vog.com.tn\/?product=mules-a-talon-noir-133111#breadcrumb"},"inLanguage":"fr-FR","potentialAction":[{"@type":"ReadAction","target":["https:\/\/vog.com.tn\/?product=mules-a-talon-noir-133111"]}]},{"@type":"ImageObject","inLanguage":"fr-FR","@id":"https:\/\/vog.com.tn\/?product=mules-a-talon-noir-133111#primaryimage","url":"https:\/\/vog.com.tn\/wp-content\/uploads\/2022\/03\/133111-Noir-1-1.jpg","contentUrl":"https:\/\/vog.com.tn\/wp-content\/uploads\/2022\/03\/133111-Noir-1-1.jpg","width":1999,"height":2000},{"@type":"BreadcrumbList","@id":"https:\/\/vog.com.tn\/?product=mules-a-talon-noir-133111#breadcrumb","itemListElement":[{"@type":"ListItem","position":1,"name":"Home","item":"https:\/\/vog.com.tn\/"},{"@type":"ListItem","position":2,"name":"Produits","item":"https:\/\/vog.com.tn\/?page_id=8"},{"@type":"ListItem","position":3,"name":"Mules \u00e0 talon femme &#8211; 133111 &#8211; VOG"}]},{"@type":"WebSite","@id":"https:\/\/vog.com.tn\/#website","url":"https:\/\/vog.com.tn\/","name":"Vog Tunisie","description":"Pr\u00eat-\u00e0-porter","potentialAction":[{"@type":"SearchAction","target":{"@type":"EntryPoint","urlTemplate":"https:\/\/vog.com.tn\/?s={search_term_string}"},"query-input":{"@type":"PropertyValueSpecification","valueRequired":true,"valueName":"search_term_string"}}],"inLanguage":"fr-FR"}]}},"_links":{"self":[{"href":"https:\/\/vog.com.tn\/index.php?rest_route=\/wp\/v2\/product\/38101","targetHints":{"allow":["GET"]}}],"collection":[{"href":"https:\/\/vog.com.tn\/index.php?rest_route=\/wp\/v2\/product"}],"about":[{"href":"https:\/\/vog.com.tn\/index.php?rest_route=\/wp\/v2\/types\/product"}],"wp:featuredmedia":[{"embeddable":true,"href":"https:\/\/vog.com.tn\/index.php?rest_route=\/wp\/v2\/media\/38102"}],"wp:attachment":[{"href":"https:\/\/vog.com.tn\/index.php?rest_route=%2Fwp%2Fv2%2Fmedia&parent=38101"}],"wp:term":[{"taxonomy":"product_brand","embeddable":true,"href":"https:\/\/vog.com.tn\/index.php?rest_route=%2Fwp%2Fv2%2Fproduct_brand&post=38101"},{"taxonomy":"product_cat","embeddable":true,"href":"https:\/\/vog.com.tn\/index.php?rest_route=%2Fwp%2Fv2%2Fproduct_cat&post=38101"},{"taxonomy":"product_tag","embeddable":true,"href":"https:\/\/vog.com.tn\/index.php?rest_route=%2Fwp%2Fv2%2Fproduct_tag&post=38101"}],"curies":[{"name":"wp","href":"https:\/\/api.w.org\/{rel}","templated":true}]}}