{"id":39514,"date":"2022-04-16T12:48:12","date_gmt":"2022-04-16T10:48:12","guid":{"rendered":"https:\/\/vog.com.tn\/?post_type=product&#038;p=39514"},"modified":"2025-08-31T17:20:19","modified_gmt":"2025-08-31T15:20:19","slug":"culotte-gainante-beige-243353","status":"publish","type":"product","link":"https:\/\/vog.com.tn\/?product=culotte-gainante-beige-243353","title":{"rendered":"Culotte Gainante  \u2013 245362 &#8211; VOG"},"content":{"rendered":"<p>Laissez-vous tenter par l\u2019achat des culottes gainantes et sculptantes qui \u00e9pousent et avantagent vos formes. Cette lingerie sculptante enveloppe, gaine et affine d\u00e9licatement le ventre sans trop serrer, et fait un grand retour dans les armoires ! La culotte gainante et sculptante est \u00e9galement adopt\u00e9e par les c\u00e9l\u00e9brit\u00e9s pour un look r\u00e9tro, glam et ultra-f\u00e9minin. Affinez votre ventre, vos hanches et vos fesses au quotidien avec un \u00e9l\u00e9gant mod\u00e8le de dessous en coton. Nos gaines amincissantes femme se d\u00e9clinent dans divers coloris et sont con\u00e7ues avec des coutures solides et discr\u00e8tes. Vous trouverez forc\u00e9ment ici le sous-v\u00eatement adapt\u00e9 avec le body gainant ventre plat, la culotte gainante invisible, la culotte ventre plat, la gaine ventre plat, le short gainant, le slip sculptant ou bien encore les soutiens-gorge.<\/p>\n","protected":false},"excerpt":{"rendered":"<p>Culotte en microfibre \u00e9lastique ultra lisse avec dentelle \u00e0 l&rsquo;arri\u00e8re.<br \/>\nEffet invisible sous les v\u00eatements gr\u00e2ce \u00e0 ses finitions discr\u00e8tes.<br \/>\nDoublure \u00e0 l&rsquo;entrejambe.<br \/>\nComposition : 89% polyamide,11% \u00e9lasthanne.<br \/>\nCouleur : Beige<br \/>\nAttention: pour des raisons d\u2019hygi\u00e8ne, les produits de la cat\u00e9gorie lingerie ne peuvent pas faire l\u2019objet d\u2019un \u00e9change ou d\u2019un remboursement<\/p>\n<p>&nbsp;<\/p>\n<p>&nbsp;<\/p>\n","protected":false},"featured_media":39550,"template":"","meta":[],"product_brand":[],"product_cat":[120,137],"product_tag":[],"class_list":{"0":"post-39514","1":"product","2":"type-product","3":"status-publish","4":"has-post-thumbnail","6":"product_cat-lingerie-sculptante","7":"product_cat-mode-femme","8":"pa_couleurs-beige","9":"pa_couleurs-blanc","10":"pa_couleurs-noir","11":"pa_taille-large","12":"pa_taille-moyenne","13":"pa_taille-small","14":"pa_taille-xl","17":"first","18":"instock","19":"taxable","20":"shipping-taxable","21":"purchasable","22":"product-type-variable"},"yoast_head":"<!-- This site is optimized with the Yoast SEO plugin v27.4 - https:\/\/yoast.com\/product\/yoast-seo-wordpress\/ -->\n<title>Culotte Gainante \u2013 245362 - VOG - Vog Tunisie<\/title>\n<meta name=\"robots\" content=\"index, follow, max-snippet:-1, max-image-preview:large, max-video-preview:-1\" \/>\n<link rel=\"canonical\" href=\"https:\/\/vog.com.tn\/?product=culotte-gainante-beige-243353\" \/>\n<meta property=\"og:locale\" content=\"fr_FR\" \/>\n<meta property=\"og:type\" content=\"article\" \/>\n<meta property=\"og:title\" content=\"Culotte Gainante \u2013 245362 - VOG - Vog Tunisie\" \/>\n<meta property=\"og:description\" content=\"Culotte en microfibre \u00e9lastique ultra lisse avec dentelle \u00e0 l&#039;arri\u00e8re. Effet invisible sous les v\u00eatements gr\u00e2ce \u00e0 ses finitions discr\u00e8tes. Doublure \u00e0 l&#039;entrejambe. Composition : 89% polyamide,11% \u00e9lasthanne. Couleur : Beige Attention: pour des raisons d\u2019hygi\u00e8ne, les produits de la cat\u00e9gorie lingerie ne peuvent pas faire l\u2019objet d\u2019un \u00e9change ou d\u2019un remboursement  &nbsp;  &nbsp;\" \/>\n<meta property=\"og:url\" content=\"https:\/\/vog.com.tn\/?product=culotte-gainante-beige-243353\" \/>\n<meta property=\"og:site_name\" content=\"Vog Tunisie\" \/>\n<meta property=\"article:modified_time\" content=\"2025-08-31T15:20:19+00:00\" \/>\n<meta property=\"og:image\" content=\"https:\/\/vog.com.tn\/wp-content\/uploads\/2022\/04\/243353-beige-1-2.jpg\" \/>\n\t<meta property=\"og:image:width\" content=\"522\" \/>\n\t<meta property=\"og:image:height\" content=\"864\" \/>\n\t<meta property=\"og:image:type\" content=\"image\/jpeg\" \/>\n<meta name=\"twitter:card\" content=\"summary_large_image\" \/>\n<meta name=\"twitter:label1\" content=\"Dur\u00e9e de lecture estim\u00e9e\" \/>\n\t<meta name=\"twitter:data1\" content=\"1 minute\" \/>\n<script type=\"application\/ld+json\" class=\"yoast-schema-graph\">{\"@context\":\"https:\\\/\\\/schema.org\",\"@graph\":[{\"@type\":\"WebPage\",\"@id\":\"https:\\\/\\\/vog.com.tn\\\/?product=culotte-gainante-beige-243353\",\"url\":\"https:\\\/\\\/vog.com.tn\\\/?product=culotte-gainante-beige-243353\",\"name\":\"Culotte Gainante \u2013 245362 - VOG - Vog Tunisie\",\"isPartOf\":{\"@id\":\"https:\\\/\\\/vog.com.tn\\\/#website\"},\"primaryImageOfPage\":{\"@id\":\"https:\\\/\\\/vog.com.tn\\\/?product=culotte-gainante-beige-243353#primaryimage\"},\"image\":{\"@id\":\"https:\\\/\\\/vog.com.tn\\\/?product=culotte-gainante-beige-243353#primaryimage\"},\"thumbnailUrl\":\"https:\\\/\\\/vog.com.tn\\\/wp-content\\\/uploads\\\/2022\\\/04\\\/243353-beige-1-2.jpg\",\"datePublished\":\"2022-04-16T10:48:12+00:00\",\"dateModified\":\"2025-08-31T15:20:19+00:00\",\"breadcrumb\":{\"@id\":\"https:\\\/\\\/vog.com.tn\\\/?product=culotte-gainante-beige-243353#breadcrumb\"},\"inLanguage\":\"fr-FR\",\"potentialAction\":[{\"@type\":\"ReadAction\",\"target\":[\"https:\\\/\\\/vog.com.tn\\\/?product=culotte-gainante-beige-243353\"]}]},{\"@type\":\"ImageObject\",\"inLanguage\":\"fr-FR\",\"@id\":\"https:\\\/\\\/vog.com.tn\\\/?product=culotte-gainante-beige-243353#primaryimage\",\"url\":\"https:\\\/\\\/vog.com.tn\\\/wp-content\\\/uploads\\\/2022\\\/04\\\/243353-beige-1-2.jpg\",\"contentUrl\":\"https:\\\/\\\/vog.com.tn\\\/wp-content\\\/uploads\\\/2022\\\/04\\\/243353-beige-1-2.jpg\",\"width\":522,\"height\":864},{\"@type\":\"BreadcrumbList\",\"@id\":\"https:\\\/\\\/vog.com.tn\\\/?product=culotte-gainante-beige-243353#breadcrumb\",\"itemListElement\":[{\"@type\":\"ListItem\",\"position\":1,\"name\":\"Home\",\"item\":\"https:\\\/\\\/vog.com.tn\\\/\"},{\"@type\":\"ListItem\",\"position\":2,\"name\":\"Produits\",\"item\":\"https:\\\/\\\/vog.com.tn\\\/?page_id=8\"},{\"@type\":\"ListItem\",\"position\":3,\"name\":\"Culotte Gainante \u2013 245362 &#8211; VOG\"}]},{\"@type\":\"WebSite\",\"@id\":\"https:\\\/\\\/vog.com.tn\\\/#website\",\"url\":\"https:\\\/\\\/vog.com.tn\\\/\",\"name\":\"Vog Tunisie\",\"description\":\"Pr\u00eat-\u00e0-porter\",\"potentialAction\":[{\"@type\":\"SearchAction\",\"target\":{\"@type\":\"EntryPoint\",\"urlTemplate\":\"https:\\\/\\\/vog.com.tn\\\/?s={search_term_string}\"},\"query-input\":{\"@type\":\"PropertyValueSpecification\",\"valueRequired\":true,\"valueName\":\"search_term_string\"}}],\"inLanguage\":\"fr-FR\"}]}<\/script>\n<!-- \/ Yoast SEO plugin. -->","yoast_head_json":{"title":"Culotte Gainante \u2013 245362 - VOG - Vog Tunisie","robots":{"index":"index","follow":"follow","max-snippet":"max-snippet:-1","max-image-preview":"max-image-preview:large","max-video-preview":"max-video-preview:-1"},"canonical":"https:\/\/vog.com.tn\/?product=culotte-gainante-beige-243353","og_locale":"fr_FR","og_type":"article","og_title":"Culotte Gainante \u2013 245362 - VOG - Vog Tunisie","og_description":"Culotte en microfibre \u00e9lastique ultra lisse avec dentelle \u00e0 l'arri\u00e8re. Effet invisible sous les v\u00eatements gr\u00e2ce \u00e0 ses finitions discr\u00e8tes. Doublure \u00e0 l'entrejambe. Composition : 89% polyamide,11% \u00e9lasthanne. Couleur : Beige Attention: pour des raisons d\u2019hygi\u00e8ne, les produits de la cat\u00e9gorie lingerie ne peuvent pas faire l\u2019objet d\u2019un \u00e9change ou d\u2019un remboursement  &nbsp;  &nbsp;","og_url":"https:\/\/vog.com.tn\/?product=culotte-gainante-beige-243353","og_site_name":"Vog Tunisie","article_modified_time":"2025-08-31T15:20:19+00:00","og_image":[{"width":522,"height":864,"url":"https:\/\/vog.com.tn\/wp-content\/uploads\/2022\/04\/243353-beige-1-2.jpg","type":"image\/jpeg"}],"twitter_card":"summary_large_image","twitter_misc":{"Dur\u00e9e de lecture estim\u00e9e":"1 minute"},"schema":{"@context":"https:\/\/schema.org","@graph":[{"@type":"WebPage","@id":"https:\/\/vog.com.tn\/?product=culotte-gainante-beige-243353","url":"https:\/\/vog.com.tn\/?product=culotte-gainante-beige-243353","name":"Culotte Gainante \u2013 245362 - VOG - Vog Tunisie","isPartOf":{"@id":"https:\/\/vog.com.tn\/#website"},"primaryImageOfPage":{"@id":"https:\/\/vog.com.tn\/?product=culotte-gainante-beige-243353#primaryimage"},"image":{"@id":"https:\/\/vog.com.tn\/?product=culotte-gainante-beige-243353#primaryimage"},"thumbnailUrl":"https:\/\/vog.com.tn\/wp-content\/uploads\/2022\/04\/243353-beige-1-2.jpg","datePublished":"2022-04-16T10:48:12+00:00","dateModified":"2025-08-31T15:20:19+00:00","breadcrumb":{"@id":"https:\/\/vog.com.tn\/?product=culotte-gainante-beige-243353#breadcrumb"},"inLanguage":"fr-FR","potentialAction":[{"@type":"ReadAction","target":["https:\/\/vog.com.tn\/?product=culotte-gainante-beige-243353"]}]},{"@type":"ImageObject","inLanguage":"fr-FR","@id":"https:\/\/vog.com.tn\/?product=culotte-gainante-beige-243353#primaryimage","url":"https:\/\/vog.com.tn\/wp-content\/uploads\/2022\/04\/243353-beige-1-2.jpg","contentUrl":"https:\/\/vog.com.tn\/wp-content\/uploads\/2022\/04\/243353-beige-1-2.jpg","width":522,"height":864},{"@type":"BreadcrumbList","@id":"https:\/\/vog.com.tn\/?product=culotte-gainante-beige-243353#breadcrumb","itemListElement":[{"@type":"ListItem","position":1,"name":"Home","item":"https:\/\/vog.com.tn\/"},{"@type":"ListItem","position":2,"name":"Produits","item":"https:\/\/vog.com.tn\/?page_id=8"},{"@type":"ListItem","position":3,"name":"Culotte Gainante \u2013 245362 &#8211; VOG"}]},{"@type":"WebSite","@id":"https:\/\/vog.com.tn\/#website","url":"https:\/\/vog.com.tn\/","name":"Vog Tunisie","description":"Pr\u00eat-\u00e0-porter","potentialAction":[{"@type":"SearchAction","target":{"@type":"EntryPoint","urlTemplate":"https:\/\/vog.com.tn\/?s={search_term_string}"},"query-input":{"@type":"PropertyValueSpecification","valueRequired":true,"valueName":"search_term_string"}}],"inLanguage":"fr-FR"}]}},"_links":{"self":[{"href":"https:\/\/vog.com.tn\/index.php?rest_route=\/wp\/v2\/product\/39514","targetHints":{"allow":["GET"]}}],"collection":[{"href":"https:\/\/vog.com.tn\/index.php?rest_route=\/wp\/v2\/product"}],"about":[{"href":"https:\/\/vog.com.tn\/index.php?rest_route=\/wp\/v2\/types\/product"}],"wp:featuredmedia":[{"embeddable":true,"href":"https:\/\/vog.com.tn\/index.php?rest_route=\/wp\/v2\/media\/39550"}],"wp:attachment":[{"href":"https:\/\/vog.com.tn\/index.php?rest_route=%2Fwp%2Fv2%2Fmedia&parent=39514"}],"wp:term":[{"taxonomy":"product_brand","embeddable":true,"href":"https:\/\/vog.com.tn\/index.php?rest_route=%2Fwp%2Fv2%2Fproduct_brand&post=39514"},{"taxonomy":"product_cat","embeddable":true,"href":"https:\/\/vog.com.tn\/index.php?rest_route=%2Fwp%2Fv2%2Fproduct_cat&post=39514"},{"taxonomy":"product_tag","embeddable":true,"href":"https:\/\/vog.com.tn\/index.php?rest_route=%2Fwp%2Fv2%2Fproduct_tag&post=39514"}],"curies":[{"name":"wp","href":"https:\/\/api.w.org\/{rel}","templated":true}]}}