{"id":42689,"date":"2022-07-06T16:13:20","date_gmt":"2022-07-06T14:13:20","guid":{"rendered":"https:\/\/vog.com.tn\/?post_type=product&#038;p=42689"},"modified":"2024-04-22T17:31:51","modified_gmt":"2024-04-22T15:31:51","slug":"mules-a-talon-fushia-142104","status":"publish","type":"product","link":"https:\/\/vog.com.tn\/?product=mules-a-talon-fushia-142104","title":{"rendered":"Mules a talon femme &#8211; 142104"},"content":{"rendered":"<p>Une Mule \u00e0 talon qui accentuera votre f\u00e9minit\u00e9 avec son mod\u00e8le fait de simili cuir, souple et qui assure un confort maximal \u00e0 vos pieds. C\u2019est un mod\u00e8le classique avec une touche moderne qui va tr\u00e8s bien avec vos habits, parfait pour tous les occasions et incontournable de cette saison!<\/p>\n","protected":false},"excerpt":{"rendered":"<ul>\n<li>Mules en maille \u00e0 effet \u00e0 bride et talon carr\u00e9 transparents.<\/li>\n<li>Mod\u00e8le \u00e0 semelle vernie et bout ouvert carr\u00e9.<\/li>\n<li>Semelle int\u00e9rieure l\u00e9g\u00e8rement rembourr\u00e9e.<\/li>\n<li>Tige, semelle int\u00e9rieure &amp; ext\u00e9rieure : synth\u00e9tique.<\/li>\n<li>Hauteur du talon: environ 6,5 cm.<\/li>\n<li>Couleur : Fushia , Beige , Br\u00e9sil , Noir , Orange<\/li>\n<\/ul>\n<p>&nbsp;<\/p>\n","protected":false},"featured_media":42694,"template":"","meta":[],"product_brand":[],"product_cat":[96,137,246],"product_tag":[],"class_list":{"0":"post-42689","1":"product","2":"type-product","3":"status-publish","4":"has-post-thumbnail","6":"product_cat-chaussures-femme","7":"product_cat-mode-femme","8":"product_cat-mules-talon","9":"pa_couleurs-beige","10":"pa_couleurs-bresil","11":"pa_couleurs-fushia","12":"pa_couleurs-noir","13":"pa_couleurs-orange","14":"pa_pointure-105","15":"pa_pointure-106","16":"pa_pointure-107","17":"pa_pointure-108","18":"pa_pointure-109","21":"first","22":"outofstock","23":"taxable","24":"shipping-taxable","25":"product-type-variable"},"yoast_head":"<!-- This site is optimized with the Yoast SEO plugin v27.5 - https:\/\/yoast.com\/product\/yoast-seo-wordpress\/ -->\n<title>Mules a talon femme - 142104 - Vog Tunisie<\/title>\n<meta name=\"robots\" content=\"index, follow, max-snippet:-1, max-image-preview:large, max-video-preview:-1\" \/>\n<link rel=\"canonical\" href=\"https:\/\/vog.com.tn\/?product=mules-a-talon-fushia-142104\" \/>\n<meta property=\"og:locale\" content=\"fr_FR\" \/>\n<meta property=\"og:type\" content=\"article\" \/>\n<meta property=\"og:title\" content=\"Mules a talon femme - 142104 - Vog Tunisie\" \/>\n<meta property=\"og:description\" content=\"Mules en maille \u00e0 effet \u00e0 bride et talon carr\u00e9 transparents.  Mod\u00e8le \u00e0 semelle vernie et bout ouvert carr\u00e9.  Semelle int\u00e9rieure l\u00e9g\u00e8rement rembourr\u00e9e.  Tige, semelle int\u00e9rieure &amp; ext\u00e9rieure : synth\u00e9tique.  Hauteur du talon: environ 6,5 cm.  Couleur : Fushia , Beige , Br\u00e9sil , Noir , Orange  &nbsp;\" \/>\n<meta property=\"og:url\" content=\"https:\/\/vog.com.tn\/?product=mules-a-talon-fushia-142104\" \/>\n<meta property=\"og:site_name\" content=\"Vog Tunisie\" \/>\n<meta property=\"article:modified_time\" content=\"2024-04-22T15:31:51+00:00\" \/>\n<meta property=\"og:image\" content=\"https:\/\/vog.com.tn\/wp-content\/uploads\/2022\/07\/142104-Fushia-4-1.jpg\" \/>\n\t<meta property=\"og:image:width\" content=\"1999\" \/>\n\t<meta property=\"og:image:height\" content=\"2000\" \/>\n\t<meta property=\"og:image:type\" content=\"image\/jpeg\" \/>\n<meta name=\"twitter:card\" content=\"summary_large_image\" \/>\n<meta name=\"twitter:label1\" content=\"Dur\u00e9e de lecture estim\u00e9e\" \/>\n\t<meta name=\"twitter:data1\" content=\"1 minute\" \/>\n<script type=\"application\/ld+json\" class=\"yoast-schema-graph\">{\"@context\":\"https:\\\/\\\/schema.org\",\"@graph\":[{\"@type\":\"WebPage\",\"@id\":\"https:\\\/\\\/vog.com.tn\\\/?product=mules-a-talon-fushia-142104\",\"url\":\"https:\\\/\\\/vog.com.tn\\\/?product=mules-a-talon-fushia-142104\",\"name\":\"Mules a talon femme - 142104 - Vog Tunisie\",\"isPartOf\":{\"@id\":\"https:\\\/\\\/vog.com.tn\\\/#website\"},\"primaryImageOfPage\":{\"@id\":\"https:\\\/\\\/vog.com.tn\\\/?product=mules-a-talon-fushia-142104#primaryimage\"},\"image\":{\"@id\":\"https:\\\/\\\/vog.com.tn\\\/?product=mules-a-talon-fushia-142104#primaryimage\"},\"thumbnailUrl\":\"https:\\\/\\\/vog.com.tn\\\/wp-content\\\/uploads\\\/2022\\\/07\\\/142104-Fushia-4-1.jpg\",\"datePublished\":\"2022-07-06T14:13:20+00:00\",\"dateModified\":\"2024-04-22T15:31:51+00:00\",\"breadcrumb\":{\"@id\":\"https:\\\/\\\/vog.com.tn\\\/?product=mules-a-talon-fushia-142104#breadcrumb\"},\"inLanguage\":\"fr-FR\",\"potentialAction\":[{\"@type\":\"ReadAction\",\"target\":[\"https:\\\/\\\/vog.com.tn\\\/?product=mules-a-talon-fushia-142104\"]}]},{\"@type\":\"ImageObject\",\"inLanguage\":\"fr-FR\",\"@id\":\"https:\\\/\\\/vog.com.tn\\\/?product=mules-a-talon-fushia-142104#primaryimage\",\"url\":\"https:\\\/\\\/vog.com.tn\\\/wp-content\\\/uploads\\\/2022\\\/07\\\/142104-Fushia-4-1.jpg\",\"contentUrl\":\"https:\\\/\\\/vog.com.tn\\\/wp-content\\\/uploads\\\/2022\\\/07\\\/142104-Fushia-4-1.jpg\",\"width\":1999,\"height\":2000},{\"@type\":\"BreadcrumbList\",\"@id\":\"https:\\\/\\\/vog.com.tn\\\/?product=mules-a-talon-fushia-142104#breadcrumb\",\"itemListElement\":[{\"@type\":\"ListItem\",\"position\":1,\"name\":\"Home\",\"item\":\"https:\\\/\\\/vog.com.tn\\\/\"},{\"@type\":\"ListItem\",\"position\":2,\"name\":\"Produits\",\"item\":\"https:\\\/\\\/vog.com.tn\\\/?page_id=8\"},{\"@type\":\"ListItem\",\"position\":3,\"name\":\"Mules a talon femme &#8211; 142104\"}]},{\"@type\":\"WebSite\",\"@id\":\"https:\\\/\\\/vog.com.tn\\\/#website\",\"url\":\"https:\\\/\\\/vog.com.tn\\\/\",\"name\":\"Vog Tunisie\",\"description\":\"Pr\u00eat-\u00e0-porter\",\"potentialAction\":[{\"@type\":\"SearchAction\",\"target\":{\"@type\":\"EntryPoint\",\"urlTemplate\":\"https:\\\/\\\/vog.com.tn\\\/?s={search_term_string}\"},\"query-input\":{\"@type\":\"PropertyValueSpecification\",\"valueRequired\":true,\"valueName\":\"search_term_string\"}}],\"inLanguage\":\"fr-FR\"}]}<\/script>\n<!-- \/ Yoast SEO plugin. -->","yoast_head_json":{"title":"Mules a talon femme - 142104 - Vog Tunisie","robots":{"index":"index","follow":"follow","max-snippet":"max-snippet:-1","max-image-preview":"max-image-preview:large","max-video-preview":"max-video-preview:-1"},"canonical":"https:\/\/vog.com.tn\/?product=mules-a-talon-fushia-142104","og_locale":"fr_FR","og_type":"article","og_title":"Mules a talon femme - 142104 - Vog Tunisie","og_description":"Mules en maille \u00e0 effet \u00e0 bride et talon carr\u00e9 transparents.  Mod\u00e8le \u00e0 semelle vernie et bout ouvert carr\u00e9.  Semelle int\u00e9rieure l\u00e9g\u00e8rement rembourr\u00e9e.  Tige, semelle int\u00e9rieure &amp; ext\u00e9rieure : synth\u00e9tique.  Hauteur du talon: environ 6,5 cm.  Couleur : Fushia , Beige , Br\u00e9sil , Noir , Orange  &nbsp;","og_url":"https:\/\/vog.com.tn\/?product=mules-a-talon-fushia-142104","og_site_name":"Vog Tunisie","article_modified_time":"2024-04-22T15:31:51+00:00","og_image":[{"width":1999,"height":2000,"url":"https:\/\/vog.com.tn\/wp-content\/uploads\/2022\/07\/142104-Fushia-4-1.jpg","type":"image\/jpeg"}],"twitter_card":"summary_large_image","twitter_misc":{"Dur\u00e9e de lecture estim\u00e9e":"1 minute"},"schema":{"@context":"https:\/\/schema.org","@graph":[{"@type":"WebPage","@id":"https:\/\/vog.com.tn\/?product=mules-a-talon-fushia-142104","url":"https:\/\/vog.com.tn\/?product=mules-a-talon-fushia-142104","name":"Mules a talon femme - 142104 - Vog Tunisie","isPartOf":{"@id":"https:\/\/vog.com.tn\/#website"},"primaryImageOfPage":{"@id":"https:\/\/vog.com.tn\/?product=mules-a-talon-fushia-142104#primaryimage"},"image":{"@id":"https:\/\/vog.com.tn\/?product=mules-a-talon-fushia-142104#primaryimage"},"thumbnailUrl":"https:\/\/vog.com.tn\/wp-content\/uploads\/2022\/07\/142104-Fushia-4-1.jpg","datePublished":"2022-07-06T14:13:20+00:00","dateModified":"2024-04-22T15:31:51+00:00","breadcrumb":{"@id":"https:\/\/vog.com.tn\/?product=mules-a-talon-fushia-142104#breadcrumb"},"inLanguage":"fr-FR","potentialAction":[{"@type":"ReadAction","target":["https:\/\/vog.com.tn\/?product=mules-a-talon-fushia-142104"]}]},{"@type":"ImageObject","inLanguage":"fr-FR","@id":"https:\/\/vog.com.tn\/?product=mules-a-talon-fushia-142104#primaryimage","url":"https:\/\/vog.com.tn\/wp-content\/uploads\/2022\/07\/142104-Fushia-4-1.jpg","contentUrl":"https:\/\/vog.com.tn\/wp-content\/uploads\/2022\/07\/142104-Fushia-4-1.jpg","width":1999,"height":2000},{"@type":"BreadcrumbList","@id":"https:\/\/vog.com.tn\/?product=mules-a-talon-fushia-142104#breadcrumb","itemListElement":[{"@type":"ListItem","position":1,"name":"Home","item":"https:\/\/vog.com.tn\/"},{"@type":"ListItem","position":2,"name":"Produits","item":"https:\/\/vog.com.tn\/?page_id=8"},{"@type":"ListItem","position":3,"name":"Mules a talon femme &#8211; 142104"}]},{"@type":"WebSite","@id":"https:\/\/vog.com.tn\/#website","url":"https:\/\/vog.com.tn\/","name":"Vog Tunisie","description":"Pr\u00eat-\u00e0-porter","potentialAction":[{"@type":"SearchAction","target":{"@type":"EntryPoint","urlTemplate":"https:\/\/vog.com.tn\/?s={search_term_string}"},"query-input":{"@type":"PropertyValueSpecification","valueRequired":true,"valueName":"search_term_string"}}],"inLanguage":"fr-FR"}]}},"_links":{"self":[{"href":"https:\/\/vog.com.tn\/index.php?rest_route=\/wp\/v2\/product\/42689","targetHints":{"allow":["GET"]}}],"collection":[{"href":"https:\/\/vog.com.tn\/index.php?rest_route=\/wp\/v2\/product"}],"about":[{"href":"https:\/\/vog.com.tn\/index.php?rest_route=\/wp\/v2\/types\/product"}],"wp:featuredmedia":[{"embeddable":true,"href":"https:\/\/vog.com.tn\/index.php?rest_route=\/wp\/v2\/media\/42694"}],"wp:attachment":[{"href":"https:\/\/vog.com.tn\/index.php?rest_route=%2Fwp%2Fv2%2Fmedia&parent=42689"}],"wp:term":[{"taxonomy":"product_brand","embeddable":true,"href":"https:\/\/vog.com.tn\/index.php?rest_route=%2Fwp%2Fv2%2Fproduct_brand&post=42689"},{"taxonomy":"product_cat","embeddable":true,"href":"https:\/\/vog.com.tn\/index.php?rest_route=%2Fwp%2Fv2%2Fproduct_cat&post=42689"},{"taxonomy":"product_tag","embeddable":true,"href":"https:\/\/vog.com.tn\/index.php?rest_route=%2Fwp%2Fv2%2Fproduct_tag&post=42689"}],"curies":[{"name":"wp","href":"https:\/\/api.w.org\/{rel}","templated":true}]}}