{"id":43059,"date":"2022-07-15T16:24:00","date_gmt":"2022-07-15T14:24:00","guid":{"rendered":"https:\/\/vog.com.tn\/?post_type=product&#038;p=43059"},"modified":"2025-07-09T12:30:26","modified_gmt":"2025-07-09T10:30:26","slug":"bikini-blanc-43122","status":"publish","type":"product","link":"https:\/\/vog.com.tn\/?product=bikini-blanc-43122","title":{"rendered":"Bikini femme &#8211; Blanc &#8211; 43122 &#8211; vog"},"content":{"rendered":"<p>Vog met en vente en ligne Bikini femme en Tunisie. Qui dit soleil, dit maillots de bain ! D\u00e9couvrez notre s\u00e9lection de bikinis, maillots de bain 1 pi\u00e8ce, trikinis, et tankinis pour des vacances bien m\u00e9rit\u00e9es. Le choix du maillot de bain se fera toujours en rapport avec la morphologie. Les couleurs claires et flashy seront id\u00e9ales pour mettre en avant votre bronzage. Cette ann\u00e9e il faut miser sur les maillots de bain aux motifs ethniques, aux couleurs flashy, avec des jeux de lani\u00e8res ou tout simplement dans un style r\u00e9tro chic. Et il ne faut surtout pas n\u00e9gliger le maillot de bain une pi\u00e8ce ou trikini cet \u00e9t\u00e9, car ils seront ind\u00e9niablement les stars de la plage. Plongez la t\u00eate la premi\u00e8re dans notre nouvelle collection qui sent bon l\u2019\u00e9t\u00e9, aux prix l\u00e9gers.<\/p>\n","protected":false},"excerpt":{"rendered":"<h2 class=\"vente-lgn-dsc\">Vente en ligne Bikini pour femme.<\/h2>\n<ul>\n<li>Bikini bandeau avec bretelle asym\u00e9trique.<\/li>\n<li>Dot\u00e9 de coussinets de maintien sur le buste.<\/li>\n<li>Mod\u00e8le \u00e0 imprim\u00e9 fleurs.<\/li>\n<li>Bas de bikini :<\/li>\n<li>Culotte classique \u00e0 motifs fleurs<\/li>\n<li>Composition : 80% polyamide et 20% \u00e9lasthanne.<\/li>\n<li><\/li>\n<\/ul>\n","protected":false},"featured_media":43060,"template":"","meta":[],"product_brand":[],"product_cat":[253,66,137,71],"product_tag":[],"class_list":{"0":"post-43059","1":"product","2":"type-product","3":"status-publish","4":"has-post-thumbnail","6":"product_cat-bikini","7":"product_cat-maillot-de-bain-femme","8":"product_cat-mode-femme","9":"product_cat-vetements-femme","10":"pa_couleurs-blanc","11":"pa_taille-225","12":"pa_taille-226","13":"pa_taille-227","14":"pa_taille-228","17":"first","18":"outofstock","19":"taxable","20":"shipping-taxable","21":"product-type-variable"},"yoast_head":"<!-- This site is optimized with the Yoast SEO plugin v27.5 - https:\/\/yoast.com\/product\/yoast-seo-wordpress\/ -->\n<title>Bikini femme - Blanc - 43122 - vog - Vog Tunisie<\/title>\n<meta name=\"robots\" content=\"index, follow, max-snippet:-1, max-image-preview:large, max-video-preview:-1\" \/>\n<link rel=\"canonical\" href=\"https:\/\/vog.com.tn\/?product=bikini-blanc-43122\" \/>\n<meta property=\"og:locale\" content=\"fr_FR\" \/>\n<meta property=\"og:type\" content=\"article\" \/>\n<meta property=\"og:title\" content=\"Bikini femme - Blanc - 43122 - vog - Vog Tunisie\" \/>\n<meta property=\"og:description\" content=\"Vente en ligne Bikini pour femme.   Bikini bandeau avec bretelle asym\u00e9trique.  Dot\u00e9 de coussinets de maintien sur le buste.  Mod\u00e8le \u00e0 imprim\u00e9 fleurs.  Bas de bikini :  Culotte classique \u00e0 motifs fleurs  Composition : 80% polyamide et 20% \u00e9lasthanne.\" \/>\n<meta property=\"og:url\" content=\"https:\/\/vog.com.tn\/?product=bikini-blanc-43122\" \/>\n<meta property=\"og:site_name\" content=\"Vog Tunisie\" \/>\n<meta property=\"article:modified_time\" content=\"2025-07-09T10:30:26+00:00\" \/>\n<meta property=\"og:image\" content=\"https:\/\/vog.com.tn\/wp-content\/uploads\/2022\/07\/43122-blanc-1.jpg\" \/>\n\t<meta property=\"og:image:width\" content=\"720\" \/>\n\t<meta property=\"og:image:height\" content=\"1172\" \/>\n\t<meta property=\"og:image:type\" content=\"image\/jpeg\" \/>\n<meta name=\"twitter:card\" content=\"summary_large_image\" \/>\n<meta name=\"twitter:label1\" content=\"Dur\u00e9e de lecture estim\u00e9e\" \/>\n\t<meta name=\"twitter:data1\" content=\"1 minute\" \/>\n<script type=\"application\/ld+json\" class=\"yoast-schema-graph\">{\"@context\":\"https:\\\/\\\/schema.org\",\"@graph\":[{\"@type\":\"WebPage\",\"@id\":\"https:\\\/\\\/vog.com.tn\\\/?product=bikini-blanc-43122\",\"url\":\"https:\\\/\\\/vog.com.tn\\\/?product=bikini-blanc-43122\",\"name\":\"Bikini femme - Blanc - 43122 - vog - Vog Tunisie\",\"isPartOf\":{\"@id\":\"https:\\\/\\\/vog.com.tn\\\/#website\"},\"primaryImageOfPage\":{\"@id\":\"https:\\\/\\\/vog.com.tn\\\/?product=bikini-blanc-43122#primaryimage\"},\"image\":{\"@id\":\"https:\\\/\\\/vog.com.tn\\\/?product=bikini-blanc-43122#primaryimage\"},\"thumbnailUrl\":\"https:\\\/\\\/vog.com.tn\\\/wp-content\\\/uploads\\\/2022\\\/07\\\/43122-blanc-1.jpg\",\"datePublished\":\"2022-07-15T14:24:00+00:00\",\"dateModified\":\"2025-07-09T10:30:26+00:00\",\"breadcrumb\":{\"@id\":\"https:\\\/\\\/vog.com.tn\\\/?product=bikini-blanc-43122#breadcrumb\"},\"inLanguage\":\"fr-FR\",\"potentialAction\":[{\"@type\":\"ReadAction\",\"target\":[\"https:\\\/\\\/vog.com.tn\\\/?product=bikini-blanc-43122\"]}]},{\"@type\":\"ImageObject\",\"inLanguage\":\"fr-FR\",\"@id\":\"https:\\\/\\\/vog.com.tn\\\/?product=bikini-blanc-43122#primaryimage\",\"url\":\"https:\\\/\\\/vog.com.tn\\\/wp-content\\\/uploads\\\/2022\\\/07\\\/43122-blanc-1.jpg\",\"contentUrl\":\"https:\\\/\\\/vog.com.tn\\\/wp-content\\\/uploads\\\/2022\\\/07\\\/43122-blanc-1.jpg\",\"width\":720,\"height\":1172},{\"@type\":\"BreadcrumbList\",\"@id\":\"https:\\\/\\\/vog.com.tn\\\/?product=bikini-blanc-43122#breadcrumb\",\"itemListElement\":[{\"@type\":\"ListItem\",\"position\":1,\"name\":\"Home\",\"item\":\"https:\\\/\\\/vog.com.tn\\\/\"},{\"@type\":\"ListItem\",\"position\":2,\"name\":\"Produits\",\"item\":\"https:\\\/\\\/vog.com.tn\\\/?page_id=8\"},{\"@type\":\"ListItem\",\"position\":3,\"name\":\"Bikini femme &#8211; Blanc &#8211; 43122 &#8211; vog\"}]},{\"@type\":\"WebSite\",\"@id\":\"https:\\\/\\\/vog.com.tn\\\/#website\",\"url\":\"https:\\\/\\\/vog.com.tn\\\/\",\"name\":\"Vog Tunisie\",\"description\":\"Pr\u00eat-\u00e0-porter\",\"potentialAction\":[{\"@type\":\"SearchAction\",\"target\":{\"@type\":\"EntryPoint\",\"urlTemplate\":\"https:\\\/\\\/vog.com.tn\\\/?s={search_term_string}\"},\"query-input\":{\"@type\":\"PropertyValueSpecification\",\"valueRequired\":true,\"valueName\":\"search_term_string\"}}],\"inLanguage\":\"fr-FR\"}]}<\/script>\n<!-- \/ Yoast SEO plugin. -->","yoast_head_json":{"title":"Bikini femme - Blanc - 43122 - vog - Vog Tunisie","robots":{"index":"index","follow":"follow","max-snippet":"max-snippet:-1","max-image-preview":"max-image-preview:large","max-video-preview":"max-video-preview:-1"},"canonical":"https:\/\/vog.com.tn\/?product=bikini-blanc-43122","og_locale":"fr_FR","og_type":"article","og_title":"Bikini femme - Blanc - 43122 - vog - Vog Tunisie","og_description":"Vente en ligne Bikini pour femme.   Bikini bandeau avec bretelle asym\u00e9trique.  Dot\u00e9 de coussinets de maintien sur le buste.  Mod\u00e8le \u00e0 imprim\u00e9 fleurs.  Bas de bikini :  Culotte classique \u00e0 motifs fleurs  Composition : 80% polyamide et 20% \u00e9lasthanne.","og_url":"https:\/\/vog.com.tn\/?product=bikini-blanc-43122","og_site_name":"Vog Tunisie","article_modified_time":"2025-07-09T10:30:26+00:00","og_image":[{"width":720,"height":1172,"url":"https:\/\/vog.com.tn\/wp-content\/uploads\/2022\/07\/43122-blanc-1.jpg","type":"image\/jpeg"}],"twitter_card":"summary_large_image","twitter_misc":{"Dur\u00e9e de lecture estim\u00e9e":"1 minute"},"schema":{"@context":"https:\/\/schema.org","@graph":[{"@type":"WebPage","@id":"https:\/\/vog.com.tn\/?product=bikini-blanc-43122","url":"https:\/\/vog.com.tn\/?product=bikini-blanc-43122","name":"Bikini femme - Blanc - 43122 - vog - Vog Tunisie","isPartOf":{"@id":"https:\/\/vog.com.tn\/#website"},"primaryImageOfPage":{"@id":"https:\/\/vog.com.tn\/?product=bikini-blanc-43122#primaryimage"},"image":{"@id":"https:\/\/vog.com.tn\/?product=bikini-blanc-43122#primaryimage"},"thumbnailUrl":"https:\/\/vog.com.tn\/wp-content\/uploads\/2022\/07\/43122-blanc-1.jpg","datePublished":"2022-07-15T14:24:00+00:00","dateModified":"2025-07-09T10:30:26+00:00","breadcrumb":{"@id":"https:\/\/vog.com.tn\/?product=bikini-blanc-43122#breadcrumb"},"inLanguage":"fr-FR","potentialAction":[{"@type":"ReadAction","target":["https:\/\/vog.com.tn\/?product=bikini-blanc-43122"]}]},{"@type":"ImageObject","inLanguage":"fr-FR","@id":"https:\/\/vog.com.tn\/?product=bikini-blanc-43122#primaryimage","url":"https:\/\/vog.com.tn\/wp-content\/uploads\/2022\/07\/43122-blanc-1.jpg","contentUrl":"https:\/\/vog.com.tn\/wp-content\/uploads\/2022\/07\/43122-blanc-1.jpg","width":720,"height":1172},{"@type":"BreadcrumbList","@id":"https:\/\/vog.com.tn\/?product=bikini-blanc-43122#breadcrumb","itemListElement":[{"@type":"ListItem","position":1,"name":"Home","item":"https:\/\/vog.com.tn\/"},{"@type":"ListItem","position":2,"name":"Produits","item":"https:\/\/vog.com.tn\/?page_id=8"},{"@type":"ListItem","position":3,"name":"Bikini femme &#8211; Blanc &#8211; 43122 &#8211; vog"}]},{"@type":"WebSite","@id":"https:\/\/vog.com.tn\/#website","url":"https:\/\/vog.com.tn\/","name":"Vog Tunisie","description":"Pr\u00eat-\u00e0-porter","potentialAction":[{"@type":"SearchAction","target":{"@type":"EntryPoint","urlTemplate":"https:\/\/vog.com.tn\/?s={search_term_string}"},"query-input":{"@type":"PropertyValueSpecification","valueRequired":true,"valueName":"search_term_string"}}],"inLanguage":"fr-FR"}]}},"_links":{"self":[{"href":"https:\/\/vog.com.tn\/index.php?rest_route=\/wp\/v2\/product\/43059","targetHints":{"allow":["GET"]}}],"collection":[{"href":"https:\/\/vog.com.tn\/index.php?rest_route=\/wp\/v2\/product"}],"about":[{"href":"https:\/\/vog.com.tn\/index.php?rest_route=\/wp\/v2\/types\/product"}],"wp:featuredmedia":[{"embeddable":true,"href":"https:\/\/vog.com.tn\/index.php?rest_route=\/wp\/v2\/media\/43060"}],"wp:attachment":[{"href":"https:\/\/vog.com.tn\/index.php?rest_route=%2Fwp%2Fv2%2Fmedia&parent=43059"}],"wp:term":[{"taxonomy":"product_brand","embeddable":true,"href":"https:\/\/vog.com.tn\/index.php?rest_route=%2Fwp%2Fv2%2Fproduct_brand&post=43059"},{"taxonomy":"product_cat","embeddable":true,"href":"https:\/\/vog.com.tn\/index.php?rest_route=%2Fwp%2Fv2%2Fproduct_cat&post=43059"},{"taxonomy":"product_tag","embeddable":true,"href":"https:\/\/vog.com.tn\/index.php?rest_route=%2Fwp%2Fv2%2Fproduct_tag&post=43059"}],"curies":[{"name":"wp","href":"https:\/\/api.w.org\/{rel}","templated":true}]}}