{"id":43649,"date":"2022-07-26T15:12:23","date_gmt":"2022-07-26T13:12:23","guid":{"rendered":"https:\/\/vog.com.tn\/?post_type=product&#038;p=43649"},"modified":"2024-05-01T17:29:11","modified_gmt":"2024-05-01T15:29:11","slug":"mocassin-bresil-142752","status":"publish","type":"product","link":"https:\/\/vog.com.tn\/?product=mocassin-bresil-142752","title":{"rendered":"Mocassin femme &#8211; 142752"},"content":{"rendered":"<p>Mocassins, chaussure pr\u00e9f\u00e9r\u00e9e de l\u2019\u00e9t\u00e9, n\u2019a pas fini de vous surprendre. Les baskets\/Tennis en toile sont la meilleure option de chaussant pour la mi-saison. Ce mod\u00e8le \u00e0 tendance ethnique-chic, \u00e0 porter avec tous les styles : casual chic, working girl, romantico-champ\u00eatre,.<\/p>\n","protected":false},"excerpt":{"rendered":"<ul>\n<li>Mocassins en su\u00e9dine avec cha\u00eene en plastique ton sur ton.<\/li>\n<li>Mod\u00e8le \u00e0 bout rond.<\/li>\n<li>Semelle int\u00e9rieure l\u00e9g\u00e8rement rembourr\u00e9e pour plus de confort.<\/li>\n<li>Tige, semelle int\u00e9rieure, et ext\u00e9rieure : synth\u00e9tique.<\/li>\n<li>Hauteur du talon : 0.5 cm.<\/li>\n<\/ul>\n","protected":false},"featured_media":43813,"template":"","meta":[],"product_brand":[],"product_cat":[96,128,137],"product_tag":[],"class_list":{"0":"post-43649","1":"product","2":"type-product","3":"status-publish","4":"has-post-thumbnail","6":"product_cat-chaussures-femme","7":"product_cat-mocassins-ballerines-femme","8":"product_cat-mode-femme","9":"pa_couleurs-beige","10":"pa_couleurs-bresil","11":"pa_couleurs-taupe","12":"pa_pointure-105","13":"pa_pointure-106","14":"pa_pointure-107","15":"pa_pointure-108","16":"pa_pointure-109","19":"first","20":"outofstock","21":"taxable","22":"shipping-taxable","23":"product-type-variable"},"yoast_head":"<!-- This site is optimized with the Yoast SEO plugin v27.5 - https:\/\/yoast.com\/product\/yoast-seo-wordpress\/ -->\n<title>Mocassin femme - 142752 - Vog Tunisie<\/title>\n<meta name=\"robots\" content=\"index, follow, max-snippet:-1, max-image-preview:large, max-video-preview:-1\" \/>\n<link rel=\"canonical\" href=\"https:\/\/vog.com.tn\/?product=mocassin-bresil-142752\" \/>\n<meta property=\"og:locale\" content=\"fr_FR\" \/>\n<meta property=\"og:type\" content=\"article\" \/>\n<meta property=\"og:title\" content=\"Mocassin femme - 142752 - Vog Tunisie\" \/>\n<meta property=\"og:description\" content=\"Mocassins en su\u00e9dine avec cha\u00eene en plastique ton sur ton.  Mod\u00e8le \u00e0 bout rond.  Semelle int\u00e9rieure l\u00e9g\u00e8rement rembourr\u00e9e pour plus de confort.  Tige, semelle int\u00e9rieure, et ext\u00e9rieure : synth\u00e9tique.  Hauteur du talon : 0.5 cm.\" \/>\n<meta property=\"og:url\" content=\"https:\/\/vog.com.tn\/?product=mocassin-bresil-142752\" \/>\n<meta property=\"og:site_name\" content=\"Vog Tunisie\" \/>\n<meta property=\"article:modified_time\" content=\"2024-05-01T15:29:11+00:00\" \/>\n<meta property=\"og:image\" content=\"https:\/\/vog.com.tn\/wp-content\/uploads\/2022\/07\/142752-Bresil-1-1.jpg\" \/>\n\t<meta property=\"og:image:width\" content=\"1710\" \/>\n\t<meta property=\"og:image:height\" content=\"2000\" \/>\n\t<meta property=\"og:image:type\" content=\"image\/jpeg\" \/>\n<meta name=\"twitter:card\" content=\"summary_large_image\" \/>\n<meta name=\"twitter:label1\" content=\"Dur\u00e9e de lecture estim\u00e9e\" \/>\n\t<meta name=\"twitter:data1\" content=\"1 minute\" \/>\n<script type=\"application\/ld+json\" class=\"yoast-schema-graph\">{\"@context\":\"https:\\\/\\\/schema.org\",\"@graph\":[{\"@type\":\"WebPage\",\"@id\":\"https:\\\/\\\/vog.com.tn\\\/?product=mocassin-bresil-142752\",\"url\":\"https:\\\/\\\/vog.com.tn\\\/?product=mocassin-bresil-142752\",\"name\":\"Mocassin femme - 142752 - Vog Tunisie\",\"isPartOf\":{\"@id\":\"https:\\\/\\\/vog.com.tn\\\/#website\"},\"primaryImageOfPage\":{\"@id\":\"https:\\\/\\\/vog.com.tn\\\/?product=mocassin-bresil-142752#primaryimage\"},\"image\":{\"@id\":\"https:\\\/\\\/vog.com.tn\\\/?product=mocassin-bresil-142752#primaryimage\"},\"thumbnailUrl\":\"https:\\\/\\\/vog.com.tn\\\/wp-content\\\/uploads\\\/2022\\\/07\\\/142752-Bresil-1-1.jpg\",\"datePublished\":\"2022-07-26T13:12:23+00:00\",\"dateModified\":\"2024-05-01T15:29:11+00:00\",\"breadcrumb\":{\"@id\":\"https:\\\/\\\/vog.com.tn\\\/?product=mocassin-bresil-142752#breadcrumb\"},\"inLanguage\":\"fr-FR\",\"potentialAction\":[{\"@type\":\"ReadAction\",\"target\":[\"https:\\\/\\\/vog.com.tn\\\/?product=mocassin-bresil-142752\"]}]},{\"@type\":\"ImageObject\",\"inLanguage\":\"fr-FR\",\"@id\":\"https:\\\/\\\/vog.com.tn\\\/?product=mocassin-bresil-142752#primaryimage\",\"url\":\"https:\\\/\\\/vog.com.tn\\\/wp-content\\\/uploads\\\/2022\\\/07\\\/142752-Bresil-1-1.jpg\",\"contentUrl\":\"https:\\\/\\\/vog.com.tn\\\/wp-content\\\/uploads\\\/2022\\\/07\\\/142752-Bresil-1-1.jpg\",\"width\":1710,\"height\":2000},{\"@type\":\"BreadcrumbList\",\"@id\":\"https:\\\/\\\/vog.com.tn\\\/?product=mocassin-bresil-142752#breadcrumb\",\"itemListElement\":[{\"@type\":\"ListItem\",\"position\":1,\"name\":\"Home\",\"item\":\"https:\\\/\\\/vog.com.tn\\\/\"},{\"@type\":\"ListItem\",\"position\":2,\"name\":\"Produits\",\"item\":\"https:\\\/\\\/vog.com.tn\\\/?page_id=8\"},{\"@type\":\"ListItem\",\"position\":3,\"name\":\"Mocassin femme &#8211; 142752\"}]},{\"@type\":\"WebSite\",\"@id\":\"https:\\\/\\\/vog.com.tn\\\/#website\",\"url\":\"https:\\\/\\\/vog.com.tn\\\/\",\"name\":\"Vog Tunisie\",\"description\":\"Pr\u00eat-\u00e0-porter\",\"potentialAction\":[{\"@type\":\"SearchAction\",\"target\":{\"@type\":\"EntryPoint\",\"urlTemplate\":\"https:\\\/\\\/vog.com.tn\\\/?s={search_term_string}\"},\"query-input\":{\"@type\":\"PropertyValueSpecification\",\"valueRequired\":true,\"valueName\":\"search_term_string\"}}],\"inLanguage\":\"fr-FR\"}]}<\/script>\n<!-- \/ Yoast SEO plugin. -->","yoast_head_json":{"title":"Mocassin femme - 142752 - Vog Tunisie","robots":{"index":"index","follow":"follow","max-snippet":"max-snippet:-1","max-image-preview":"max-image-preview:large","max-video-preview":"max-video-preview:-1"},"canonical":"https:\/\/vog.com.tn\/?product=mocassin-bresil-142752","og_locale":"fr_FR","og_type":"article","og_title":"Mocassin femme - 142752 - Vog Tunisie","og_description":"Mocassins en su\u00e9dine avec cha\u00eene en plastique ton sur ton.  Mod\u00e8le \u00e0 bout rond.  Semelle int\u00e9rieure l\u00e9g\u00e8rement rembourr\u00e9e pour plus de confort.  Tige, semelle int\u00e9rieure, et ext\u00e9rieure : synth\u00e9tique.  Hauteur du talon : 0.5 cm.","og_url":"https:\/\/vog.com.tn\/?product=mocassin-bresil-142752","og_site_name":"Vog Tunisie","article_modified_time":"2024-05-01T15:29:11+00:00","og_image":[{"width":1710,"height":2000,"url":"https:\/\/vog.com.tn\/wp-content\/uploads\/2022\/07\/142752-Bresil-1-1.jpg","type":"image\/jpeg"}],"twitter_card":"summary_large_image","twitter_misc":{"Dur\u00e9e de lecture estim\u00e9e":"1 minute"},"schema":{"@context":"https:\/\/schema.org","@graph":[{"@type":"WebPage","@id":"https:\/\/vog.com.tn\/?product=mocassin-bresil-142752","url":"https:\/\/vog.com.tn\/?product=mocassin-bresil-142752","name":"Mocassin femme - 142752 - Vog Tunisie","isPartOf":{"@id":"https:\/\/vog.com.tn\/#website"},"primaryImageOfPage":{"@id":"https:\/\/vog.com.tn\/?product=mocassin-bresil-142752#primaryimage"},"image":{"@id":"https:\/\/vog.com.tn\/?product=mocassin-bresil-142752#primaryimage"},"thumbnailUrl":"https:\/\/vog.com.tn\/wp-content\/uploads\/2022\/07\/142752-Bresil-1-1.jpg","datePublished":"2022-07-26T13:12:23+00:00","dateModified":"2024-05-01T15:29:11+00:00","breadcrumb":{"@id":"https:\/\/vog.com.tn\/?product=mocassin-bresil-142752#breadcrumb"},"inLanguage":"fr-FR","potentialAction":[{"@type":"ReadAction","target":["https:\/\/vog.com.tn\/?product=mocassin-bresil-142752"]}]},{"@type":"ImageObject","inLanguage":"fr-FR","@id":"https:\/\/vog.com.tn\/?product=mocassin-bresil-142752#primaryimage","url":"https:\/\/vog.com.tn\/wp-content\/uploads\/2022\/07\/142752-Bresil-1-1.jpg","contentUrl":"https:\/\/vog.com.tn\/wp-content\/uploads\/2022\/07\/142752-Bresil-1-1.jpg","width":1710,"height":2000},{"@type":"BreadcrumbList","@id":"https:\/\/vog.com.tn\/?product=mocassin-bresil-142752#breadcrumb","itemListElement":[{"@type":"ListItem","position":1,"name":"Home","item":"https:\/\/vog.com.tn\/"},{"@type":"ListItem","position":2,"name":"Produits","item":"https:\/\/vog.com.tn\/?page_id=8"},{"@type":"ListItem","position":3,"name":"Mocassin femme &#8211; 142752"}]},{"@type":"WebSite","@id":"https:\/\/vog.com.tn\/#website","url":"https:\/\/vog.com.tn\/","name":"Vog Tunisie","description":"Pr\u00eat-\u00e0-porter","potentialAction":[{"@type":"SearchAction","target":{"@type":"EntryPoint","urlTemplate":"https:\/\/vog.com.tn\/?s={search_term_string}"},"query-input":{"@type":"PropertyValueSpecification","valueRequired":true,"valueName":"search_term_string"}}],"inLanguage":"fr-FR"}]}},"_links":{"self":[{"href":"https:\/\/vog.com.tn\/index.php?rest_route=\/wp\/v2\/product\/43649","targetHints":{"allow":["GET"]}}],"collection":[{"href":"https:\/\/vog.com.tn\/index.php?rest_route=\/wp\/v2\/product"}],"about":[{"href":"https:\/\/vog.com.tn\/index.php?rest_route=\/wp\/v2\/types\/product"}],"wp:featuredmedia":[{"embeddable":true,"href":"https:\/\/vog.com.tn\/index.php?rest_route=\/wp\/v2\/media\/43813"}],"wp:attachment":[{"href":"https:\/\/vog.com.tn\/index.php?rest_route=%2Fwp%2Fv2%2Fmedia&parent=43649"}],"wp:term":[{"taxonomy":"product_brand","embeddable":true,"href":"https:\/\/vog.com.tn\/index.php?rest_route=%2Fwp%2Fv2%2Fproduct_brand&post=43649"},{"taxonomy":"product_cat","embeddable":true,"href":"https:\/\/vog.com.tn\/index.php?rest_route=%2Fwp%2Fv2%2Fproduct_cat&post=43649"},{"taxonomy":"product_tag","embeddable":true,"href":"https:\/\/vog.com.tn\/index.php?rest_route=%2Fwp%2Fv2%2Fproduct_tag&post=43649"}],"curies":[{"name":"wp","href":"https:\/\/api.w.org\/{rel}","templated":true}]}}