{"id":45817,"date":"2022-08-22T16:50:36","date_gmt":"2022-08-22T14:50:36","guid":{"rendered":"https:\/\/vog.com.tn\/?post_type=product&#038;p=45817"},"modified":"2025-05-17T11:32:39","modified_gmt":"2025-05-17T09:32:39","slug":"pantalon-jean-blanc-137510","status":"publish","type":"product","link":"https:\/\/vog.com.tn\/?product=pantalon-jean-blanc-137510","title":{"rendered":"Pantalon Jean &#8211; 137555 \u2013 VOG"},"content":{"rendered":"<p>Vog met en vente en ligne Pantalon Jean en Tunisie. Jeans taille haute, pour un confort quotidien. \u00c7a coupe droite convient \u00e0 toutes les morphologies, c&rsquo;est le jean vintage des ann\u00e9es 1970 \u00e0 la taille haute ou mi-haute qui fait un come-back plus que r\u00e9ussi. Il est dot\u00e9 d&rsquo;une coupe droite. Large aux hanches, il souligne la taille de celle qui le porte. Il s\u2019adapte \u00e0 tous les styles, on vous conseille de le porter avec un t-shirt ou une chemise l\u00e9g\u00e8rement rentr\u00e9e dedans.<\/p>\n","protected":false},"excerpt":{"rendered":"<h2 class=\"vente-lgn-dsc\">Vente en ligne Pantalon Jean<\/h2>\n<ul>\n<li>Jeans mom \u00e0 taille haute<\/li>\n<li>Effiloch\u00e9 aux chevilles.<\/li>\n<li>Dot\u00e9 de 5 poches<\/li>\n<li>Dot\u00e9 de passants pour ceinture.<\/li>\n<li>Fermeture zipp\u00e9 et bouton.<\/li>\n<\/ul>\n","protected":false},"featured_media":45820,"template":"","meta":[],"product_brand":[],"product_cat":[137,92,71],"product_tag":[],"class_list":{"0":"post-45817","1":"product","2":"type-product","3":"status-publish","4":"has-post-thumbnail","6":"product_cat-mode-femme","7":"product_cat-pantalons","8":"product_cat-vetements-femme","9":"pa_couleurs-blanc","10":"pa_couleurs-bleatch","11":"pa_couleurs-gris","12":"pa_couleurs-noir","13":"pa_couleurs-used","14":"pa_taille-224","15":"pa_taille-225","16":"pa_taille-226","17":"pa_taille-227","18":"pa_taille-228","21":"first","22":"instock","23":"taxable","24":"shipping-taxable","25":"purchasable","26":"product-type-variable"},"yoast_head":"<!-- This site is optimized with the Yoast SEO plugin v27.5 - https:\/\/yoast.com\/product\/yoast-seo-wordpress\/ -->\n<title>Pantalons Femme en ligne\u2502VOG pr\u00eat \u00e0 porter Tunisie<\/title>\n<meta name=\"description\" content=\"VOG est une cha\u00eene de boutiques de pr\u00eat \u00e0 porter \u00e0 Bizerte, Tunisie, sp\u00e9cialis\u00e9e dans la vente en ligne de v\u00eatements, chaussures et sacs\u2026 pour femme et homme.\" \/>\n<meta name=\"robots\" content=\"index, follow, max-snippet:-1, max-image-preview:large, max-video-preview:-1\" \/>\n<link rel=\"canonical\" href=\"https:\/\/vog.com.tn\/?product=pantalon-jean-blanc-137510\" \/>\n<meta property=\"og:locale\" content=\"fr_FR\" \/>\n<meta property=\"og:type\" content=\"article\" \/>\n<meta property=\"og:title\" content=\"Pantalons Femme en ligne\u2502VOG pr\u00eat \u00e0 porter Tunisie\" \/>\n<meta property=\"og:description\" content=\"VOG est une cha\u00eene de boutiques de pr\u00eat \u00e0 porter \u00e0 Bizerte, Tunisie, sp\u00e9cialis\u00e9e dans la vente en ligne de v\u00eatements, chaussures et sacs\u2026 pour femme et homme.\" \/>\n<meta property=\"og:url\" content=\"https:\/\/vog.com.tn\/?product=pantalon-jean-blanc-137510\" \/>\n<meta property=\"og:site_name\" content=\"Vog Tunisie\" \/>\n<meta property=\"article:modified_time\" content=\"2025-05-17T09:32:39+00:00\" \/>\n<meta property=\"og:image\" content=\"https:\/\/vog.com.tn\/wp-content\/uploads\/2022\/08\/137510-blanc-0.jpg\" \/>\n\t<meta property=\"og:image:width\" content=\"1368\" \/>\n\t<meta property=\"og:image:height\" content=\"2048\" \/>\n\t<meta property=\"og:image:type\" content=\"image\/jpeg\" \/>\n<meta name=\"twitter:card\" content=\"summary_large_image\" \/>\n<meta name=\"twitter:label1\" content=\"Dur\u00e9e de lecture estim\u00e9e\" \/>\n\t<meta name=\"twitter:data1\" content=\"1 minute\" \/>\n<script type=\"application\/ld+json\" class=\"yoast-schema-graph\">{\"@context\":\"https:\\\/\\\/schema.org\",\"@graph\":[{\"@type\":\"WebPage\",\"@id\":\"https:\\\/\\\/vog.com.tn\\\/?product=pantalon-jean-blanc-137510\",\"url\":\"https:\\\/\\\/vog.com.tn\\\/?product=pantalon-jean-blanc-137510\",\"name\":\"Pantalons Femme en ligne\u2502VOG pr\u00eat \u00e0 porter Tunisie\",\"isPartOf\":{\"@id\":\"https:\\\/\\\/vog.com.tn\\\/#website\"},\"primaryImageOfPage\":{\"@id\":\"https:\\\/\\\/vog.com.tn\\\/?product=pantalon-jean-blanc-137510#primaryimage\"},\"image\":{\"@id\":\"https:\\\/\\\/vog.com.tn\\\/?product=pantalon-jean-blanc-137510#primaryimage\"},\"thumbnailUrl\":\"https:\\\/\\\/vog.com.tn\\\/wp-content\\\/uploads\\\/2022\\\/08\\\/137510-blanc-0.jpg\",\"datePublished\":\"2022-08-22T14:50:36+00:00\",\"dateModified\":\"2025-05-17T09:32:39+00:00\",\"description\":\"VOG est une cha\u00eene de boutiques de pr\u00eat \u00e0 porter \u00e0 Bizerte, Tunisie, sp\u00e9cialis\u00e9e dans la vente en ligne de v\u00eatements, chaussures et sacs\u2026 pour femme et homme.\",\"breadcrumb\":{\"@id\":\"https:\\\/\\\/vog.com.tn\\\/?product=pantalon-jean-blanc-137510#breadcrumb\"},\"inLanguage\":\"fr-FR\",\"potentialAction\":[{\"@type\":\"ReadAction\",\"target\":[\"https:\\\/\\\/vog.com.tn\\\/?product=pantalon-jean-blanc-137510\"]}]},{\"@type\":\"ImageObject\",\"inLanguage\":\"fr-FR\",\"@id\":\"https:\\\/\\\/vog.com.tn\\\/?product=pantalon-jean-blanc-137510#primaryimage\",\"url\":\"https:\\\/\\\/vog.com.tn\\\/wp-content\\\/uploads\\\/2022\\\/08\\\/137510-blanc-0.jpg\",\"contentUrl\":\"https:\\\/\\\/vog.com.tn\\\/wp-content\\\/uploads\\\/2022\\\/08\\\/137510-blanc-0.jpg\",\"width\":1368,\"height\":2048},{\"@type\":\"BreadcrumbList\",\"@id\":\"https:\\\/\\\/vog.com.tn\\\/?product=pantalon-jean-blanc-137510#breadcrumb\",\"itemListElement\":[{\"@type\":\"ListItem\",\"position\":1,\"name\":\"Home\",\"item\":\"https:\\\/\\\/vog.com.tn\\\/\"},{\"@type\":\"ListItem\",\"position\":2,\"name\":\"Produits\",\"item\":\"https:\\\/\\\/vog.com.tn\\\/?page_id=8\"},{\"@type\":\"ListItem\",\"position\":3,\"name\":\"Pantalon Jean &#8211; 137555 \u2013 VOG\"}]},{\"@type\":\"WebSite\",\"@id\":\"https:\\\/\\\/vog.com.tn\\\/#website\",\"url\":\"https:\\\/\\\/vog.com.tn\\\/\",\"name\":\"Vog Tunisie\",\"description\":\"Pr\u00eat-\u00e0-porter\",\"potentialAction\":[{\"@type\":\"SearchAction\",\"target\":{\"@type\":\"EntryPoint\",\"urlTemplate\":\"https:\\\/\\\/vog.com.tn\\\/?s={search_term_string}\"},\"query-input\":{\"@type\":\"PropertyValueSpecification\",\"valueRequired\":true,\"valueName\":\"search_term_string\"}}],\"inLanguage\":\"fr-FR\"}]}<\/script>\n<!-- \/ Yoast SEO plugin. -->","yoast_head_json":{"title":"Pantalons Femme en ligne\u2502VOG pr\u00eat \u00e0 porter Tunisie","description":"VOG est une cha\u00eene de boutiques de pr\u00eat \u00e0 porter \u00e0 Bizerte, Tunisie, sp\u00e9cialis\u00e9e dans la vente en ligne de v\u00eatements, chaussures et sacs\u2026 pour femme et homme.","robots":{"index":"index","follow":"follow","max-snippet":"max-snippet:-1","max-image-preview":"max-image-preview:large","max-video-preview":"max-video-preview:-1"},"canonical":"https:\/\/vog.com.tn\/?product=pantalon-jean-blanc-137510","og_locale":"fr_FR","og_type":"article","og_title":"Pantalons Femme en ligne\u2502VOG pr\u00eat \u00e0 porter Tunisie","og_description":"VOG est une cha\u00eene de boutiques de pr\u00eat \u00e0 porter \u00e0 Bizerte, Tunisie, sp\u00e9cialis\u00e9e dans la vente en ligne de v\u00eatements, chaussures et sacs\u2026 pour femme et homme.","og_url":"https:\/\/vog.com.tn\/?product=pantalon-jean-blanc-137510","og_site_name":"Vog Tunisie","article_modified_time":"2025-05-17T09:32:39+00:00","og_image":[{"width":1368,"height":2048,"url":"https:\/\/vog.com.tn\/wp-content\/uploads\/2022\/08\/137510-blanc-0.jpg","type":"image\/jpeg"}],"twitter_card":"summary_large_image","twitter_misc":{"Dur\u00e9e de lecture estim\u00e9e":"1 minute"},"schema":{"@context":"https:\/\/schema.org","@graph":[{"@type":"WebPage","@id":"https:\/\/vog.com.tn\/?product=pantalon-jean-blanc-137510","url":"https:\/\/vog.com.tn\/?product=pantalon-jean-blanc-137510","name":"Pantalons Femme en ligne\u2502VOG pr\u00eat \u00e0 porter Tunisie","isPartOf":{"@id":"https:\/\/vog.com.tn\/#website"},"primaryImageOfPage":{"@id":"https:\/\/vog.com.tn\/?product=pantalon-jean-blanc-137510#primaryimage"},"image":{"@id":"https:\/\/vog.com.tn\/?product=pantalon-jean-blanc-137510#primaryimage"},"thumbnailUrl":"https:\/\/vog.com.tn\/wp-content\/uploads\/2022\/08\/137510-blanc-0.jpg","datePublished":"2022-08-22T14:50:36+00:00","dateModified":"2025-05-17T09:32:39+00:00","description":"VOG est une cha\u00eene de boutiques de pr\u00eat \u00e0 porter \u00e0 Bizerte, Tunisie, sp\u00e9cialis\u00e9e dans la vente en ligne de v\u00eatements, chaussures et sacs\u2026 pour femme et homme.","breadcrumb":{"@id":"https:\/\/vog.com.tn\/?product=pantalon-jean-blanc-137510#breadcrumb"},"inLanguage":"fr-FR","potentialAction":[{"@type":"ReadAction","target":["https:\/\/vog.com.tn\/?product=pantalon-jean-blanc-137510"]}]},{"@type":"ImageObject","inLanguage":"fr-FR","@id":"https:\/\/vog.com.tn\/?product=pantalon-jean-blanc-137510#primaryimage","url":"https:\/\/vog.com.tn\/wp-content\/uploads\/2022\/08\/137510-blanc-0.jpg","contentUrl":"https:\/\/vog.com.tn\/wp-content\/uploads\/2022\/08\/137510-blanc-0.jpg","width":1368,"height":2048},{"@type":"BreadcrumbList","@id":"https:\/\/vog.com.tn\/?product=pantalon-jean-blanc-137510#breadcrumb","itemListElement":[{"@type":"ListItem","position":1,"name":"Home","item":"https:\/\/vog.com.tn\/"},{"@type":"ListItem","position":2,"name":"Produits","item":"https:\/\/vog.com.tn\/?page_id=8"},{"@type":"ListItem","position":3,"name":"Pantalon Jean &#8211; 137555 \u2013 VOG"}]},{"@type":"WebSite","@id":"https:\/\/vog.com.tn\/#website","url":"https:\/\/vog.com.tn\/","name":"Vog Tunisie","description":"Pr\u00eat-\u00e0-porter","potentialAction":[{"@type":"SearchAction","target":{"@type":"EntryPoint","urlTemplate":"https:\/\/vog.com.tn\/?s={search_term_string}"},"query-input":{"@type":"PropertyValueSpecification","valueRequired":true,"valueName":"search_term_string"}}],"inLanguage":"fr-FR"}]}},"_links":{"self":[{"href":"https:\/\/vog.com.tn\/index.php?rest_route=\/wp\/v2\/product\/45817","targetHints":{"allow":["GET"]}}],"collection":[{"href":"https:\/\/vog.com.tn\/index.php?rest_route=\/wp\/v2\/product"}],"about":[{"href":"https:\/\/vog.com.tn\/index.php?rest_route=\/wp\/v2\/types\/product"}],"wp:featuredmedia":[{"embeddable":true,"href":"https:\/\/vog.com.tn\/index.php?rest_route=\/wp\/v2\/media\/45820"}],"wp:attachment":[{"href":"https:\/\/vog.com.tn\/index.php?rest_route=%2Fwp%2Fv2%2Fmedia&parent=45817"}],"wp:term":[{"taxonomy":"product_brand","embeddable":true,"href":"https:\/\/vog.com.tn\/index.php?rest_route=%2Fwp%2Fv2%2Fproduct_brand&post=45817"},{"taxonomy":"product_cat","embeddable":true,"href":"https:\/\/vog.com.tn\/index.php?rest_route=%2Fwp%2Fv2%2Fproduct_cat&post=45817"},{"taxonomy":"product_tag","embeddable":true,"href":"https:\/\/vog.com.tn\/index.php?rest_route=%2Fwp%2Fv2%2Fproduct_tag&post=45817"}],"curies":[{"name":"wp","href":"https:\/\/api.w.org\/{rel}","templated":true}]}}