{"id":47103,"date":"2022-10-05T17:08:20","date_gmt":"2022-10-05T15:08:20","guid":{"rendered":"https:\/\/vog.com.tn\/?post_type=product&#038;p=47103"},"modified":"2026-04-18T15:49:42","modified_gmt":"2026-04-18T13:49:42","slug":"escarpins-simili-cuir-gold-142455","status":"publish","type":"product","link":"https:\/\/vog.com.tn\/?product=escarpins-simili-cuir-gold-142455","title":{"rendered":"Escarpins &#8211; Simili cuir &#8211; 142455"},"content":{"rendered":"<p>Pour l&rsquo;\u00e9t\u00e9 et les belles soir\u00e9es, habill\u00e9es vos pieds avec ces Escarpins f\u00e9minines, souples, confortables et facile \u00e0 porter avec une coupe originale et \u00e9l\u00e9gante. L\u2019escarpin reste une source d&rsquo;inspiration intarissable chez les cr\u00e9ateurs de mode. Des plus prestigieuses maisons aux marques accessibles, la chaussure embl\u00e9matique se d\u00e9cline avec autant de cr\u00e9ativit\u00e9 que de justesse pour une silhouette toujours plus \u00e9l\u00e9gante.<\/p>\n","protected":false},"excerpt":{"rendered":"<ul>\n<li>Escarpins ouvertes en simili daim.<\/li>\n<li>Bride ajustable \u00e0 la cheville.<\/li>\n<li>bout pointu.<\/li>\n<li>Devant de la chaussure \u00e0 paillettes.<\/li>\n<li>Hauteur du talon : 9,5 cm.<\/li>\n<li>Couleur : Gold , Silver , Noir , Bronze<\/li>\n<\/ul>\n<p>&nbsp;<\/p>\n","protected":false},"featured_media":47104,"template":"","meta":[],"product_brand":[],"product_cat":[96,131,137],"product_tag":[],"class_list":{"0":"post-47103","1":"product","2":"type-product","3":"status-publish","4":"has-post-thumbnail","6":"product_cat-chaussures-femme","7":"product_cat-escarpins-femme","8":"product_cat-mode-femme","9":"pa_couleurs-bronze","10":"pa_couleurs-gold","11":"pa_couleurs-noir","12":"pa_couleurs-silver","13":"pa_pointure-105","14":"pa_pointure-106","15":"pa_pointure-107","16":"pa_pointure-108","17":"pa_pointure-109","18":"pa_pointure-110","21":"first","22":"instock","23":"sale","24":"taxable","25":"shipping-taxable","26":"purchasable","27":"product-type-variable"},"yoast_head":"<!-- This site is optimized with the Yoast SEO plugin v27.5 - https:\/\/yoast.com\/product\/yoast-seo-wordpress\/ -->\n<title>Escarpins - Simili cuir - 142455 - Vog Tunisie<\/title>\n<meta name=\"robots\" content=\"index, follow, max-snippet:-1, max-image-preview:large, max-video-preview:-1\" \/>\n<link rel=\"canonical\" href=\"https:\/\/vog.com.tn\/?product=escarpins-simili-cuir-gold-142455\" \/>\n<meta property=\"og:locale\" content=\"fr_FR\" \/>\n<meta property=\"og:type\" content=\"article\" \/>\n<meta property=\"og:title\" content=\"Escarpins - Simili cuir - 142455 - Vog Tunisie\" \/>\n<meta property=\"og:description\" content=\"Escarpins ouvertes en simili daim.  Bride ajustable \u00e0 la cheville.  bout pointu.  Devant de la chaussure \u00e0 paillettes.  Hauteur du talon : 9,5 cm.  Couleur : Gold , Silver , Noir , Bronze  &nbsp;\" \/>\n<meta property=\"og:url\" content=\"https:\/\/vog.com.tn\/?product=escarpins-simili-cuir-gold-142455\" \/>\n<meta property=\"og:site_name\" content=\"Vog Tunisie\" \/>\n<meta property=\"article:modified_time\" content=\"2026-04-18T13:49:42+00:00\" \/>\n<meta property=\"og:image\" content=\"https:\/\/vog.com.tn\/wp-content\/uploads\/2022\/10\/142455-Gold-2-1.jpg\" \/>\n\t<meta property=\"og:image:width\" content=\"2000\" \/>\n\t<meta property=\"og:image:height\" content=\"1836\" \/>\n\t<meta property=\"og:image:type\" content=\"image\/jpeg\" \/>\n<meta name=\"twitter:card\" content=\"summary_large_image\" \/>\n<meta name=\"twitter:label1\" content=\"Dur\u00e9e de lecture estim\u00e9e\" \/>\n\t<meta name=\"twitter:data1\" content=\"1 minute\" \/>\n<script type=\"application\/ld+json\" class=\"yoast-schema-graph\">{\"@context\":\"https:\\\/\\\/schema.org\",\"@graph\":[{\"@type\":\"WebPage\",\"@id\":\"https:\\\/\\\/vog.com.tn\\\/?product=escarpins-simili-cuir-gold-142455\",\"url\":\"https:\\\/\\\/vog.com.tn\\\/?product=escarpins-simili-cuir-gold-142455\",\"name\":\"Escarpins - Simili cuir - 142455 - Vog Tunisie\",\"isPartOf\":{\"@id\":\"https:\\\/\\\/vog.com.tn\\\/#website\"},\"primaryImageOfPage\":{\"@id\":\"https:\\\/\\\/vog.com.tn\\\/?product=escarpins-simili-cuir-gold-142455#primaryimage\"},\"image\":{\"@id\":\"https:\\\/\\\/vog.com.tn\\\/?product=escarpins-simili-cuir-gold-142455#primaryimage\"},\"thumbnailUrl\":\"https:\\\/\\\/vog.com.tn\\\/wp-content\\\/uploads\\\/2022\\\/10\\\/142455-Gold-2-1.jpg\",\"datePublished\":\"2022-10-05T15:08:20+00:00\",\"dateModified\":\"2026-04-18T13:49:42+00:00\",\"breadcrumb\":{\"@id\":\"https:\\\/\\\/vog.com.tn\\\/?product=escarpins-simili-cuir-gold-142455#breadcrumb\"},\"inLanguage\":\"fr-FR\",\"potentialAction\":[{\"@type\":\"ReadAction\",\"target\":[\"https:\\\/\\\/vog.com.tn\\\/?product=escarpins-simili-cuir-gold-142455\"]}]},{\"@type\":\"ImageObject\",\"inLanguage\":\"fr-FR\",\"@id\":\"https:\\\/\\\/vog.com.tn\\\/?product=escarpins-simili-cuir-gold-142455#primaryimage\",\"url\":\"https:\\\/\\\/vog.com.tn\\\/wp-content\\\/uploads\\\/2022\\\/10\\\/142455-Gold-2-1.jpg\",\"contentUrl\":\"https:\\\/\\\/vog.com.tn\\\/wp-content\\\/uploads\\\/2022\\\/10\\\/142455-Gold-2-1.jpg\",\"width\":2000,\"height\":1836},{\"@type\":\"BreadcrumbList\",\"@id\":\"https:\\\/\\\/vog.com.tn\\\/?product=escarpins-simili-cuir-gold-142455#breadcrumb\",\"itemListElement\":[{\"@type\":\"ListItem\",\"position\":1,\"name\":\"Home\",\"item\":\"https:\\\/\\\/vog.com.tn\\\/\"},{\"@type\":\"ListItem\",\"position\":2,\"name\":\"Produits\",\"item\":\"https:\\\/\\\/vog.com.tn\\\/?page_id=8\"},{\"@type\":\"ListItem\",\"position\":3,\"name\":\"Escarpins &#8211; Simili cuir &#8211; 142455\"}]},{\"@type\":\"WebSite\",\"@id\":\"https:\\\/\\\/vog.com.tn\\\/#website\",\"url\":\"https:\\\/\\\/vog.com.tn\\\/\",\"name\":\"Vog Tunisie\",\"description\":\"Pr\u00eat-\u00e0-porter\",\"potentialAction\":[{\"@type\":\"SearchAction\",\"target\":{\"@type\":\"EntryPoint\",\"urlTemplate\":\"https:\\\/\\\/vog.com.tn\\\/?s={search_term_string}\"},\"query-input\":{\"@type\":\"PropertyValueSpecification\",\"valueRequired\":true,\"valueName\":\"search_term_string\"}}],\"inLanguage\":\"fr-FR\"}]}<\/script>\n<!-- \/ Yoast SEO plugin. -->","yoast_head_json":{"title":"Escarpins - Simili cuir - 142455 - Vog Tunisie","robots":{"index":"index","follow":"follow","max-snippet":"max-snippet:-1","max-image-preview":"max-image-preview:large","max-video-preview":"max-video-preview:-1"},"canonical":"https:\/\/vog.com.tn\/?product=escarpins-simili-cuir-gold-142455","og_locale":"fr_FR","og_type":"article","og_title":"Escarpins - Simili cuir - 142455 - Vog Tunisie","og_description":"Escarpins ouvertes en simili daim.  Bride ajustable \u00e0 la cheville.  bout pointu.  Devant de la chaussure \u00e0 paillettes.  Hauteur du talon : 9,5 cm.  Couleur : Gold , Silver , Noir , Bronze  &nbsp;","og_url":"https:\/\/vog.com.tn\/?product=escarpins-simili-cuir-gold-142455","og_site_name":"Vog Tunisie","article_modified_time":"2026-04-18T13:49:42+00:00","og_image":[{"width":2000,"height":1836,"url":"https:\/\/vog.com.tn\/wp-content\/uploads\/2022\/10\/142455-Gold-2-1.jpg","type":"image\/jpeg"}],"twitter_card":"summary_large_image","twitter_misc":{"Dur\u00e9e de lecture estim\u00e9e":"1 minute"},"schema":{"@context":"https:\/\/schema.org","@graph":[{"@type":"WebPage","@id":"https:\/\/vog.com.tn\/?product=escarpins-simili-cuir-gold-142455","url":"https:\/\/vog.com.tn\/?product=escarpins-simili-cuir-gold-142455","name":"Escarpins - Simili cuir - 142455 - Vog Tunisie","isPartOf":{"@id":"https:\/\/vog.com.tn\/#website"},"primaryImageOfPage":{"@id":"https:\/\/vog.com.tn\/?product=escarpins-simili-cuir-gold-142455#primaryimage"},"image":{"@id":"https:\/\/vog.com.tn\/?product=escarpins-simili-cuir-gold-142455#primaryimage"},"thumbnailUrl":"https:\/\/vog.com.tn\/wp-content\/uploads\/2022\/10\/142455-Gold-2-1.jpg","datePublished":"2022-10-05T15:08:20+00:00","dateModified":"2026-04-18T13:49:42+00:00","breadcrumb":{"@id":"https:\/\/vog.com.tn\/?product=escarpins-simili-cuir-gold-142455#breadcrumb"},"inLanguage":"fr-FR","potentialAction":[{"@type":"ReadAction","target":["https:\/\/vog.com.tn\/?product=escarpins-simili-cuir-gold-142455"]}]},{"@type":"ImageObject","inLanguage":"fr-FR","@id":"https:\/\/vog.com.tn\/?product=escarpins-simili-cuir-gold-142455#primaryimage","url":"https:\/\/vog.com.tn\/wp-content\/uploads\/2022\/10\/142455-Gold-2-1.jpg","contentUrl":"https:\/\/vog.com.tn\/wp-content\/uploads\/2022\/10\/142455-Gold-2-1.jpg","width":2000,"height":1836},{"@type":"BreadcrumbList","@id":"https:\/\/vog.com.tn\/?product=escarpins-simili-cuir-gold-142455#breadcrumb","itemListElement":[{"@type":"ListItem","position":1,"name":"Home","item":"https:\/\/vog.com.tn\/"},{"@type":"ListItem","position":2,"name":"Produits","item":"https:\/\/vog.com.tn\/?page_id=8"},{"@type":"ListItem","position":3,"name":"Escarpins &#8211; Simili cuir &#8211; 142455"}]},{"@type":"WebSite","@id":"https:\/\/vog.com.tn\/#website","url":"https:\/\/vog.com.tn\/","name":"Vog Tunisie","description":"Pr\u00eat-\u00e0-porter","potentialAction":[{"@type":"SearchAction","target":{"@type":"EntryPoint","urlTemplate":"https:\/\/vog.com.tn\/?s={search_term_string}"},"query-input":{"@type":"PropertyValueSpecification","valueRequired":true,"valueName":"search_term_string"}}],"inLanguage":"fr-FR"}]}},"_links":{"self":[{"href":"https:\/\/vog.com.tn\/index.php?rest_route=\/wp\/v2\/product\/47103","targetHints":{"allow":["GET"]}}],"collection":[{"href":"https:\/\/vog.com.tn\/index.php?rest_route=\/wp\/v2\/product"}],"about":[{"href":"https:\/\/vog.com.tn\/index.php?rest_route=\/wp\/v2\/types\/product"}],"wp:featuredmedia":[{"embeddable":true,"href":"https:\/\/vog.com.tn\/index.php?rest_route=\/wp\/v2\/media\/47104"}],"wp:attachment":[{"href":"https:\/\/vog.com.tn\/index.php?rest_route=%2Fwp%2Fv2%2Fmedia&parent=47103"}],"wp:term":[{"taxonomy":"product_brand","embeddable":true,"href":"https:\/\/vog.com.tn\/index.php?rest_route=%2Fwp%2Fv2%2Fproduct_brand&post=47103"},{"taxonomy":"product_cat","embeddable":true,"href":"https:\/\/vog.com.tn\/index.php?rest_route=%2Fwp%2Fv2%2Fproduct_cat&post=47103"},{"taxonomy":"product_tag","embeddable":true,"href":"https:\/\/vog.com.tn\/index.php?rest_route=%2Fwp%2Fv2%2Fproduct_tag&post=47103"}],"curies":[{"name":"wp","href":"https:\/\/api.w.org\/{rel}","templated":true}]}}