{"id":50403,"date":"2022-11-27T15:41:24","date_gmt":"2022-11-27T14:41:24","guid":{"rendered":"https:\/\/vog.com.tn\/?post_type=product&#038;p=50403"},"modified":"2024-03-10T10:11:58","modified_gmt":"2024-03-10T09:11:58","slug":"cache-col-en-laine-noir-195069","status":"publish","type":"product","link":"https:\/\/vog.com.tn\/?product=cache-col-en-laine-noir-195069","title":{"rendered":"Cache-Col &#8211; En Laine Femme &#8211; 195069 &#8211; VOG"},"content":{"rendered":"<p>Vog met en vente en ligne Cache-Col &#8211; En Laine Femme en Tunisie. Accessoire star de nos tenues, le sac \u00e0 main pour femme se d\u00e9cline dans toutes les mati\u00e8res et sur tous les tons. Si on reste attach\u00e9e \u00e0 la noblesse du semi cuir, les marques redoublent de cr\u00e9ativit\u00e9 pour toujours mieux nous surprendre. Classiques ou r\u00e9solument audacieux, les formes et les styles se conjuguent en hommage \u00e0 la f\u00e9minit\u00e9.<\/p>\n","protected":false},"excerpt":{"rendered":"<h2 class=\"vente-lgn-dsc\">Vente en ligne Cache-Col &#8211; En Laine Femme<\/h2>\n<p>\u2022 Echarpe \u00e0 carreaux noir<br \/>\n\u2022 Tendance et confortable<br \/>\n\u2022 Tissu : laine<br \/>\n\u2022 Taille : Unique<br \/>\n\u2022 dimensions 90*180cm<\/p>\n<p>&nbsp;<\/p>\n<p><span style=\"color: #ff0000\"><strong><a style=\"color: #ff0000\" href=\"https:\/\/vog.com.tn\/?s=195069&amp;post_type=product\">Voir les autres couleurs<\/a><\/strong><\/span><\/p>\n","protected":false},"featured_media":70765,"template":"","meta":[],"product_brand":[],"product_cat":[72,262,137],"product_tag":[],"class_list":{"0":"post-50403","1":"product","2":"type-product","3":"status-publish","4":"has-post-thumbnail","6":"product_cat-accessoires-pour-femme","7":"product_cat-cache-col-et-echarpes","8":"product_cat-mode-femme","9":"pa_couleurs-beige","10":"pa_couleurs-camel","11":"pa_couleurs-kaki","12":"pa_couleurs-marine","13":"pa_couleurs-noir","16":"first","17":"outofstock","18":"taxable","19":"shipping-taxable","20":"product-type-variable"},"yoast_head":"<!-- This site is optimized with the Yoast SEO plugin v27.5 - https:\/\/yoast.com\/product\/yoast-seo-wordpress\/ -->\n<title>Vente en ligne accessoires femme Tunisie\u2502VOG pr\u00eat \u00e0 porter Tunisie<\/title>\n<meta name=\"description\" content=\"VOG est une cha\u00eene de boutiques de pr\u00eat \u00e0 porter \u00e0 Bizerte, Tunisie, sp\u00e9cialis\u00e9e dans la vente en ligne de v\u00eatements, chaussures et sacs\u2026 pour femme et homme.\" \/>\n<meta name=\"robots\" content=\"index, follow, max-snippet:-1, max-image-preview:large, max-video-preview:-1\" \/>\n<link rel=\"canonical\" href=\"https:\/\/vog.com.tn\/?product=cache-col-en-laine-noir-195069\" \/>\n<meta property=\"og:locale\" content=\"fr_FR\" \/>\n<meta property=\"og:type\" content=\"article\" \/>\n<meta property=\"og:title\" content=\"Vente en ligne accessoires femme Tunisie\u2502VOG pr\u00eat \u00e0 porter Tunisie\" \/>\n<meta property=\"og:description\" content=\"VOG est une cha\u00eene de boutiques de pr\u00eat \u00e0 porter \u00e0 Bizerte, Tunisie, sp\u00e9cialis\u00e9e dans la vente en ligne de v\u00eatements, chaussures et sacs\u2026 pour femme et homme.\" \/>\n<meta property=\"og:url\" content=\"https:\/\/vog.com.tn\/?product=cache-col-en-laine-noir-195069\" \/>\n<meta property=\"og:site_name\" content=\"Vog Tunisie\" \/>\n<meta property=\"article:modified_time\" content=\"2024-03-10T09:11:58+00:00\" \/>\n<meta property=\"og:image\" content=\"https:\/\/vog.com.tn\/wp-content\/uploads\/2022\/11\/195069-kaki-1-1.jpg\" \/>\n\t<meta property=\"og:image:width\" content=\"1519\" \/>\n\t<meta property=\"og:image:height\" content=\"2000\" \/>\n\t<meta property=\"og:image:type\" content=\"image\/jpeg\" \/>\n<meta name=\"twitter:card\" content=\"summary_large_image\" \/>\n<meta name=\"twitter:label1\" content=\"Dur\u00e9e de lecture estim\u00e9e\" \/>\n\t<meta name=\"twitter:data1\" content=\"1 minute\" \/>\n<script type=\"application\/ld+json\" class=\"yoast-schema-graph\">{\"@context\":\"https:\\\/\\\/schema.org\",\"@graph\":[{\"@type\":\"WebPage\",\"@id\":\"https:\\\/\\\/vog.com.tn\\\/?product=cache-col-en-laine-noir-195069\",\"url\":\"https:\\\/\\\/vog.com.tn\\\/?product=cache-col-en-laine-noir-195069\",\"name\":\"Vente en ligne accessoires femme Tunisie\u2502VOG pr\u00eat \u00e0 porter Tunisie\",\"isPartOf\":{\"@id\":\"https:\\\/\\\/vog.com.tn\\\/#website\"},\"primaryImageOfPage\":{\"@id\":\"https:\\\/\\\/vog.com.tn\\\/?product=cache-col-en-laine-noir-195069#primaryimage\"},\"image\":{\"@id\":\"https:\\\/\\\/vog.com.tn\\\/?product=cache-col-en-laine-noir-195069#primaryimage\"},\"thumbnailUrl\":\"https:\\\/\\\/vog.com.tn\\\/wp-content\\\/uploads\\\/2022\\\/11\\\/195069-kaki-1-1.jpg\",\"datePublished\":\"2022-11-27T14:41:24+00:00\",\"dateModified\":\"2024-03-10T09:11:58+00:00\",\"description\":\"VOG est une cha\u00eene de boutiques de pr\u00eat \u00e0 porter \u00e0 Bizerte, Tunisie, sp\u00e9cialis\u00e9e dans la vente en ligne de v\u00eatements, chaussures et sacs\u2026 pour femme et homme.\",\"breadcrumb\":{\"@id\":\"https:\\\/\\\/vog.com.tn\\\/?product=cache-col-en-laine-noir-195069#breadcrumb\"},\"inLanguage\":\"fr-FR\",\"potentialAction\":[{\"@type\":\"ReadAction\",\"target\":[\"https:\\\/\\\/vog.com.tn\\\/?product=cache-col-en-laine-noir-195069\"]}]},{\"@type\":\"ImageObject\",\"inLanguage\":\"fr-FR\",\"@id\":\"https:\\\/\\\/vog.com.tn\\\/?product=cache-col-en-laine-noir-195069#primaryimage\",\"url\":\"https:\\\/\\\/vog.com.tn\\\/wp-content\\\/uploads\\\/2022\\\/11\\\/195069-kaki-1-1.jpg\",\"contentUrl\":\"https:\\\/\\\/vog.com.tn\\\/wp-content\\\/uploads\\\/2022\\\/11\\\/195069-kaki-1-1.jpg\",\"width\":1519,\"height\":2000},{\"@type\":\"BreadcrumbList\",\"@id\":\"https:\\\/\\\/vog.com.tn\\\/?product=cache-col-en-laine-noir-195069#breadcrumb\",\"itemListElement\":[{\"@type\":\"ListItem\",\"position\":1,\"name\":\"Home\",\"item\":\"https:\\\/\\\/vog.com.tn\\\/\"},{\"@type\":\"ListItem\",\"position\":2,\"name\":\"Produits\",\"item\":\"https:\\\/\\\/vog.com.tn\\\/?page_id=8\"},{\"@type\":\"ListItem\",\"position\":3,\"name\":\"Cache-Col &#8211; En Laine Femme &#8211; 195069 &#8211; VOG\"}]},{\"@type\":\"WebSite\",\"@id\":\"https:\\\/\\\/vog.com.tn\\\/#website\",\"url\":\"https:\\\/\\\/vog.com.tn\\\/\",\"name\":\"Vog Tunisie\",\"description\":\"Pr\u00eat-\u00e0-porter\",\"potentialAction\":[{\"@type\":\"SearchAction\",\"target\":{\"@type\":\"EntryPoint\",\"urlTemplate\":\"https:\\\/\\\/vog.com.tn\\\/?s={search_term_string}\"},\"query-input\":{\"@type\":\"PropertyValueSpecification\",\"valueRequired\":true,\"valueName\":\"search_term_string\"}}],\"inLanguage\":\"fr-FR\"}]}<\/script>\n<!-- \/ Yoast SEO plugin. -->","yoast_head_json":{"title":"Vente en ligne accessoires femme Tunisie\u2502VOG pr\u00eat \u00e0 porter Tunisie","description":"VOG est une cha\u00eene de boutiques de pr\u00eat \u00e0 porter \u00e0 Bizerte, Tunisie, sp\u00e9cialis\u00e9e dans la vente en ligne de v\u00eatements, chaussures et sacs\u2026 pour femme et homme.","robots":{"index":"index","follow":"follow","max-snippet":"max-snippet:-1","max-image-preview":"max-image-preview:large","max-video-preview":"max-video-preview:-1"},"canonical":"https:\/\/vog.com.tn\/?product=cache-col-en-laine-noir-195069","og_locale":"fr_FR","og_type":"article","og_title":"Vente en ligne accessoires femme Tunisie\u2502VOG pr\u00eat \u00e0 porter Tunisie","og_description":"VOG est une cha\u00eene de boutiques de pr\u00eat \u00e0 porter \u00e0 Bizerte, Tunisie, sp\u00e9cialis\u00e9e dans la vente en ligne de v\u00eatements, chaussures et sacs\u2026 pour femme et homme.","og_url":"https:\/\/vog.com.tn\/?product=cache-col-en-laine-noir-195069","og_site_name":"Vog Tunisie","article_modified_time":"2024-03-10T09:11:58+00:00","og_image":[{"width":1519,"height":2000,"url":"https:\/\/vog.com.tn\/wp-content\/uploads\/2022\/11\/195069-kaki-1-1.jpg","type":"image\/jpeg"}],"twitter_card":"summary_large_image","twitter_misc":{"Dur\u00e9e de lecture estim\u00e9e":"1 minute"},"schema":{"@context":"https:\/\/schema.org","@graph":[{"@type":"WebPage","@id":"https:\/\/vog.com.tn\/?product=cache-col-en-laine-noir-195069","url":"https:\/\/vog.com.tn\/?product=cache-col-en-laine-noir-195069","name":"Vente en ligne accessoires femme Tunisie\u2502VOG pr\u00eat \u00e0 porter Tunisie","isPartOf":{"@id":"https:\/\/vog.com.tn\/#website"},"primaryImageOfPage":{"@id":"https:\/\/vog.com.tn\/?product=cache-col-en-laine-noir-195069#primaryimage"},"image":{"@id":"https:\/\/vog.com.tn\/?product=cache-col-en-laine-noir-195069#primaryimage"},"thumbnailUrl":"https:\/\/vog.com.tn\/wp-content\/uploads\/2022\/11\/195069-kaki-1-1.jpg","datePublished":"2022-11-27T14:41:24+00:00","dateModified":"2024-03-10T09:11:58+00:00","description":"VOG est une cha\u00eene de boutiques de pr\u00eat \u00e0 porter \u00e0 Bizerte, Tunisie, sp\u00e9cialis\u00e9e dans la vente en ligne de v\u00eatements, chaussures et sacs\u2026 pour femme et homme.","breadcrumb":{"@id":"https:\/\/vog.com.tn\/?product=cache-col-en-laine-noir-195069#breadcrumb"},"inLanguage":"fr-FR","potentialAction":[{"@type":"ReadAction","target":["https:\/\/vog.com.tn\/?product=cache-col-en-laine-noir-195069"]}]},{"@type":"ImageObject","inLanguage":"fr-FR","@id":"https:\/\/vog.com.tn\/?product=cache-col-en-laine-noir-195069#primaryimage","url":"https:\/\/vog.com.tn\/wp-content\/uploads\/2022\/11\/195069-kaki-1-1.jpg","contentUrl":"https:\/\/vog.com.tn\/wp-content\/uploads\/2022\/11\/195069-kaki-1-1.jpg","width":1519,"height":2000},{"@type":"BreadcrumbList","@id":"https:\/\/vog.com.tn\/?product=cache-col-en-laine-noir-195069#breadcrumb","itemListElement":[{"@type":"ListItem","position":1,"name":"Home","item":"https:\/\/vog.com.tn\/"},{"@type":"ListItem","position":2,"name":"Produits","item":"https:\/\/vog.com.tn\/?page_id=8"},{"@type":"ListItem","position":3,"name":"Cache-Col &#8211; En Laine Femme &#8211; 195069 &#8211; VOG"}]},{"@type":"WebSite","@id":"https:\/\/vog.com.tn\/#website","url":"https:\/\/vog.com.tn\/","name":"Vog Tunisie","description":"Pr\u00eat-\u00e0-porter","potentialAction":[{"@type":"SearchAction","target":{"@type":"EntryPoint","urlTemplate":"https:\/\/vog.com.tn\/?s={search_term_string}"},"query-input":{"@type":"PropertyValueSpecification","valueRequired":true,"valueName":"search_term_string"}}],"inLanguage":"fr-FR"}]}},"_links":{"self":[{"href":"https:\/\/vog.com.tn\/index.php?rest_route=\/wp\/v2\/product\/50403","targetHints":{"allow":["GET"]}}],"collection":[{"href":"https:\/\/vog.com.tn\/index.php?rest_route=\/wp\/v2\/product"}],"about":[{"href":"https:\/\/vog.com.tn\/index.php?rest_route=\/wp\/v2\/types\/product"}],"wp:featuredmedia":[{"embeddable":true,"href":"https:\/\/vog.com.tn\/index.php?rest_route=\/wp\/v2\/media\/70765"}],"wp:attachment":[{"href":"https:\/\/vog.com.tn\/index.php?rest_route=%2Fwp%2Fv2%2Fmedia&parent=50403"}],"wp:term":[{"taxonomy":"product_brand","embeddable":true,"href":"https:\/\/vog.com.tn\/index.php?rest_route=%2Fwp%2Fv2%2Fproduct_brand&post=50403"},{"taxonomy":"product_cat","embeddable":true,"href":"https:\/\/vog.com.tn\/index.php?rest_route=%2Fwp%2Fv2%2Fproduct_cat&post=50403"},{"taxonomy":"product_tag","embeddable":true,"href":"https:\/\/vog.com.tn\/index.php?rest_route=%2Fwp%2Fv2%2Fproduct_tag&post=50403"}],"curies":[{"name":"wp","href":"https:\/\/api.w.org\/{rel}","templated":true}]}}