{"id":50768,"date":"2022-12-04T12:10:59","date_gmt":"2022-12-04T11:10:59","guid":{"rendered":"https:\/\/vog.com.tn\/?post_type=product&#038;p=50768"},"modified":"2025-09-19T16:07:29","modified_gmt":"2025-09-19T14:07:29","slug":"sous-vetement-rose-44075","status":"publish","type":"product","link":"https:\/\/vog.com.tn\/?product=sous-vetement-rose-44075","title":{"rendered":"Sous V\u00eatement &#8211; 44075 &#8211; VOG"},"content":{"rendered":"<p>Un concentr\u00e9 de mode, un savoir-faire de corsetier unique pour des dessous qui prennent le dessus ! Des soutiens-gorge, aux culottes, en passant par les bodys : de la lingerie pour tous les jours ou de la\u00a0lingerie d\u2019exception!<\/p>\n","protected":false},"excerpt":{"rendered":"<ul>\n<li>Ensemble deux pi\u00e8ces comprenant :<\/li>\n<li>un soutien-gorge Padd\u00e9 avec armarture<\/li>\n<li>Bretelles,r\u00e9glables et amovibles<\/li>\n<li>Dentelle avec motifs fleuris sous les bonnets<\/li>\n<li>Superposition de mati\u00e8res contrastantes<\/li>\n<li>Petits noeuds d\u00e9coratif devant.<\/li>\n<li>fermeture par agrafes sur le dos<\/li>\n<li>Effet de transparence<\/li>\n<li>Tanga tout en dentelle et petit noeud d\u00e9coratif \u00e0 la taille<\/li>\n<li>Mati\u00e8re :90% polyamide et 10% \u00e9lasthanne<\/li>\n<li>Entretien :lavage<\/li>\n<li>Attention:\u00a0pour des raisons d\u2019hygi\u00e8ne, les produits de la cat\u00e9gorie lingerie ne peuvent pas faire l\u2019objet d\u2019un \u00e9change ou d\u2019un remboursement.<\/li>\n<\/ul>\n","protected":false},"featured_media":50769,"template":"","meta":[],"product_brand":[],"product_cat":[74,15,137],"product_tag":[],"class_list":{"0":"post-50768","1":"product","2":"type-product","3":"status-publish","4":"has-post-thumbnail","6":"product_cat-ensembles-lingerie-femme","7":"product_cat-lingerie","8":"product_cat-mode-femme","9":"pa_couleurs-blanc","10":"pa_couleurs-bleu","11":"pa_couleurs-noir","12":"pa_couleurs-rose","13":"pa_couleurs-vert","14":"pa_taille-100c","15":"pa_taille-85b","16":"pa_taille-85c","17":"pa_taille-90b","18":"pa_taille-90c","19":"pa_taille-95b","20":"pa_taille-95c","23":"first","24":"instock","25":"taxable","26":"shipping-taxable","27":"purchasable","28":"product-type-variable"},"yoast_head":"<!-- This site is optimized with the Yoast SEO plugin v27.5 - https:\/\/yoast.com\/product\/yoast-seo-wordpress\/ -->\n<title>Sous V\u00eatement - 44075 - VOG - Vog Tunisie<\/title>\n<meta name=\"robots\" content=\"index, follow, max-snippet:-1, max-image-preview:large, max-video-preview:-1\" \/>\n<link rel=\"canonical\" href=\"https:\/\/vog.com.tn\/?product=sous-vetement-rose-44075\" \/>\n<meta property=\"og:locale\" content=\"fr_FR\" \/>\n<meta property=\"og:type\" content=\"article\" \/>\n<meta property=\"og:title\" content=\"Sous V\u00eatement - 44075 - VOG - Vog Tunisie\" \/>\n<meta property=\"og:description\" content=\"Ensemble deux pi\u00e8ces comprenant :  un soutien-gorge Padd\u00e9 avec armarture  Bretelles,r\u00e9glables et amovibles  Dentelle avec motifs fleuris sous les bonnets  Superposition de mati\u00e8res contrastantes  Petits noeuds d\u00e9coratif devant.  fermeture par agrafes sur le dos  Effet de transparence  Tanga tout en dentelle et petit noeud d\u00e9coratif \u00e0 la taille  Mati\u00e8re :90% polyamide et 10% \u00e9lasthanne  Entretien :lavage  Attention:\u00a0pour des raisons d\u2019hygi\u00e8ne, les produits de la cat\u00e9gorie lingerie ne peuvent pas faire l\u2019objet d\u2019un \u00e9change ou d\u2019un remboursement.\" \/>\n<meta property=\"og:url\" content=\"https:\/\/vog.com.tn\/?product=sous-vetement-rose-44075\" \/>\n<meta property=\"og:site_name\" content=\"Vog Tunisie\" \/>\n<meta property=\"article:modified_time\" content=\"2025-09-19T14:07:29+00:00\" \/>\n<meta property=\"og:image\" content=\"https:\/\/vog.com.tn\/wp-content\/uploads\/2022\/12\/44075-Rose-1.jpg\" \/>\n\t<meta property=\"og:image:width\" content=\"505\" \/>\n\t<meta property=\"og:image:height\" content=\"757\" \/>\n\t<meta property=\"og:image:type\" content=\"image\/jpeg\" \/>\n<meta name=\"twitter:card\" content=\"summary_large_image\" \/>\n<meta name=\"twitter:label1\" content=\"Dur\u00e9e de lecture estim\u00e9e\" \/>\n\t<meta name=\"twitter:data1\" content=\"1 minute\" \/>\n<script type=\"application\/ld+json\" class=\"yoast-schema-graph\">{\"@context\":\"https:\\\/\\\/schema.org\",\"@graph\":[{\"@type\":\"WebPage\",\"@id\":\"https:\\\/\\\/vog.com.tn\\\/?product=sous-vetement-rose-44075\",\"url\":\"https:\\\/\\\/vog.com.tn\\\/?product=sous-vetement-rose-44075\",\"name\":\"Sous V\u00eatement - 44075 - VOG - Vog Tunisie\",\"isPartOf\":{\"@id\":\"https:\\\/\\\/vog.com.tn\\\/#website\"},\"primaryImageOfPage\":{\"@id\":\"https:\\\/\\\/vog.com.tn\\\/?product=sous-vetement-rose-44075#primaryimage\"},\"image\":{\"@id\":\"https:\\\/\\\/vog.com.tn\\\/?product=sous-vetement-rose-44075#primaryimage\"},\"thumbnailUrl\":\"https:\\\/\\\/vog.com.tn\\\/wp-content\\\/uploads\\\/2022\\\/12\\\/44075-Rose-1.jpg\",\"datePublished\":\"2022-12-04T11:10:59+00:00\",\"dateModified\":\"2025-09-19T14:07:29+00:00\",\"breadcrumb\":{\"@id\":\"https:\\\/\\\/vog.com.tn\\\/?product=sous-vetement-rose-44075#breadcrumb\"},\"inLanguage\":\"fr-FR\",\"potentialAction\":[{\"@type\":\"ReadAction\",\"target\":[\"https:\\\/\\\/vog.com.tn\\\/?product=sous-vetement-rose-44075\"]}]},{\"@type\":\"ImageObject\",\"inLanguage\":\"fr-FR\",\"@id\":\"https:\\\/\\\/vog.com.tn\\\/?product=sous-vetement-rose-44075#primaryimage\",\"url\":\"https:\\\/\\\/vog.com.tn\\\/wp-content\\\/uploads\\\/2022\\\/12\\\/44075-Rose-1.jpg\",\"contentUrl\":\"https:\\\/\\\/vog.com.tn\\\/wp-content\\\/uploads\\\/2022\\\/12\\\/44075-Rose-1.jpg\",\"width\":505,\"height\":757},{\"@type\":\"BreadcrumbList\",\"@id\":\"https:\\\/\\\/vog.com.tn\\\/?product=sous-vetement-rose-44075#breadcrumb\",\"itemListElement\":[{\"@type\":\"ListItem\",\"position\":1,\"name\":\"Home\",\"item\":\"https:\\\/\\\/vog.com.tn\\\/\"},{\"@type\":\"ListItem\",\"position\":2,\"name\":\"Produits\",\"item\":\"https:\\\/\\\/vog.com.tn\\\/?page_id=8\"},{\"@type\":\"ListItem\",\"position\":3,\"name\":\"Sous V\u00eatement &#8211; 44075 &#8211; VOG\"}]},{\"@type\":\"WebSite\",\"@id\":\"https:\\\/\\\/vog.com.tn\\\/#website\",\"url\":\"https:\\\/\\\/vog.com.tn\\\/\",\"name\":\"Vog Tunisie\",\"description\":\"Pr\u00eat-\u00e0-porter\",\"potentialAction\":[{\"@type\":\"SearchAction\",\"target\":{\"@type\":\"EntryPoint\",\"urlTemplate\":\"https:\\\/\\\/vog.com.tn\\\/?s={search_term_string}\"},\"query-input\":{\"@type\":\"PropertyValueSpecification\",\"valueRequired\":true,\"valueName\":\"search_term_string\"}}],\"inLanguage\":\"fr-FR\"}]}<\/script>\n<!-- \/ Yoast SEO plugin. -->","yoast_head_json":{"title":"Sous V\u00eatement - 44075 - VOG - Vog Tunisie","robots":{"index":"index","follow":"follow","max-snippet":"max-snippet:-1","max-image-preview":"max-image-preview:large","max-video-preview":"max-video-preview:-1"},"canonical":"https:\/\/vog.com.tn\/?product=sous-vetement-rose-44075","og_locale":"fr_FR","og_type":"article","og_title":"Sous V\u00eatement - 44075 - VOG - Vog Tunisie","og_description":"Ensemble deux pi\u00e8ces comprenant :  un soutien-gorge Padd\u00e9 avec armarture  Bretelles,r\u00e9glables et amovibles  Dentelle avec motifs fleuris sous les bonnets  Superposition de mati\u00e8res contrastantes  Petits noeuds d\u00e9coratif devant.  fermeture par agrafes sur le dos  Effet de transparence  Tanga tout en dentelle et petit noeud d\u00e9coratif \u00e0 la taille  Mati\u00e8re :90% polyamide et 10% \u00e9lasthanne  Entretien :lavage  Attention:\u00a0pour des raisons d\u2019hygi\u00e8ne, les produits de la cat\u00e9gorie lingerie ne peuvent pas faire l\u2019objet d\u2019un \u00e9change ou d\u2019un remboursement.","og_url":"https:\/\/vog.com.tn\/?product=sous-vetement-rose-44075","og_site_name":"Vog Tunisie","article_modified_time":"2025-09-19T14:07:29+00:00","og_image":[{"width":505,"height":757,"url":"https:\/\/vog.com.tn\/wp-content\/uploads\/2022\/12\/44075-Rose-1.jpg","type":"image\/jpeg"}],"twitter_card":"summary_large_image","twitter_misc":{"Dur\u00e9e de lecture estim\u00e9e":"1 minute"},"schema":{"@context":"https:\/\/schema.org","@graph":[{"@type":"WebPage","@id":"https:\/\/vog.com.tn\/?product=sous-vetement-rose-44075","url":"https:\/\/vog.com.tn\/?product=sous-vetement-rose-44075","name":"Sous V\u00eatement - 44075 - VOG - Vog Tunisie","isPartOf":{"@id":"https:\/\/vog.com.tn\/#website"},"primaryImageOfPage":{"@id":"https:\/\/vog.com.tn\/?product=sous-vetement-rose-44075#primaryimage"},"image":{"@id":"https:\/\/vog.com.tn\/?product=sous-vetement-rose-44075#primaryimage"},"thumbnailUrl":"https:\/\/vog.com.tn\/wp-content\/uploads\/2022\/12\/44075-Rose-1.jpg","datePublished":"2022-12-04T11:10:59+00:00","dateModified":"2025-09-19T14:07:29+00:00","breadcrumb":{"@id":"https:\/\/vog.com.tn\/?product=sous-vetement-rose-44075#breadcrumb"},"inLanguage":"fr-FR","potentialAction":[{"@type":"ReadAction","target":["https:\/\/vog.com.tn\/?product=sous-vetement-rose-44075"]}]},{"@type":"ImageObject","inLanguage":"fr-FR","@id":"https:\/\/vog.com.tn\/?product=sous-vetement-rose-44075#primaryimage","url":"https:\/\/vog.com.tn\/wp-content\/uploads\/2022\/12\/44075-Rose-1.jpg","contentUrl":"https:\/\/vog.com.tn\/wp-content\/uploads\/2022\/12\/44075-Rose-1.jpg","width":505,"height":757},{"@type":"BreadcrumbList","@id":"https:\/\/vog.com.tn\/?product=sous-vetement-rose-44075#breadcrumb","itemListElement":[{"@type":"ListItem","position":1,"name":"Home","item":"https:\/\/vog.com.tn\/"},{"@type":"ListItem","position":2,"name":"Produits","item":"https:\/\/vog.com.tn\/?page_id=8"},{"@type":"ListItem","position":3,"name":"Sous V\u00eatement &#8211; 44075 &#8211; VOG"}]},{"@type":"WebSite","@id":"https:\/\/vog.com.tn\/#website","url":"https:\/\/vog.com.tn\/","name":"Vog Tunisie","description":"Pr\u00eat-\u00e0-porter","potentialAction":[{"@type":"SearchAction","target":{"@type":"EntryPoint","urlTemplate":"https:\/\/vog.com.tn\/?s={search_term_string}"},"query-input":{"@type":"PropertyValueSpecification","valueRequired":true,"valueName":"search_term_string"}}],"inLanguage":"fr-FR"}]}},"_links":{"self":[{"href":"https:\/\/vog.com.tn\/index.php?rest_route=\/wp\/v2\/product\/50768","targetHints":{"allow":["GET"]}}],"collection":[{"href":"https:\/\/vog.com.tn\/index.php?rest_route=\/wp\/v2\/product"}],"about":[{"href":"https:\/\/vog.com.tn\/index.php?rest_route=\/wp\/v2\/types\/product"}],"wp:featuredmedia":[{"embeddable":true,"href":"https:\/\/vog.com.tn\/index.php?rest_route=\/wp\/v2\/media\/50769"}],"wp:attachment":[{"href":"https:\/\/vog.com.tn\/index.php?rest_route=%2Fwp%2Fv2%2Fmedia&parent=50768"}],"wp:term":[{"taxonomy":"product_brand","embeddable":true,"href":"https:\/\/vog.com.tn\/index.php?rest_route=%2Fwp%2Fv2%2Fproduct_brand&post=50768"},{"taxonomy":"product_cat","embeddable":true,"href":"https:\/\/vog.com.tn\/index.php?rest_route=%2Fwp%2Fv2%2Fproduct_cat&post=50768"},{"taxonomy":"product_tag","embeddable":true,"href":"https:\/\/vog.com.tn\/index.php?rest_route=%2Fwp%2Fv2%2Fproduct_tag&post=50768"}],"curies":[{"name":"wp","href":"https:\/\/api.w.org\/{rel}","templated":true}]}}