{"id":50909,"date":"2022-12-04T15:01:31","date_gmt":"2022-12-04T14:01:31","guid":{"rendered":"https:\/\/vog.com.tn\/?post_type=product&#038;p=50909"},"modified":"2026-04-10T12:11:30","modified_gmt":"2026-04-10T10:11:30","slug":"sous-vetement-ecru-44091","status":"publish","type":"product","link":"https:\/\/vog.com.tn\/?product=sous-vetement-ecru-44091","title":{"rendered":"Sous V\u00eatement &#8211; Ecru &#8211; 44091 &#8211; VOG"},"content":{"rendered":"<p>Un concentr\u00e9 de mode, un savoir-faire de corsetier unique pour des dessous qui prennent le dessus ! Des soutiens-gorge, aux culottes, en passant par les bodys : de la lingerie pour tous les jours ou de la\u00a0lingerie d\u2019exception!<\/p>\n","protected":false},"excerpt":{"rendered":"<ul>\n<li>Ensemble 2 pi\u00e8ces :<\/li>\n<li>Tout dentelle padde avec armatures n\u0153ud satin\u00e9 d\u00e9coratif \u00e0 l&rsquo;entrebonnet<\/li>\n<li>Bretelles r\u00e9glables<\/li>\n<li>Fermeture au dos par agrafes<\/li>\n<li>Un tanga dentelle n\u0153ud satin\u00e9 d\u00e9coratif \u00e0 l&rsquo;avant fond double<\/li>\n<li><span style=\"color: #ff0000;\">Attention<\/span>:\u00a0pour des raisons d\u2019hygi\u00e8ne, les produits de la cat\u00e9gorie lingerie ne peuvent pas faire l\u2019objet d\u2019un \u00e9change ou d\u2019un remboursement.<\/li>\n<\/ul>\n","protected":false},"featured_media":50910,"template":"","meta":[],"product_brand":[],"product_cat":[74,15,137],"product_tag":[],"class_list":{"0":"post-50909","1":"product","2":"type-product","3":"status-publish","4":"has-post-thumbnail","6":"product_cat-ensembles-lingerie-femme","7":"product_cat-lingerie","8":"product_cat-mode-femme","9":"pa_couleurs-ecru","10":"pa_taille-100c","11":"pa_taille-85b","12":"pa_taille-85c","13":"pa_taille-90b","14":"pa_taille-90c","15":"pa_taille-95b","16":"pa_taille-95c","19":"first","20":"outofstock","21":"taxable","22":"shipping-taxable","23":"product-type-variable"},"yoast_head":"<!-- This site is optimized with the Yoast SEO plugin v27.5 - https:\/\/yoast.com\/product\/yoast-seo-wordpress\/ -->\n<title>Sous V\u00eatement - Ecru - 44091 - VOG - Vog Tunisie<\/title>\n<meta name=\"robots\" content=\"index, follow, max-snippet:-1, max-image-preview:large, max-video-preview:-1\" \/>\n<link rel=\"canonical\" href=\"https:\/\/vog.com.tn\/?product=sous-vetement-ecru-44091\" \/>\n<meta property=\"og:locale\" content=\"fr_FR\" \/>\n<meta property=\"og:type\" content=\"article\" \/>\n<meta property=\"og:title\" content=\"Sous V\u00eatement - Ecru - 44091 - VOG - Vog Tunisie\" \/>\n<meta property=\"og:description\" content=\"Ensemble 2 pi\u00e8ces :  Tout dentelle padde avec armatures n\u0153ud satin\u00e9 d\u00e9coratif \u00e0 l&#039;entrebonnet  Bretelles r\u00e9glables  Fermeture au dos par agrafes  Un tanga dentelle n\u0153ud satin\u00e9 d\u00e9coratif \u00e0 l&#039;avant fond double  Attention:\u00a0pour des raisons d\u2019hygi\u00e8ne, les produits de la cat\u00e9gorie lingerie ne peuvent pas faire l\u2019objet d\u2019un \u00e9change ou d\u2019un remboursement.\" \/>\n<meta property=\"og:url\" content=\"https:\/\/vog.com.tn\/?product=sous-vetement-ecru-44091\" \/>\n<meta property=\"og:site_name\" content=\"Vog Tunisie\" \/>\n<meta property=\"article:modified_time\" content=\"2026-04-10T10:11:30+00:00\" \/>\n<meta property=\"og:image\" content=\"https:\/\/vog.com.tn\/wp-content\/uploads\/2022\/12\/44091-Ecru-1.jpg\" \/>\n\t<meta property=\"og:image:width\" content=\"666\" \/>\n\t<meta property=\"og:image:height\" content=\"1000\" \/>\n\t<meta property=\"og:image:type\" content=\"image\/jpeg\" \/>\n<meta name=\"twitter:card\" content=\"summary_large_image\" \/>\n<meta name=\"twitter:label1\" content=\"Dur\u00e9e de lecture estim\u00e9e\" \/>\n\t<meta name=\"twitter:data1\" content=\"1 minute\" \/>\n<script type=\"application\/ld+json\" class=\"yoast-schema-graph\">{\"@context\":\"https:\\\/\\\/schema.org\",\"@graph\":[{\"@type\":\"WebPage\",\"@id\":\"https:\\\/\\\/vog.com.tn\\\/?product=sous-vetement-ecru-44091\",\"url\":\"https:\\\/\\\/vog.com.tn\\\/?product=sous-vetement-ecru-44091\",\"name\":\"Sous V\u00eatement - Ecru - 44091 - VOG - Vog Tunisie\",\"isPartOf\":{\"@id\":\"https:\\\/\\\/vog.com.tn\\\/#website\"},\"primaryImageOfPage\":{\"@id\":\"https:\\\/\\\/vog.com.tn\\\/?product=sous-vetement-ecru-44091#primaryimage\"},\"image\":{\"@id\":\"https:\\\/\\\/vog.com.tn\\\/?product=sous-vetement-ecru-44091#primaryimage\"},\"thumbnailUrl\":\"https:\\\/\\\/vog.com.tn\\\/wp-content\\\/uploads\\\/2022\\\/12\\\/44091-Ecru-1.jpg\",\"datePublished\":\"2022-12-04T14:01:31+00:00\",\"dateModified\":\"2026-04-10T10:11:30+00:00\",\"breadcrumb\":{\"@id\":\"https:\\\/\\\/vog.com.tn\\\/?product=sous-vetement-ecru-44091#breadcrumb\"},\"inLanguage\":\"fr-FR\",\"potentialAction\":[{\"@type\":\"ReadAction\",\"target\":[\"https:\\\/\\\/vog.com.tn\\\/?product=sous-vetement-ecru-44091\"]}]},{\"@type\":\"ImageObject\",\"inLanguage\":\"fr-FR\",\"@id\":\"https:\\\/\\\/vog.com.tn\\\/?product=sous-vetement-ecru-44091#primaryimage\",\"url\":\"https:\\\/\\\/vog.com.tn\\\/wp-content\\\/uploads\\\/2022\\\/12\\\/44091-Ecru-1.jpg\",\"contentUrl\":\"https:\\\/\\\/vog.com.tn\\\/wp-content\\\/uploads\\\/2022\\\/12\\\/44091-Ecru-1.jpg\",\"width\":666,\"height\":1000},{\"@type\":\"BreadcrumbList\",\"@id\":\"https:\\\/\\\/vog.com.tn\\\/?product=sous-vetement-ecru-44091#breadcrumb\",\"itemListElement\":[{\"@type\":\"ListItem\",\"position\":1,\"name\":\"Home\",\"item\":\"https:\\\/\\\/vog.com.tn\\\/\"},{\"@type\":\"ListItem\",\"position\":2,\"name\":\"Produits\",\"item\":\"https:\\\/\\\/vog.com.tn\\\/?page_id=8\"},{\"@type\":\"ListItem\",\"position\":3,\"name\":\"Sous V\u00eatement &#8211; Ecru &#8211; 44091 &#8211; VOG\"}]},{\"@type\":\"WebSite\",\"@id\":\"https:\\\/\\\/vog.com.tn\\\/#website\",\"url\":\"https:\\\/\\\/vog.com.tn\\\/\",\"name\":\"Vog Tunisie\",\"description\":\"Pr\u00eat-\u00e0-porter\",\"potentialAction\":[{\"@type\":\"SearchAction\",\"target\":{\"@type\":\"EntryPoint\",\"urlTemplate\":\"https:\\\/\\\/vog.com.tn\\\/?s={search_term_string}\"},\"query-input\":{\"@type\":\"PropertyValueSpecification\",\"valueRequired\":true,\"valueName\":\"search_term_string\"}}],\"inLanguage\":\"fr-FR\"}]}<\/script>\n<!-- \/ Yoast SEO plugin. -->","yoast_head_json":{"title":"Sous V\u00eatement - Ecru - 44091 - VOG - Vog Tunisie","robots":{"index":"index","follow":"follow","max-snippet":"max-snippet:-1","max-image-preview":"max-image-preview:large","max-video-preview":"max-video-preview:-1"},"canonical":"https:\/\/vog.com.tn\/?product=sous-vetement-ecru-44091","og_locale":"fr_FR","og_type":"article","og_title":"Sous V\u00eatement - Ecru - 44091 - VOG - Vog Tunisie","og_description":"Ensemble 2 pi\u00e8ces :  Tout dentelle padde avec armatures n\u0153ud satin\u00e9 d\u00e9coratif \u00e0 l'entrebonnet  Bretelles r\u00e9glables  Fermeture au dos par agrafes  Un tanga dentelle n\u0153ud satin\u00e9 d\u00e9coratif \u00e0 l'avant fond double  Attention:\u00a0pour des raisons d\u2019hygi\u00e8ne, les produits de la cat\u00e9gorie lingerie ne peuvent pas faire l\u2019objet d\u2019un \u00e9change ou d\u2019un remboursement.","og_url":"https:\/\/vog.com.tn\/?product=sous-vetement-ecru-44091","og_site_name":"Vog Tunisie","article_modified_time":"2026-04-10T10:11:30+00:00","og_image":[{"width":666,"height":1000,"url":"https:\/\/vog.com.tn\/wp-content\/uploads\/2022\/12\/44091-Ecru-1.jpg","type":"image\/jpeg"}],"twitter_card":"summary_large_image","twitter_misc":{"Dur\u00e9e de lecture estim\u00e9e":"1 minute"},"schema":{"@context":"https:\/\/schema.org","@graph":[{"@type":"WebPage","@id":"https:\/\/vog.com.tn\/?product=sous-vetement-ecru-44091","url":"https:\/\/vog.com.tn\/?product=sous-vetement-ecru-44091","name":"Sous V\u00eatement - Ecru - 44091 - VOG - Vog Tunisie","isPartOf":{"@id":"https:\/\/vog.com.tn\/#website"},"primaryImageOfPage":{"@id":"https:\/\/vog.com.tn\/?product=sous-vetement-ecru-44091#primaryimage"},"image":{"@id":"https:\/\/vog.com.tn\/?product=sous-vetement-ecru-44091#primaryimage"},"thumbnailUrl":"https:\/\/vog.com.tn\/wp-content\/uploads\/2022\/12\/44091-Ecru-1.jpg","datePublished":"2022-12-04T14:01:31+00:00","dateModified":"2026-04-10T10:11:30+00:00","breadcrumb":{"@id":"https:\/\/vog.com.tn\/?product=sous-vetement-ecru-44091#breadcrumb"},"inLanguage":"fr-FR","potentialAction":[{"@type":"ReadAction","target":["https:\/\/vog.com.tn\/?product=sous-vetement-ecru-44091"]}]},{"@type":"ImageObject","inLanguage":"fr-FR","@id":"https:\/\/vog.com.tn\/?product=sous-vetement-ecru-44091#primaryimage","url":"https:\/\/vog.com.tn\/wp-content\/uploads\/2022\/12\/44091-Ecru-1.jpg","contentUrl":"https:\/\/vog.com.tn\/wp-content\/uploads\/2022\/12\/44091-Ecru-1.jpg","width":666,"height":1000},{"@type":"BreadcrumbList","@id":"https:\/\/vog.com.tn\/?product=sous-vetement-ecru-44091#breadcrumb","itemListElement":[{"@type":"ListItem","position":1,"name":"Home","item":"https:\/\/vog.com.tn\/"},{"@type":"ListItem","position":2,"name":"Produits","item":"https:\/\/vog.com.tn\/?page_id=8"},{"@type":"ListItem","position":3,"name":"Sous V\u00eatement &#8211; Ecru &#8211; 44091 &#8211; VOG"}]},{"@type":"WebSite","@id":"https:\/\/vog.com.tn\/#website","url":"https:\/\/vog.com.tn\/","name":"Vog Tunisie","description":"Pr\u00eat-\u00e0-porter","potentialAction":[{"@type":"SearchAction","target":{"@type":"EntryPoint","urlTemplate":"https:\/\/vog.com.tn\/?s={search_term_string}"},"query-input":{"@type":"PropertyValueSpecification","valueRequired":true,"valueName":"search_term_string"}}],"inLanguage":"fr-FR"}]}},"_links":{"self":[{"href":"https:\/\/vog.com.tn\/index.php?rest_route=\/wp\/v2\/product\/50909","targetHints":{"allow":["GET"]}}],"collection":[{"href":"https:\/\/vog.com.tn\/index.php?rest_route=\/wp\/v2\/product"}],"about":[{"href":"https:\/\/vog.com.tn\/index.php?rest_route=\/wp\/v2\/types\/product"}],"wp:featuredmedia":[{"embeddable":true,"href":"https:\/\/vog.com.tn\/index.php?rest_route=\/wp\/v2\/media\/50910"}],"wp:attachment":[{"href":"https:\/\/vog.com.tn\/index.php?rest_route=%2Fwp%2Fv2%2Fmedia&parent=50909"}],"wp:term":[{"taxonomy":"product_brand","embeddable":true,"href":"https:\/\/vog.com.tn\/index.php?rest_route=%2Fwp%2Fv2%2Fproduct_brand&post=50909"},{"taxonomy":"product_cat","embeddable":true,"href":"https:\/\/vog.com.tn\/index.php?rest_route=%2Fwp%2Fv2%2Fproduct_cat&post=50909"},{"taxonomy":"product_tag","embeddable":true,"href":"https:\/\/vog.com.tn\/index.php?rest_route=%2Fwp%2Fv2%2Fproduct_tag&post=50909"}],"curies":[{"name":"wp","href":"https:\/\/api.w.org\/{rel}","templated":true}]}}