{"id":51883,"date":"2022-12-14T17:14:20","date_gmt":"2022-12-14T16:14:20","guid":{"rendered":"https:\/\/vog.com.tn\/?post_type=product&#038;p=51883"},"modified":"2023-02-21T17:05:51","modified_gmt":"2023-02-21T16:05:51","slug":"pull-en-laine-beige-146106","status":"publish","type":"product","link":"https:\/\/vog.com.tn\/?product=pull-en-laine-beige-146106","title":{"rendered":"Pull \u2013 En Laine -146106"},"content":{"rendered":"<p>Oubliez les vieux pulls informes et d\u00e9mod\u00e9s qui piquent et nous rappellent que c\u2019est l\u2019hiver, il est aujourd\u2019hui possible de se pr\u00e9parer au froid tout en restant \u00e9l\u00e9gante. Les feuilles mortes ont commenc\u00e9 leur invasion des routes et des parcs et les arbres ont chang\u00e9 de couleur. Rien de tel, dans ce cas, qu\u2019un joli pull femme. L\u2019automne et l\u2019hiver, cela veut dire aussi pouvoir se blottir dans un bon pull bien douillet, Nous sommes bien d\u00e9cid\u00e9es \u00e0 faire de notre pull l\u2019accessoire tendance du moment. Avec ce choix, vous vous assurez de traverser l\u2019automne et l\u2019hiver bien au chaud dans votre pull moderne et douillet.<\/p>\n","protected":false},"excerpt":{"rendered":"<ul>\n<li>Mod\u00e8le court \u00e0 manches longues<\/li>\n<li>Pull over size<\/li>\n<li>En fine maille douce.<\/li>\n<li>Col montant<\/li>\n<li>Manches longues bouffantes.<\/li>\n<\/ul>\n<p>&nbsp;<\/p>\n","protected":false},"featured_media":51875,"template":"","meta":[],"product_brand":[],"product_cat":[137,71],"product_tag":[],"class_list":{"0":"post-51883","1":"product","2":"type-product","3":"status-publish","4":"has-post-thumbnail","6":"product_cat-mode-femme","7":"product_cat-vetements-femme","8":"pa_couleurs-beige","9":"pa_couleurs-fushia","10":"pa_taille-tu","13":"first","14":"instock","15":"taxable","16":"shipping-taxable","17":"purchasable","18":"product-type-variable"},"yoast_head":"<!-- This site is optimized with the Yoast SEO plugin v27.5 - https:\/\/yoast.com\/product\/yoast-seo-wordpress\/ -->\n<title>Pull \u2013 En Laine -146106 - Vog Tunisie<\/title>\n<meta name=\"robots\" content=\"index, follow, max-snippet:-1, max-image-preview:large, max-video-preview:-1\" \/>\n<link rel=\"canonical\" href=\"https:\/\/vog.com.tn\/?product=pull-en-laine-beige-146106\" \/>\n<meta property=\"og:locale\" content=\"fr_FR\" \/>\n<meta property=\"og:type\" content=\"article\" \/>\n<meta property=\"og:title\" content=\"Pull \u2013 En Laine -146106 - Vog Tunisie\" \/>\n<meta property=\"og:description\" content=\"Mod\u00e8le court \u00e0 manches longues  Pull over size  En fine maille douce.  Col montant  Manches longues bouffantes.  &nbsp;\" \/>\n<meta property=\"og:url\" content=\"https:\/\/vog.com.tn\/?product=pull-en-laine-beige-146106\" \/>\n<meta property=\"og:site_name\" content=\"Vog Tunisie\" \/>\n<meta property=\"article:modified_time\" content=\"2023-02-21T16:05:51+00:00\" \/>\n<meta property=\"og:image\" content=\"https:\/\/vog.com.tn\/wp-content\/uploads\/2022\/12\/146106-Beige-10-1.jpg\" \/>\n\t<meta property=\"og:image:width\" content=\"1999\" \/>\n\t<meta property=\"og:image:height\" content=\"2000\" \/>\n\t<meta property=\"og:image:type\" content=\"image\/jpeg\" \/>\n<meta name=\"twitter:card\" content=\"summary_large_image\" \/>\n<meta name=\"twitter:label1\" content=\"Dur\u00e9e de lecture estim\u00e9e\" \/>\n\t<meta name=\"twitter:data1\" content=\"1 minute\" \/>\n<script type=\"application\/ld+json\" class=\"yoast-schema-graph\">{\"@context\":\"https:\\\/\\\/schema.org\",\"@graph\":[{\"@type\":\"WebPage\",\"@id\":\"https:\\\/\\\/vog.com.tn\\\/?product=pull-en-laine-beige-146106\",\"url\":\"https:\\\/\\\/vog.com.tn\\\/?product=pull-en-laine-beige-146106\",\"name\":\"Pull \u2013 En Laine -146106 - Vog Tunisie\",\"isPartOf\":{\"@id\":\"https:\\\/\\\/vog.com.tn\\\/#website\"},\"primaryImageOfPage\":{\"@id\":\"https:\\\/\\\/vog.com.tn\\\/?product=pull-en-laine-beige-146106#primaryimage\"},\"image\":{\"@id\":\"https:\\\/\\\/vog.com.tn\\\/?product=pull-en-laine-beige-146106#primaryimage\"},\"thumbnailUrl\":\"https:\\\/\\\/vog.com.tn\\\/wp-content\\\/uploads\\\/2022\\\/12\\\/146106-Beige-10-1.jpg\",\"datePublished\":\"2022-12-14T16:14:20+00:00\",\"dateModified\":\"2023-02-21T16:05:51+00:00\",\"breadcrumb\":{\"@id\":\"https:\\\/\\\/vog.com.tn\\\/?product=pull-en-laine-beige-146106#breadcrumb\"},\"inLanguage\":\"fr-FR\",\"potentialAction\":[{\"@type\":\"ReadAction\",\"target\":[\"https:\\\/\\\/vog.com.tn\\\/?product=pull-en-laine-beige-146106\"]}]},{\"@type\":\"ImageObject\",\"inLanguage\":\"fr-FR\",\"@id\":\"https:\\\/\\\/vog.com.tn\\\/?product=pull-en-laine-beige-146106#primaryimage\",\"url\":\"https:\\\/\\\/vog.com.tn\\\/wp-content\\\/uploads\\\/2022\\\/12\\\/146106-Beige-10-1.jpg\",\"contentUrl\":\"https:\\\/\\\/vog.com.tn\\\/wp-content\\\/uploads\\\/2022\\\/12\\\/146106-Beige-10-1.jpg\",\"width\":1999,\"height\":2000},{\"@type\":\"BreadcrumbList\",\"@id\":\"https:\\\/\\\/vog.com.tn\\\/?product=pull-en-laine-beige-146106#breadcrumb\",\"itemListElement\":[{\"@type\":\"ListItem\",\"position\":1,\"name\":\"Home\",\"item\":\"https:\\\/\\\/vog.com.tn\\\/\"},{\"@type\":\"ListItem\",\"position\":2,\"name\":\"Produits\",\"item\":\"https:\\\/\\\/vog.com.tn\\\/?page_id=8\"},{\"@type\":\"ListItem\",\"position\":3,\"name\":\"Pull \u2013 En Laine -146106\"}]},{\"@type\":\"WebSite\",\"@id\":\"https:\\\/\\\/vog.com.tn\\\/#website\",\"url\":\"https:\\\/\\\/vog.com.tn\\\/\",\"name\":\"Vog Tunisie\",\"description\":\"Pr\u00eat-\u00e0-porter\",\"potentialAction\":[{\"@type\":\"SearchAction\",\"target\":{\"@type\":\"EntryPoint\",\"urlTemplate\":\"https:\\\/\\\/vog.com.tn\\\/?s={search_term_string}\"},\"query-input\":{\"@type\":\"PropertyValueSpecification\",\"valueRequired\":true,\"valueName\":\"search_term_string\"}}],\"inLanguage\":\"fr-FR\"}]}<\/script>\n<!-- \/ Yoast SEO plugin. -->","yoast_head_json":{"title":"Pull \u2013 En Laine -146106 - Vog Tunisie","robots":{"index":"index","follow":"follow","max-snippet":"max-snippet:-1","max-image-preview":"max-image-preview:large","max-video-preview":"max-video-preview:-1"},"canonical":"https:\/\/vog.com.tn\/?product=pull-en-laine-beige-146106","og_locale":"fr_FR","og_type":"article","og_title":"Pull \u2013 En Laine -146106 - Vog Tunisie","og_description":"Mod\u00e8le court \u00e0 manches longues  Pull over size  En fine maille douce.  Col montant  Manches longues bouffantes.  &nbsp;","og_url":"https:\/\/vog.com.tn\/?product=pull-en-laine-beige-146106","og_site_name":"Vog Tunisie","article_modified_time":"2023-02-21T16:05:51+00:00","og_image":[{"width":1999,"height":2000,"url":"https:\/\/vog.com.tn\/wp-content\/uploads\/2022\/12\/146106-Beige-10-1.jpg","type":"image\/jpeg"}],"twitter_card":"summary_large_image","twitter_misc":{"Dur\u00e9e de lecture estim\u00e9e":"1 minute"},"schema":{"@context":"https:\/\/schema.org","@graph":[{"@type":"WebPage","@id":"https:\/\/vog.com.tn\/?product=pull-en-laine-beige-146106","url":"https:\/\/vog.com.tn\/?product=pull-en-laine-beige-146106","name":"Pull \u2013 En Laine -146106 - Vog Tunisie","isPartOf":{"@id":"https:\/\/vog.com.tn\/#website"},"primaryImageOfPage":{"@id":"https:\/\/vog.com.tn\/?product=pull-en-laine-beige-146106#primaryimage"},"image":{"@id":"https:\/\/vog.com.tn\/?product=pull-en-laine-beige-146106#primaryimage"},"thumbnailUrl":"https:\/\/vog.com.tn\/wp-content\/uploads\/2022\/12\/146106-Beige-10-1.jpg","datePublished":"2022-12-14T16:14:20+00:00","dateModified":"2023-02-21T16:05:51+00:00","breadcrumb":{"@id":"https:\/\/vog.com.tn\/?product=pull-en-laine-beige-146106#breadcrumb"},"inLanguage":"fr-FR","potentialAction":[{"@type":"ReadAction","target":["https:\/\/vog.com.tn\/?product=pull-en-laine-beige-146106"]}]},{"@type":"ImageObject","inLanguage":"fr-FR","@id":"https:\/\/vog.com.tn\/?product=pull-en-laine-beige-146106#primaryimage","url":"https:\/\/vog.com.tn\/wp-content\/uploads\/2022\/12\/146106-Beige-10-1.jpg","contentUrl":"https:\/\/vog.com.tn\/wp-content\/uploads\/2022\/12\/146106-Beige-10-1.jpg","width":1999,"height":2000},{"@type":"BreadcrumbList","@id":"https:\/\/vog.com.tn\/?product=pull-en-laine-beige-146106#breadcrumb","itemListElement":[{"@type":"ListItem","position":1,"name":"Home","item":"https:\/\/vog.com.tn\/"},{"@type":"ListItem","position":2,"name":"Produits","item":"https:\/\/vog.com.tn\/?page_id=8"},{"@type":"ListItem","position":3,"name":"Pull \u2013 En Laine -146106"}]},{"@type":"WebSite","@id":"https:\/\/vog.com.tn\/#website","url":"https:\/\/vog.com.tn\/","name":"Vog Tunisie","description":"Pr\u00eat-\u00e0-porter","potentialAction":[{"@type":"SearchAction","target":{"@type":"EntryPoint","urlTemplate":"https:\/\/vog.com.tn\/?s={search_term_string}"},"query-input":{"@type":"PropertyValueSpecification","valueRequired":true,"valueName":"search_term_string"}}],"inLanguage":"fr-FR"}]}},"_links":{"self":[{"href":"https:\/\/vog.com.tn\/index.php?rest_route=\/wp\/v2\/product\/51883","targetHints":{"allow":["GET"]}}],"collection":[{"href":"https:\/\/vog.com.tn\/index.php?rest_route=\/wp\/v2\/product"}],"about":[{"href":"https:\/\/vog.com.tn\/index.php?rest_route=\/wp\/v2\/types\/product"}],"wp:featuredmedia":[{"embeddable":true,"href":"https:\/\/vog.com.tn\/index.php?rest_route=\/wp\/v2\/media\/51875"}],"wp:attachment":[{"href":"https:\/\/vog.com.tn\/index.php?rest_route=%2Fwp%2Fv2%2Fmedia&parent=51883"}],"wp:term":[{"taxonomy":"product_brand","embeddable":true,"href":"https:\/\/vog.com.tn\/index.php?rest_route=%2Fwp%2Fv2%2Fproduct_brand&post=51883"},{"taxonomy":"product_cat","embeddable":true,"href":"https:\/\/vog.com.tn\/index.php?rest_route=%2Fwp%2Fv2%2Fproduct_cat&post=51883"},{"taxonomy":"product_tag","embeddable":true,"href":"https:\/\/vog.com.tn\/index.php?rest_route=%2Fwp%2Fv2%2Fproduct_tag&post=51883"}],"curies":[{"name":"wp","href":"https:\/\/api.w.org\/{rel}","templated":true}]}}