{"id":51959,"date":"2022-12-15T11:52:46","date_gmt":"2022-12-15T10:52:46","guid":{"rendered":"https:\/\/vog.com.tn\/?post_type=product&#038;p=51959"},"modified":"2025-06-13T01:55:41","modified_gmt":"2025-06-12T23:55:41","slug":"culotte-rembourree-beige-245304","status":"publish","type":"product","link":"https:\/\/vog.com.tn\/?product=culotte-rembourree-beige-245304","title":{"rendered":"Culotte Rembourr\u00e9e  \u2013 245304 &#8211; VOG"},"content":{"rendered":"<p>Parce que le haut se match avec le bas, retrouvez notre collection de bas de lingerie pour toutes les morphologies.\u00a0<strong>Les culottes\u00a0<\/strong>rembourr\u00e9es mettront subtilement vos formes en valeur. Retrouvez des mod\u00e8les invisibles qui se feront oublier sous vos v\u00eatements. Elle vous aidera \u00e0 s\u2019int\u00e9grer dans votre paire pr\u00e9f\u00e8re de jeans, de robe moulante des affaires sur mesure s\u2019adapte confortablement.<\/p>\n","protected":false},"excerpt":{"rendered":"<ul>\n<li>Slip rembourr\u00e9 avec mousse gainant<\/li>\n<li>85% polyamides<\/li>\n<li>15% \u00e9lasthanne<\/li>\n<li>Conception sans couture<\/li>\n<li>Mod\u00e8le invisible<\/li>\n<\/ul>\n<p>&nbsp;<\/p>\n","protected":false},"featured_media":51960,"template":"","meta":[],"product_brand":[],"product_cat":[15,120,137],"product_tag":[],"class_list":{"0":"post-51959","1":"product","2":"type-product","3":"status-publish","4":"has-post-thumbnail","6":"product_cat-lingerie","7":"product_cat-lingerie-sculptante","8":"product_cat-mode-femme","9":"pa_couleurs-beige","10":"pa_couleurs-noir","11":"pa_taille-xxl","12":"pa_taille-large","13":"pa_taille-moyenne","14":"pa_taille-small","15":"pa_taille-xl","18":"first","19":"instock","20":"taxable","21":"shipping-taxable","22":"purchasable","23":"product-type-variable"},"yoast_head":"<!-- This site is optimized with the Yoast SEO plugin v27.5 - https:\/\/yoast.com\/product\/yoast-seo-wordpress\/ -->\n<title>Culotte Rembourr\u00e9e \u2013 245304 - VOG - Vog Tunisie<\/title>\n<meta name=\"robots\" content=\"index, follow, max-snippet:-1, max-image-preview:large, max-video-preview:-1\" \/>\n<link rel=\"canonical\" href=\"https:\/\/vog.com.tn\/?product=culotte-rembourree-beige-245304\" \/>\n<meta property=\"og:locale\" content=\"fr_FR\" \/>\n<meta property=\"og:type\" content=\"article\" \/>\n<meta property=\"og:title\" content=\"Culotte Rembourr\u00e9e \u2013 245304 - VOG - Vog Tunisie\" \/>\n<meta property=\"og:description\" content=\"Slip rembourr\u00e9 avec mousse gainant  85% polyamides  15% \u00e9lasthanne  Conception sans couture  Mod\u00e8le invisible  &nbsp;\" \/>\n<meta property=\"og:url\" content=\"https:\/\/vog.com.tn\/?product=culotte-rembourree-beige-245304\" \/>\n<meta property=\"og:site_name\" content=\"Vog Tunisie\" \/>\n<meta property=\"article:modified_time\" content=\"2025-06-12T23:55:41+00:00\" \/>\n<meta property=\"og:image\" content=\"https:\/\/vog.com.tn\/wp-content\/uploads\/2022\/12\/245304Beige1.jpg\" \/>\n\t<meta property=\"og:image:width\" content=\"522\" \/>\n\t<meta property=\"og:image:height\" content=\"864\" \/>\n\t<meta property=\"og:image:type\" content=\"image\/jpeg\" \/>\n<meta name=\"twitter:card\" content=\"summary_large_image\" \/>\n<meta name=\"twitter:label1\" content=\"Dur\u00e9e de lecture estim\u00e9e\" \/>\n\t<meta name=\"twitter:data1\" content=\"1 minute\" \/>\n<script type=\"application\/ld+json\" class=\"yoast-schema-graph\">{\"@context\":\"https:\\\/\\\/schema.org\",\"@graph\":[{\"@type\":\"WebPage\",\"@id\":\"https:\\\/\\\/vog.com.tn\\\/?product=culotte-rembourree-beige-245304\",\"url\":\"https:\\\/\\\/vog.com.tn\\\/?product=culotte-rembourree-beige-245304\",\"name\":\"Culotte Rembourr\u00e9e \u2013 245304 - VOG - Vog Tunisie\",\"isPartOf\":{\"@id\":\"https:\\\/\\\/vog.com.tn\\\/#website\"},\"primaryImageOfPage\":{\"@id\":\"https:\\\/\\\/vog.com.tn\\\/?product=culotte-rembourree-beige-245304#primaryimage\"},\"image\":{\"@id\":\"https:\\\/\\\/vog.com.tn\\\/?product=culotte-rembourree-beige-245304#primaryimage\"},\"thumbnailUrl\":\"https:\\\/\\\/vog.com.tn\\\/wp-content\\\/uploads\\\/2022\\\/12\\\/245304Beige1.jpg\",\"datePublished\":\"2022-12-15T10:52:46+00:00\",\"dateModified\":\"2025-06-12T23:55:41+00:00\",\"breadcrumb\":{\"@id\":\"https:\\\/\\\/vog.com.tn\\\/?product=culotte-rembourree-beige-245304#breadcrumb\"},\"inLanguage\":\"fr-FR\",\"potentialAction\":[{\"@type\":\"ReadAction\",\"target\":[\"https:\\\/\\\/vog.com.tn\\\/?product=culotte-rembourree-beige-245304\"]}]},{\"@type\":\"ImageObject\",\"inLanguage\":\"fr-FR\",\"@id\":\"https:\\\/\\\/vog.com.tn\\\/?product=culotte-rembourree-beige-245304#primaryimage\",\"url\":\"https:\\\/\\\/vog.com.tn\\\/wp-content\\\/uploads\\\/2022\\\/12\\\/245304Beige1.jpg\",\"contentUrl\":\"https:\\\/\\\/vog.com.tn\\\/wp-content\\\/uploads\\\/2022\\\/12\\\/245304Beige1.jpg\",\"width\":522,\"height\":864},{\"@type\":\"BreadcrumbList\",\"@id\":\"https:\\\/\\\/vog.com.tn\\\/?product=culotte-rembourree-beige-245304#breadcrumb\",\"itemListElement\":[{\"@type\":\"ListItem\",\"position\":1,\"name\":\"Home\",\"item\":\"https:\\\/\\\/vog.com.tn\\\/\"},{\"@type\":\"ListItem\",\"position\":2,\"name\":\"Produits\",\"item\":\"https:\\\/\\\/vog.com.tn\\\/?page_id=8\"},{\"@type\":\"ListItem\",\"position\":3,\"name\":\"Culotte Rembourr\u00e9e \u2013 245304 &#8211; VOG\"}]},{\"@type\":\"WebSite\",\"@id\":\"https:\\\/\\\/vog.com.tn\\\/#website\",\"url\":\"https:\\\/\\\/vog.com.tn\\\/\",\"name\":\"Vog Tunisie\",\"description\":\"Pr\u00eat-\u00e0-porter\",\"potentialAction\":[{\"@type\":\"SearchAction\",\"target\":{\"@type\":\"EntryPoint\",\"urlTemplate\":\"https:\\\/\\\/vog.com.tn\\\/?s={search_term_string}\"},\"query-input\":{\"@type\":\"PropertyValueSpecification\",\"valueRequired\":true,\"valueName\":\"search_term_string\"}}],\"inLanguage\":\"fr-FR\"}]}<\/script>\n<!-- \/ Yoast SEO plugin. -->","yoast_head_json":{"title":"Culotte Rembourr\u00e9e \u2013 245304 - VOG - Vog Tunisie","robots":{"index":"index","follow":"follow","max-snippet":"max-snippet:-1","max-image-preview":"max-image-preview:large","max-video-preview":"max-video-preview:-1"},"canonical":"https:\/\/vog.com.tn\/?product=culotte-rembourree-beige-245304","og_locale":"fr_FR","og_type":"article","og_title":"Culotte Rembourr\u00e9e \u2013 245304 - VOG - Vog Tunisie","og_description":"Slip rembourr\u00e9 avec mousse gainant  85% polyamides  15% \u00e9lasthanne  Conception sans couture  Mod\u00e8le invisible  &nbsp;","og_url":"https:\/\/vog.com.tn\/?product=culotte-rembourree-beige-245304","og_site_name":"Vog Tunisie","article_modified_time":"2025-06-12T23:55:41+00:00","og_image":[{"width":522,"height":864,"url":"https:\/\/vog.com.tn\/wp-content\/uploads\/2022\/12\/245304Beige1.jpg","type":"image\/jpeg"}],"twitter_card":"summary_large_image","twitter_misc":{"Dur\u00e9e de lecture estim\u00e9e":"1 minute"},"schema":{"@context":"https:\/\/schema.org","@graph":[{"@type":"WebPage","@id":"https:\/\/vog.com.tn\/?product=culotte-rembourree-beige-245304","url":"https:\/\/vog.com.tn\/?product=culotte-rembourree-beige-245304","name":"Culotte Rembourr\u00e9e \u2013 245304 - VOG - Vog Tunisie","isPartOf":{"@id":"https:\/\/vog.com.tn\/#website"},"primaryImageOfPage":{"@id":"https:\/\/vog.com.tn\/?product=culotte-rembourree-beige-245304#primaryimage"},"image":{"@id":"https:\/\/vog.com.tn\/?product=culotte-rembourree-beige-245304#primaryimage"},"thumbnailUrl":"https:\/\/vog.com.tn\/wp-content\/uploads\/2022\/12\/245304Beige1.jpg","datePublished":"2022-12-15T10:52:46+00:00","dateModified":"2025-06-12T23:55:41+00:00","breadcrumb":{"@id":"https:\/\/vog.com.tn\/?product=culotte-rembourree-beige-245304#breadcrumb"},"inLanguage":"fr-FR","potentialAction":[{"@type":"ReadAction","target":["https:\/\/vog.com.tn\/?product=culotte-rembourree-beige-245304"]}]},{"@type":"ImageObject","inLanguage":"fr-FR","@id":"https:\/\/vog.com.tn\/?product=culotte-rembourree-beige-245304#primaryimage","url":"https:\/\/vog.com.tn\/wp-content\/uploads\/2022\/12\/245304Beige1.jpg","contentUrl":"https:\/\/vog.com.tn\/wp-content\/uploads\/2022\/12\/245304Beige1.jpg","width":522,"height":864},{"@type":"BreadcrumbList","@id":"https:\/\/vog.com.tn\/?product=culotte-rembourree-beige-245304#breadcrumb","itemListElement":[{"@type":"ListItem","position":1,"name":"Home","item":"https:\/\/vog.com.tn\/"},{"@type":"ListItem","position":2,"name":"Produits","item":"https:\/\/vog.com.tn\/?page_id=8"},{"@type":"ListItem","position":3,"name":"Culotte Rembourr\u00e9e \u2013 245304 &#8211; VOG"}]},{"@type":"WebSite","@id":"https:\/\/vog.com.tn\/#website","url":"https:\/\/vog.com.tn\/","name":"Vog Tunisie","description":"Pr\u00eat-\u00e0-porter","potentialAction":[{"@type":"SearchAction","target":{"@type":"EntryPoint","urlTemplate":"https:\/\/vog.com.tn\/?s={search_term_string}"},"query-input":{"@type":"PropertyValueSpecification","valueRequired":true,"valueName":"search_term_string"}}],"inLanguage":"fr-FR"}]}},"_links":{"self":[{"href":"https:\/\/vog.com.tn\/index.php?rest_route=\/wp\/v2\/product\/51959","targetHints":{"allow":["GET"]}}],"collection":[{"href":"https:\/\/vog.com.tn\/index.php?rest_route=\/wp\/v2\/product"}],"about":[{"href":"https:\/\/vog.com.tn\/index.php?rest_route=\/wp\/v2\/types\/product"}],"wp:featuredmedia":[{"embeddable":true,"href":"https:\/\/vog.com.tn\/index.php?rest_route=\/wp\/v2\/media\/51960"}],"wp:attachment":[{"href":"https:\/\/vog.com.tn\/index.php?rest_route=%2Fwp%2Fv2%2Fmedia&parent=51959"}],"wp:term":[{"taxonomy":"product_brand","embeddable":true,"href":"https:\/\/vog.com.tn\/index.php?rest_route=%2Fwp%2Fv2%2Fproduct_brand&post=51959"},{"taxonomy":"product_cat","embeddable":true,"href":"https:\/\/vog.com.tn\/index.php?rest_route=%2Fwp%2Fv2%2Fproduct_cat&post=51959"},{"taxonomy":"product_tag","embeddable":true,"href":"https:\/\/vog.com.tn\/index.php?rest_route=%2Fwp%2Fv2%2Fproduct_tag&post=51959"}],"curies":[{"name":"wp","href":"https:\/\/api.w.org\/{rel}","templated":true}]}}