{"id":52521,"date":"2022-12-18T16:59:26","date_gmt":"2022-12-18T15:59:26","guid":{"rendered":"https:\/\/vog.com.tn\/?post_type=product&#038;p=52521"},"modified":"2026-04-29T16:12:47","modified_gmt":"2026-04-29T14:12:47","slug":"sous-vetement-bordeaux-44078","status":"publish","type":"product","link":"https:\/\/vog.com.tn\/?product=sous-vetement-bordeaux-44078","title":{"rendered":"Sous V\u00eatement &#8211; 44078 &#8211; VOG"},"content":{"rendered":"<p>Un concentr\u00e9 de mode, un savoir-faire de corsetier unique pour des dessous qui prennent le dessus ! Des soutiens-gorge, aux culottes, en passant par les bodys : de la lingerie pour tous les jours ou de la\u00a0lingerie d\u2019exception!<\/p>\n","protected":false},"excerpt":{"rendered":"<div class=\"woocommerce-product-details__short-description\">\n<ul>\n<li>Ensemble 2 pi\u00e8ces comprenant :<\/li>\n<li>Soutien Gorge enveloppant<\/li>\n<li>Tout dentelle padde \u00e0 armatures<\/li>\n<li>Bretelles r\u00e9glables<\/li>\n<li>Fermeture par agrafes au dos et Tanga en dentelle<\/li>\n<li>Fond doubl\u00e9<\/li>\n<\/ul>\n<\/div>\n","protected":false},"featured_media":52479,"template":"","meta":[],"product_brand":[],"product_cat":[74,15,137],"product_tag":[],"class_list":{"0":"post-52521","1":"product","2":"type-product","3":"status-publish","4":"has-post-thumbnail","6":"product_cat-ensembles-lingerie-femme","7":"product_cat-lingerie","8":"product_cat-mode-femme","9":"pa_couleurs-blanc","10":"pa_couleurs-bleu","11":"pa_couleurs-bordeaux","12":"pa_couleurs-noir","13":"pa_couleurs-vert","14":"pa_taille-100c","15":"pa_taille-85b","16":"pa_taille-85c","17":"pa_taille-90b","18":"pa_taille-90c","19":"pa_taille-95b","20":"pa_taille-95c","23":"first","24":"instock","25":"taxable","26":"shipping-taxable","27":"purchasable","28":"product-type-variable"},"yoast_head":"<!-- This site is optimized with the Yoast SEO plugin v27.5 - https:\/\/yoast.com\/product\/yoast-seo-wordpress\/ -->\n<title>Sous V\u00eatement - 44078 - VOG - Vog Tunisie<\/title>\n<meta name=\"robots\" content=\"index, follow, max-snippet:-1, max-image-preview:large, max-video-preview:-1\" \/>\n<link rel=\"canonical\" href=\"https:\/\/vog.com.tn\/?product=sous-vetement-bordeaux-44078\" \/>\n<meta property=\"og:locale\" content=\"fr_FR\" \/>\n<meta property=\"og:type\" content=\"article\" \/>\n<meta property=\"og:title\" content=\"Sous V\u00eatement - 44078 - VOG - Vog Tunisie\" \/>\n<meta property=\"og:description\" content=\"Ensemble 2 pi\u00e8ces comprenant :  Soutien Gorge enveloppant  Tout dentelle padde \u00e0 armatures  Bretelles r\u00e9glables  Fermeture par agrafes au dos et Tanga en dentelle  Fond doubl\u00e9\" \/>\n<meta property=\"og:url\" content=\"https:\/\/vog.com.tn\/?product=sous-vetement-bordeaux-44078\" \/>\n<meta property=\"og:site_name\" content=\"Vog Tunisie\" \/>\n<meta property=\"article:modified_time\" content=\"2026-04-29T14:12:47+00:00\" \/>\n<meta property=\"og:image\" content=\"https:\/\/vog.com.tn\/wp-content\/uploads\/2022\/12\/44078Bordeaux1.jpg\" \/>\n\t<meta property=\"og:image:width\" content=\"505\" \/>\n\t<meta property=\"og:image:height\" content=\"757\" \/>\n\t<meta property=\"og:image:type\" content=\"image\/jpeg\" \/>\n<meta name=\"twitter:card\" content=\"summary_large_image\" \/>\n<meta name=\"twitter:label1\" content=\"Dur\u00e9e de lecture estim\u00e9e\" \/>\n\t<meta name=\"twitter:data1\" content=\"1 minute\" \/>\n<script type=\"application\/ld+json\" class=\"yoast-schema-graph\">{\"@context\":\"https:\\\/\\\/schema.org\",\"@graph\":[{\"@type\":\"WebPage\",\"@id\":\"https:\\\/\\\/vog.com.tn\\\/?product=sous-vetement-bordeaux-44078\",\"url\":\"https:\\\/\\\/vog.com.tn\\\/?product=sous-vetement-bordeaux-44078\",\"name\":\"Sous V\u00eatement - 44078 - VOG - Vog Tunisie\",\"isPartOf\":{\"@id\":\"https:\\\/\\\/vog.com.tn\\\/#website\"},\"primaryImageOfPage\":{\"@id\":\"https:\\\/\\\/vog.com.tn\\\/?product=sous-vetement-bordeaux-44078#primaryimage\"},\"image\":{\"@id\":\"https:\\\/\\\/vog.com.tn\\\/?product=sous-vetement-bordeaux-44078#primaryimage\"},\"thumbnailUrl\":\"https:\\\/\\\/vog.com.tn\\\/wp-content\\\/uploads\\\/2022\\\/12\\\/44078Bordeaux1.jpg\",\"datePublished\":\"2022-12-18T15:59:26+00:00\",\"dateModified\":\"2026-04-29T14:12:47+00:00\",\"breadcrumb\":{\"@id\":\"https:\\\/\\\/vog.com.tn\\\/?product=sous-vetement-bordeaux-44078#breadcrumb\"},\"inLanguage\":\"fr-FR\",\"potentialAction\":[{\"@type\":\"ReadAction\",\"target\":[\"https:\\\/\\\/vog.com.tn\\\/?product=sous-vetement-bordeaux-44078\"]}]},{\"@type\":\"ImageObject\",\"inLanguage\":\"fr-FR\",\"@id\":\"https:\\\/\\\/vog.com.tn\\\/?product=sous-vetement-bordeaux-44078#primaryimage\",\"url\":\"https:\\\/\\\/vog.com.tn\\\/wp-content\\\/uploads\\\/2022\\\/12\\\/44078Bordeaux1.jpg\",\"contentUrl\":\"https:\\\/\\\/vog.com.tn\\\/wp-content\\\/uploads\\\/2022\\\/12\\\/44078Bordeaux1.jpg\",\"width\":505,\"height\":757,\"caption\":\"image-vog\"},{\"@type\":\"BreadcrumbList\",\"@id\":\"https:\\\/\\\/vog.com.tn\\\/?product=sous-vetement-bordeaux-44078#breadcrumb\",\"itemListElement\":[{\"@type\":\"ListItem\",\"position\":1,\"name\":\"Home\",\"item\":\"https:\\\/\\\/vog.com.tn\\\/\"},{\"@type\":\"ListItem\",\"position\":2,\"name\":\"Produits\",\"item\":\"https:\\\/\\\/vog.com.tn\\\/?page_id=8\"},{\"@type\":\"ListItem\",\"position\":3,\"name\":\"Sous V\u00eatement &#8211; 44078 &#8211; VOG\"}]},{\"@type\":\"WebSite\",\"@id\":\"https:\\\/\\\/vog.com.tn\\\/#website\",\"url\":\"https:\\\/\\\/vog.com.tn\\\/\",\"name\":\"Vog Tunisie\",\"description\":\"Pr\u00eat-\u00e0-porter\",\"potentialAction\":[{\"@type\":\"SearchAction\",\"target\":{\"@type\":\"EntryPoint\",\"urlTemplate\":\"https:\\\/\\\/vog.com.tn\\\/?s={search_term_string}\"},\"query-input\":{\"@type\":\"PropertyValueSpecification\",\"valueRequired\":true,\"valueName\":\"search_term_string\"}}],\"inLanguage\":\"fr-FR\"}]}<\/script>\n<!-- \/ Yoast SEO plugin. -->","yoast_head_json":{"title":"Sous V\u00eatement - 44078 - VOG - Vog Tunisie","robots":{"index":"index","follow":"follow","max-snippet":"max-snippet:-1","max-image-preview":"max-image-preview:large","max-video-preview":"max-video-preview:-1"},"canonical":"https:\/\/vog.com.tn\/?product=sous-vetement-bordeaux-44078","og_locale":"fr_FR","og_type":"article","og_title":"Sous V\u00eatement - 44078 - VOG - Vog Tunisie","og_description":"Ensemble 2 pi\u00e8ces comprenant :  Soutien Gorge enveloppant  Tout dentelle padde \u00e0 armatures  Bretelles r\u00e9glables  Fermeture par agrafes au dos et Tanga en dentelle  Fond doubl\u00e9","og_url":"https:\/\/vog.com.tn\/?product=sous-vetement-bordeaux-44078","og_site_name":"Vog Tunisie","article_modified_time":"2026-04-29T14:12:47+00:00","og_image":[{"width":505,"height":757,"url":"https:\/\/vog.com.tn\/wp-content\/uploads\/2022\/12\/44078Bordeaux1.jpg","type":"image\/jpeg"}],"twitter_card":"summary_large_image","twitter_misc":{"Dur\u00e9e de lecture estim\u00e9e":"1 minute"},"schema":{"@context":"https:\/\/schema.org","@graph":[{"@type":"WebPage","@id":"https:\/\/vog.com.tn\/?product=sous-vetement-bordeaux-44078","url":"https:\/\/vog.com.tn\/?product=sous-vetement-bordeaux-44078","name":"Sous V\u00eatement - 44078 - VOG - Vog Tunisie","isPartOf":{"@id":"https:\/\/vog.com.tn\/#website"},"primaryImageOfPage":{"@id":"https:\/\/vog.com.tn\/?product=sous-vetement-bordeaux-44078#primaryimage"},"image":{"@id":"https:\/\/vog.com.tn\/?product=sous-vetement-bordeaux-44078#primaryimage"},"thumbnailUrl":"https:\/\/vog.com.tn\/wp-content\/uploads\/2022\/12\/44078Bordeaux1.jpg","datePublished":"2022-12-18T15:59:26+00:00","dateModified":"2026-04-29T14:12:47+00:00","breadcrumb":{"@id":"https:\/\/vog.com.tn\/?product=sous-vetement-bordeaux-44078#breadcrumb"},"inLanguage":"fr-FR","potentialAction":[{"@type":"ReadAction","target":["https:\/\/vog.com.tn\/?product=sous-vetement-bordeaux-44078"]}]},{"@type":"ImageObject","inLanguage":"fr-FR","@id":"https:\/\/vog.com.tn\/?product=sous-vetement-bordeaux-44078#primaryimage","url":"https:\/\/vog.com.tn\/wp-content\/uploads\/2022\/12\/44078Bordeaux1.jpg","contentUrl":"https:\/\/vog.com.tn\/wp-content\/uploads\/2022\/12\/44078Bordeaux1.jpg","width":505,"height":757,"caption":"image-vog"},{"@type":"BreadcrumbList","@id":"https:\/\/vog.com.tn\/?product=sous-vetement-bordeaux-44078#breadcrumb","itemListElement":[{"@type":"ListItem","position":1,"name":"Home","item":"https:\/\/vog.com.tn\/"},{"@type":"ListItem","position":2,"name":"Produits","item":"https:\/\/vog.com.tn\/?page_id=8"},{"@type":"ListItem","position":3,"name":"Sous V\u00eatement &#8211; 44078 &#8211; VOG"}]},{"@type":"WebSite","@id":"https:\/\/vog.com.tn\/#website","url":"https:\/\/vog.com.tn\/","name":"Vog Tunisie","description":"Pr\u00eat-\u00e0-porter","potentialAction":[{"@type":"SearchAction","target":{"@type":"EntryPoint","urlTemplate":"https:\/\/vog.com.tn\/?s={search_term_string}"},"query-input":{"@type":"PropertyValueSpecification","valueRequired":true,"valueName":"search_term_string"}}],"inLanguage":"fr-FR"}]}},"_links":{"self":[{"href":"https:\/\/vog.com.tn\/index.php?rest_route=\/wp\/v2\/product\/52521","targetHints":{"allow":["GET"]}}],"collection":[{"href":"https:\/\/vog.com.tn\/index.php?rest_route=\/wp\/v2\/product"}],"about":[{"href":"https:\/\/vog.com.tn\/index.php?rest_route=\/wp\/v2\/types\/product"}],"wp:featuredmedia":[{"embeddable":true,"href":"https:\/\/vog.com.tn\/index.php?rest_route=\/wp\/v2\/media\/52479"}],"wp:attachment":[{"href":"https:\/\/vog.com.tn\/index.php?rest_route=%2Fwp%2Fv2%2Fmedia&parent=52521"}],"wp:term":[{"taxonomy":"product_brand","embeddable":true,"href":"https:\/\/vog.com.tn\/index.php?rest_route=%2Fwp%2Fv2%2Fproduct_brand&post=52521"},{"taxonomy":"product_cat","embeddable":true,"href":"https:\/\/vog.com.tn\/index.php?rest_route=%2Fwp%2Fv2%2Fproduct_cat&post=52521"},{"taxonomy":"product_tag","embeddable":true,"href":"https:\/\/vog.com.tn\/index.php?rest_route=%2Fwp%2Fv2%2Fproduct_tag&post=52521"}],"curies":[{"name":"wp","href":"https:\/\/api.w.org\/{rel}","templated":true}]}}