{"id":56623,"date":"2023-01-24T09:42:46","date_gmt":"2023-01-24T08:42:46","guid":{"rendered":"https:\/\/vog.com.tn\/?post_type=product&#038;p=56623"},"modified":"2024-04-07T13:54:53","modified_gmt":"2024-04-07T11:54:53","slug":"manteau-mi-longue-double-face-rose","status":"publish","type":"product","link":"https:\/\/vog.com.tn\/?product=manteau-mi-longue-double-face-rose","title":{"rendered":"Manteau mi-long \u2013 Double face \u2013 Rose \u2013 145027 \u2013 VOG"},"content":{"rendered":"<p>Vog met en vente en ligne Manteau mi-long double face rose en Tunisie. Les manteaux sont des pi\u00e8ces phares pour l\u2019hiver. Notre s\u00e9lection de manteaux pour femmes offre tout ce dont vous avez besoin : des anoraks confortables aux manteaux de laine \u00e9l\u00e9gants. Vous trouverez \u00e9galement une vari\u00e9t\u00e9 de manteaux de fourrure, de parka, en cuir, cachemires \u2026<br \/>\nOn craque pour ces manteaux polyvalents qui rehaussent la simplicit\u00e9 d\u2019un jean et temp\u00e8rent l\u2019extr\u00eame f\u00e9minit\u00e9 d\u2019une robe. \u00c0 vous de jouer !<\/p>\n","protected":false},"excerpt":{"rendered":"<h2 class=\"vente-lgn-dsc\">Vente en ligne manteau mi-long double face rose .<\/h2>\n<ul>\n<li>Manteau mi-long matelass\u00e9e double face<\/li>\n<li>Dot\u00e9 d\u2019une capuche en fausse fourrure<\/li>\n<li>Pr\u00e9sence de deux poches en avant<\/li>\n<li>Double fermeture zipp\u00e9e et \u00e0 bouton<\/li>\n<li>Longueur : environ 83 cm.<\/li>\n<li>Composition : 100% polyester, fausse fourrure :70% acrylique et 30% polyester<\/li>\n<\/ul>\n","protected":false},"featured_media":56634,"comment_status":"open","ping_status":"closed","template":"","meta":[],"product_brand":[],"product_cat":[48,269,137,71],"product_tag":[],"class_list":{"0":"post-56623","1":"product","2":"type-product","3":"status-publish","4":"has-post-thumbnail","6":"product_cat-manteaux-femme","7":"product_cat-manteaux-femme-longs","8":"product_cat-mode-femme","9":"product_cat-vetements-femme","10":"pa_taille-xxl","11":"pa_taille-large","12":"pa_taille-moyenne","13":"pa_taille-small","14":"pa_taille-xl","17":"first","18":"outofstock","19":"taxable","20":"shipping-taxable","21":"product-type-variable"},"yoast_head":"<!-- This site is optimized with the Yoast SEO plugin v27.3 - https:\/\/yoast.com\/product\/yoast-seo-wordpress\/ -->\n<title>Manteau mi-long \u2013 Double face \u2013 Rose \u2013 145027 \u2013 VOG - Vog Tunisie<\/title>\n<meta name=\"robots\" content=\"index, follow, max-snippet:-1, max-image-preview:large, max-video-preview:-1\" \/>\n<link rel=\"canonical\" href=\"https:\/\/vog.com.tn\/?product=manteau-mi-longue-double-face-rose\" \/>\n<meta property=\"og:locale\" content=\"fr_FR\" \/>\n<meta property=\"og:type\" content=\"article\" \/>\n<meta property=\"og:title\" content=\"Manteau mi-long \u2013 Double face \u2013 Rose \u2013 145027 \u2013 VOG - Vog Tunisie\" \/>\n<meta property=\"og:description\" content=\"Vente en ligne manteau mi-long double face rose .   Manteau mi-long matelass\u00e9e double face  Dot\u00e9 d\u2019une capuche en fausse fourrure  Pr\u00e9sence de deux poches en avant  Double fermeture zipp\u00e9e et \u00e0 bouton  Longueur : environ 83 cm.  Composition : 100% polyester, fausse fourrure :70% acrylique et 30% polyester\" \/>\n<meta property=\"og:url\" content=\"https:\/\/vog.com.tn\/?product=manteau-mi-longue-double-face-rose\" \/>\n<meta property=\"og:site_name\" content=\"Vog Tunisie\" \/>\n<meta property=\"article:modified_time\" content=\"2024-04-07T11:54:53+00:00\" \/>\n<meta property=\"og:image\" content=\"https:\/\/vog.com.tn\/wp-content\/uploads\/2023\/01\/Manteau-double-face-5-1-scaled.jpg\" \/>\n\t<meta property=\"og:image:width\" content=\"2560\" \/>\n\t<meta property=\"og:image:height\" content=\"2560\" \/>\n\t<meta property=\"og:image:type\" content=\"image\/jpeg\" \/>\n<meta name=\"twitter:card\" content=\"summary_large_image\" \/>\n<meta name=\"twitter:label1\" content=\"Dur\u00e9e de lecture estim\u00e9e\" \/>\n\t<meta name=\"twitter:data1\" content=\"1 minute\" \/>\n<script type=\"application\/ld+json\" class=\"yoast-schema-graph\">{\"@context\":\"https:\\\/\\\/schema.org\",\"@graph\":[{\"@type\":\"WebPage\",\"@id\":\"https:\\\/\\\/vog.com.tn\\\/?product=manteau-mi-longue-double-face-rose\",\"url\":\"https:\\\/\\\/vog.com.tn\\\/?product=manteau-mi-longue-double-face-rose\",\"name\":\"Manteau mi-long \u2013 Double face \u2013 Rose \u2013 145027 \u2013 VOG - Vog Tunisie\",\"isPartOf\":{\"@id\":\"https:\\\/\\\/vog.com.tn\\\/#website\"},\"primaryImageOfPage\":{\"@id\":\"https:\\\/\\\/vog.com.tn\\\/?product=manteau-mi-longue-double-face-rose#primaryimage\"},\"image\":{\"@id\":\"https:\\\/\\\/vog.com.tn\\\/?product=manteau-mi-longue-double-face-rose#primaryimage\"},\"thumbnailUrl\":\"https:\\\/\\\/vog.com.tn\\\/wp-content\\\/uploads\\\/2023\\\/01\\\/Manteau-double-face-5-1-scaled.jpg\",\"datePublished\":\"2023-01-24T08:42:46+00:00\",\"dateModified\":\"2024-04-07T11:54:53+00:00\",\"breadcrumb\":{\"@id\":\"https:\\\/\\\/vog.com.tn\\\/?product=manteau-mi-longue-double-face-rose#breadcrumb\"},\"inLanguage\":\"fr-FR\",\"potentialAction\":[{\"@type\":\"ReadAction\",\"target\":[\"https:\\\/\\\/vog.com.tn\\\/?product=manteau-mi-longue-double-face-rose\"]}]},{\"@type\":\"ImageObject\",\"inLanguage\":\"fr-FR\",\"@id\":\"https:\\\/\\\/vog.com.tn\\\/?product=manteau-mi-longue-double-face-rose#primaryimage\",\"url\":\"https:\\\/\\\/vog.com.tn\\\/wp-content\\\/uploads\\\/2023\\\/01\\\/Manteau-double-face-5-1-scaled.jpg\",\"contentUrl\":\"https:\\\/\\\/vog.com.tn\\\/wp-content\\\/uploads\\\/2023\\\/01\\\/Manteau-double-face-5-1-scaled.jpg\",\"width\":2560,\"height\":2560,\"caption\":\"Manteau double face (5)-vog\"},{\"@type\":\"BreadcrumbList\",\"@id\":\"https:\\\/\\\/vog.com.tn\\\/?product=manteau-mi-longue-double-face-rose#breadcrumb\",\"itemListElement\":[{\"@type\":\"ListItem\",\"position\":1,\"name\":\"Home\",\"item\":\"https:\\\/\\\/vog.com.tn\\\/\"},{\"@type\":\"ListItem\",\"position\":2,\"name\":\"Produits\",\"item\":\"https:\\\/\\\/vog.com.tn\\\/?page_id=8\"},{\"@type\":\"ListItem\",\"position\":3,\"name\":\"Manteau mi-long \u2013 Double face \u2013 Rose \u2013 145027 \u2013 VOG\"}]},{\"@type\":\"WebSite\",\"@id\":\"https:\\\/\\\/vog.com.tn\\\/#website\",\"url\":\"https:\\\/\\\/vog.com.tn\\\/\",\"name\":\"Vog Tunisie\",\"description\":\"Pr\u00eat-\u00e0-porter\",\"potentialAction\":[{\"@type\":\"SearchAction\",\"target\":{\"@type\":\"EntryPoint\",\"urlTemplate\":\"https:\\\/\\\/vog.com.tn\\\/?s={search_term_string}\"},\"query-input\":{\"@type\":\"PropertyValueSpecification\",\"valueRequired\":true,\"valueName\":\"search_term_string\"}}],\"inLanguage\":\"fr-FR\"}]}<\/script>\n<!-- \/ Yoast SEO plugin. -->","yoast_head_json":{"title":"Manteau mi-long \u2013 Double face \u2013 Rose \u2013 145027 \u2013 VOG - Vog Tunisie","robots":{"index":"index","follow":"follow","max-snippet":"max-snippet:-1","max-image-preview":"max-image-preview:large","max-video-preview":"max-video-preview:-1"},"canonical":"https:\/\/vog.com.tn\/?product=manteau-mi-longue-double-face-rose","og_locale":"fr_FR","og_type":"article","og_title":"Manteau mi-long \u2013 Double face \u2013 Rose \u2013 145027 \u2013 VOG - Vog Tunisie","og_description":"Vente en ligne manteau mi-long double face rose .   Manteau mi-long matelass\u00e9e double face  Dot\u00e9 d\u2019une capuche en fausse fourrure  Pr\u00e9sence de deux poches en avant  Double fermeture zipp\u00e9e et \u00e0 bouton  Longueur : environ 83 cm.  Composition : 100% polyester, fausse fourrure :70% acrylique et 30% polyester","og_url":"https:\/\/vog.com.tn\/?product=manteau-mi-longue-double-face-rose","og_site_name":"Vog Tunisie","article_modified_time":"2024-04-07T11:54:53+00:00","og_image":[{"width":2560,"height":2560,"url":"https:\/\/vog.com.tn\/wp-content\/uploads\/2023\/01\/Manteau-double-face-5-1-scaled.jpg","type":"image\/jpeg"}],"twitter_card":"summary_large_image","twitter_misc":{"Dur\u00e9e de lecture estim\u00e9e":"1 minute"},"schema":{"@context":"https:\/\/schema.org","@graph":[{"@type":"WebPage","@id":"https:\/\/vog.com.tn\/?product=manteau-mi-longue-double-face-rose","url":"https:\/\/vog.com.tn\/?product=manteau-mi-longue-double-face-rose","name":"Manteau mi-long \u2013 Double face \u2013 Rose \u2013 145027 \u2013 VOG - Vog Tunisie","isPartOf":{"@id":"https:\/\/vog.com.tn\/#website"},"primaryImageOfPage":{"@id":"https:\/\/vog.com.tn\/?product=manteau-mi-longue-double-face-rose#primaryimage"},"image":{"@id":"https:\/\/vog.com.tn\/?product=manteau-mi-longue-double-face-rose#primaryimage"},"thumbnailUrl":"https:\/\/vog.com.tn\/wp-content\/uploads\/2023\/01\/Manteau-double-face-5-1-scaled.jpg","datePublished":"2023-01-24T08:42:46+00:00","dateModified":"2024-04-07T11:54:53+00:00","breadcrumb":{"@id":"https:\/\/vog.com.tn\/?product=manteau-mi-longue-double-face-rose#breadcrumb"},"inLanguage":"fr-FR","potentialAction":[{"@type":"ReadAction","target":["https:\/\/vog.com.tn\/?product=manteau-mi-longue-double-face-rose"]}]},{"@type":"ImageObject","inLanguage":"fr-FR","@id":"https:\/\/vog.com.tn\/?product=manteau-mi-longue-double-face-rose#primaryimage","url":"https:\/\/vog.com.tn\/wp-content\/uploads\/2023\/01\/Manteau-double-face-5-1-scaled.jpg","contentUrl":"https:\/\/vog.com.tn\/wp-content\/uploads\/2023\/01\/Manteau-double-face-5-1-scaled.jpg","width":2560,"height":2560,"caption":"Manteau double face (5)-vog"},{"@type":"BreadcrumbList","@id":"https:\/\/vog.com.tn\/?product=manteau-mi-longue-double-face-rose#breadcrumb","itemListElement":[{"@type":"ListItem","position":1,"name":"Home","item":"https:\/\/vog.com.tn\/"},{"@type":"ListItem","position":2,"name":"Produits","item":"https:\/\/vog.com.tn\/?page_id=8"},{"@type":"ListItem","position":3,"name":"Manteau mi-long \u2013 Double face \u2013 Rose \u2013 145027 \u2013 VOG"}]},{"@type":"WebSite","@id":"https:\/\/vog.com.tn\/#website","url":"https:\/\/vog.com.tn\/","name":"Vog Tunisie","description":"Pr\u00eat-\u00e0-porter","potentialAction":[{"@type":"SearchAction","target":{"@type":"EntryPoint","urlTemplate":"https:\/\/vog.com.tn\/?s={search_term_string}"},"query-input":{"@type":"PropertyValueSpecification","valueRequired":true,"valueName":"search_term_string"}}],"inLanguage":"fr-FR"}]}},"_links":{"self":[{"href":"https:\/\/vog.com.tn\/index.php?rest_route=\/wp\/v2\/product\/56623","targetHints":{"allow":["GET"]}}],"collection":[{"href":"https:\/\/vog.com.tn\/index.php?rest_route=\/wp\/v2\/product"}],"about":[{"href":"https:\/\/vog.com.tn\/index.php?rest_route=\/wp\/v2\/types\/product"}],"replies":[{"embeddable":true,"href":"https:\/\/vog.com.tn\/index.php?rest_route=%2Fwp%2Fv2%2Fcomments&post=56623"}],"wp:featuredmedia":[{"embeddable":true,"href":"https:\/\/vog.com.tn\/index.php?rest_route=\/wp\/v2\/media\/56634"}],"wp:attachment":[{"href":"https:\/\/vog.com.tn\/index.php?rest_route=%2Fwp%2Fv2%2Fmedia&parent=56623"}],"wp:term":[{"taxonomy":"product_brand","embeddable":true,"href":"https:\/\/vog.com.tn\/index.php?rest_route=%2Fwp%2Fv2%2Fproduct_brand&post=56623"},{"taxonomy":"product_cat","embeddable":true,"href":"https:\/\/vog.com.tn\/index.php?rest_route=%2Fwp%2Fv2%2Fproduct_cat&post=56623"},{"taxonomy":"product_tag","embeddable":true,"href":"https:\/\/vog.com.tn\/index.php?rest_route=%2Fwp%2Fv2%2Fproduct_tag&post=56623"}],"curies":[{"name":"wp","href":"https:\/\/api.w.org\/{rel}","templated":true}]}}