{"id":58351,"date":"2023-04-14T12:30:48","date_gmt":"2023-04-14T10:30:48","guid":{"rendered":"https:\/\/vog.com.tn\/?post_type=product&#038;p=58351"},"modified":"2024-03-03T09:28:01","modified_gmt":"2024-03-03T08:28:01","slug":"mocassins-femme-noir-144406","status":"publish","type":"product","link":"https:\/\/vog.com.tn\/?product=mocassins-femme-noir-144406","title":{"rendered":"Mocassins Femme \u2013 Noir \u2013 144406 \u2013 VOG"},"content":{"rendered":"<p>cassins, chaussure pr\u00e9f\u00e9r\u00e9e de l\u2019\u00e9t\u00e9, n\u2019a pas fini de vous surprendre. Les baskets\/Tennis en toile sont la meilleure option de chaussant pour la mi-saison. Ce mod\u00e8le \u00e0 tendance ethnique-chic, \u00e0 porter avec tous les styles : casual chic, working girl, romantico-champ\u00eatre,.<\/p>\n","protected":false},"excerpt":{"rendered":"<ul>\n<li>Mocassins plats en su\u00e9dine.<\/li>\n<li>Mod\u00e8le avec bride strass.<\/li>\n<li>Semelle int\u00e9rieure renforc\u00e9e pour plus de confort.<\/li>\n<li>Tige, semelle int\u00e9rieure &amp; ext\u00e9rieure : synth\u00e9tique.<\/li>\n<li>Plat, bas<\/li>\n<li>Hauteur du talon : 1 cm environ<\/li>\n<\/ul>\n","protected":false},"featured_media":58362,"comment_status":"open","ping_status":"closed","template":"","meta":[],"product_brand":[],"product_cat":[96,128,137],"product_tag":[],"class_list":{"0":"post-58351","1":"product","2":"type-product","3":"status-publish","4":"has-post-thumbnail","6":"product_cat-chaussures-femme","7":"product_cat-mocassins-ballerines-femme","8":"product_cat-mode-femme","9":"pa_couleurs-noir","10":"pa_pointure-105","11":"pa_pointure-106","12":"pa_pointure-107","13":"pa_pointure-108","14":"pa_pointure-109","15":"pa_pointure-110","18":"first","19":"outofstock","20":"taxable","21":"shipping-taxable","22":"product-type-variable"},"yoast_head":"<!-- This site is optimized with the Yoast SEO plugin v27.3 - https:\/\/yoast.com\/product\/yoast-seo-wordpress\/ -->\n<title>Mocassins Femme \u2013 Noir \u2013 144406 \u2013 VOG - Vog Tunisie<\/title>\n<meta name=\"robots\" content=\"index, follow, max-snippet:-1, max-image-preview:large, max-video-preview:-1\" \/>\n<link rel=\"canonical\" href=\"https:\/\/vog.com.tn\/?product=mocassins-femme-noir-144406\" \/>\n<meta property=\"og:locale\" content=\"fr_FR\" \/>\n<meta property=\"og:type\" content=\"article\" \/>\n<meta property=\"og:title\" content=\"Mocassins Femme \u2013 Noir \u2013 144406 \u2013 VOG - Vog Tunisie\" \/>\n<meta property=\"og:description\" content=\"Mocassins plats en su\u00e9dine.  Mod\u00e8le avec bride strass.  Semelle int\u00e9rieure renforc\u00e9e pour plus de confort.  Tige, semelle int\u00e9rieure &amp; ext\u00e9rieure : synth\u00e9tique.  Plat, bas  Hauteur du talon : 1 cm environ\" \/>\n<meta property=\"og:url\" content=\"https:\/\/vog.com.tn\/?product=mocassins-femme-noir-144406\" \/>\n<meta property=\"og:site_name\" content=\"Vog Tunisie\" \/>\n<meta property=\"article:modified_time\" content=\"2024-03-03T08:28:01+00:00\" \/>\n<meta property=\"og:image\" content=\"https:\/\/vog.com.tn\/wp-content\/uploads\/2023\/04\/144406-Noir-1-1.jpg\" \/>\n\t<meta property=\"og:image:width\" content=\"704\" \/>\n\t<meta property=\"og:image:height\" content=\"999\" \/>\n\t<meta property=\"og:image:type\" content=\"image\/jpeg\" \/>\n<meta name=\"twitter:card\" content=\"summary_large_image\" \/>\n<meta name=\"twitter:label1\" content=\"Dur\u00e9e de lecture estim\u00e9e\" \/>\n\t<meta name=\"twitter:data1\" content=\"1 minute\" \/>\n<script type=\"application\/ld+json\" class=\"yoast-schema-graph\">{\"@context\":\"https:\\\/\\\/schema.org\",\"@graph\":[{\"@type\":\"WebPage\",\"@id\":\"https:\\\/\\\/vog.com.tn\\\/?product=mocassins-femme-noir-144406\",\"url\":\"https:\\\/\\\/vog.com.tn\\\/?product=mocassins-femme-noir-144406\",\"name\":\"Mocassins Femme \u2013 Noir \u2013 144406 \u2013 VOG - Vog Tunisie\",\"isPartOf\":{\"@id\":\"https:\\\/\\\/vog.com.tn\\\/#website\"},\"primaryImageOfPage\":{\"@id\":\"https:\\\/\\\/vog.com.tn\\\/?product=mocassins-femme-noir-144406#primaryimage\"},\"image\":{\"@id\":\"https:\\\/\\\/vog.com.tn\\\/?product=mocassins-femme-noir-144406#primaryimage\"},\"thumbnailUrl\":\"https:\\\/\\\/vog.com.tn\\\/wp-content\\\/uploads\\\/2023\\\/04\\\/144406-Noir-1-1.jpg\",\"datePublished\":\"2023-04-14T10:30:48+00:00\",\"dateModified\":\"2024-03-03T08:28:01+00:00\",\"breadcrumb\":{\"@id\":\"https:\\\/\\\/vog.com.tn\\\/?product=mocassins-femme-noir-144406#breadcrumb\"},\"inLanguage\":\"fr-FR\",\"potentialAction\":[{\"@type\":\"ReadAction\",\"target\":[\"https:\\\/\\\/vog.com.tn\\\/?product=mocassins-femme-noir-144406\"]}]},{\"@type\":\"ImageObject\",\"inLanguage\":\"fr-FR\",\"@id\":\"https:\\\/\\\/vog.com.tn\\\/?product=mocassins-femme-noir-144406#primaryimage\",\"url\":\"https:\\\/\\\/vog.com.tn\\\/wp-content\\\/uploads\\\/2023\\\/04\\\/144406-Noir-1-1.jpg\",\"contentUrl\":\"https:\\\/\\\/vog.com.tn\\\/wp-content\\\/uploads\\\/2023\\\/04\\\/144406-Noir-1-1.jpg\",\"width\":704,\"height\":999},{\"@type\":\"BreadcrumbList\",\"@id\":\"https:\\\/\\\/vog.com.tn\\\/?product=mocassins-femme-noir-144406#breadcrumb\",\"itemListElement\":[{\"@type\":\"ListItem\",\"position\":1,\"name\":\"Home\",\"item\":\"https:\\\/\\\/vog.com.tn\\\/\"},{\"@type\":\"ListItem\",\"position\":2,\"name\":\"Produits\",\"item\":\"https:\\\/\\\/vog.com.tn\\\/?page_id=8\"},{\"@type\":\"ListItem\",\"position\":3,\"name\":\"Mocassins Femme \u2013 Noir \u2013 144406 \u2013 VOG\"}]},{\"@type\":\"WebSite\",\"@id\":\"https:\\\/\\\/vog.com.tn\\\/#website\",\"url\":\"https:\\\/\\\/vog.com.tn\\\/\",\"name\":\"Vog Tunisie\",\"description\":\"Pr\u00eat-\u00e0-porter\",\"potentialAction\":[{\"@type\":\"SearchAction\",\"target\":{\"@type\":\"EntryPoint\",\"urlTemplate\":\"https:\\\/\\\/vog.com.tn\\\/?s={search_term_string}\"},\"query-input\":{\"@type\":\"PropertyValueSpecification\",\"valueRequired\":true,\"valueName\":\"search_term_string\"}}],\"inLanguage\":\"fr-FR\"}]}<\/script>\n<!-- \/ Yoast SEO plugin. -->","yoast_head_json":{"title":"Mocassins Femme \u2013 Noir \u2013 144406 \u2013 VOG - Vog Tunisie","robots":{"index":"index","follow":"follow","max-snippet":"max-snippet:-1","max-image-preview":"max-image-preview:large","max-video-preview":"max-video-preview:-1"},"canonical":"https:\/\/vog.com.tn\/?product=mocassins-femme-noir-144406","og_locale":"fr_FR","og_type":"article","og_title":"Mocassins Femme \u2013 Noir \u2013 144406 \u2013 VOG - Vog Tunisie","og_description":"Mocassins plats en su\u00e9dine.  Mod\u00e8le avec bride strass.  Semelle int\u00e9rieure renforc\u00e9e pour plus de confort.  Tige, semelle int\u00e9rieure &amp; ext\u00e9rieure : synth\u00e9tique.  Plat, bas  Hauteur du talon : 1 cm environ","og_url":"https:\/\/vog.com.tn\/?product=mocassins-femme-noir-144406","og_site_name":"Vog Tunisie","article_modified_time":"2024-03-03T08:28:01+00:00","og_image":[{"width":704,"height":999,"url":"https:\/\/vog.com.tn\/wp-content\/uploads\/2023\/04\/144406-Noir-1-1.jpg","type":"image\/jpeg"}],"twitter_card":"summary_large_image","twitter_misc":{"Dur\u00e9e de lecture estim\u00e9e":"1 minute"},"schema":{"@context":"https:\/\/schema.org","@graph":[{"@type":"WebPage","@id":"https:\/\/vog.com.tn\/?product=mocassins-femme-noir-144406","url":"https:\/\/vog.com.tn\/?product=mocassins-femme-noir-144406","name":"Mocassins Femme \u2013 Noir \u2013 144406 \u2013 VOG - Vog Tunisie","isPartOf":{"@id":"https:\/\/vog.com.tn\/#website"},"primaryImageOfPage":{"@id":"https:\/\/vog.com.tn\/?product=mocassins-femme-noir-144406#primaryimage"},"image":{"@id":"https:\/\/vog.com.tn\/?product=mocassins-femme-noir-144406#primaryimage"},"thumbnailUrl":"https:\/\/vog.com.tn\/wp-content\/uploads\/2023\/04\/144406-Noir-1-1.jpg","datePublished":"2023-04-14T10:30:48+00:00","dateModified":"2024-03-03T08:28:01+00:00","breadcrumb":{"@id":"https:\/\/vog.com.tn\/?product=mocassins-femme-noir-144406#breadcrumb"},"inLanguage":"fr-FR","potentialAction":[{"@type":"ReadAction","target":["https:\/\/vog.com.tn\/?product=mocassins-femme-noir-144406"]}]},{"@type":"ImageObject","inLanguage":"fr-FR","@id":"https:\/\/vog.com.tn\/?product=mocassins-femme-noir-144406#primaryimage","url":"https:\/\/vog.com.tn\/wp-content\/uploads\/2023\/04\/144406-Noir-1-1.jpg","contentUrl":"https:\/\/vog.com.tn\/wp-content\/uploads\/2023\/04\/144406-Noir-1-1.jpg","width":704,"height":999},{"@type":"BreadcrumbList","@id":"https:\/\/vog.com.tn\/?product=mocassins-femme-noir-144406#breadcrumb","itemListElement":[{"@type":"ListItem","position":1,"name":"Home","item":"https:\/\/vog.com.tn\/"},{"@type":"ListItem","position":2,"name":"Produits","item":"https:\/\/vog.com.tn\/?page_id=8"},{"@type":"ListItem","position":3,"name":"Mocassins Femme \u2013 Noir \u2013 144406 \u2013 VOG"}]},{"@type":"WebSite","@id":"https:\/\/vog.com.tn\/#website","url":"https:\/\/vog.com.tn\/","name":"Vog Tunisie","description":"Pr\u00eat-\u00e0-porter","potentialAction":[{"@type":"SearchAction","target":{"@type":"EntryPoint","urlTemplate":"https:\/\/vog.com.tn\/?s={search_term_string}"},"query-input":{"@type":"PropertyValueSpecification","valueRequired":true,"valueName":"search_term_string"}}],"inLanguage":"fr-FR"}]}},"_links":{"self":[{"href":"https:\/\/vog.com.tn\/index.php?rest_route=\/wp\/v2\/product\/58351","targetHints":{"allow":["GET"]}}],"collection":[{"href":"https:\/\/vog.com.tn\/index.php?rest_route=\/wp\/v2\/product"}],"about":[{"href":"https:\/\/vog.com.tn\/index.php?rest_route=\/wp\/v2\/types\/product"}],"replies":[{"embeddable":true,"href":"https:\/\/vog.com.tn\/index.php?rest_route=%2Fwp%2Fv2%2Fcomments&post=58351"}],"wp:featuredmedia":[{"embeddable":true,"href":"https:\/\/vog.com.tn\/index.php?rest_route=\/wp\/v2\/media\/58362"}],"wp:attachment":[{"href":"https:\/\/vog.com.tn\/index.php?rest_route=%2Fwp%2Fv2%2Fmedia&parent=58351"}],"wp:term":[{"taxonomy":"product_brand","embeddable":true,"href":"https:\/\/vog.com.tn\/index.php?rest_route=%2Fwp%2Fv2%2Fproduct_brand&post=58351"},{"taxonomy":"product_cat","embeddable":true,"href":"https:\/\/vog.com.tn\/index.php?rest_route=%2Fwp%2Fv2%2Fproduct_cat&post=58351"},{"taxonomy":"product_tag","embeddable":true,"href":"https:\/\/vog.com.tn\/index.php?rest_route=%2Fwp%2Fv2%2Fproduct_tag&post=58351"}],"curies":[{"name":"wp","href":"https:\/\/api.w.org\/{rel}","templated":true}]}}