{"id":58509,"date":"2023-04-15T13:19:20","date_gmt":"2023-04-15T11:19:20","guid":{"rendered":"https:\/\/vog.com.tn\/?post_type=product&#038;p=58509"},"modified":"2024-03-10T09:50:34","modified_gmt":"2024-03-10T08:50:34","slug":"espadrille-144453","status":"publish","type":"product","link":"https:\/\/vog.com.tn\/?product=espadrille-144453","title":{"rendered":"Espadrille Femme \u2013 144453 \u2013 VOG"},"content":{"rendered":"<p>L\u2019espadrille, chaussure pr\u00e9f\u00e9r\u00e9e de l\u2019\u00e9t\u00e9, n\u2019a pas fini de vous surprendre. Les baskets\/Tennis en toile sont la meilleure option de chaussant pour la mi-saison. Ce mod\u00e8le \u00e0 tendance ethnique-chic, \u00e0 porter avec tous les styles\u00a0:\u00a0casual chic, working girl, romantico-champ\u00eatre,\u2026<\/p>\n","protected":false},"excerpt":{"rendered":"<ul>\n<li>Espadrilles \u00e0 plateforme en su\u00e9dine avec cha\u00eene<\/li>\n<li>Talon plateforme effet cordes avec semelle crant\u00e9e.<\/li>\n<li>Tige, semelle int\u00e9rieure &amp; ext\u00e9rieure : synth\u00e9tique.<\/li>\n<li>Int\u00e9rieur en tissu.<\/li>\n<li>Hauteur de la plateforme : 4 cm environ<\/li>\n<\/ul>\n","protected":false},"featured_media":58512,"comment_status":"open","ping_status":"closed","template":"","meta":[],"product_brand":[],"product_cat":[96,181,137],"product_tag":[],"class_list":{"0":"post-58509","1":"product","2":"type-product","3":"status-publish","4":"has-post-thumbnail","6":"product_cat-chaussures-femme","7":"product_cat-espadrilles-femme","8":"product_cat-mode-femme","9":"pa_couleurs-beige","10":"pa_couleurs-fushia","11":"pa_pointure-105","12":"pa_pointure-106","13":"pa_pointure-107","14":"pa_pointure-108","15":"pa_pointure-109","16":"pa_pointure-110","19":"first","20":"outofstock","21":"taxable","22":"shipping-taxable","23":"product-type-variable"},"yoast_head":"<!-- This site is optimized with the Yoast SEO plugin v27.3 - https:\/\/yoast.com\/product\/yoast-seo-wordpress\/ -->\n<title>Espadrille Femme \u2013 144453 \u2013 VOG - Vog Tunisie<\/title>\n<meta name=\"robots\" content=\"index, follow, max-snippet:-1, max-image-preview:large, max-video-preview:-1\" \/>\n<link rel=\"canonical\" href=\"https:\/\/vog.com.tn\/?product=espadrille-144453\" \/>\n<meta property=\"og:locale\" content=\"fr_FR\" \/>\n<meta property=\"og:type\" content=\"article\" \/>\n<meta property=\"og:title\" content=\"Espadrille Femme \u2013 144453 \u2013 VOG - Vog Tunisie\" \/>\n<meta property=\"og:description\" content=\"Espadrilles \u00e0 plateforme en su\u00e9dine avec cha\u00eene  Talon plateforme effet cordes avec semelle crant\u00e9e.  Tige, semelle int\u00e9rieure &amp; ext\u00e9rieure : synth\u00e9tique.  Int\u00e9rieur en tissu.  Hauteur de la plateforme : 4 cm environ\" \/>\n<meta property=\"og:url\" content=\"https:\/\/vog.com.tn\/?product=espadrille-144453\" \/>\n<meta property=\"og:site_name\" content=\"Vog Tunisie\" \/>\n<meta property=\"article:modified_time\" content=\"2024-03-10T08:50:34+00:00\" \/>\n<meta property=\"og:image\" content=\"https:\/\/vog.com.tn\/wp-content\/uploads\/2023\/04\/144453-Fushia-1.jpg\" \/>\n\t<meta property=\"og:image:width\" content=\"910\" \/>\n\t<meta property=\"og:image:height\" content=\"991\" \/>\n\t<meta property=\"og:image:type\" content=\"image\/jpeg\" \/>\n<meta name=\"twitter:card\" content=\"summary_large_image\" \/>\n<meta name=\"twitter:label1\" content=\"Dur\u00e9e de lecture estim\u00e9e\" \/>\n\t<meta name=\"twitter:data1\" content=\"1 minute\" \/>\n<script type=\"application\/ld+json\" class=\"yoast-schema-graph\">{\"@context\":\"https:\\\/\\\/schema.org\",\"@graph\":[{\"@type\":\"WebPage\",\"@id\":\"https:\\\/\\\/vog.com.tn\\\/?product=espadrille-144453\",\"url\":\"https:\\\/\\\/vog.com.tn\\\/?product=espadrille-144453\",\"name\":\"Espadrille Femme \u2013 144453 \u2013 VOG - Vog Tunisie\",\"isPartOf\":{\"@id\":\"https:\\\/\\\/vog.com.tn\\\/#website\"},\"primaryImageOfPage\":{\"@id\":\"https:\\\/\\\/vog.com.tn\\\/?product=espadrille-144453#primaryimage\"},\"image\":{\"@id\":\"https:\\\/\\\/vog.com.tn\\\/?product=espadrille-144453#primaryimage\"},\"thumbnailUrl\":\"https:\\\/\\\/vog.com.tn\\\/wp-content\\\/uploads\\\/2023\\\/04\\\/144453-Fushia-1.jpg\",\"datePublished\":\"2023-04-15T11:19:20+00:00\",\"dateModified\":\"2024-03-10T08:50:34+00:00\",\"breadcrumb\":{\"@id\":\"https:\\\/\\\/vog.com.tn\\\/?product=espadrille-144453#breadcrumb\"},\"inLanguage\":\"fr-FR\",\"potentialAction\":[{\"@type\":\"ReadAction\",\"target\":[\"https:\\\/\\\/vog.com.tn\\\/?product=espadrille-144453\"]}]},{\"@type\":\"ImageObject\",\"inLanguage\":\"fr-FR\",\"@id\":\"https:\\\/\\\/vog.com.tn\\\/?product=espadrille-144453#primaryimage\",\"url\":\"https:\\\/\\\/vog.com.tn\\\/wp-content\\\/uploads\\\/2023\\\/04\\\/144453-Fushia-1.jpg\",\"contentUrl\":\"https:\\\/\\\/vog.com.tn\\\/wp-content\\\/uploads\\\/2023\\\/04\\\/144453-Fushia-1.jpg\",\"width\":910,\"height\":991},{\"@type\":\"BreadcrumbList\",\"@id\":\"https:\\\/\\\/vog.com.tn\\\/?product=espadrille-144453#breadcrumb\",\"itemListElement\":[{\"@type\":\"ListItem\",\"position\":1,\"name\":\"Home\",\"item\":\"https:\\\/\\\/vog.com.tn\\\/\"},{\"@type\":\"ListItem\",\"position\":2,\"name\":\"Produits\",\"item\":\"https:\\\/\\\/vog.com.tn\\\/?page_id=8\"},{\"@type\":\"ListItem\",\"position\":3,\"name\":\"Espadrille Femme \u2013 144453 \u2013 VOG\"}]},{\"@type\":\"WebSite\",\"@id\":\"https:\\\/\\\/vog.com.tn\\\/#website\",\"url\":\"https:\\\/\\\/vog.com.tn\\\/\",\"name\":\"Vog Tunisie\",\"description\":\"Pr\u00eat-\u00e0-porter\",\"potentialAction\":[{\"@type\":\"SearchAction\",\"target\":{\"@type\":\"EntryPoint\",\"urlTemplate\":\"https:\\\/\\\/vog.com.tn\\\/?s={search_term_string}\"},\"query-input\":{\"@type\":\"PropertyValueSpecification\",\"valueRequired\":true,\"valueName\":\"search_term_string\"}}],\"inLanguage\":\"fr-FR\"}]}<\/script>\n<!-- \/ Yoast SEO plugin. -->","yoast_head_json":{"title":"Espadrille Femme \u2013 144453 \u2013 VOG - Vog Tunisie","robots":{"index":"index","follow":"follow","max-snippet":"max-snippet:-1","max-image-preview":"max-image-preview:large","max-video-preview":"max-video-preview:-1"},"canonical":"https:\/\/vog.com.tn\/?product=espadrille-144453","og_locale":"fr_FR","og_type":"article","og_title":"Espadrille Femme \u2013 144453 \u2013 VOG - Vog Tunisie","og_description":"Espadrilles \u00e0 plateforme en su\u00e9dine avec cha\u00eene  Talon plateforme effet cordes avec semelle crant\u00e9e.  Tige, semelle int\u00e9rieure &amp; ext\u00e9rieure : synth\u00e9tique.  Int\u00e9rieur en tissu.  Hauteur de la plateforme : 4 cm environ","og_url":"https:\/\/vog.com.tn\/?product=espadrille-144453","og_site_name":"Vog Tunisie","article_modified_time":"2024-03-10T08:50:34+00:00","og_image":[{"width":910,"height":991,"url":"https:\/\/vog.com.tn\/wp-content\/uploads\/2023\/04\/144453-Fushia-1.jpg","type":"image\/jpeg"}],"twitter_card":"summary_large_image","twitter_misc":{"Dur\u00e9e de lecture estim\u00e9e":"1 minute"},"schema":{"@context":"https:\/\/schema.org","@graph":[{"@type":"WebPage","@id":"https:\/\/vog.com.tn\/?product=espadrille-144453","url":"https:\/\/vog.com.tn\/?product=espadrille-144453","name":"Espadrille Femme \u2013 144453 \u2013 VOG - Vog Tunisie","isPartOf":{"@id":"https:\/\/vog.com.tn\/#website"},"primaryImageOfPage":{"@id":"https:\/\/vog.com.tn\/?product=espadrille-144453#primaryimage"},"image":{"@id":"https:\/\/vog.com.tn\/?product=espadrille-144453#primaryimage"},"thumbnailUrl":"https:\/\/vog.com.tn\/wp-content\/uploads\/2023\/04\/144453-Fushia-1.jpg","datePublished":"2023-04-15T11:19:20+00:00","dateModified":"2024-03-10T08:50:34+00:00","breadcrumb":{"@id":"https:\/\/vog.com.tn\/?product=espadrille-144453#breadcrumb"},"inLanguage":"fr-FR","potentialAction":[{"@type":"ReadAction","target":["https:\/\/vog.com.tn\/?product=espadrille-144453"]}]},{"@type":"ImageObject","inLanguage":"fr-FR","@id":"https:\/\/vog.com.tn\/?product=espadrille-144453#primaryimage","url":"https:\/\/vog.com.tn\/wp-content\/uploads\/2023\/04\/144453-Fushia-1.jpg","contentUrl":"https:\/\/vog.com.tn\/wp-content\/uploads\/2023\/04\/144453-Fushia-1.jpg","width":910,"height":991},{"@type":"BreadcrumbList","@id":"https:\/\/vog.com.tn\/?product=espadrille-144453#breadcrumb","itemListElement":[{"@type":"ListItem","position":1,"name":"Home","item":"https:\/\/vog.com.tn\/"},{"@type":"ListItem","position":2,"name":"Produits","item":"https:\/\/vog.com.tn\/?page_id=8"},{"@type":"ListItem","position":3,"name":"Espadrille Femme \u2013 144453 \u2013 VOG"}]},{"@type":"WebSite","@id":"https:\/\/vog.com.tn\/#website","url":"https:\/\/vog.com.tn\/","name":"Vog Tunisie","description":"Pr\u00eat-\u00e0-porter","potentialAction":[{"@type":"SearchAction","target":{"@type":"EntryPoint","urlTemplate":"https:\/\/vog.com.tn\/?s={search_term_string}"},"query-input":{"@type":"PropertyValueSpecification","valueRequired":true,"valueName":"search_term_string"}}],"inLanguage":"fr-FR"}]}},"_links":{"self":[{"href":"https:\/\/vog.com.tn\/index.php?rest_route=\/wp\/v2\/product\/58509","targetHints":{"allow":["GET"]}}],"collection":[{"href":"https:\/\/vog.com.tn\/index.php?rest_route=\/wp\/v2\/product"}],"about":[{"href":"https:\/\/vog.com.tn\/index.php?rest_route=\/wp\/v2\/types\/product"}],"replies":[{"embeddable":true,"href":"https:\/\/vog.com.tn\/index.php?rest_route=%2Fwp%2Fv2%2Fcomments&post=58509"}],"wp:featuredmedia":[{"embeddable":true,"href":"https:\/\/vog.com.tn\/index.php?rest_route=\/wp\/v2\/media\/58512"}],"wp:attachment":[{"href":"https:\/\/vog.com.tn\/index.php?rest_route=%2Fwp%2Fv2%2Fmedia&parent=58509"}],"wp:term":[{"taxonomy":"product_brand","embeddable":true,"href":"https:\/\/vog.com.tn\/index.php?rest_route=%2Fwp%2Fv2%2Fproduct_brand&post=58509"},{"taxonomy":"product_cat","embeddable":true,"href":"https:\/\/vog.com.tn\/index.php?rest_route=%2Fwp%2Fv2%2Fproduct_cat&post=58509"},{"taxonomy":"product_tag","embeddable":true,"href":"https:\/\/vog.com.tn\/index.php?rest_route=%2Fwp%2Fv2%2Fproduct_tag&post=58509"}],"curies":[{"name":"wp","href":"https:\/\/api.w.org\/{rel}","templated":true}]}}