{"id":62769,"date":"2023-07-20T13:08:16","date_gmt":"2023-07-20T11:08:16","guid":{"rendered":"https:\/\/vog.com.tn\/?post_type=product&#038;p=62769"},"modified":"2025-07-18T12:48:14","modified_gmt":"2025-07-18T10:48:14","slug":"maillot-de-bain-43039","status":"publish","type":"product","link":"https:\/\/vog.com.tn\/?product=maillot-de-bain-43039","title":{"rendered":"Maillot De Bain Femme \u2013 43039 \u2013 VOG"},"content":{"rendered":"<p>Vog met en vente en ligne maillot de bain femme en Tunisie. Qui dit soleil, dit maillots de bain ! D\u00e9couvrez notre s\u00e9lection de bikinis, maillots de bain 1 pi\u00e8ce, trikinis, et tankinis pour des vacances bien m\u00e9rit\u00e9es. Le choix du maillot de bain se fera toujours en rapport avec la morphologie. Les couleurs claires et flashy seront id\u00e9ales pour mettre en avant votre bronzage. Cette ann\u00e9e il faut miser sur les maillots de bain aux motifs ethniques, aux couleurs flashy, avec des jeux de lani\u00e8res ou tout simplement dans un style r\u00e9tro chic. Et il ne faut surtout pas n\u00e9gliger le maillot de bain une pi\u00e8ce ou trikini cet \u00e9t\u00e9, car ils seront ind\u00e9niablement les stars de la plage. Plongez la t\u00eate la premi\u00e8re dans notre nouvelle collection qui sent bon l\u2019\u00e9t\u00e9, aux prix l\u00e9gers.<\/p>\n","protected":false},"excerpt":{"rendered":"<h2 class=\"vente-lgn-dsc\">Vente en ligne maillot de bain pour femme.<\/h2>\n<ul>\n<li>Maillot de bain 1 pi\u00e8ce uno.<\/li>\n<li>Dot\u00e9 de liens \u00e0 nouer dans le dos.<\/li>\n<li>Pr\u00e9sence de coussinets de maintien amovible.<\/li>\n<li>Mod\u00e8le avec d\u00e9coupe au niveau poitrine et petits volants.<\/li>\n<li>Le mannequin mesure 1m70 .<\/li>\n<li>Composition : 82% polyamide et 18% \u00e9lasthanne.<\/li>\n<\/ul>\n","protected":false},"featured_media":62775,"template":"","meta":[],"product_brand":[],"product_cat":[254,66,137,71],"product_tag":[],"class_list":{"0":"post-62769","1":"product","2":"type-product","3":"status-publish","4":"has-post-thumbnail","6":"product_cat-maillot-de-bain-1-piece-tankini","7":"product_cat-maillot-de-bain-femme","8":"product_cat-mode-femme","9":"product_cat-vetements-femme","10":"pa_couleurs-ecru","11":"pa_couleurs-noir","12":"pa_couleurs-rouge","13":"pa_couleurs-royal","14":"pa_taille-xxl","15":"pa_taille-3xl","16":"pa_taille-large","17":"pa_taille-moyenne","18":"pa_taille-xl","21":"first","22":"outofstock","23":"taxable","24":"shipping-taxable","25":"product-type-variable"},"yoast_head":"<!-- This site is optimized with the Yoast SEO plugin v27.5 - https:\/\/yoast.com\/product\/yoast-seo-wordpress\/ -->\n<title>Maillot De Bain Femme \u2013 43039 \u2013 VOG - Vog Tunisie<\/title>\n<meta name=\"robots\" content=\"index, follow, max-snippet:-1, max-image-preview:large, max-video-preview:-1\" \/>\n<link rel=\"canonical\" href=\"https:\/\/vog.com.tn\/?product=maillot-de-bain-43039\" \/>\n<meta property=\"og:locale\" content=\"fr_FR\" \/>\n<meta property=\"og:type\" content=\"article\" \/>\n<meta property=\"og:title\" content=\"Maillot De Bain Femme \u2013 43039 \u2013 VOG - Vog Tunisie\" \/>\n<meta property=\"og:description\" content=\"Vente en ligne maillot de bain pour femme.   Maillot de bain 1 pi\u00e8ce uno.  Dot\u00e9 de liens \u00e0 nouer dans le dos.  Pr\u00e9sence de coussinets de maintien amovible.  Mod\u00e8le avec d\u00e9coupe au niveau poitrine et petits volants.  Le mannequin mesure 1m70 .  Composition : 82% polyamide et 18% \u00e9lasthanne.\" \/>\n<meta property=\"og:url\" content=\"https:\/\/vog.com.tn\/?product=maillot-de-bain-43039\" \/>\n<meta property=\"og:site_name\" content=\"Vog Tunisie\" \/>\n<meta property=\"article:modified_time\" content=\"2025-07-18T10:48:14+00:00\" \/>\n<meta property=\"og:image\" content=\"https:\/\/vog.com.tn\/wp-content\/uploads\/2023\/07\/43039.png\" \/>\n\t<meta property=\"og:image:width\" content=\"588\" \/>\n\t<meta property=\"og:image:height\" content=\"833\" \/>\n\t<meta property=\"og:image:type\" content=\"image\/png\" \/>\n<meta name=\"twitter:card\" content=\"summary_large_image\" \/>\n<meta name=\"twitter:label1\" content=\"Dur\u00e9e de lecture estim\u00e9e\" \/>\n\t<meta name=\"twitter:data1\" content=\"1 minute\" \/>\n<script type=\"application\/ld+json\" class=\"yoast-schema-graph\">{\"@context\":\"https:\\\/\\\/schema.org\",\"@graph\":[{\"@type\":\"WebPage\",\"@id\":\"https:\\\/\\\/vog.com.tn\\\/?product=maillot-de-bain-43039\",\"url\":\"https:\\\/\\\/vog.com.tn\\\/?product=maillot-de-bain-43039\",\"name\":\"Maillot De Bain Femme \u2013 43039 \u2013 VOG - Vog Tunisie\",\"isPartOf\":{\"@id\":\"https:\\\/\\\/vog.com.tn\\\/#website\"},\"primaryImageOfPage\":{\"@id\":\"https:\\\/\\\/vog.com.tn\\\/?product=maillot-de-bain-43039#primaryimage\"},\"image\":{\"@id\":\"https:\\\/\\\/vog.com.tn\\\/?product=maillot-de-bain-43039#primaryimage\"},\"thumbnailUrl\":\"https:\\\/\\\/vog.com.tn\\\/wp-content\\\/uploads\\\/2023\\\/07\\\/43039.png\",\"datePublished\":\"2023-07-20T11:08:16+00:00\",\"dateModified\":\"2025-07-18T10:48:14+00:00\",\"breadcrumb\":{\"@id\":\"https:\\\/\\\/vog.com.tn\\\/?product=maillot-de-bain-43039#breadcrumb\"},\"inLanguage\":\"fr-FR\",\"potentialAction\":[{\"@type\":\"ReadAction\",\"target\":[\"https:\\\/\\\/vog.com.tn\\\/?product=maillot-de-bain-43039\"]}]},{\"@type\":\"ImageObject\",\"inLanguage\":\"fr-FR\",\"@id\":\"https:\\\/\\\/vog.com.tn\\\/?product=maillot-de-bain-43039#primaryimage\",\"url\":\"https:\\\/\\\/vog.com.tn\\\/wp-content\\\/uploads\\\/2023\\\/07\\\/43039.png\",\"contentUrl\":\"https:\\\/\\\/vog.com.tn\\\/wp-content\\\/uploads\\\/2023\\\/07\\\/43039.png\",\"width\":588,\"height\":833},{\"@type\":\"BreadcrumbList\",\"@id\":\"https:\\\/\\\/vog.com.tn\\\/?product=maillot-de-bain-43039#breadcrumb\",\"itemListElement\":[{\"@type\":\"ListItem\",\"position\":1,\"name\":\"Home\",\"item\":\"https:\\\/\\\/vog.com.tn\\\/\"},{\"@type\":\"ListItem\",\"position\":2,\"name\":\"Produits\",\"item\":\"https:\\\/\\\/vog.com.tn\\\/?page_id=8\"},{\"@type\":\"ListItem\",\"position\":3,\"name\":\"Maillot De Bain Femme \u2013 43039 \u2013 VOG\"}]},{\"@type\":\"WebSite\",\"@id\":\"https:\\\/\\\/vog.com.tn\\\/#website\",\"url\":\"https:\\\/\\\/vog.com.tn\\\/\",\"name\":\"Vog Tunisie\",\"description\":\"Pr\u00eat-\u00e0-porter\",\"potentialAction\":[{\"@type\":\"SearchAction\",\"target\":{\"@type\":\"EntryPoint\",\"urlTemplate\":\"https:\\\/\\\/vog.com.tn\\\/?s={search_term_string}\"},\"query-input\":{\"@type\":\"PropertyValueSpecification\",\"valueRequired\":true,\"valueName\":\"search_term_string\"}}],\"inLanguage\":\"fr-FR\"}]}<\/script>\n<!-- \/ Yoast SEO plugin. -->","yoast_head_json":{"title":"Maillot De Bain Femme \u2013 43039 \u2013 VOG - Vog Tunisie","robots":{"index":"index","follow":"follow","max-snippet":"max-snippet:-1","max-image-preview":"max-image-preview:large","max-video-preview":"max-video-preview:-1"},"canonical":"https:\/\/vog.com.tn\/?product=maillot-de-bain-43039","og_locale":"fr_FR","og_type":"article","og_title":"Maillot De Bain Femme \u2013 43039 \u2013 VOG - Vog Tunisie","og_description":"Vente en ligne maillot de bain pour femme.   Maillot de bain 1 pi\u00e8ce uno.  Dot\u00e9 de liens \u00e0 nouer dans le dos.  Pr\u00e9sence de coussinets de maintien amovible.  Mod\u00e8le avec d\u00e9coupe au niveau poitrine et petits volants.  Le mannequin mesure 1m70 .  Composition : 82% polyamide et 18% \u00e9lasthanne.","og_url":"https:\/\/vog.com.tn\/?product=maillot-de-bain-43039","og_site_name":"Vog Tunisie","article_modified_time":"2025-07-18T10:48:14+00:00","og_image":[{"width":588,"height":833,"url":"https:\/\/vog.com.tn\/wp-content\/uploads\/2023\/07\/43039.png","type":"image\/png"}],"twitter_card":"summary_large_image","twitter_misc":{"Dur\u00e9e de lecture estim\u00e9e":"1 minute"},"schema":{"@context":"https:\/\/schema.org","@graph":[{"@type":"WebPage","@id":"https:\/\/vog.com.tn\/?product=maillot-de-bain-43039","url":"https:\/\/vog.com.tn\/?product=maillot-de-bain-43039","name":"Maillot De Bain Femme \u2013 43039 \u2013 VOG - Vog Tunisie","isPartOf":{"@id":"https:\/\/vog.com.tn\/#website"},"primaryImageOfPage":{"@id":"https:\/\/vog.com.tn\/?product=maillot-de-bain-43039#primaryimage"},"image":{"@id":"https:\/\/vog.com.tn\/?product=maillot-de-bain-43039#primaryimage"},"thumbnailUrl":"https:\/\/vog.com.tn\/wp-content\/uploads\/2023\/07\/43039.png","datePublished":"2023-07-20T11:08:16+00:00","dateModified":"2025-07-18T10:48:14+00:00","breadcrumb":{"@id":"https:\/\/vog.com.tn\/?product=maillot-de-bain-43039#breadcrumb"},"inLanguage":"fr-FR","potentialAction":[{"@type":"ReadAction","target":["https:\/\/vog.com.tn\/?product=maillot-de-bain-43039"]}]},{"@type":"ImageObject","inLanguage":"fr-FR","@id":"https:\/\/vog.com.tn\/?product=maillot-de-bain-43039#primaryimage","url":"https:\/\/vog.com.tn\/wp-content\/uploads\/2023\/07\/43039.png","contentUrl":"https:\/\/vog.com.tn\/wp-content\/uploads\/2023\/07\/43039.png","width":588,"height":833},{"@type":"BreadcrumbList","@id":"https:\/\/vog.com.tn\/?product=maillot-de-bain-43039#breadcrumb","itemListElement":[{"@type":"ListItem","position":1,"name":"Home","item":"https:\/\/vog.com.tn\/"},{"@type":"ListItem","position":2,"name":"Produits","item":"https:\/\/vog.com.tn\/?page_id=8"},{"@type":"ListItem","position":3,"name":"Maillot De Bain Femme \u2013 43039 \u2013 VOG"}]},{"@type":"WebSite","@id":"https:\/\/vog.com.tn\/#website","url":"https:\/\/vog.com.tn\/","name":"Vog Tunisie","description":"Pr\u00eat-\u00e0-porter","potentialAction":[{"@type":"SearchAction","target":{"@type":"EntryPoint","urlTemplate":"https:\/\/vog.com.tn\/?s={search_term_string}"},"query-input":{"@type":"PropertyValueSpecification","valueRequired":true,"valueName":"search_term_string"}}],"inLanguage":"fr-FR"}]}},"_links":{"self":[{"href":"https:\/\/vog.com.tn\/index.php?rest_route=\/wp\/v2\/product\/62769","targetHints":{"allow":["GET"]}}],"collection":[{"href":"https:\/\/vog.com.tn\/index.php?rest_route=\/wp\/v2\/product"}],"about":[{"href":"https:\/\/vog.com.tn\/index.php?rest_route=\/wp\/v2\/types\/product"}],"wp:featuredmedia":[{"embeddable":true,"href":"https:\/\/vog.com.tn\/index.php?rest_route=\/wp\/v2\/media\/62775"}],"wp:attachment":[{"href":"https:\/\/vog.com.tn\/index.php?rest_route=%2Fwp%2Fv2%2Fmedia&parent=62769"}],"wp:term":[{"taxonomy":"product_brand","embeddable":true,"href":"https:\/\/vog.com.tn\/index.php?rest_route=%2Fwp%2Fv2%2Fproduct_brand&post=62769"},{"taxonomy":"product_cat","embeddable":true,"href":"https:\/\/vog.com.tn\/index.php?rest_route=%2Fwp%2Fv2%2Fproduct_cat&post=62769"},{"taxonomy":"product_tag","embeddable":true,"href":"https:\/\/vog.com.tn\/index.php?rest_route=%2Fwp%2Fv2%2Fproduct_tag&post=62769"}],"curies":[{"name":"wp","href":"https:\/\/api.w.org\/{rel}","templated":true}]}}