{"id":64994,"date":"2023-11-17T17:20:16","date_gmt":"2023-11-17T16:20:16","guid":{"rendered":"https:\/\/vog.com.tn\/?post_type=product&#038;p=64994"},"modified":"2025-09-26T13:44:40","modified_gmt":"2025-09-26T11:44:40","slug":"pantalon-simili-cuir-155201-vog","status":"publish","type":"product","link":"https:\/\/vog.com.tn\/?product=pantalon-simili-cuir-155201-vog","title":{"rendered":"Pantalon simili cuir\u2013155201\u2013 VOG"},"content":{"rendered":"<p>Vog met en vente en ligne Pantalon \u2013 Simili Cuir en Tunisie. Pantalon taille haute, pour un confort quotidien. \u00c7a coupe droite convient \u00e0 toutes les morphologies, c\u2019est le jean vintage des ann\u00e9es 1970 \u00e0 la taille haute ou mi-haute qui fait un come-back plus que r\u00e9ussi. Il est dot\u00e9 d\u2019une coupe droite. Large aux hanches, il souligne la taille de celle qui le porte. Il s\u2019adapte \u00e0 tous les styles, on vous conseille de le porter avec un t-shirt ou une chemise l\u00e9g\u00e8rement rentr\u00e9e dedans<\/p>\n","protected":false},"excerpt":{"rendered":"<h2 class=\"vente-lgn-dsc\">Vente en ligne pantalon simili cuir pour femme.<\/h2>\n<ul>\n<li>Pantalon en similicuir<\/li>\n<li>\u00c9vas\u00e9, Large<\/li>\n<li>Taille Haute<\/li>\n<li>Dot\u00e9 d&rsquo;une fermeture zipp\u00e9e et un bouton<\/li>\n<li>Passants pour ceinture<\/li>\n<li>40% Polyester<\/li>\n<\/ul>\n","protected":false},"featured_media":65002,"template":"","meta":[],"product_brand":[],"product_cat":[137,92,71],"product_tag":[],"class_list":{"0":"post-64994","1":"product","2":"type-product","3":"status-publish","4":"has-post-thumbnail","6":"product_cat-mode-femme","7":"product_cat-pantalons","8":"product_cat-vetements-femme","9":"pa_couleurs-noir","10":"pa_taille-224","11":"pa_taille-225","12":"pa_taille-226","13":"pa_taille-227","14":"pa_taille-228","17":"first","18":"outofstock","19":"taxable","20":"shipping-taxable","21":"product-type-variable"},"yoast_head":"<!-- This site is optimized with the Yoast SEO plugin v27.4 - https:\/\/yoast.com\/product\/yoast-seo-wordpress\/ -->\n<title>Pantalon simili cuir\u2013155201\u2013 VOG - Vog Tunisie<\/title>\n<meta name=\"robots\" content=\"index, follow, max-snippet:-1, max-image-preview:large, max-video-preview:-1\" \/>\n<link rel=\"canonical\" href=\"https:\/\/vog.com.tn\/?product=pantalon-simili-cuir-155201-vog\" \/>\n<meta property=\"og:locale\" content=\"fr_FR\" \/>\n<meta property=\"og:type\" content=\"article\" \/>\n<meta property=\"og:title\" content=\"Pantalon simili cuir\u2013155201\u2013 VOG - Vog Tunisie\" \/>\n<meta property=\"og:description\" content=\"Vente en ligne pantalon simili cuir pour femme.   Pantalon en similicuir  \u00c9vas\u00e9, Large  Taille Haute  Dot\u00e9 d&#039;une fermeture zipp\u00e9e et un bouton  Passants pour ceinture  40% Polyester\" \/>\n<meta property=\"og:url\" content=\"https:\/\/vog.com.tn\/?product=pantalon-simili-cuir-155201-vog\" \/>\n<meta property=\"og:site_name\" content=\"Vog Tunisie\" \/>\n<meta property=\"article:modified_time\" content=\"2025-09-26T11:44:40+00:00\" \/>\n<meta property=\"og:image\" content=\"https:\/\/vog.com.tn\/wp-content\/uploads\/2023\/11\/155201-noir-2.jpg\" \/>\n\t<meta property=\"og:image:width\" content=\"534\" \/>\n\t<meta property=\"og:image:height\" content=\"800\" \/>\n\t<meta property=\"og:image:type\" content=\"image\/jpeg\" \/>\n<meta name=\"twitter:card\" content=\"summary_large_image\" \/>\n<meta name=\"twitter:label1\" content=\"Dur\u00e9e de lecture estim\u00e9e\" \/>\n\t<meta name=\"twitter:data1\" content=\"1 minute\" \/>\n<script type=\"application\/ld+json\" class=\"yoast-schema-graph\">{\"@context\":\"https:\\\/\\\/schema.org\",\"@graph\":[{\"@type\":\"WebPage\",\"@id\":\"https:\\\/\\\/vog.com.tn\\\/?product=pantalon-simili-cuir-155201-vog\",\"url\":\"https:\\\/\\\/vog.com.tn\\\/?product=pantalon-simili-cuir-155201-vog\",\"name\":\"Pantalon simili cuir\u2013155201\u2013 VOG - Vog Tunisie\",\"isPartOf\":{\"@id\":\"https:\\\/\\\/vog.com.tn\\\/#website\"},\"primaryImageOfPage\":{\"@id\":\"https:\\\/\\\/vog.com.tn\\\/?product=pantalon-simili-cuir-155201-vog#primaryimage\"},\"image\":{\"@id\":\"https:\\\/\\\/vog.com.tn\\\/?product=pantalon-simili-cuir-155201-vog#primaryimage\"},\"thumbnailUrl\":\"https:\\\/\\\/vog.com.tn\\\/wp-content\\\/uploads\\\/2023\\\/11\\\/155201-noir-2.jpg\",\"datePublished\":\"2023-11-17T16:20:16+00:00\",\"dateModified\":\"2025-09-26T11:44:40+00:00\",\"breadcrumb\":{\"@id\":\"https:\\\/\\\/vog.com.tn\\\/?product=pantalon-simili-cuir-155201-vog#breadcrumb\"},\"inLanguage\":\"fr-FR\",\"potentialAction\":[{\"@type\":\"ReadAction\",\"target\":[\"https:\\\/\\\/vog.com.tn\\\/?product=pantalon-simili-cuir-155201-vog\"]}]},{\"@type\":\"ImageObject\",\"inLanguage\":\"fr-FR\",\"@id\":\"https:\\\/\\\/vog.com.tn\\\/?product=pantalon-simili-cuir-155201-vog#primaryimage\",\"url\":\"https:\\\/\\\/vog.com.tn\\\/wp-content\\\/uploads\\\/2023\\\/11\\\/155201-noir-2.jpg\",\"contentUrl\":\"https:\\\/\\\/vog.com.tn\\\/wp-content\\\/uploads\\\/2023\\\/11\\\/155201-noir-2.jpg\",\"width\":534,\"height\":800},{\"@type\":\"BreadcrumbList\",\"@id\":\"https:\\\/\\\/vog.com.tn\\\/?product=pantalon-simili-cuir-155201-vog#breadcrumb\",\"itemListElement\":[{\"@type\":\"ListItem\",\"position\":1,\"name\":\"Home\",\"item\":\"https:\\\/\\\/vog.com.tn\\\/\"},{\"@type\":\"ListItem\",\"position\":2,\"name\":\"Produits\",\"item\":\"https:\\\/\\\/vog.com.tn\\\/?page_id=8\"},{\"@type\":\"ListItem\",\"position\":3,\"name\":\"Pantalon simili cuir\u2013155201\u2013 VOG\"}]},{\"@type\":\"WebSite\",\"@id\":\"https:\\\/\\\/vog.com.tn\\\/#website\",\"url\":\"https:\\\/\\\/vog.com.tn\\\/\",\"name\":\"Vog Tunisie\",\"description\":\"Pr\u00eat-\u00e0-porter\",\"potentialAction\":[{\"@type\":\"SearchAction\",\"target\":{\"@type\":\"EntryPoint\",\"urlTemplate\":\"https:\\\/\\\/vog.com.tn\\\/?s={search_term_string}\"},\"query-input\":{\"@type\":\"PropertyValueSpecification\",\"valueRequired\":true,\"valueName\":\"search_term_string\"}}],\"inLanguage\":\"fr-FR\"}]}<\/script>\n<!-- \/ Yoast SEO plugin. -->","yoast_head_json":{"title":"Pantalon simili cuir\u2013155201\u2013 VOG - Vog Tunisie","robots":{"index":"index","follow":"follow","max-snippet":"max-snippet:-1","max-image-preview":"max-image-preview:large","max-video-preview":"max-video-preview:-1"},"canonical":"https:\/\/vog.com.tn\/?product=pantalon-simili-cuir-155201-vog","og_locale":"fr_FR","og_type":"article","og_title":"Pantalon simili cuir\u2013155201\u2013 VOG - Vog Tunisie","og_description":"Vente en ligne pantalon simili cuir pour femme.   Pantalon en similicuir  \u00c9vas\u00e9, Large  Taille Haute  Dot\u00e9 d'une fermeture zipp\u00e9e et un bouton  Passants pour ceinture  40% Polyester","og_url":"https:\/\/vog.com.tn\/?product=pantalon-simili-cuir-155201-vog","og_site_name":"Vog Tunisie","article_modified_time":"2025-09-26T11:44:40+00:00","og_image":[{"width":534,"height":800,"url":"https:\/\/vog.com.tn\/wp-content\/uploads\/2023\/11\/155201-noir-2.jpg","type":"image\/jpeg"}],"twitter_card":"summary_large_image","twitter_misc":{"Dur\u00e9e de lecture estim\u00e9e":"1 minute"},"schema":{"@context":"https:\/\/schema.org","@graph":[{"@type":"WebPage","@id":"https:\/\/vog.com.tn\/?product=pantalon-simili-cuir-155201-vog","url":"https:\/\/vog.com.tn\/?product=pantalon-simili-cuir-155201-vog","name":"Pantalon simili cuir\u2013155201\u2013 VOG - Vog Tunisie","isPartOf":{"@id":"https:\/\/vog.com.tn\/#website"},"primaryImageOfPage":{"@id":"https:\/\/vog.com.tn\/?product=pantalon-simili-cuir-155201-vog#primaryimage"},"image":{"@id":"https:\/\/vog.com.tn\/?product=pantalon-simili-cuir-155201-vog#primaryimage"},"thumbnailUrl":"https:\/\/vog.com.tn\/wp-content\/uploads\/2023\/11\/155201-noir-2.jpg","datePublished":"2023-11-17T16:20:16+00:00","dateModified":"2025-09-26T11:44:40+00:00","breadcrumb":{"@id":"https:\/\/vog.com.tn\/?product=pantalon-simili-cuir-155201-vog#breadcrumb"},"inLanguage":"fr-FR","potentialAction":[{"@type":"ReadAction","target":["https:\/\/vog.com.tn\/?product=pantalon-simili-cuir-155201-vog"]}]},{"@type":"ImageObject","inLanguage":"fr-FR","@id":"https:\/\/vog.com.tn\/?product=pantalon-simili-cuir-155201-vog#primaryimage","url":"https:\/\/vog.com.tn\/wp-content\/uploads\/2023\/11\/155201-noir-2.jpg","contentUrl":"https:\/\/vog.com.tn\/wp-content\/uploads\/2023\/11\/155201-noir-2.jpg","width":534,"height":800},{"@type":"BreadcrumbList","@id":"https:\/\/vog.com.tn\/?product=pantalon-simili-cuir-155201-vog#breadcrumb","itemListElement":[{"@type":"ListItem","position":1,"name":"Home","item":"https:\/\/vog.com.tn\/"},{"@type":"ListItem","position":2,"name":"Produits","item":"https:\/\/vog.com.tn\/?page_id=8"},{"@type":"ListItem","position":3,"name":"Pantalon simili cuir\u2013155201\u2013 VOG"}]},{"@type":"WebSite","@id":"https:\/\/vog.com.tn\/#website","url":"https:\/\/vog.com.tn\/","name":"Vog Tunisie","description":"Pr\u00eat-\u00e0-porter","potentialAction":[{"@type":"SearchAction","target":{"@type":"EntryPoint","urlTemplate":"https:\/\/vog.com.tn\/?s={search_term_string}"},"query-input":{"@type":"PropertyValueSpecification","valueRequired":true,"valueName":"search_term_string"}}],"inLanguage":"fr-FR"}]}},"_links":{"self":[{"href":"https:\/\/vog.com.tn\/index.php?rest_route=\/wp\/v2\/product\/64994","targetHints":{"allow":["GET"]}}],"collection":[{"href":"https:\/\/vog.com.tn\/index.php?rest_route=\/wp\/v2\/product"}],"about":[{"href":"https:\/\/vog.com.tn\/index.php?rest_route=\/wp\/v2\/types\/product"}],"wp:featuredmedia":[{"embeddable":true,"href":"https:\/\/vog.com.tn\/index.php?rest_route=\/wp\/v2\/media\/65002"}],"wp:attachment":[{"href":"https:\/\/vog.com.tn\/index.php?rest_route=%2Fwp%2Fv2%2Fmedia&parent=64994"}],"wp:term":[{"taxonomy":"product_brand","embeddable":true,"href":"https:\/\/vog.com.tn\/index.php?rest_route=%2Fwp%2Fv2%2Fproduct_brand&post=64994"},{"taxonomy":"product_cat","embeddable":true,"href":"https:\/\/vog.com.tn\/index.php?rest_route=%2Fwp%2Fv2%2Fproduct_cat&post=64994"},{"taxonomy":"product_tag","embeddable":true,"href":"https:\/\/vog.com.tn\/index.php?rest_route=%2Fwp%2Fv2%2Fproduct_tag&post=64994"}],"curies":[{"name":"wp","href":"https:\/\/api.w.org\/{rel}","templated":true}]}}