{"id":65260,"date":"2023-11-19T13:30:53","date_gmt":"2023-11-19T12:30:53","guid":{"rendered":"https:\/\/vog.com.tn\/?post_type=product&#038;p=65260"},"modified":"2025-12-22T11:49:31","modified_gmt":"2025-12-22T10:49:31","slug":"blouson-simili-cuir-153606-vog","status":"publish","type":"product","link":"https:\/\/vog.com.tn\/?product=blouson-simili-cuir-153606-vog","title":{"rendered":"Trench Simili Cuir-153606-VOG"},"content":{"rendered":"<p>Vog met en vente en ligne Blouson Simili cuir noir pour femme en Tunisie. Indispensable \u00e0 toute garde-robe, les Blousons sont ind\u00e9modables. Elles rehaussent les tenues unies et sont particuli\u00e8rement adapt\u00e9es en mi-saison. Pendant les fra\u00eeches journ\u00e9es printani\u00e8res ou les douces journ\u00e9es d\u2019automne, la veste offre un peu de chaleur<\/p>\n<div class=\"heateorSssClear\"><\/div>\n<div class=\"heateor_sss_sharing_container heateor_sss_horizontal_sharing\" data-heateor-sss-href=\"https:\/\/vog.com.tn\/?product=blouson-simili-cuir-153602-vog\"><\/div>\n","protected":false},"excerpt":{"rendered":"<p><strong>Vente en ligne trench simili cuir pour femme.<\/strong><\/p>\n<p>\u2022 Blouson similicuir long<br \/>\n\u2022 Manche long<br \/>\n\u2022 Pr\u00e9sence de 2 poches<br \/>\n\u2022 Se ferme \u00e0 l\u2019aide des boutons et ceinture<br \/>\n\u2022 Longueur v\u00eatement : environ 120 cm<br \/>\n\u2022 Composition : 100% Polyester<\/p>\n","protected":false},"featured_media":65263,"template":"","meta":[],"product_brand":[],"product_cat":[48,137,360,71],"product_tag":[],"class_list":{"0":"post-65260","1":"product","2":"type-product","3":"status-publish","4":"has-post-thumbnail","6":"product_cat-manteaux-femme","7":"product_cat-mode-femme","8":"product_cat-nouvelle-collection","9":"product_cat-vetements-femme","10":"pa_couleurs-beige","11":"pa_couleurs-noir","12":"pa_taille-large","13":"pa_taille-moyenne","14":"pa_taille-small","17":"first","18":"outofstock","19":"taxable","20":"shipping-taxable","21":"product-type-variable"},"yoast_head":"<!-- This site is optimized with the Yoast SEO plugin v27.5 - https:\/\/yoast.com\/product\/yoast-seo-wordpress\/ -->\n<title>Trench Simili Cuir-153606-VOG - Vog Tunisie<\/title>\n<meta name=\"robots\" content=\"index, follow, max-snippet:-1, max-image-preview:large, max-video-preview:-1\" \/>\n<link rel=\"canonical\" href=\"https:\/\/vog.com.tn\/?product=blouson-simili-cuir-153606-vog\" \/>\n<meta property=\"og:locale\" content=\"fr_FR\" \/>\n<meta property=\"og:type\" content=\"article\" \/>\n<meta property=\"og:title\" content=\"Trench Simili Cuir-153606-VOG - Vog Tunisie\" \/>\n<meta property=\"og:description\" content=\"Vente en ligne trench simili cuir pour femme.  \u2022 Blouson similicuir long \u2022 Manche long \u2022 Pr\u00e9sence de 2 poches \u2022 Se ferme \u00e0 l\u2019aide des boutons et ceinture \u2022 Longueur v\u00eatement : environ 120 cm \u2022 Composition : 100% Polyester\" \/>\n<meta property=\"og:url\" content=\"https:\/\/vog.com.tn\/?product=blouson-simili-cuir-153606-vog\" \/>\n<meta property=\"og:site_name\" content=\"Vog Tunisie\" \/>\n<meta property=\"article:modified_time\" content=\"2025-12-22T10:49:31+00:00\" \/>\n<meta property=\"og:image\" content=\"https:\/\/vog.com.tn\/wp-content\/uploads\/2023\/11\/153606-NOIR-VOG-3.png\" \/>\n\t<meta property=\"og:image:width\" content=\"572\" \/>\n\t<meta property=\"og:image:height\" content=\"800\" \/>\n\t<meta property=\"og:image:type\" content=\"image\/png\" \/>\n<meta name=\"twitter:card\" content=\"summary_large_image\" \/>\n<meta name=\"twitter:label1\" content=\"Dur\u00e9e de lecture estim\u00e9e\" \/>\n\t<meta name=\"twitter:data1\" content=\"1 minute\" \/>\n<script type=\"application\/ld+json\" class=\"yoast-schema-graph\">{\"@context\":\"https:\\\/\\\/schema.org\",\"@graph\":[{\"@type\":\"WebPage\",\"@id\":\"https:\\\/\\\/vog.com.tn\\\/?product=blouson-simili-cuir-153606-vog\",\"url\":\"https:\\\/\\\/vog.com.tn\\\/?product=blouson-simili-cuir-153606-vog\",\"name\":\"Trench Simili Cuir-153606-VOG - Vog Tunisie\",\"isPartOf\":{\"@id\":\"https:\\\/\\\/vog.com.tn\\\/#website\"},\"primaryImageOfPage\":{\"@id\":\"https:\\\/\\\/vog.com.tn\\\/?product=blouson-simili-cuir-153606-vog#primaryimage\"},\"image\":{\"@id\":\"https:\\\/\\\/vog.com.tn\\\/?product=blouson-simili-cuir-153606-vog#primaryimage\"},\"thumbnailUrl\":\"https:\\\/\\\/vog.com.tn\\\/wp-content\\\/uploads\\\/2023\\\/11\\\/153606-NOIR-VOG-3.png\",\"datePublished\":\"2023-11-19T12:30:53+00:00\",\"dateModified\":\"2025-12-22T10:49:31+00:00\",\"breadcrumb\":{\"@id\":\"https:\\\/\\\/vog.com.tn\\\/?product=blouson-simili-cuir-153606-vog#breadcrumb\"},\"inLanguage\":\"fr-FR\",\"potentialAction\":[{\"@type\":\"ReadAction\",\"target\":[\"https:\\\/\\\/vog.com.tn\\\/?product=blouson-simili-cuir-153606-vog\"]}]},{\"@type\":\"ImageObject\",\"inLanguage\":\"fr-FR\",\"@id\":\"https:\\\/\\\/vog.com.tn\\\/?product=blouson-simili-cuir-153606-vog#primaryimage\",\"url\":\"https:\\\/\\\/vog.com.tn\\\/wp-content\\\/uploads\\\/2023\\\/11\\\/153606-NOIR-VOG-3.png\",\"contentUrl\":\"https:\\\/\\\/vog.com.tn\\\/wp-content\\\/uploads\\\/2023\\\/11\\\/153606-NOIR-VOG-3.png\",\"width\":572,\"height\":800},{\"@type\":\"BreadcrumbList\",\"@id\":\"https:\\\/\\\/vog.com.tn\\\/?product=blouson-simili-cuir-153606-vog#breadcrumb\",\"itemListElement\":[{\"@type\":\"ListItem\",\"position\":1,\"name\":\"Home\",\"item\":\"https:\\\/\\\/vog.com.tn\\\/\"},{\"@type\":\"ListItem\",\"position\":2,\"name\":\"Produits\",\"item\":\"https:\\\/\\\/vog.com.tn\\\/?page_id=8\"},{\"@type\":\"ListItem\",\"position\":3,\"name\":\"Trench Simili Cuir-153606-VOG\"}]},{\"@type\":\"WebSite\",\"@id\":\"https:\\\/\\\/vog.com.tn\\\/#website\",\"url\":\"https:\\\/\\\/vog.com.tn\\\/\",\"name\":\"Vog Tunisie\",\"description\":\"Pr\u00eat-\u00e0-porter\",\"potentialAction\":[{\"@type\":\"SearchAction\",\"target\":{\"@type\":\"EntryPoint\",\"urlTemplate\":\"https:\\\/\\\/vog.com.tn\\\/?s={search_term_string}\"},\"query-input\":{\"@type\":\"PropertyValueSpecification\",\"valueRequired\":true,\"valueName\":\"search_term_string\"}}],\"inLanguage\":\"fr-FR\"}]}<\/script>\n<!-- \/ Yoast SEO plugin. -->","yoast_head_json":{"title":"Trench Simili Cuir-153606-VOG - Vog Tunisie","robots":{"index":"index","follow":"follow","max-snippet":"max-snippet:-1","max-image-preview":"max-image-preview:large","max-video-preview":"max-video-preview:-1"},"canonical":"https:\/\/vog.com.tn\/?product=blouson-simili-cuir-153606-vog","og_locale":"fr_FR","og_type":"article","og_title":"Trench Simili Cuir-153606-VOG - Vog Tunisie","og_description":"Vente en ligne trench simili cuir pour femme.  \u2022 Blouson similicuir long \u2022 Manche long \u2022 Pr\u00e9sence de 2 poches \u2022 Se ferme \u00e0 l\u2019aide des boutons et ceinture \u2022 Longueur v\u00eatement : environ 120 cm \u2022 Composition : 100% Polyester","og_url":"https:\/\/vog.com.tn\/?product=blouson-simili-cuir-153606-vog","og_site_name":"Vog Tunisie","article_modified_time":"2025-12-22T10:49:31+00:00","og_image":[{"width":572,"height":800,"url":"https:\/\/vog.com.tn\/wp-content\/uploads\/2023\/11\/153606-NOIR-VOG-3.png","type":"image\/png"}],"twitter_card":"summary_large_image","twitter_misc":{"Dur\u00e9e de lecture estim\u00e9e":"1 minute"},"schema":{"@context":"https:\/\/schema.org","@graph":[{"@type":"WebPage","@id":"https:\/\/vog.com.tn\/?product=blouson-simili-cuir-153606-vog","url":"https:\/\/vog.com.tn\/?product=blouson-simili-cuir-153606-vog","name":"Trench Simili Cuir-153606-VOG - Vog Tunisie","isPartOf":{"@id":"https:\/\/vog.com.tn\/#website"},"primaryImageOfPage":{"@id":"https:\/\/vog.com.tn\/?product=blouson-simili-cuir-153606-vog#primaryimage"},"image":{"@id":"https:\/\/vog.com.tn\/?product=blouson-simili-cuir-153606-vog#primaryimage"},"thumbnailUrl":"https:\/\/vog.com.tn\/wp-content\/uploads\/2023\/11\/153606-NOIR-VOG-3.png","datePublished":"2023-11-19T12:30:53+00:00","dateModified":"2025-12-22T10:49:31+00:00","breadcrumb":{"@id":"https:\/\/vog.com.tn\/?product=blouson-simili-cuir-153606-vog#breadcrumb"},"inLanguage":"fr-FR","potentialAction":[{"@type":"ReadAction","target":["https:\/\/vog.com.tn\/?product=blouson-simili-cuir-153606-vog"]}]},{"@type":"ImageObject","inLanguage":"fr-FR","@id":"https:\/\/vog.com.tn\/?product=blouson-simili-cuir-153606-vog#primaryimage","url":"https:\/\/vog.com.tn\/wp-content\/uploads\/2023\/11\/153606-NOIR-VOG-3.png","contentUrl":"https:\/\/vog.com.tn\/wp-content\/uploads\/2023\/11\/153606-NOIR-VOG-3.png","width":572,"height":800},{"@type":"BreadcrumbList","@id":"https:\/\/vog.com.tn\/?product=blouson-simili-cuir-153606-vog#breadcrumb","itemListElement":[{"@type":"ListItem","position":1,"name":"Home","item":"https:\/\/vog.com.tn\/"},{"@type":"ListItem","position":2,"name":"Produits","item":"https:\/\/vog.com.tn\/?page_id=8"},{"@type":"ListItem","position":3,"name":"Trench Simili Cuir-153606-VOG"}]},{"@type":"WebSite","@id":"https:\/\/vog.com.tn\/#website","url":"https:\/\/vog.com.tn\/","name":"Vog Tunisie","description":"Pr\u00eat-\u00e0-porter","potentialAction":[{"@type":"SearchAction","target":{"@type":"EntryPoint","urlTemplate":"https:\/\/vog.com.tn\/?s={search_term_string}"},"query-input":{"@type":"PropertyValueSpecification","valueRequired":true,"valueName":"search_term_string"}}],"inLanguage":"fr-FR"}]}},"_links":{"self":[{"href":"https:\/\/vog.com.tn\/index.php?rest_route=\/wp\/v2\/product\/65260","targetHints":{"allow":["GET"]}}],"collection":[{"href":"https:\/\/vog.com.tn\/index.php?rest_route=\/wp\/v2\/product"}],"about":[{"href":"https:\/\/vog.com.tn\/index.php?rest_route=\/wp\/v2\/types\/product"}],"wp:featuredmedia":[{"embeddable":true,"href":"https:\/\/vog.com.tn\/index.php?rest_route=\/wp\/v2\/media\/65263"}],"wp:attachment":[{"href":"https:\/\/vog.com.tn\/index.php?rest_route=%2Fwp%2Fv2%2Fmedia&parent=65260"}],"wp:term":[{"taxonomy":"product_brand","embeddable":true,"href":"https:\/\/vog.com.tn\/index.php?rest_route=%2Fwp%2Fv2%2Fproduct_brand&post=65260"},{"taxonomy":"product_cat","embeddable":true,"href":"https:\/\/vog.com.tn\/index.php?rest_route=%2Fwp%2Fv2%2Fproduct_cat&post=65260"},{"taxonomy":"product_tag","embeddable":true,"href":"https:\/\/vog.com.tn\/index.php?rest_route=%2Fwp%2Fv2%2Fproduct_tag&post=65260"}],"curies":[{"name":"wp","href":"https:\/\/api.w.org\/{rel}","templated":true}]}}