{"id":66669,"date":"2023-12-12T17:34:58","date_gmt":"2023-12-12T16:34:58","guid":{"rendered":"https:\/\/vog.com.tn\/?post_type=product&#038;p=66669"},"modified":"2026-02-11T11:34:14","modified_gmt":"2026-02-11T10:34:14","slug":"mocassins-femme-157304-vog","status":"publish","type":"product","link":"https:\/\/vog.com.tn\/?product=mocassins-femme-157304-vog","title":{"rendered":"Mocassins Femme \u2013 157304-VOG"},"content":{"rendered":"<p>Mocassins, chaussure pr\u00e9f\u00e9r\u00e9e de l\u2019\u00e9t\u00e9, n\u2019a pas fini de vous surprendre. Les baskets\/Tennis en toile sont la meilleure option de chaussant pour la mi-saison. Ce mod\u00e8le \u00e0 tendance ethnique-chic, \u00e0 porter avec tous les styles : casual chic, working girl, romantico-champ\u00eatre,.<\/p>\n<div class=\"heateorSssClear\"><\/div>\n<div class=\"heateor_sss_sharing_container heateor_sss_horizontal_sharing\" data-heateor-sss-href=\"https:\/\/vog.com.tn\/?product=mocassins-femme-157307-vog\"><\/div>\n","protected":false},"excerpt":{"rendered":"<p>vente en ligne mocassins pour femme.<\/p>\n<ul>\n<li>Mocassins en su\u00e9dine \u00e0 bout rond.<\/li>\n<li>Semelle renforc\u00e9e et rembourr\u00e9e pour plus de confort.<\/li>\n<li>Tige, semelle int\u00e9rieure &amp; ext\u00e9rieure : synth\u00e9tique.<\/li>\n<li>Bout rond<\/li>\n<li>Hauteur Talon : 5 cm environ<\/li>\n<\/ul>\n","protected":false},"featured_media":66678,"comment_status":"open","ping_status":"closed","template":"","meta":[],"product_brand":[],"product_cat":[96,128,137,360],"product_tag":[],"class_list":{"0":"post-66669","1":"product","2":"type-product","3":"status-publish","4":"has-post-thumbnail","6":"product_cat-chaussures-femme","7":"product_cat-mocassins-ballerines-femme","8":"product_cat-mode-femme","9":"product_cat-nouvelle-collection","10":"pa_couleurs-noir","11":"pa_couleurs-taupe","12":"pa_couleurs-taupe-f","13":"pa_taille-225","14":"pa_taille-361","15":"pa_taille-226","16":"pa_taille-362","17":"pa_taille-227","18":"pa_taille-363","21":"first","22":"instock","23":"taxable","24":"shipping-taxable","25":"purchasable","26":"product-type-variable"},"yoast_head":"<!-- This site is optimized with the Yoast SEO plugin v27.3 - https:\/\/yoast.com\/product\/yoast-seo-wordpress\/ -->\n<title>Mocassins Femme \u2013 157304-VOG - Vog Tunisie<\/title>\n<meta name=\"robots\" content=\"index, follow, max-snippet:-1, max-image-preview:large, max-video-preview:-1\" \/>\n<link rel=\"canonical\" href=\"https:\/\/vog.com.tn\/?product=mocassins-femme-157304-vog\" \/>\n<meta property=\"og:locale\" content=\"fr_FR\" \/>\n<meta property=\"og:type\" content=\"article\" \/>\n<meta property=\"og:title\" content=\"Mocassins Femme \u2013 157304-VOG - Vog Tunisie\" \/>\n<meta property=\"og:description\" content=\"vente en ligne mocassins pour femme.   Mocassins en su\u00e9dine \u00e0 bout rond.  Semelle renforc\u00e9e et rembourr\u00e9e pour plus de confort.  Tige, semelle int\u00e9rieure &amp; ext\u00e9rieure : synth\u00e9tique.  Bout rond  Hauteur Talon : 5 cm environ\" \/>\n<meta property=\"og:url\" content=\"https:\/\/vog.com.tn\/?product=mocassins-femme-157304-vog\" \/>\n<meta property=\"og:site_name\" content=\"Vog Tunisie\" \/>\n<meta property=\"article:modified_time\" content=\"2026-02-11T10:34:14+00:00\" \/>\n<meta property=\"og:image\" content=\"https:\/\/vog.com.tn\/wp-content\/uploads\/2023\/12\/154304-NOIR-3-2.png\" \/>\n\t<meta property=\"og:image:width\" content=\"572\" \/>\n\t<meta property=\"og:image:height\" content=\"800\" \/>\n\t<meta property=\"og:image:type\" content=\"image\/png\" \/>\n<meta name=\"twitter:card\" content=\"summary_large_image\" \/>\n<meta name=\"twitter:label1\" content=\"Dur\u00e9e de lecture estim\u00e9e\" \/>\n\t<meta name=\"twitter:data1\" content=\"1 minute\" \/>\n<script type=\"application\/ld+json\" class=\"yoast-schema-graph\">{\"@context\":\"https:\\\/\\\/schema.org\",\"@graph\":[{\"@type\":\"WebPage\",\"@id\":\"https:\\\/\\\/vog.com.tn\\\/?product=mocassins-femme-157304-vog\",\"url\":\"https:\\\/\\\/vog.com.tn\\\/?product=mocassins-femme-157304-vog\",\"name\":\"Mocassins Femme \u2013 157304-VOG - Vog Tunisie\",\"isPartOf\":{\"@id\":\"https:\\\/\\\/vog.com.tn\\\/#website\"},\"primaryImageOfPage\":{\"@id\":\"https:\\\/\\\/vog.com.tn\\\/?product=mocassins-femme-157304-vog#primaryimage\"},\"image\":{\"@id\":\"https:\\\/\\\/vog.com.tn\\\/?product=mocassins-femme-157304-vog#primaryimage\"},\"thumbnailUrl\":\"https:\\\/\\\/vog.com.tn\\\/wp-content\\\/uploads\\\/2023\\\/12\\\/154304-NOIR-3-2.png\",\"datePublished\":\"2023-12-12T16:34:58+00:00\",\"dateModified\":\"2026-02-11T10:34:14+00:00\",\"breadcrumb\":{\"@id\":\"https:\\\/\\\/vog.com.tn\\\/?product=mocassins-femme-157304-vog#breadcrumb\"},\"inLanguage\":\"fr-FR\",\"potentialAction\":[{\"@type\":\"ReadAction\",\"target\":[\"https:\\\/\\\/vog.com.tn\\\/?product=mocassins-femme-157304-vog\"]}]},{\"@type\":\"ImageObject\",\"inLanguage\":\"fr-FR\",\"@id\":\"https:\\\/\\\/vog.com.tn\\\/?product=mocassins-femme-157304-vog#primaryimage\",\"url\":\"https:\\\/\\\/vog.com.tn\\\/wp-content\\\/uploads\\\/2023\\\/12\\\/154304-NOIR-3-2.png\",\"contentUrl\":\"https:\\\/\\\/vog.com.tn\\\/wp-content\\\/uploads\\\/2023\\\/12\\\/154304-NOIR-3-2.png\",\"width\":572,\"height\":800},{\"@type\":\"BreadcrumbList\",\"@id\":\"https:\\\/\\\/vog.com.tn\\\/?product=mocassins-femme-157304-vog#breadcrumb\",\"itemListElement\":[{\"@type\":\"ListItem\",\"position\":1,\"name\":\"Home\",\"item\":\"https:\\\/\\\/vog.com.tn\\\/\"},{\"@type\":\"ListItem\",\"position\":2,\"name\":\"Produits\",\"item\":\"https:\\\/\\\/vog.com.tn\\\/?page_id=8\"},{\"@type\":\"ListItem\",\"position\":3,\"name\":\"Mocassins Femme \u2013 157304-VOG\"}]},{\"@type\":\"WebSite\",\"@id\":\"https:\\\/\\\/vog.com.tn\\\/#website\",\"url\":\"https:\\\/\\\/vog.com.tn\\\/\",\"name\":\"Vog Tunisie\",\"description\":\"Pr\u00eat-\u00e0-porter\",\"potentialAction\":[{\"@type\":\"SearchAction\",\"target\":{\"@type\":\"EntryPoint\",\"urlTemplate\":\"https:\\\/\\\/vog.com.tn\\\/?s={search_term_string}\"},\"query-input\":{\"@type\":\"PropertyValueSpecification\",\"valueRequired\":true,\"valueName\":\"search_term_string\"}}],\"inLanguage\":\"fr-FR\"}]}<\/script>\n<!-- \/ Yoast SEO plugin. -->","yoast_head_json":{"title":"Mocassins Femme \u2013 157304-VOG - Vog Tunisie","robots":{"index":"index","follow":"follow","max-snippet":"max-snippet:-1","max-image-preview":"max-image-preview:large","max-video-preview":"max-video-preview:-1"},"canonical":"https:\/\/vog.com.tn\/?product=mocassins-femme-157304-vog","og_locale":"fr_FR","og_type":"article","og_title":"Mocassins Femme \u2013 157304-VOG - Vog Tunisie","og_description":"vente en ligne mocassins pour femme.   Mocassins en su\u00e9dine \u00e0 bout rond.  Semelle renforc\u00e9e et rembourr\u00e9e pour plus de confort.  Tige, semelle int\u00e9rieure &amp; ext\u00e9rieure : synth\u00e9tique.  Bout rond  Hauteur Talon : 5 cm environ","og_url":"https:\/\/vog.com.tn\/?product=mocassins-femme-157304-vog","og_site_name":"Vog Tunisie","article_modified_time":"2026-02-11T10:34:14+00:00","og_image":[{"width":572,"height":800,"url":"https:\/\/vog.com.tn\/wp-content\/uploads\/2023\/12\/154304-NOIR-3-2.png","type":"image\/png"}],"twitter_card":"summary_large_image","twitter_misc":{"Dur\u00e9e de lecture estim\u00e9e":"1 minute"},"schema":{"@context":"https:\/\/schema.org","@graph":[{"@type":"WebPage","@id":"https:\/\/vog.com.tn\/?product=mocassins-femme-157304-vog","url":"https:\/\/vog.com.tn\/?product=mocassins-femme-157304-vog","name":"Mocassins Femme \u2013 157304-VOG - Vog Tunisie","isPartOf":{"@id":"https:\/\/vog.com.tn\/#website"},"primaryImageOfPage":{"@id":"https:\/\/vog.com.tn\/?product=mocassins-femme-157304-vog#primaryimage"},"image":{"@id":"https:\/\/vog.com.tn\/?product=mocassins-femme-157304-vog#primaryimage"},"thumbnailUrl":"https:\/\/vog.com.tn\/wp-content\/uploads\/2023\/12\/154304-NOIR-3-2.png","datePublished":"2023-12-12T16:34:58+00:00","dateModified":"2026-02-11T10:34:14+00:00","breadcrumb":{"@id":"https:\/\/vog.com.tn\/?product=mocassins-femme-157304-vog#breadcrumb"},"inLanguage":"fr-FR","potentialAction":[{"@type":"ReadAction","target":["https:\/\/vog.com.tn\/?product=mocassins-femme-157304-vog"]}]},{"@type":"ImageObject","inLanguage":"fr-FR","@id":"https:\/\/vog.com.tn\/?product=mocassins-femme-157304-vog#primaryimage","url":"https:\/\/vog.com.tn\/wp-content\/uploads\/2023\/12\/154304-NOIR-3-2.png","contentUrl":"https:\/\/vog.com.tn\/wp-content\/uploads\/2023\/12\/154304-NOIR-3-2.png","width":572,"height":800},{"@type":"BreadcrumbList","@id":"https:\/\/vog.com.tn\/?product=mocassins-femme-157304-vog#breadcrumb","itemListElement":[{"@type":"ListItem","position":1,"name":"Home","item":"https:\/\/vog.com.tn\/"},{"@type":"ListItem","position":2,"name":"Produits","item":"https:\/\/vog.com.tn\/?page_id=8"},{"@type":"ListItem","position":3,"name":"Mocassins Femme \u2013 157304-VOG"}]},{"@type":"WebSite","@id":"https:\/\/vog.com.tn\/#website","url":"https:\/\/vog.com.tn\/","name":"Vog Tunisie","description":"Pr\u00eat-\u00e0-porter","potentialAction":[{"@type":"SearchAction","target":{"@type":"EntryPoint","urlTemplate":"https:\/\/vog.com.tn\/?s={search_term_string}"},"query-input":{"@type":"PropertyValueSpecification","valueRequired":true,"valueName":"search_term_string"}}],"inLanguage":"fr-FR"}]}},"_links":{"self":[{"href":"https:\/\/vog.com.tn\/index.php?rest_route=\/wp\/v2\/product\/66669","targetHints":{"allow":["GET"]}}],"collection":[{"href":"https:\/\/vog.com.tn\/index.php?rest_route=\/wp\/v2\/product"}],"about":[{"href":"https:\/\/vog.com.tn\/index.php?rest_route=\/wp\/v2\/types\/product"}],"replies":[{"embeddable":true,"href":"https:\/\/vog.com.tn\/index.php?rest_route=%2Fwp%2Fv2%2Fcomments&post=66669"}],"wp:featuredmedia":[{"embeddable":true,"href":"https:\/\/vog.com.tn\/index.php?rest_route=\/wp\/v2\/media\/66678"}],"wp:attachment":[{"href":"https:\/\/vog.com.tn\/index.php?rest_route=%2Fwp%2Fv2%2Fmedia&parent=66669"}],"wp:term":[{"taxonomy":"product_brand","embeddable":true,"href":"https:\/\/vog.com.tn\/index.php?rest_route=%2Fwp%2Fv2%2Fproduct_brand&post=66669"},{"taxonomy":"product_cat","embeddable":true,"href":"https:\/\/vog.com.tn\/index.php?rest_route=%2Fwp%2Fv2%2Fproduct_cat&post=66669"},{"taxonomy":"product_tag","embeddable":true,"href":"https:\/\/vog.com.tn\/index.php?rest_route=%2Fwp%2Fv2%2Fproduct_tag&post=66669"}],"curies":[{"name":"wp","href":"https:\/\/api.w.org\/{rel}","templated":true}]}}