{"id":66762,"date":"2023-12-15T13:34:54","date_gmt":"2023-12-15T12:34:54","guid":{"rendered":"https:\/\/vog.com.tn\/?post_type=product&#038;p=66762"},"modified":"2024-01-23T12:45:51","modified_gmt":"2024-01-23T11:45:51","slug":"bottines-157007-vog","status":"publish","type":"product","link":"https:\/\/vog.com.tn\/?product=bottines-157007-vog","title":{"rendered":"Bottines Femme-simili cuir-157007-VOG"},"content":{"rendered":"<p>En saison automne-hiver, les bottines sont des pi\u00e8ces fortes d\u2019un dressing f\u00e9minin. Elles viennent rehausser vos looks en un clin d\u2019\u0153il. Alors pour cette saison, sortez le grand jeu avec ces bottines \u00e0 la pointe de l\u2019\u00e9l\u00e9gance pour un look tout en finesse ! Elles se portent avec un pantalon habill\u00e9 au bureau comme avec un jean pour un outfit d\u00e9contract\u00e9, mais aussi avec une jupe pour un look naturellement \u00e9l\u00e9gant et confortable.<\/p>\n<div class=\"heateorSssClear\"><\/div>\n<div class=\"heateor_sss_sharing_container heateor_sss_horizontal_sharing\" data-heateor-sss-href=\"https:\/\/vog.com.tn\/?product=bottines-simili-daim-noir-144002\"><\/div>\n<div class=\"heateorSssClear\"><\/div>\n<div class=\"heateor_sss_sharing_container heateor_sss_horizontal_sharing\" data-heateor-sss-href=\"https:\/\/vog.com.tn\/?product=bottines-157006-vog\"><\/div>\n","protected":false},"excerpt":{"rendered":"<p>Vente en ligne bottines pour femmes.<\/p>\n<ul>\n<li>Bottines en Simili cuir<\/li>\n<li>Mod\u00e8le avec bout rond et semelle plateforme crant\u00e9e.<\/li>\n<li>Dot\u00e9es d\u2019un empi\u00e8cement \u00e9lastique sur le c\u00f4t\u00e9 ext\u00e9rieur.<\/li>\n<li>Poss\u00e8dent un int\u00e9rieur l\u00e9g\u00e8rement fourr\u00e9.<\/li>\n<li>Tige, semelle int\u00e9rieure &amp; ext\u00e9rieure : synth\u00e9tique.<\/li>\n<li>Hauteur de la tige : 18 cm<\/li>\n<li>Hauteur du talon : 4 cm<\/li>\n<\/ul>\n","protected":false},"featured_media":66771,"comment_status":"open","ping_status":"closed","template":"","meta":[],"product_brand":[],"product_cat":[135,96,137,360],"product_tag":[],"class_list":{"0":"post-66762","1":"product","2":"type-product","3":"status-publish","4":"has-post-thumbnail","6":"product_cat-bottines-femme","7":"product_cat-chaussures-femme","8":"product_cat-mode-femme","9":"product_cat-nouvelle-collection","10":"pa_couleurs-noir","11":"pa_taille-225","12":"pa_taille-361","13":"pa_taille-226","14":"pa_taille-362","15":"pa_taille-227","16":"pa_taille-363","19":"first","20":"outofstock","21":"taxable","22":"shipping-taxable","23":"product-type-variable"},"yoast_head":"<!-- This site is optimized with the Yoast SEO plugin v27.3 - https:\/\/yoast.com\/product\/yoast-seo-wordpress\/ -->\n<title>Bottines Femme-simili cuir-157007-VOG - Vog Tunisie<\/title>\n<meta name=\"robots\" content=\"index, follow, max-snippet:-1, max-image-preview:large, max-video-preview:-1\" \/>\n<link rel=\"canonical\" href=\"https:\/\/vog.com.tn\/?product=bottines-157007-vog\" \/>\n<meta property=\"og:locale\" content=\"fr_FR\" \/>\n<meta property=\"og:type\" content=\"article\" \/>\n<meta property=\"og:title\" content=\"Bottines Femme-simili cuir-157007-VOG - Vog Tunisie\" \/>\n<meta property=\"og:description\" content=\"Vente en ligne bottines pour femmes.   Bottines en Simili cuir  Mod\u00e8le avec bout rond et semelle plateforme crant\u00e9e.  Dot\u00e9es d\u2019un empi\u00e8cement \u00e9lastique sur le c\u00f4t\u00e9 ext\u00e9rieur.  Poss\u00e8dent un int\u00e9rieur l\u00e9g\u00e8rement fourr\u00e9.  Tige, semelle int\u00e9rieure &amp; ext\u00e9rieure : synth\u00e9tique.  Hauteur de la tige : 18 cm  Hauteur du talon : 4 cm\" \/>\n<meta property=\"og:url\" content=\"https:\/\/vog.com.tn\/?product=bottines-157007-vog\" \/>\n<meta property=\"og:site_name\" content=\"Vog Tunisie\" \/>\n<meta property=\"article:modified_time\" content=\"2024-01-23T11:45:51+00:00\" \/>\n<meta property=\"og:image\" content=\"https:\/\/vog.com.tn\/wp-content\/uploads\/2023\/12\/157007-NOIR-VOG-4.png\" \/>\n\t<meta property=\"og:image:width\" content=\"572\" \/>\n\t<meta property=\"og:image:height\" content=\"800\" \/>\n\t<meta property=\"og:image:type\" content=\"image\/png\" \/>\n<meta name=\"twitter:card\" content=\"summary_large_image\" \/>\n<meta name=\"twitter:label1\" content=\"Dur\u00e9e de lecture estim\u00e9e\" \/>\n\t<meta name=\"twitter:data1\" content=\"1 minute\" \/>\n<script type=\"application\/ld+json\" class=\"yoast-schema-graph\">{\"@context\":\"https:\\\/\\\/schema.org\",\"@graph\":[{\"@type\":\"WebPage\",\"@id\":\"https:\\\/\\\/vog.com.tn\\\/?product=bottines-157007-vog\",\"url\":\"https:\\\/\\\/vog.com.tn\\\/?product=bottines-157007-vog\",\"name\":\"Bottines Femme-simili cuir-157007-VOG - Vog Tunisie\",\"isPartOf\":{\"@id\":\"https:\\\/\\\/vog.com.tn\\\/#website\"},\"primaryImageOfPage\":{\"@id\":\"https:\\\/\\\/vog.com.tn\\\/?product=bottines-157007-vog#primaryimage\"},\"image\":{\"@id\":\"https:\\\/\\\/vog.com.tn\\\/?product=bottines-157007-vog#primaryimage\"},\"thumbnailUrl\":\"https:\\\/\\\/vog.com.tn\\\/wp-content\\\/uploads\\\/2023\\\/12\\\/157007-NOIR-VOG-4.png\",\"datePublished\":\"2023-12-15T12:34:54+00:00\",\"dateModified\":\"2024-01-23T11:45:51+00:00\",\"breadcrumb\":{\"@id\":\"https:\\\/\\\/vog.com.tn\\\/?product=bottines-157007-vog#breadcrumb\"},\"inLanguage\":\"fr-FR\",\"potentialAction\":[{\"@type\":\"ReadAction\",\"target\":[\"https:\\\/\\\/vog.com.tn\\\/?product=bottines-157007-vog\"]}]},{\"@type\":\"ImageObject\",\"inLanguage\":\"fr-FR\",\"@id\":\"https:\\\/\\\/vog.com.tn\\\/?product=bottines-157007-vog#primaryimage\",\"url\":\"https:\\\/\\\/vog.com.tn\\\/wp-content\\\/uploads\\\/2023\\\/12\\\/157007-NOIR-VOG-4.png\",\"contentUrl\":\"https:\\\/\\\/vog.com.tn\\\/wp-content\\\/uploads\\\/2023\\\/12\\\/157007-NOIR-VOG-4.png\",\"width\":572,\"height\":800},{\"@type\":\"BreadcrumbList\",\"@id\":\"https:\\\/\\\/vog.com.tn\\\/?product=bottines-157007-vog#breadcrumb\",\"itemListElement\":[{\"@type\":\"ListItem\",\"position\":1,\"name\":\"Home\",\"item\":\"https:\\\/\\\/vog.com.tn\\\/\"},{\"@type\":\"ListItem\",\"position\":2,\"name\":\"Produits\",\"item\":\"https:\\\/\\\/vog.com.tn\\\/?page_id=8\"},{\"@type\":\"ListItem\",\"position\":3,\"name\":\"Bottines Femme-simili cuir-157007-VOG\"}]},{\"@type\":\"WebSite\",\"@id\":\"https:\\\/\\\/vog.com.tn\\\/#website\",\"url\":\"https:\\\/\\\/vog.com.tn\\\/\",\"name\":\"Vog Tunisie\",\"description\":\"Pr\u00eat-\u00e0-porter\",\"potentialAction\":[{\"@type\":\"SearchAction\",\"target\":{\"@type\":\"EntryPoint\",\"urlTemplate\":\"https:\\\/\\\/vog.com.tn\\\/?s={search_term_string}\"},\"query-input\":{\"@type\":\"PropertyValueSpecification\",\"valueRequired\":true,\"valueName\":\"search_term_string\"}}],\"inLanguage\":\"fr-FR\"}]}<\/script>\n<!-- \/ Yoast SEO plugin. -->","yoast_head_json":{"title":"Bottines Femme-simili cuir-157007-VOG - Vog Tunisie","robots":{"index":"index","follow":"follow","max-snippet":"max-snippet:-1","max-image-preview":"max-image-preview:large","max-video-preview":"max-video-preview:-1"},"canonical":"https:\/\/vog.com.tn\/?product=bottines-157007-vog","og_locale":"fr_FR","og_type":"article","og_title":"Bottines Femme-simili cuir-157007-VOG - Vog Tunisie","og_description":"Vente en ligne bottines pour femmes.   Bottines en Simili cuir  Mod\u00e8le avec bout rond et semelle plateforme crant\u00e9e.  Dot\u00e9es d\u2019un empi\u00e8cement \u00e9lastique sur le c\u00f4t\u00e9 ext\u00e9rieur.  Poss\u00e8dent un int\u00e9rieur l\u00e9g\u00e8rement fourr\u00e9.  Tige, semelle int\u00e9rieure &amp; ext\u00e9rieure : synth\u00e9tique.  Hauteur de la tige : 18 cm  Hauteur du talon : 4 cm","og_url":"https:\/\/vog.com.tn\/?product=bottines-157007-vog","og_site_name":"Vog Tunisie","article_modified_time":"2024-01-23T11:45:51+00:00","og_image":[{"width":572,"height":800,"url":"https:\/\/vog.com.tn\/wp-content\/uploads\/2023\/12\/157007-NOIR-VOG-4.png","type":"image\/png"}],"twitter_card":"summary_large_image","twitter_misc":{"Dur\u00e9e de lecture estim\u00e9e":"1 minute"},"schema":{"@context":"https:\/\/schema.org","@graph":[{"@type":"WebPage","@id":"https:\/\/vog.com.tn\/?product=bottines-157007-vog","url":"https:\/\/vog.com.tn\/?product=bottines-157007-vog","name":"Bottines Femme-simili cuir-157007-VOG - Vog Tunisie","isPartOf":{"@id":"https:\/\/vog.com.tn\/#website"},"primaryImageOfPage":{"@id":"https:\/\/vog.com.tn\/?product=bottines-157007-vog#primaryimage"},"image":{"@id":"https:\/\/vog.com.tn\/?product=bottines-157007-vog#primaryimage"},"thumbnailUrl":"https:\/\/vog.com.tn\/wp-content\/uploads\/2023\/12\/157007-NOIR-VOG-4.png","datePublished":"2023-12-15T12:34:54+00:00","dateModified":"2024-01-23T11:45:51+00:00","breadcrumb":{"@id":"https:\/\/vog.com.tn\/?product=bottines-157007-vog#breadcrumb"},"inLanguage":"fr-FR","potentialAction":[{"@type":"ReadAction","target":["https:\/\/vog.com.tn\/?product=bottines-157007-vog"]}]},{"@type":"ImageObject","inLanguage":"fr-FR","@id":"https:\/\/vog.com.tn\/?product=bottines-157007-vog#primaryimage","url":"https:\/\/vog.com.tn\/wp-content\/uploads\/2023\/12\/157007-NOIR-VOG-4.png","contentUrl":"https:\/\/vog.com.tn\/wp-content\/uploads\/2023\/12\/157007-NOIR-VOG-4.png","width":572,"height":800},{"@type":"BreadcrumbList","@id":"https:\/\/vog.com.tn\/?product=bottines-157007-vog#breadcrumb","itemListElement":[{"@type":"ListItem","position":1,"name":"Home","item":"https:\/\/vog.com.tn\/"},{"@type":"ListItem","position":2,"name":"Produits","item":"https:\/\/vog.com.tn\/?page_id=8"},{"@type":"ListItem","position":3,"name":"Bottines Femme-simili cuir-157007-VOG"}]},{"@type":"WebSite","@id":"https:\/\/vog.com.tn\/#website","url":"https:\/\/vog.com.tn\/","name":"Vog Tunisie","description":"Pr\u00eat-\u00e0-porter","potentialAction":[{"@type":"SearchAction","target":{"@type":"EntryPoint","urlTemplate":"https:\/\/vog.com.tn\/?s={search_term_string}"},"query-input":{"@type":"PropertyValueSpecification","valueRequired":true,"valueName":"search_term_string"}}],"inLanguage":"fr-FR"}]}},"_links":{"self":[{"href":"https:\/\/vog.com.tn\/index.php?rest_route=\/wp\/v2\/product\/66762","targetHints":{"allow":["GET"]}}],"collection":[{"href":"https:\/\/vog.com.tn\/index.php?rest_route=\/wp\/v2\/product"}],"about":[{"href":"https:\/\/vog.com.tn\/index.php?rest_route=\/wp\/v2\/types\/product"}],"replies":[{"embeddable":true,"href":"https:\/\/vog.com.tn\/index.php?rest_route=%2Fwp%2Fv2%2Fcomments&post=66762"}],"wp:featuredmedia":[{"embeddable":true,"href":"https:\/\/vog.com.tn\/index.php?rest_route=\/wp\/v2\/media\/66771"}],"wp:attachment":[{"href":"https:\/\/vog.com.tn\/index.php?rest_route=%2Fwp%2Fv2%2Fmedia&parent=66762"}],"wp:term":[{"taxonomy":"product_brand","embeddable":true,"href":"https:\/\/vog.com.tn\/index.php?rest_route=%2Fwp%2Fv2%2Fproduct_brand&post=66762"},{"taxonomy":"product_cat","embeddable":true,"href":"https:\/\/vog.com.tn\/index.php?rest_route=%2Fwp%2Fv2%2Fproduct_cat&post=66762"},{"taxonomy":"product_tag","embeddable":true,"href":"https:\/\/vog.com.tn\/index.php?rest_route=%2Fwp%2Fv2%2Fproduct_tag&post=66762"}],"curies":[{"name":"wp","href":"https:\/\/api.w.org\/{rel}","templated":true}]}}