{"id":68552,"date":"2023-12-27T11:45:28","date_gmt":"2023-12-27T10:45:28","guid":{"rendered":"https:\/\/vog.com.tn\/?post_type=product&#038;p=68552"},"modified":"2025-01-22T09:51:36","modified_gmt":"2025-01-22T08:51:36","slug":"manteaux-simili-cuir-long-153205-vog","status":"publish","type":"product","link":"https:\/\/vog.com.tn\/?product=manteaux-simili-cuir-long-153205-vog","title":{"rendered":"Manteaux Simili Cuir Long-153205-VOG"},"content":{"rendered":"<p>VOG met en vente en ligne Doudoune en similicuir et fourrure en Tunisie. Les doudounes sont des pi\u00e8ces phares pour l\u2019hiver. Notre s\u00e9lection de doudoune pour femmes offre tout ce dont vous avez besoin : des anoraks confortables aux doudoune de laine \u00e9l\u00e9gants. Vous trouverez \u00e9galement une vari\u00e9t\u00e9 de doudoune de fourrure, de parka, en cuir, cachemires \u2026<\/p>\n","protected":false},"excerpt":{"rendered":"<p>Vente en ligne doudoune en similicuir.<\/p>\n<ul>\n<li>Manteaux long simili cuire Int\u00e9rieur fourr\u00e9<\/li>\n<li>se ferme \u00e0 l\u2019aide d&rsquo;un zip<\/li>\n<li>Poss\u00e8de 2 poches<\/li>\n<li>Longueur V\u00eatement environ 90 cm.<\/li>\n<li>Manche longue<\/li>\n<li>Composition : 100% Polyester<\/li>\n<\/ul>\n","protected":false},"featured_media":68561,"template":"","meta":[],"product_brand":[],"product_cat":[269,137,360,71],"product_tag":[],"class_list":{"0":"post-68552","1":"product","2":"type-product","3":"status-publish","4":"has-post-thumbnail","6":"product_cat-manteaux-femme-longs","7":"product_cat-mode-femme","8":"product_cat-nouvelle-collection","9":"product_cat-vetements-femme","10":"pa_couleurs-beige","11":"pa_couleurs-choco","12":"pa_taille-m-l","13":"pa_taille-s-m","16":"first","17":"outofstock","18":"taxable","19":"shipping-taxable","20":"product-type-variable"},"yoast_head":"<!-- This site is optimized with the Yoast SEO plugin v27.5 - https:\/\/yoast.com\/product\/yoast-seo-wordpress\/ -->\n<title>Manteaux Simili Cuir Long-153205-VOG - Vog Tunisie<\/title>\n<meta name=\"robots\" content=\"index, follow, max-snippet:-1, max-image-preview:large, max-video-preview:-1\" \/>\n<link rel=\"canonical\" href=\"https:\/\/vog.com.tn\/?product=manteaux-simili-cuir-long-153205-vog\" \/>\n<meta property=\"og:locale\" content=\"fr_FR\" \/>\n<meta property=\"og:type\" content=\"article\" \/>\n<meta property=\"og:title\" content=\"Manteaux Simili Cuir Long-153205-VOG - Vog Tunisie\" \/>\n<meta property=\"og:description\" content=\"Vente en ligne doudoune en similicuir.   Manteaux long simili cuire Int\u00e9rieur fourr\u00e9  se ferme \u00e0 l\u2019aide d&#039;un zip  Poss\u00e8de 2 poches  Longueur V\u00eatement environ 90 cm.  Manche longue  Composition : 100% Polyester\" \/>\n<meta property=\"og:url\" content=\"https:\/\/vog.com.tn\/?product=manteaux-simili-cuir-long-153205-vog\" \/>\n<meta property=\"og:site_name\" content=\"Vog Tunisie\" \/>\n<meta property=\"article:modified_time\" content=\"2025-01-22T08:51:36+00:00\" \/>\n<meta property=\"og:image\" content=\"https:\/\/vog.com.tn\/wp-content\/uploads\/2023\/12\/153205-beige-vog-3.png\" \/>\n\t<meta property=\"og:image:width\" content=\"572\" \/>\n\t<meta property=\"og:image:height\" content=\"800\" \/>\n\t<meta property=\"og:image:type\" content=\"image\/png\" \/>\n<meta name=\"twitter:card\" content=\"summary_large_image\" \/>\n<meta name=\"twitter:label1\" content=\"Dur\u00e9e de lecture estim\u00e9e\" \/>\n\t<meta name=\"twitter:data1\" content=\"1 minute\" \/>\n<script type=\"application\/ld+json\" class=\"yoast-schema-graph\">{\"@context\":\"https:\\\/\\\/schema.org\",\"@graph\":[{\"@type\":\"WebPage\",\"@id\":\"https:\\\/\\\/vog.com.tn\\\/?product=manteaux-simili-cuir-long-153205-vog\",\"url\":\"https:\\\/\\\/vog.com.tn\\\/?product=manteaux-simili-cuir-long-153205-vog\",\"name\":\"Manteaux Simili Cuir Long-153205-VOG - Vog Tunisie\",\"isPartOf\":{\"@id\":\"https:\\\/\\\/vog.com.tn\\\/#website\"},\"primaryImageOfPage\":{\"@id\":\"https:\\\/\\\/vog.com.tn\\\/?product=manteaux-simili-cuir-long-153205-vog#primaryimage\"},\"image\":{\"@id\":\"https:\\\/\\\/vog.com.tn\\\/?product=manteaux-simili-cuir-long-153205-vog#primaryimage\"},\"thumbnailUrl\":\"https:\\\/\\\/vog.com.tn\\\/wp-content\\\/uploads\\\/2023\\\/12\\\/153205-beige-vog-3.png\",\"datePublished\":\"2023-12-27T10:45:28+00:00\",\"dateModified\":\"2025-01-22T08:51:36+00:00\",\"breadcrumb\":{\"@id\":\"https:\\\/\\\/vog.com.tn\\\/?product=manteaux-simili-cuir-long-153205-vog#breadcrumb\"},\"inLanguage\":\"fr-FR\",\"potentialAction\":[{\"@type\":\"ReadAction\",\"target\":[\"https:\\\/\\\/vog.com.tn\\\/?product=manteaux-simili-cuir-long-153205-vog\"]}]},{\"@type\":\"ImageObject\",\"inLanguage\":\"fr-FR\",\"@id\":\"https:\\\/\\\/vog.com.tn\\\/?product=manteaux-simili-cuir-long-153205-vog#primaryimage\",\"url\":\"https:\\\/\\\/vog.com.tn\\\/wp-content\\\/uploads\\\/2023\\\/12\\\/153205-beige-vog-3.png\",\"contentUrl\":\"https:\\\/\\\/vog.com.tn\\\/wp-content\\\/uploads\\\/2023\\\/12\\\/153205-beige-vog-3.png\",\"width\":572,\"height\":800},{\"@type\":\"BreadcrumbList\",\"@id\":\"https:\\\/\\\/vog.com.tn\\\/?product=manteaux-simili-cuir-long-153205-vog#breadcrumb\",\"itemListElement\":[{\"@type\":\"ListItem\",\"position\":1,\"name\":\"Home\",\"item\":\"https:\\\/\\\/vog.com.tn\\\/\"},{\"@type\":\"ListItem\",\"position\":2,\"name\":\"Produits\",\"item\":\"https:\\\/\\\/vog.com.tn\\\/?page_id=8\"},{\"@type\":\"ListItem\",\"position\":3,\"name\":\"Manteaux Simili Cuir Long-153205-VOG\"}]},{\"@type\":\"WebSite\",\"@id\":\"https:\\\/\\\/vog.com.tn\\\/#website\",\"url\":\"https:\\\/\\\/vog.com.tn\\\/\",\"name\":\"Vog Tunisie\",\"description\":\"Pr\u00eat-\u00e0-porter\",\"potentialAction\":[{\"@type\":\"SearchAction\",\"target\":{\"@type\":\"EntryPoint\",\"urlTemplate\":\"https:\\\/\\\/vog.com.tn\\\/?s={search_term_string}\"},\"query-input\":{\"@type\":\"PropertyValueSpecification\",\"valueRequired\":true,\"valueName\":\"search_term_string\"}}],\"inLanguage\":\"fr-FR\"}]}<\/script>\n<!-- \/ Yoast SEO plugin. -->","yoast_head_json":{"title":"Manteaux Simili Cuir Long-153205-VOG - Vog Tunisie","robots":{"index":"index","follow":"follow","max-snippet":"max-snippet:-1","max-image-preview":"max-image-preview:large","max-video-preview":"max-video-preview:-1"},"canonical":"https:\/\/vog.com.tn\/?product=manteaux-simili-cuir-long-153205-vog","og_locale":"fr_FR","og_type":"article","og_title":"Manteaux Simili Cuir Long-153205-VOG - Vog Tunisie","og_description":"Vente en ligne doudoune en similicuir.   Manteaux long simili cuire Int\u00e9rieur fourr\u00e9  se ferme \u00e0 l\u2019aide d'un zip  Poss\u00e8de 2 poches  Longueur V\u00eatement environ 90 cm.  Manche longue  Composition : 100% Polyester","og_url":"https:\/\/vog.com.tn\/?product=manteaux-simili-cuir-long-153205-vog","og_site_name":"Vog Tunisie","article_modified_time":"2025-01-22T08:51:36+00:00","og_image":[{"width":572,"height":800,"url":"https:\/\/vog.com.tn\/wp-content\/uploads\/2023\/12\/153205-beige-vog-3.png","type":"image\/png"}],"twitter_card":"summary_large_image","twitter_misc":{"Dur\u00e9e de lecture estim\u00e9e":"1 minute"},"schema":{"@context":"https:\/\/schema.org","@graph":[{"@type":"WebPage","@id":"https:\/\/vog.com.tn\/?product=manteaux-simili-cuir-long-153205-vog","url":"https:\/\/vog.com.tn\/?product=manteaux-simili-cuir-long-153205-vog","name":"Manteaux Simili Cuir Long-153205-VOG - Vog Tunisie","isPartOf":{"@id":"https:\/\/vog.com.tn\/#website"},"primaryImageOfPage":{"@id":"https:\/\/vog.com.tn\/?product=manteaux-simili-cuir-long-153205-vog#primaryimage"},"image":{"@id":"https:\/\/vog.com.tn\/?product=manteaux-simili-cuir-long-153205-vog#primaryimage"},"thumbnailUrl":"https:\/\/vog.com.tn\/wp-content\/uploads\/2023\/12\/153205-beige-vog-3.png","datePublished":"2023-12-27T10:45:28+00:00","dateModified":"2025-01-22T08:51:36+00:00","breadcrumb":{"@id":"https:\/\/vog.com.tn\/?product=manteaux-simili-cuir-long-153205-vog#breadcrumb"},"inLanguage":"fr-FR","potentialAction":[{"@type":"ReadAction","target":["https:\/\/vog.com.tn\/?product=manteaux-simili-cuir-long-153205-vog"]}]},{"@type":"ImageObject","inLanguage":"fr-FR","@id":"https:\/\/vog.com.tn\/?product=manteaux-simili-cuir-long-153205-vog#primaryimage","url":"https:\/\/vog.com.tn\/wp-content\/uploads\/2023\/12\/153205-beige-vog-3.png","contentUrl":"https:\/\/vog.com.tn\/wp-content\/uploads\/2023\/12\/153205-beige-vog-3.png","width":572,"height":800},{"@type":"BreadcrumbList","@id":"https:\/\/vog.com.tn\/?product=manteaux-simili-cuir-long-153205-vog#breadcrumb","itemListElement":[{"@type":"ListItem","position":1,"name":"Home","item":"https:\/\/vog.com.tn\/"},{"@type":"ListItem","position":2,"name":"Produits","item":"https:\/\/vog.com.tn\/?page_id=8"},{"@type":"ListItem","position":3,"name":"Manteaux Simili Cuir Long-153205-VOG"}]},{"@type":"WebSite","@id":"https:\/\/vog.com.tn\/#website","url":"https:\/\/vog.com.tn\/","name":"Vog Tunisie","description":"Pr\u00eat-\u00e0-porter","potentialAction":[{"@type":"SearchAction","target":{"@type":"EntryPoint","urlTemplate":"https:\/\/vog.com.tn\/?s={search_term_string}"},"query-input":{"@type":"PropertyValueSpecification","valueRequired":true,"valueName":"search_term_string"}}],"inLanguage":"fr-FR"}]}},"_links":{"self":[{"href":"https:\/\/vog.com.tn\/index.php?rest_route=\/wp\/v2\/product\/68552","targetHints":{"allow":["GET"]}}],"collection":[{"href":"https:\/\/vog.com.tn\/index.php?rest_route=\/wp\/v2\/product"}],"about":[{"href":"https:\/\/vog.com.tn\/index.php?rest_route=\/wp\/v2\/types\/product"}],"wp:featuredmedia":[{"embeddable":true,"href":"https:\/\/vog.com.tn\/index.php?rest_route=\/wp\/v2\/media\/68561"}],"wp:attachment":[{"href":"https:\/\/vog.com.tn\/index.php?rest_route=%2Fwp%2Fv2%2Fmedia&parent=68552"}],"wp:term":[{"taxonomy":"product_brand","embeddable":true,"href":"https:\/\/vog.com.tn\/index.php?rest_route=%2Fwp%2Fv2%2Fproduct_brand&post=68552"},{"taxonomy":"product_cat","embeddable":true,"href":"https:\/\/vog.com.tn\/index.php?rest_route=%2Fwp%2Fv2%2Fproduct_cat&post=68552"},{"taxonomy":"product_tag","embeddable":true,"href":"https:\/\/vog.com.tn\/index.php?rest_route=%2Fwp%2Fv2%2Fproduct_tag&post=68552"}],"curies":[{"name":"wp","href":"https:\/\/api.w.org\/{rel}","templated":true}]}}