{"id":68563,"date":"2023-12-27T11:39:54","date_gmt":"2023-12-27T10:39:54","guid":{"rendered":"https:\/\/vog.com.tn\/?post_type=product&#038;p=68563"},"modified":"2025-01-26T09:39:05","modified_gmt":"2025-01-26T08:39:05","slug":"manteau-fourrure-153406-vog","status":"publish","type":"product","link":"https:\/\/vog.com.tn\/?product=manteau-fourrure-153406-vog","title":{"rendered":"Manteau Fourrure\u2013 153406 \u2013 VOG"},"content":{"rendered":"<p>&nbsp;<\/p>\n<div class=\"heateorSssClear\">\n<p>Vog met en vente en ligne manteau fourrure en Tunisie. Emmitouflez-vous dans de la fourrure cette saison gr\u00e2ce \u00e0 notre gamme de manteaux fausse fourrure. Nous avons toutes les pi\u00e8ces qu\u2019il vous faut chez\u00a0<b>VOG<\/b>. Vous avez le choix. La veste en fausse fourrure est La touche finale \u00e0 ne pas rater cette saison et rien ne vous maintiendra plus au chaud. Optez pour un look 90\u2019s ultra tendance avec une veste courte ou d\u00e9marquez-vous avec un manteau chic. Faites votre choix d\u00e8s maintenant parmi notre s\u00e9lection de manteaux et vestes femme ! Qui aurait cru qu\u2019on pourrait \u00eatre aussi styl\u00e9e m\u00eame en plein hiver ?<\/p>\n<div class=\"heateorSssClear\"><\/div>\n<div class=\"heateor_sss_sharing_container heateor_sss_horizontal_sharing\" data-heateor-sss-href=\"https:\/\/vog.com.tn\/?product=doudoune-fourrure-noir-135400\"><\/div>\n<\/div>\n<div class=\"heateor_sss_sharing_container heateor_sss_horizontal_sharing\" data-heateor-sss-href=\"https:\/\/vog.com.tn\/?product=blouson-femme-153203-vog\"><\/div>\n","protected":false},"excerpt":{"rendered":"<p>Vente en ligne manteau fourrure pour femme.<\/p>\n<ul>\n<li>Manteau en fausse fourrure matelass\u00e9e.<\/li>\n<li>Se ferme \u00e0 l\u2019aide d\u2019une fermeture zipp\u00e9e.<\/li>\n<li>Int\u00e9rieur fourr\u00e9.<\/li>\n<li>Longueur V\u00eatement : 60 cm<\/li>\n<li>Composition : 100% polyester\n<div class=\"woocommerce-product-details__short-description\"><\/div>\n<div data-product_id=\"65397\" data-threshold_min=\"30\" data-threshold_max=\"100\" data-total=\"12\"><\/div>\n<\/li>\n<\/ul>\n","protected":false},"featured_media":68567,"template":"","meta":[],"product_brand":[],"product_cat":[270,137,360,71],"product_tag":[],"class_list":{"0":"post-68563","1":"product","2":"type-product","3":"status-publish","4":"has-post-thumbnail","6":"product_cat-manteaux-femme-courts","7":"product_cat-mode-femme","8":"product_cat-nouvelle-collection","9":"product_cat-vetements-femme","10":"pa_couleurs-beige","11":"pa_couleurs-blanc","12":"pa_couleurs-choco","13":"pa_couleurs-ciel-2","14":"pa_couleurs-noir","15":"pa_couleurs-rose","16":"pa_taille-large","17":"pa_taille-moyenne","18":"pa_taille-small","21":"first","22":"outofstock","23":"taxable","24":"shipping-taxable","25":"product-type-variable"},"yoast_head":"<!-- This site is optimized with the Yoast SEO plugin v27.5 - https:\/\/yoast.com\/product\/yoast-seo-wordpress\/ -->\n<title>Manteau Fourrure\u2013 153406 \u2013 VOG - Vog Tunisie<\/title>\n<meta name=\"robots\" content=\"index, follow, max-snippet:-1, max-image-preview:large, max-video-preview:-1\" \/>\n<link rel=\"canonical\" href=\"https:\/\/vog.com.tn\/?product=manteau-fourrure-153406-vog\" \/>\n<meta property=\"og:locale\" content=\"fr_FR\" \/>\n<meta property=\"og:type\" content=\"article\" \/>\n<meta property=\"og:title\" content=\"Manteau Fourrure\u2013 153406 \u2013 VOG - Vog Tunisie\" \/>\n<meta property=\"og:description\" content=\"Vente en ligne manteau fourrure pour femme.   Manteau en fausse fourrure matelass\u00e9e.  Se ferme \u00e0 l\u2019aide d\u2019une fermeture zipp\u00e9e.  Int\u00e9rieur fourr\u00e9.  Longueur V\u00eatement : 60 cm  Composition : 100% polyester\" \/>\n<meta property=\"og:url\" content=\"https:\/\/vog.com.tn\/?product=manteau-fourrure-153406-vog\" \/>\n<meta property=\"og:site_name\" content=\"Vog Tunisie\" \/>\n<meta property=\"article:modified_time\" content=\"2025-01-26T08:39:05+00:00\" \/>\n<meta property=\"og:image\" content=\"https:\/\/vog.com.tn\/wp-content\/uploads\/2023\/12\/Design-sans-titre-9.png\" \/>\n\t<meta property=\"og:image:width\" content=\"572\" \/>\n\t<meta property=\"og:image:height\" content=\"800\" \/>\n\t<meta property=\"og:image:type\" content=\"image\/png\" \/>\n<meta name=\"twitter:card\" content=\"summary_large_image\" \/>\n<meta name=\"twitter:label1\" content=\"Dur\u00e9e de lecture estim\u00e9e\" \/>\n\t<meta name=\"twitter:data1\" content=\"1 minute\" \/>\n<script type=\"application\/ld+json\" class=\"yoast-schema-graph\">{\"@context\":\"https:\\\/\\\/schema.org\",\"@graph\":[{\"@type\":\"WebPage\",\"@id\":\"https:\\\/\\\/vog.com.tn\\\/?product=manteau-fourrure-153406-vog\",\"url\":\"https:\\\/\\\/vog.com.tn\\\/?product=manteau-fourrure-153406-vog\",\"name\":\"Manteau Fourrure\u2013 153406 \u2013 VOG - Vog Tunisie\",\"isPartOf\":{\"@id\":\"https:\\\/\\\/vog.com.tn\\\/#website\"},\"primaryImageOfPage\":{\"@id\":\"https:\\\/\\\/vog.com.tn\\\/?product=manteau-fourrure-153406-vog#primaryimage\"},\"image\":{\"@id\":\"https:\\\/\\\/vog.com.tn\\\/?product=manteau-fourrure-153406-vog#primaryimage\"},\"thumbnailUrl\":\"https:\\\/\\\/vog.com.tn\\\/wp-content\\\/uploads\\\/2023\\\/12\\\/Design-sans-titre-9.png\",\"datePublished\":\"2023-12-27T10:39:54+00:00\",\"dateModified\":\"2025-01-26T08:39:05+00:00\",\"breadcrumb\":{\"@id\":\"https:\\\/\\\/vog.com.tn\\\/?product=manteau-fourrure-153406-vog#breadcrumb\"},\"inLanguage\":\"fr-FR\",\"potentialAction\":[{\"@type\":\"ReadAction\",\"target\":[\"https:\\\/\\\/vog.com.tn\\\/?product=manteau-fourrure-153406-vog\"]}]},{\"@type\":\"ImageObject\",\"inLanguage\":\"fr-FR\",\"@id\":\"https:\\\/\\\/vog.com.tn\\\/?product=manteau-fourrure-153406-vog#primaryimage\",\"url\":\"https:\\\/\\\/vog.com.tn\\\/wp-content\\\/uploads\\\/2023\\\/12\\\/Design-sans-titre-9.png\",\"contentUrl\":\"https:\\\/\\\/vog.com.tn\\\/wp-content\\\/uploads\\\/2023\\\/12\\\/Design-sans-titre-9.png\",\"width\":572,\"height\":800},{\"@type\":\"BreadcrumbList\",\"@id\":\"https:\\\/\\\/vog.com.tn\\\/?product=manteau-fourrure-153406-vog#breadcrumb\",\"itemListElement\":[{\"@type\":\"ListItem\",\"position\":1,\"name\":\"Home\",\"item\":\"https:\\\/\\\/vog.com.tn\\\/\"},{\"@type\":\"ListItem\",\"position\":2,\"name\":\"Produits\",\"item\":\"https:\\\/\\\/vog.com.tn\\\/?page_id=8\"},{\"@type\":\"ListItem\",\"position\":3,\"name\":\"Manteau Fourrure\u2013 153406 \u2013 VOG\"}]},{\"@type\":\"WebSite\",\"@id\":\"https:\\\/\\\/vog.com.tn\\\/#website\",\"url\":\"https:\\\/\\\/vog.com.tn\\\/\",\"name\":\"Vog Tunisie\",\"description\":\"Pr\u00eat-\u00e0-porter\",\"potentialAction\":[{\"@type\":\"SearchAction\",\"target\":{\"@type\":\"EntryPoint\",\"urlTemplate\":\"https:\\\/\\\/vog.com.tn\\\/?s={search_term_string}\"},\"query-input\":{\"@type\":\"PropertyValueSpecification\",\"valueRequired\":true,\"valueName\":\"search_term_string\"}}],\"inLanguage\":\"fr-FR\"}]}<\/script>\n<!-- \/ Yoast SEO plugin. -->","yoast_head_json":{"title":"Manteau Fourrure\u2013 153406 \u2013 VOG - Vog Tunisie","robots":{"index":"index","follow":"follow","max-snippet":"max-snippet:-1","max-image-preview":"max-image-preview:large","max-video-preview":"max-video-preview:-1"},"canonical":"https:\/\/vog.com.tn\/?product=manteau-fourrure-153406-vog","og_locale":"fr_FR","og_type":"article","og_title":"Manteau Fourrure\u2013 153406 \u2013 VOG - Vog Tunisie","og_description":"Vente en ligne manteau fourrure pour femme.   Manteau en fausse fourrure matelass\u00e9e.  Se ferme \u00e0 l\u2019aide d\u2019une fermeture zipp\u00e9e.  Int\u00e9rieur fourr\u00e9.  Longueur V\u00eatement : 60 cm  Composition : 100% polyester","og_url":"https:\/\/vog.com.tn\/?product=manteau-fourrure-153406-vog","og_site_name":"Vog Tunisie","article_modified_time":"2025-01-26T08:39:05+00:00","og_image":[{"width":572,"height":800,"url":"https:\/\/vog.com.tn\/wp-content\/uploads\/2023\/12\/Design-sans-titre-9.png","type":"image\/png"}],"twitter_card":"summary_large_image","twitter_misc":{"Dur\u00e9e de lecture estim\u00e9e":"1 minute"},"schema":{"@context":"https:\/\/schema.org","@graph":[{"@type":"WebPage","@id":"https:\/\/vog.com.tn\/?product=manteau-fourrure-153406-vog","url":"https:\/\/vog.com.tn\/?product=manteau-fourrure-153406-vog","name":"Manteau Fourrure\u2013 153406 \u2013 VOG - Vog Tunisie","isPartOf":{"@id":"https:\/\/vog.com.tn\/#website"},"primaryImageOfPage":{"@id":"https:\/\/vog.com.tn\/?product=manteau-fourrure-153406-vog#primaryimage"},"image":{"@id":"https:\/\/vog.com.tn\/?product=manteau-fourrure-153406-vog#primaryimage"},"thumbnailUrl":"https:\/\/vog.com.tn\/wp-content\/uploads\/2023\/12\/Design-sans-titre-9.png","datePublished":"2023-12-27T10:39:54+00:00","dateModified":"2025-01-26T08:39:05+00:00","breadcrumb":{"@id":"https:\/\/vog.com.tn\/?product=manteau-fourrure-153406-vog#breadcrumb"},"inLanguage":"fr-FR","potentialAction":[{"@type":"ReadAction","target":["https:\/\/vog.com.tn\/?product=manteau-fourrure-153406-vog"]}]},{"@type":"ImageObject","inLanguage":"fr-FR","@id":"https:\/\/vog.com.tn\/?product=manteau-fourrure-153406-vog#primaryimage","url":"https:\/\/vog.com.tn\/wp-content\/uploads\/2023\/12\/Design-sans-titre-9.png","contentUrl":"https:\/\/vog.com.tn\/wp-content\/uploads\/2023\/12\/Design-sans-titre-9.png","width":572,"height":800},{"@type":"BreadcrumbList","@id":"https:\/\/vog.com.tn\/?product=manteau-fourrure-153406-vog#breadcrumb","itemListElement":[{"@type":"ListItem","position":1,"name":"Home","item":"https:\/\/vog.com.tn\/"},{"@type":"ListItem","position":2,"name":"Produits","item":"https:\/\/vog.com.tn\/?page_id=8"},{"@type":"ListItem","position":3,"name":"Manteau Fourrure\u2013 153406 \u2013 VOG"}]},{"@type":"WebSite","@id":"https:\/\/vog.com.tn\/#website","url":"https:\/\/vog.com.tn\/","name":"Vog Tunisie","description":"Pr\u00eat-\u00e0-porter","potentialAction":[{"@type":"SearchAction","target":{"@type":"EntryPoint","urlTemplate":"https:\/\/vog.com.tn\/?s={search_term_string}"},"query-input":{"@type":"PropertyValueSpecification","valueRequired":true,"valueName":"search_term_string"}}],"inLanguage":"fr-FR"}]}},"_links":{"self":[{"href":"https:\/\/vog.com.tn\/index.php?rest_route=\/wp\/v2\/product\/68563","targetHints":{"allow":["GET"]}}],"collection":[{"href":"https:\/\/vog.com.tn\/index.php?rest_route=\/wp\/v2\/product"}],"about":[{"href":"https:\/\/vog.com.tn\/index.php?rest_route=\/wp\/v2\/types\/product"}],"wp:featuredmedia":[{"embeddable":true,"href":"https:\/\/vog.com.tn\/index.php?rest_route=\/wp\/v2\/media\/68567"}],"wp:attachment":[{"href":"https:\/\/vog.com.tn\/index.php?rest_route=%2Fwp%2Fv2%2Fmedia&parent=68563"}],"wp:term":[{"taxonomy":"product_brand","embeddable":true,"href":"https:\/\/vog.com.tn\/index.php?rest_route=%2Fwp%2Fv2%2Fproduct_brand&post=68563"},{"taxonomy":"product_cat","embeddable":true,"href":"https:\/\/vog.com.tn\/index.php?rest_route=%2Fwp%2Fv2%2Fproduct_cat&post=68563"},{"taxonomy":"product_tag","embeddable":true,"href":"https:\/\/vog.com.tn\/index.php?rest_route=%2Fwp%2Fv2%2Fproduct_tag&post=68563"}],"curies":[{"name":"wp","href":"https:\/\/api.w.org\/{rel}","templated":true}]}}