{"id":68619,"date":"2023-12-27T13:22:50","date_gmt":"2023-12-27T12:22:50","guid":{"rendered":"https:\/\/vog.com.tn\/?post_type=product&#038;p=68619"},"modified":"2025-01-26T09:37:10","modified_gmt":"2025-01-26T08:37:10","slug":"doudoune-longs-153103-vog","status":"publish","type":"product","link":"https:\/\/vog.com.tn\/?product=doudoune-longs-153103-vog","title":{"rendered":"Doudoune Longs-153103-VoG"},"content":{"rendered":"<p>Vog met en vente en ligne Doudoune double face Sans Manches longues en Tunisie. Cette pi\u00e8ce a une belle carte \u00e0 jouer dans votre dressing !<br \/>\nBien chaude, c\u2019est aussi votre meilleure alli\u00e9e quand le thermom\u00e8tre chute s\u00e9v\u00e8rement : Port\u00e9e en hiver ou durant la mi-saison, la veste sans manches se d\u00e9cline au gr\u00e9 de vos envies. V\u00eatement fonctionnel par excellence, elle vous permet d\u2019\u00eatre libre de vos mouvements : elle vous prot\u00e8ge le buste tout en pr\u00e9servant la mobilit\u00e9 des bras. Mais encore, la doudoune permet de rompre la monotonie de certains ensembles habill\u00e9s.<\/p>\n","protected":false},"excerpt":{"rendered":"<p>Vente en ligne doudoune sans manches similicuir pour femme.<\/p>\n<ul>\n<li>Doudoune similicuir longue avec capuche<\/li>\n<li>Sans manches matelass\u00e9e avec capuche<\/li>\n<li>Pr\u00e9sence de 2 poches zipp\u00e9e<\/li>\n<li>Se ferme \u00e0 l\u2019aide d\u2019une fermeture zipp\u00e9e et des boutons m\u00e9talliques<\/li>\n<li>Longueur : environ 94 cm.<\/li>\n<li>Composition : 100% Polyester<\/li>\n<\/ul>\n","protected":false},"featured_media":68632,"template":"","meta":[],"product_brand":[],"product_cat":[48,271,137,360,71],"product_tag":[],"class_list":{"0":"post-68619","1":"product","2":"type-product","3":"status-publish","4":"has-post-thumbnail","6":"product_cat-manteaux-femme","7":"product_cat-manteaux-et-doudounes-sans-manches-femme","8":"product_cat-mode-femme","9":"product_cat-nouvelle-collection","10":"product_cat-vetements-femme","11":"pa_couleurs-choco","12":"pa_couleurs-noir","13":"pa_taille-xxl","14":"pa_taille-large","15":"pa_taille-moyenne","16":"pa_taille-small","17":"pa_taille-xl","20":"first","21":"outofstock","22":"taxable","23":"shipping-taxable","24":"product-type-variable"},"yoast_head":"<!-- This site is optimized with the Yoast SEO plugin v27.5 - https:\/\/yoast.com\/product\/yoast-seo-wordpress\/ -->\n<title>Doudoune Longs-153103-VoG - Vog Tunisie<\/title>\n<meta name=\"robots\" content=\"index, follow, max-snippet:-1, max-image-preview:large, max-video-preview:-1\" \/>\n<link rel=\"canonical\" href=\"https:\/\/vog.com.tn\/?product=doudoune-longs-153103-vog\" \/>\n<meta property=\"og:locale\" content=\"fr_FR\" \/>\n<meta property=\"og:type\" content=\"article\" \/>\n<meta property=\"og:title\" content=\"Doudoune Longs-153103-VoG - Vog Tunisie\" \/>\n<meta property=\"og:description\" content=\"Vente en ligne doudoune sans manches similicuir pour femme.   Doudoune similicuir longue avec capuche  Sans manches matelass\u00e9e avec capuche  Pr\u00e9sence de 2 poches zipp\u00e9e  Se ferme \u00e0 l\u2019aide d\u2019une fermeture zipp\u00e9e et des boutons m\u00e9talliques  Longueur : environ 94 cm.  Composition : 100% Polyester\" \/>\n<meta property=\"og:url\" content=\"https:\/\/vog.com.tn\/?product=doudoune-longs-153103-vog\" \/>\n<meta property=\"og:site_name\" content=\"Vog Tunisie\" \/>\n<meta property=\"article:modified_time\" content=\"2025-01-26T08:37:10+00:00\" \/>\n<meta property=\"og:image\" content=\"https:\/\/vog.com.tn\/wp-content\/uploads\/2023\/12\/153103-noir-vog-3.png\" \/>\n\t<meta property=\"og:image:width\" content=\"572\" \/>\n\t<meta property=\"og:image:height\" content=\"800\" \/>\n\t<meta property=\"og:image:type\" content=\"image\/png\" \/>\n<meta name=\"twitter:card\" content=\"summary_large_image\" \/>\n<meta name=\"twitter:label1\" content=\"Dur\u00e9e de lecture estim\u00e9e\" \/>\n\t<meta name=\"twitter:data1\" content=\"1 minute\" \/>\n<script type=\"application\/ld+json\" class=\"yoast-schema-graph\">{\"@context\":\"https:\\\/\\\/schema.org\",\"@graph\":[{\"@type\":\"WebPage\",\"@id\":\"https:\\\/\\\/vog.com.tn\\\/?product=doudoune-longs-153103-vog\",\"url\":\"https:\\\/\\\/vog.com.tn\\\/?product=doudoune-longs-153103-vog\",\"name\":\"Doudoune Longs-153103-VoG - Vog Tunisie\",\"isPartOf\":{\"@id\":\"https:\\\/\\\/vog.com.tn\\\/#website\"},\"primaryImageOfPage\":{\"@id\":\"https:\\\/\\\/vog.com.tn\\\/?product=doudoune-longs-153103-vog#primaryimage\"},\"image\":{\"@id\":\"https:\\\/\\\/vog.com.tn\\\/?product=doudoune-longs-153103-vog#primaryimage\"},\"thumbnailUrl\":\"https:\\\/\\\/vog.com.tn\\\/wp-content\\\/uploads\\\/2023\\\/12\\\/153103-noir-vog-3.png\",\"datePublished\":\"2023-12-27T12:22:50+00:00\",\"dateModified\":\"2025-01-26T08:37:10+00:00\",\"breadcrumb\":{\"@id\":\"https:\\\/\\\/vog.com.tn\\\/?product=doudoune-longs-153103-vog#breadcrumb\"},\"inLanguage\":\"fr-FR\",\"potentialAction\":[{\"@type\":\"ReadAction\",\"target\":[\"https:\\\/\\\/vog.com.tn\\\/?product=doudoune-longs-153103-vog\"]}]},{\"@type\":\"ImageObject\",\"inLanguage\":\"fr-FR\",\"@id\":\"https:\\\/\\\/vog.com.tn\\\/?product=doudoune-longs-153103-vog#primaryimage\",\"url\":\"https:\\\/\\\/vog.com.tn\\\/wp-content\\\/uploads\\\/2023\\\/12\\\/153103-noir-vog-3.png\",\"contentUrl\":\"https:\\\/\\\/vog.com.tn\\\/wp-content\\\/uploads\\\/2023\\\/12\\\/153103-noir-vog-3.png\",\"width\":572,\"height\":800},{\"@type\":\"BreadcrumbList\",\"@id\":\"https:\\\/\\\/vog.com.tn\\\/?product=doudoune-longs-153103-vog#breadcrumb\",\"itemListElement\":[{\"@type\":\"ListItem\",\"position\":1,\"name\":\"Home\",\"item\":\"https:\\\/\\\/vog.com.tn\\\/\"},{\"@type\":\"ListItem\",\"position\":2,\"name\":\"Produits\",\"item\":\"https:\\\/\\\/vog.com.tn\\\/?page_id=8\"},{\"@type\":\"ListItem\",\"position\":3,\"name\":\"Doudoune Longs-153103-VoG\"}]},{\"@type\":\"WebSite\",\"@id\":\"https:\\\/\\\/vog.com.tn\\\/#website\",\"url\":\"https:\\\/\\\/vog.com.tn\\\/\",\"name\":\"Vog Tunisie\",\"description\":\"Pr\u00eat-\u00e0-porter\",\"potentialAction\":[{\"@type\":\"SearchAction\",\"target\":{\"@type\":\"EntryPoint\",\"urlTemplate\":\"https:\\\/\\\/vog.com.tn\\\/?s={search_term_string}\"},\"query-input\":{\"@type\":\"PropertyValueSpecification\",\"valueRequired\":true,\"valueName\":\"search_term_string\"}}],\"inLanguage\":\"fr-FR\"}]}<\/script>\n<!-- \/ Yoast SEO plugin. -->","yoast_head_json":{"title":"Doudoune Longs-153103-VoG - Vog Tunisie","robots":{"index":"index","follow":"follow","max-snippet":"max-snippet:-1","max-image-preview":"max-image-preview:large","max-video-preview":"max-video-preview:-1"},"canonical":"https:\/\/vog.com.tn\/?product=doudoune-longs-153103-vog","og_locale":"fr_FR","og_type":"article","og_title":"Doudoune Longs-153103-VoG - Vog Tunisie","og_description":"Vente en ligne doudoune sans manches similicuir pour femme.   Doudoune similicuir longue avec capuche  Sans manches matelass\u00e9e avec capuche  Pr\u00e9sence de 2 poches zipp\u00e9e  Se ferme \u00e0 l\u2019aide d\u2019une fermeture zipp\u00e9e et des boutons m\u00e9talliques  Longueur : environ 94 cm.  Composition : 100% Polyester","og_url":"https:\/\/vog.com.tn\/?product=doudoune-longs-153103-vog","og_site_name":"Vog Tunisie","article_modified_time":"2025-01-26T08:37:10+00:00","og_image":[{"width":572,"height":800,"url":"https:\/\/vog.com.tn\/wp-content\/uploads\/2023\/12\/153103-noir-vog-3.png","type":"image\/png"}],"twitter_card":"summary_large_image","twitter_misc":{"Dur\u00e9e de lecture estim\u00e9e":"1 minute"},"schema":{"@context":"https:\/\/schema.org","@graph":[{"@type":"WebPage","@id":"https:\/\/vog.com.tn\/?product=doudoune-longs-153103-vog","url":"https:\/\/vog.com.tn\/?product=doudoune-longs-153103-vog","name":"Doudoune Longs-153103-VoG - Vog Tunisie","isPartOf":{"@id":"https:\/\/vog.com.tn\/#website"},"primaryImageOfPage":{"@id":"https:\/\/vog.com.tn\/?product=doudoune-longs-153103-vog#primaryimage"},"image":{"@id":"https:\/\/vog.com.tn\/?product=doudoune-longs-153103-vog#primaryimage"},"thumbnailUrl":"https:\/\/vog.com.tn\/wp-content\/uploads\/2023\/12\/153103-noir-vog-3.png","datePublished":"2023-12-27T12:22:50+00:00","dateModified":"2025-01-26T08:37:10+00:00","breadcrumb":{"@id":"https:\/\/vog.com.tn\/?product=doudoune-longs-153103-vog#breadcrumb"},"inLanguage":"fr-FR","potentialAction":[{"@type":"ReadAction","target":["https:\/\/vog.com.tn\/?product=doudoune-longs-153103-vog"]}]},{"@type":"ImageObject","inLanguage":"fr-FR","@id":"https:\/\/vog.com.tn\/?product=doudoune-longs-153103-vog#primaryimage","url":"https:\/\/vog.com.tn\/wp-content\/uploads\/2023\/12\/153103-noir-vog-3.png","contentUrl":"https:\/\/vog.com.tn\/wp-content\/uploads\/2023\/12\/153103-noir-vog-3.png","width":572,"height":800},{"@type":"BreadcrumbList","@id":"https:\/\/vog.com.tn\/?product=doudoune-longs-153103-vog#breadcrumb","itemListElement":[{"@type":"ListItem","position":1,"name":"Home","item":"https:\/\/vog.com.tn\/"},{"@type":"ListItem","position":2,"name":"Produits","item":"https:\/\/vog.com.tn\/?page_id=8"},{"@type":"ListItem","position":3,"name":"Doudoune Longs-153103-VoG"}]},{"@type":"WebSite","@id":"https:\/\/vog.com.tn\/#website","url":"https:\/\/vog.com.tn\/","name":"Vog Tunisie","description":"Pr\u00eat-\u00e0-porter","potentialAction":[{"@type":"SearchAction","target":{"@type":"EntryPoint","urlTemplate":"https:\/\/vog.com.tn\/?s={search_term_string}"},"query-input":{"@type":"PropertyValueSpecification","valueRequired":true,"valueName":"search_term_string"}}],"inLanguage":"fr-FR"}]}},"_links":{"self":[{"href":"https:\/\/vog.com.tn\/index.php?rest_route=\/wp\/v2\/product\/68619","targetHints":{"allow":["GET"]}}],"collection":[{"href":"https:\/\/vog.com.tn\/index.php?rest_route=\/wp\/v2\/product"}],"about":[{"href":"https:\/\/vog.com.tn\/index.php?rest_route=\/wp\/v2\/types\/product"}],"wp:featuredmedia":[{"embeddable":true,"href":"https:\/\/vog.com.tn\/index.php?rest_route=\/wp\/v2\/media\/68632"}],"wp:attachment":[{"href":"https:\/\/vog.com.tn\/index.php?rest_route=%2Fwp%2Fv2%2Fmedia&parent=68619"}],"wp:term":[{"taxonomy":"product_brand","embeddable":true,"href":"https:\/\/vog.com.tn\/index.php?rest_route=%2Fwp%2Fv2%2Fproduct_brand&post=68619"},{"taxonomy":"product_cat","embeddable":true,"href":"https:\/\/vog.com.tn\/index.php?rest_route=%2Fwp%2Fv2%2Fproduct_cat&post=68619"},{"taxonomy":"product_tag","embeddable":true,"href":"https:\/\/vog.com.tn\/index.php?rest_route=%2Fwp%2Fv2%2Fproduct_tag&post=68619"}],"curies":[{"name":"wp","href":"https:\/\/api.w.org\/{rel}","templated":true}]}}