{"id":69358,"date":"2024-01-11T10:08:17","date_gmt":"2024-01-11T09:08:17","guid":{"rendered":"https:\/\/vog.com.tn\/?post_type=product&#038;p=69358"},"modified":"2025-03-18T09:57:46","modified_gmt":"2025-03-18T08:57:46","slug":"ensemble-de-survetement-151900-vog","status":"publish","type":"product","link":"https:\/\/vog.com.tn\/?product=ensemble-de-survetement-151900-vog","title":{"rendered":"Ensemble De Surv\u00eatement -151900-VOG"},"content":{"rendered":"<p>&nbsp;<\/p>\n<p>VOG met en vente en ligne ensemble de surv\u00eatement Femme en Tunisie. Des ensembles de surv\u00eatement pour femme tendances pour accueillir la nouvelle saison d\u2019hiver ! Notre s\u00e9lection comprend des ensembles \u00e9l\u00e9gants.<\/p>\n","protected":false},"excerpt":{"rendered":"<h4 class=\"vente-lgn-dsc\">Vente en ligne ensemble de surv\u00eatement pour femme.<\/h4>\n<ul>\n<li>Ensemble Surv\u00eatement deux pi\u00e8ces pour femme.<\/li>\n<li>Sweat \u00e0 capuche se ferme \u00e0 l\u2019aide d\u2019un zip avec liens et dot\u00e9 deux poches<\/li>\n<li>Pantalon jogging avec \u00e9lastique dot\u00e9 de 2 poches sur les c\u00f4t\u00e9s<\/li>\n<li>Manches longue<\/li>\n<li>Composition : 95% coton et 5% \u00e9lasthanne<\/li>\n<\/ul>\n","protected":false},"featured_media":69414,"template":"","meta":[],"product_brand":[],"product_cat":[239,137,360,71],"product_tag":[],"class_list":{"0":"post-69358","1":"product","2":"type-product","3":"status-publish","4":"has-post-thumbnail","6":"product_cat-ensembles","7":"product_cat-mode-femme","8":"product_cat-nouvelle-collection","9":"product_cat-vetements-femme","10":"pa_couleurs-fushia","11":"pa_couleurs-noir","12":"pa_taille-l-xl","13":"pa_taille-m-l","14":"pa_taille-s-m","17":"first","18":"outofstock","19":"taxable","20":"shipping-taxable","21":"product-type-variable"},"yoast_head":"<!-- This site is optimized with the Yoast SEO plugin v27.5 - https:\/\/yoast.com\/product\/yoast-seo-wordpress\/ -->\n<title>Ensemble De Surv\u00eatement -151900-VOG - Vog Tunisie<\/title>\n<meta name=\"robots\" content=\"index, follow, max-snippet:-1, max-image-preview:large, max-video-preview:-1\" \/>\n<link rel=\"canonical\" href=\"https:\/\/vog.com.tn\/?product=ensemble-de-survetement-151900-vog\" \/>\n<meta property=\"og:locale\" content=\"fr_FR\" \/>\n<meta property=\"og:type\" content=\"article\" \/>\n<meta property=\"og:title\" content=\"Ensemble De Surv\u00eatement -151900-VOG - Vog Tunisie\" \/>\n<meta property=\"og:description\" content=\"Vente en ligne ensemble de surv\u00eatement pour femme.   Ensemble Surv\u00eatement deux pi\u00e8ces pour femme.  Sweat \u00e0 capuche se ferme \u00e0 l\u2019aide d\u2019un zip avec liens et dot\u00e9 deux poches  Pantalon jogging avec \u00e9lastique dot\u00e9 de 2 poches sur les c\u00f4t\u00e9s  Manches longue  Composition : 95% coton et 5% \u00e9lasthanne\" \/>\n<meta property=\"og:url\" content=\"https:\/\/vog.com.tn\/?product=ensemble-de-survetement-151900-vog\" \/>\n<meta property=\"og:site_name\" content=\"Vog Tunisie\" \/>\n<meta property=\"article:modified_time\" content=\"2025-03-18T08:57:46+00:00\" \/>\n<meta property=\"og:image\" content=\"https:\/\/vog.com.tn\/wp-content\/uploads\/2024\/01\/Survetement-151900-fushia-vog-2-1.png\" \/>\n\t<meta property=\"og:image:width\" content=\"572\" \/>\n\t<meta property=\"og:image:height\" content=\"800\" \/>\n\t<meta property=\"og:image:type\" content=\"image\/png\" \/>\n<meta name=\"twitter:card\" content=\"summary_large_image\" \/>\n<meta name=\"twitter:label1\" content=\"Dur\u00e9e de lecture estim\u00e9e\" \/>\n\t<meta name=\"twitter:data1\" content=\"1 minute\" \/>\n<script type=\"application\/ld+json\" class=\"yoast-schema-graph\">{\"@context\":\"https:\\\/\\\/schema.org\",\"@graph\":[{\"@type\":\"WebPage\",\"@id\":\"https:\\\/\\\/vog.com.tn\\\/?product=ensemble-de-survetement-151900-vog\",\"url\":\"https:\\\/\\\/vog.com.tn\\\/?product=ensemble-de-survetement-151900-vog\",\"name\":\"Ensemble De Surv\u00eatement -151900-VOG - Vog Tunisie\",\"isPartOf\":{\"@id\":\"https:\\\/\\\/vog.com.tn\\\/#website\"},\"primaryImageOfPage\":{\"@id\":\"https:\\\/\\\/vog.com.tn\\\/?product=ensemble-de-survetement-151900-vog#primaryimage\"},\"image\":{\"@id\":\"https:\\\/\\\/vog.com.tn\\\/?product=ensemble-de-survetement-151900-vog#primaryimage\"},\"thumbnailUrl\":\"https:\\\/\\\/vog.com.tn\\\/wp-content\\\/uploads\\\/2024\\\/01\\\/Survetement-151900-fushia-vog-2-1.png\",\"datePublished\":\"2024-01-11T09:08:17+00:00\",\"dateModified\":\"2025-03-18T08:57:46+00:00\",\"breadcrumb\":{\"@id\":\"https:\\\/\\\/vog.com.tn\\\/?product=ensemble-de-survetement-151900-vog#breadcrumb\"},\"inLanguage\":\"fr-FR\",\"potentialAction\":[{\"@type\":\"ReadAction\",\"target\":[\"https:\\\/\\\/vog.com.tn\\\/?product=ensemble-de-survetement-151900-vog\"]}]},{\"@type\":\"ImageObject\",\"inLanguage\":\"fr-FR\",\"@id\":\"https:\\\/\\\/vog.com.tn\\\/?product=ensemble-de-survetement-151900-vog#primaryimage\",\"url\":\"https:\\\/\\\/vog.com.tn\\\/wp-content\\\/uploads\\\/2024\\\/01\\\/Survetement-151900-fushia-vog-2-1.png\",\"contentUrl\":\"https:\\\/\\\/vog.com.tn\\\/wp-content\\\/uploads\\\/2024\\\/01\\\/Survetement-151900-fushia-vog-2-1.png\",\"width\":572,\"height\":800},{\"@type\":\"BreadcrumbList\",\"@id\":\"https:\\\/\\\/vog.com.tn\\\/?product=ensemble-de-survetement-151900-vog#breadcrumb\",\"itemListElement\":[{\"@type\":\"ListItem\",\"position\":1,\"name\":\"Home\",\"item\":\"https:\\\/\\\/vog.com.tn\\\/\"},{\"@type\":\"ListItem\",\"position\":2,\"name\":\"Produits\",\"item\":\"https:\\\/\\\/vog.com.tn\\\/?page_id=8\"},{\"@type\":\"ListItem\",\"position\":3,\"name\":\"Ensemble De Surv\u00eatement -151900-VOG\"}]},{\"@type\":\"WebSite\",\"@id\":\"https:\\\/\\\/vog.com.tn\\\/#website\",\"url\":\"https:\\\/\\\/vog.com.tn\\\/\",\"name\":\"Vog Tunisie\",\"description\":\"Pr\u00eat-\u00e0-porter\",\"potentialAction\":[{\"@type\":\"SearchAction\",\"target\":{\"@type\":\"EntryPoint\",\"urlTemplate\":\"https:\\\/\\\/vog.com.tn\\\/?s={search_term_string}\"},\"query-input\":{\"@type\":\"PropertyValueSpecification\",\"valueRequired\":true,\"valueName\":\"search_term_string\"}}],\"inLanguage\":\"fr-FR\"}]}<\/script>\n<!-- \/ Yoast SEO plugin. -->","yoast_head_json":{"title":"Ensemble De Surv\u00eatement -151900-VOG - Vog Tunisie","robots":{"index":"index","follow":"follow","max-snippet":"max-snippet:-1","max-image-preview":"max-image-preview:large","max-video-preview":"max-video-preview:-1"},"canonical":"https:\/\/vog.com.tn\/?product=ensemble-de-survetement-151900-vog","og_locale":"fr_FR","og_type":"article","og_title":"Ensemble De Surv\u00eatement -151900-VOG - Vog Tunisie","og_description":"Vente en ligne ensemble de surv\u00eatement pour femme.   Ensemble Surv\u00eatement deux pi\u00e8ces pour femme.  Sweat \u00e0 capuche se ferme \u00e0 l\u2019aide d\u2019un zip avec liens et dot\u00e9 deux poches  Pantalon jogging avec \u00e9lastique dot\u00e9 de 2 poches sur les c\u00f4t\u00e9s  Manches longue  Composition : 95% coton et 5% \u00e9lasthanne","og_url":"https:\/\/vog.com.tn\/?product=ensemble-de-survetement-151900-vog","og_site_name":"Vog Tunisie","article_modified_time":"2025-03-18T08:57:46+00:00","og_image":[{"width":572,"height":800,"url":"https:\/\/vog.com.tn\/wp-content\/uploads\/2024\/01\/Survetement-151900-fushia-vog-2-1.png","type":"image\/png"}],"twitter_card":"summary_large_image","twitter_misc":{"Dur\u00e9e de lecture estim\u00e9e":"1 minute"},"schema":{"@context":"https:\/\/schema.org","@graph":[{"@type":"WebPage","@id":"https:\/\/vog.com.tn\/?product=ensemble-de-survetement-151900-vog","url":"https:\/\/vog.com.tn\/?product=ensemble-de-survetement-151900-vog","name":"Ensemble De Surv\u00eatement -151900-VOG - Vog Tunisie","isPartOf":{"@id":"https:\/\/vog.com.tn\/#website"},"primaryImageOfPage":{"@id":"https:\/\/vog.com.tn\/?product=ensemble-de-survetement-151900-vog#primaryimage"},"image":{"@id":"https:\/\/vog.com.tn\/?product=ensemble-de-survetement-151900-vog#primaryimage"},"thumbnailUrl":"https:\/\/vog.com.tn\/wp-content\/uploads\/2024\/01\/Survetement-151900-fushia-vog-2-1.png","datePublished":"2024-01-11T09:08:17+00:00","dateModified":"2025-03-18T08:57:46+00:00","breadcrumb":{"@id":"https:\/\/vog.com.tn\/?product=ensemble-de-survetement-151900-vog#breadcrumb"},"inLanguage":"fr-FR","potentialAction":[{"@type":"ReadAction","target":["https:\/\/vog.com.tn\/?product=ensemble-de-survetement-151900-vog"]}]},{"@type":"ImageObject","inLanguage":"fr-FR","@id":"https:\/\/vog.com.tn\/?product=ensemble-de-survetement-151900-vog#primaryimage","url":"https:\/\/vog.com.tn\/wp-content\/uploads\/2024\/01\/Survetement-151900-fushia-vog-2-1.png","contentUrl":"https:\/\/vog.com.tn\/wp-content\/uploads\/2024\/01\/Survetement-151900-fushia-vog-2-1.png","width":572,"height":800},{"@type":"BreadcrumbList","@id":"https:\/\/vog.com.tn\/?product=ensemble-de-survetement-151900-vog#breadcrumb","itemListElement":[{"@type":"ListItem","position":1,"name":"Home","item":"https:\/\/vog.com.tn\/"},{"@type":"ListItem","position":2,"name":"Produits","item":"https:\/\/vog.com.tn\/?page_id=8"},{"@type":"ListItem","position":3,"name":"Ensemble De Surv\u00eatement -151900-VOG"}]},{"@type":"WebSite","@id":"https:\/\/vog.com.tn\/#website","url":"https:\/\/vog.com.tn\/","name":"Vog Tunisie","description":"Pr\u00eat-\u00e0-porter","potentialAction":[{"@type":"SearchAction","target":{"@type":"EntryPoint","urlTemplate":"https:\/\/vog.com.tn\/?s={search_term_string}"},"query-input":{"@type":"PropertyValueSpecification","valueRequired":true,"valueName":"search_term_string"}}],"inLanguage":"fr-FR"}]}},"_links":{"self":[{"href":"https:\/\/vog.com.tn\/index.php?rest_route=\/wp\/v2\/product\/69358","targetHints":{"allow":["GET"]}}],"collection":[{"href":"https:\/\/vog.com.tn\/index.php?rest_route=\/wp\/v2\/product"}],"about":[{"href":"https:\/\/vog.com.tn\/index.php?rest_route=\/wp\/v2\/types\/product"}],"wp:featuredmedia":[{"embeddable":true,"href":"https:\/\/vog.com.tn\/index.php?rest_route=\/wp\/v2\/media\/69414"}],"wp:attachment":[{"href":"https:\/\/vog.com.tn\/index.php?rest_route=%2Fwp%2Fv2%2Fmedia&parent=69358"}],"wp:term":[{"taxonomy":"product_brand","embeddable":true,"href":"https:\/\/vog.com.tn\/index.php?rest_route=%2Fwp%2Fv2%2Fproduct_brand&post=69358"},{"taxonomy":"product_cat","embeddable":true,"href":"https:\/\/vog.com.tn\/index.php?rest_route=%2Fwp%2Fv2%2Fproduct_cat&post=69358"},{"taxonomy":"product_tag","embeddable":true,"href":"https:\/\/vog.com.tn\/index.php?rest_route=%2Fwp%2Fv2%2Fproduct_tag&post=69358"}],"curies":[{"name":"wp","href":"https:\/\/api.w.org\/{rel}","templated":true}]}}