{"id":70029,"date":"2024-01-20T15:26:01","date_gmt":"2024-01-20T14:26:01","guid":{"rendered":"https:\/\/vog.com.tn\/?post_type=product&#038;p=70029"},"modified":"2026-04-20T16:38:47","modified_gmt":"2026-04-20T14:38:47","slug":"veste-bomber-oversize-used-femme-153556-vog","status":"publish","type":"product","link":"https:\/\/vog.com.tn\/?product=veste-bomber-oversize-used-femme-153556-vog","title":{"rendered":"Veste Bomber OverSize- Used Femme-153556-VOG"},"content":{"rendered":"<p>Vog met en vente en ligne Veste Bomber oversize pour femme en Tunisie. Indispensable \u00e0 toute garde-robe, les vestes\u00a0 sont ind\u00e9modables. Elles rehaussent les tenues unies et sont particuli\u00e8rement adapt\u00e9es en mi-saison. Pendant les fra\u00eeches journ\u00e9es printani\u00e8res ou les douces journ\u00e9es d\u2019automne, la veste offre un peu de chaleur : retrouvez tous les produits disponibles \u00e0 l\u2019achat dans notre cat\u00e9gorie Mode femme<\/p>\n<div class=\"heateorSssClear\"><\/div>\n<div class=\"heateor_sss_sharing_container heateor_sss_horizontal_sharing\" data-heateor-sss-href=\"https:\/\/vog.com.tn\/?product=veste-bomber-oversize-femme-153554-vog\"><\/div>\n","protected":false},"excerpt":{"rendered":"<p>Vente en ligne veste pour femme.<\/p>\n<ul>\n<li>Veste oversize Bi-mati\u00e8re<\/li>\n<li>Mod\u00e8le Dot\u00e9e d&rsquo;une poche zipp\u00e9e sur la manche gauche.<\/li>\n<li>se ferme \u00e0 l\u2019aide des boutons d\u2019impressions m\u00e9talliques<\/li>\n<li>Pr\u00e9sence de deux poches<\/li>\n<li>Longueur : 52 cm environ<\/li>\n<li>Composition : 100% polyur\u00e9thanne et doublure : 100% polyester<\/li>\n<li>Couleur\u00a0: Used<\/li>\n<li>Livraison \u00e0 domicile : 8 TND.<\/li>\n<li>\u00a0D\u00e9lai de livraison : 2 \u00e0 3 jours.<\/li>\n<li>\u00a0\u00c9change possible : Vous ne payez que les frais de livraison pour le second colis.<\/li>\n<li>\u00a0D\u00e9lai d\u2019\u00e9change : Maximum 1 jour<\/li>\n<\/ul>\n","protected":false},"featured_media":113084,"template":"","meta":[],"product_brand":[],"product_cat":[137,360,46,71],"product_tag":[],"class_list":{"0":"post-70029","1":"product","2":"type-product","3":"status-publish","4":"has-post-thumbnail","6":"product_cat-mode-femme","7":"product_cat-nouvelle-collection","8":"product_cat-vestes-blousons","9":"product_cat-vetements-femme","10":"pa_couleurs-used","11":"pa_taille-large","12":"pa_taille-moyenne","13":"pa_taille-small","16":"first","17":"instock","18":"sale","19":"taxable","20":"shipping-taxable","21":"purchasable","22":"product-type-variable"},"yoast_head":"<!-- This site is optimized with the Yoast SEO plugin v27.5 - https:\/\/yoast.com\/product\/yoast-seo-wordpress\/ -->\n<title>Veste Bomber OverSize- Used Femme-153556-VOG - Vog Tunisie<\/title>\n<meta name=\"robots\" content=\"index, follow, max-snippet:-1, max-image-preview:large, max-video-preview:-1\" \/>\n<link rel=\"canonical\" href=\"https:\/\/vog.com.tn\/?product=veste-bomber-oversize-used-femme-153556-vog\" \/>\n<meta property=\"og:locale\" content=\"fr_FR\" \/>\n<meta property=\"og:type\" content=\"article\" \/>\n<meta property=\"og:title\" content=\"Veste Bomber OverSize- Used Femme-153556-VOG - Vog Tunisie\" \/>\n<meta property=\"og:description\" content=\"Vente en ligne veste pour femme.   Veste oversize Bi-mati\u00e8re  Mod\u00e8le Dot\u00e9e d&#039;une poche zipp\u00e9e sur la manche gauche.  se ferme \u00e0 l\u2019aide des boutons d\u2019impressions m\u00e9talliques  Pr\u00e9sence de deux poches  Longueur : 52 cm environ  Composition : 100% polyur\u00e9thanne et doublure : 100% polyester  Couleur\u00a0: Used  Livraison \u00e0 domicile : 8 TND.  \u00a0D\u00e9lai de livraison : 2 \u00e0 3 jours.  \u00a0\u00c9change possible : Vous ne payez que les frais de livraison pour le second colis.  \u00a0D\u00e9lai d\u2019\u00e9change : Maximum 1 jour\" \/>\n<meta property=\"og:url\" content=\"https:\/\/vog.com.tn\/?product=veste-bomber-oversize-used-femme-153556-vog\" \/>\n<meta property=\"og:site_name\" content=\"Vog Tunisie\" \/>\n<meta property=\"article:modified_time\" content=\"2026-04-20T14:38:47+00:00\" \/>\n<meta property=\"og:image\" content=\"https:\/\/vog.com.tn\/wp-content\/uploads\/2024\/01\/veste-153556-used-vog.png\" \/>\n\t<meta property=\"og:image:width\" content=\"572\" \/>\n\t<meta property=\"og:image:height\" content=\"800\" \/>\n\t<meta property=\"og:image:type\" content=\"image\/png\" \/>\n<meta name=\"twitter:card\" content=\"summary_large_image\" \/>\n<meta name=\"twitter:label1\" content=\"Dur\u00e9e de lecture estim\u00e9e\" \/>\n\t<meta name=\"twitter:data1\" content=\"1 minute\" \/>\n<script type=\"application\/ld+json\" class=\"yoast-schema-graph\">{\"@context\":\"https:\\\/\\\/schema.org\",\"@graph\":[{\"@type\":\"WebPage\",\"@id\":\"https:\\\/\\\/vog.com.tn\\\/?product=veste-bomber-oversize-used-femme-153556-vog\",\"url\":\"https:\\\/\\\/vog.com.tn\\\/?product=veste-bomber-oversize-used-femme-153556-vog\",\"name\":\"Veste Bomber OverSize- Used Femme-153556-VOG - Vog Tunisie\",\"isPartOf\":{\"@id\":\"https:\\\/\\\/vog.com.tn\\\/#website\"},\"primaryImageOfPage\":{\"@id\":\"https:\\\/\\\/vog.com.tn\\\/?product=veste-bomber-oversize-used-femme-153556-vog#primaryimage\"},\"image\":{\"@id\":\"https:\\\/\\\/vog.com.tn\\\/?product=veste-bomber-oversize-used-femme-153556-vog#primaryimage\"},\"thumbnailUrl\":\"https:\\\/\\\/vog.com.tn\\\/wp-content\\\/uploads\\\/2024\\\/01\\\/veste-153556-used-vog.png\",\"datePublished\":\"2024-01-20T14:26:01+00:00\",\"dateModified\":\"2026-04-20T14:38:47+00:00\",\"breadcrumb\":{\"@id\":\"https:\\\/\\\/vog.com.tn\\\/?product=veste-bomber-oversize-used-femme-153556-vog#breadcrumb\"},\"inLanguage\":\"fr-FR\",\"potentialAction\":[{\"@type\":\"ReadAction\",\"target\":[\"https:\\\/\\\/vog.com.tn\\\/?product=veste-bomber-oversize-used-femme-153556-vog\"]}]},{\"@type\":\"ImageObject\",\"inLanguage\":\"fr-FR\",\"@id\":\"https:\\\/\\\/vog.com.tn\\\/?product=veste-bomber-oversize-used-femme-153556-vog#primaryimage\",\"url\":\"https:\\\/\\\/vog.com.tn\\\/wp-content\\\/uploads\\\/2024\\\/01\\\/veste-153556-used-vog.png\",\"contentUrl\":\"https:\\\/\\\/vog.com.tn\\\/wp-content\\\/uploads\\\/2024\\\/01\\\/veste-153556-used-vog.png\",\"width\":572,\"height\":800},{\"@type\":\"BreadcrumbList\",\"@id\":\"https:\\\/\\\/vog.com.tn\\\/?product=veste-bomber-oversize-used-femme-153556-vog#breadcrumb\",\"itemListElement\":[{\"@type\":\"ListItem\",\"position\":1,\"name\":\"Home\",\"item\":\"https:\\\/\\\/vog.com.tn\\\/\"},{\"@type\":\"ListItem\",\"position\":2,\"name\":\"Produits\",\"item\":\"https:\\\/\\\/vog.com.tn\\\/?page_id=8\"},{\"@type\":\"ListItem\",\"position\":3,\"name\":\"Veste Bomber OverSize- Used Femme-153556-VOG\"}]},{\"@type\":\"WebSite\",\"@id\":\"https:\\\/\\\/vog.com.tn\\\/#website\",\"url\":\"https:\\\/\\\/vog.com.tn\\\/\",\"name\":\"Vog Tunisie\",\"description\":\"Pr\u00eat-\u00e0-porter\",\"potentialAction\":[{\"@type\":\"SearchAction\",\"target\":{\"@type\":\"EntryPoint\",\"urlTemplate\":\"https:\\\/\\\/vog.com.tn\\\/?s={search_term_string}\"},\"query-input\":{\"@type\":\"PropertyValueSpecification\",\"valueRequired\":true,\"valueName\":\"search_term_string\"}}],\"inLanguage\":\"fr-FR\"}]}<\/script>\n<!-- \/ Yoast SEO plugin. -->","yoast_head_json":{"title":"Veste Bomber OverSize- Used Femme-153556-VOG - Vog Tunisie","robots":{"index":"index","follow":"follow","max-snippet":"max-snippet:-1","max-image-preview":"max-image-preview:large","max-video-preview":"max-video-preview:-1"},"canonical":"https:\/\/vog.com.tn\/?product=veste-bomber-oversize-used-femme-153556-vog","og_locale":"fr_FR","og_type":"article","og_title":"Veste Bomber OverSize- Used Femme-153556-VOG - Vog Tunisie","og_description":"Vente en ligne veste pour femme.   Veste oversize Bi-mati\u00e8re  Mod\u00e8le Dot\u00e9e d'une poche zipp\u00e9e sur la manche gauche.  se ferme \u00e0 l\u2019aide des boutons d\u2019impressions m\u00e9talliques  Pr\u00e9sence de deux poches  Longueur : 52 cm environ  Composition : 100% polyur\u00e9thanne et doublure : 100% polyester  Couleur\u00a0: Used  Livraison \u00e0 domicile : 8 TND.  \u00a0D\u00e9lai de livraison : 2 \u00e0 3 jours.  \u00a0\u00c9change possible : Vous ne payez que les frais de livraison pour le second colis.  \u00a0D\u00e9lai d\u2019\u00e9change : Maximum 1 jour","og_url":"https:\/\/vog.com.tn\/?product=veste-bomber-oversize-used-femme-153556-vog","og_site_name":"Vog Tunisie","article_modified_time":"2026-04-20T14:38:47+00:00","og_image":[{"width":572,"height":800,"url":"https:\/\/vog.com.tn\/wp-content\/uploads\/2024\/01\/veste-153556-used-vog.png","type":"image\/png"}],"twitter_card":"summary_large_image","twitter_misc":{"Dur\u00e9e de lecture estim\u00e9e":"1 minute"},"schema":{"@context":"https:\/\/schema.org","@graph":[{"@type":"WebPage","@id":"https:\/\/vog.com.tn\/?product=veste-bomber-oversize-used-femme-153556-vog","url":"https:\/\/vog.com.tn\/?product=veste-bomber-oversize-used-femme-153556-vog","name":"Veste Bomber OverSize- Used Femme-153556-VOG - Vog Tunisie","isPartOf":{"@id":"https:\/\/vog.com.tn\/#website"},"primaryImageOfPage":{"@id":"https:\/\/vog.com.tn\/?product=veste-bomber-oversize-used-femme-153556-vog#primaryimage"},"image":{"@id":"https:\/\/vog.com.tn\/?product=veste-bomber-oversize-used-femme-153556-vog#primaryimage"},"thumbnailUrl":"https:\/\/vog.com.tn\/wp-content\/uploads\/2024\/01\/veste-153556-used-vog.png","datePublished":"2024-01-20T14:26:01+00:00","dateModified":"2026-04-20T14:38:47+00:00","breadcrumb":{"@id":"https:\/\/vog.com.tn\/?product=veste-bomber-oversize-used-femme-153556-vog#breadcrumb"},"inLanguage":"fr-FR","potentialAction":[{"@type":"ReadAction","target":["https:\/\/vog.com.tn\/?product=veste-bomber-oversize-used-femme-153556-vog"]}]},{"@type":"ImageObject","inLanguage":"fr-FR","@id":"https:\/\/vog.com.tn\/?product=veste-bomber-oversize-used-femme-153556-vog#primaryimage","url":"https:\/\/vog.com.tn\/wp-content\/uploads\/2024\/01\/veste-153556-used-vog.png","contentUrl":"https:\/\/vog.com.tn\/wp-content\/uploads\/2024\/01\/veste-153556-used-vog.png","width":572,"height":800},{"@type":"BreadcrumbList","@id":"https:\/\/vog.com.tn\/?product=veste-bomber-oversize-used-femme-153556-vog#breadcrumb","itemListElement":[{"@type":"ListItem","position":1,"name":"Home","item":"https:\/\/vog.com.tn\/"},{"@type":"ListItem","position":2,"name":"Produits","item":"https:\/\/vog.com.tn\/?page_id=8"},{"@type":"ListItem","position":3,"name":"Veste Bomber OverSize- Used Femme-153556-VOG"}]},{"@type":"WebSite","@id":"https:\/\/vog.com.tn\/#website","url":"https:\/\/vog.com.tn\/","name":"Vog Tunisie","description":"Pr\u00eat-\u00e0-porter","potentialAction":[{"@type":"SearchAction","target":{"@type":"EntryPoint","urlTemplate":"https:\/\/vog.com.tn\/?s={search_term_string}"},"query-input":{"@type":"PropertyValueSpecification","valueRequired":true,"valueName":"search_term_string"}}],"inLanguage":"fr-FR"}]}},"_links":{"self":[{"href":"https:\/\/vog.com.tn\/index.php?rest_route=\/wp\/v2\/product\/70029","targetHints":{"allow":["GET"]}}],"collection":[{"href":"https:\/\/vog.com.tn\/index.php?rest_route=\/wp\/v2\/product"}],"about":[{"href":"https:\/\/vog.com.tn\/index.php?rest_route=\/wp\/v2\/types\/product"}],"wp:featuredmedia":[{"embeddable":true,"href":"https:\/\/vog.com.tn\/index.php?rest_route=\/wp\/v2\/media\/113084"}],"wp:attachment":[{"href":"https:\/\/vog.com.tn\/index.php?rest_route=%2Fwp%2Fv2%2Fmedia&parent=70029"}],"wp:term":[{"taxonomy":"product_brand","embeddable":true,"href":"https:\/\/vog.com.tn\/index.php?rest_route=%2Fwp%2Fv2%2Fproduct_brand&post=70029"},{"taxonomy":"product_cat","embeddable":true,"href":"https:\/\/vog.com.tn\/index.php?rest_route=%2Fwp%2Fv2%2Fproduct_cat&post=70029"},{"taxonomy":"product_tag","embeddable":true,"href":"https:\/\/vog.com.tn\/index.php?rest_route=%2Fwp%2Fv2%2Fproduct_tag&post=70029"}],"curies":[{"name":"wp","href":"https:\/\/api.w.org\/{rel}","templated":true}]}}