{"id":70109,"date":"2024-01-22T11:36:20","date_gmt":"2024-01-22T10:36:20","guid":{"rendered":"https:\/\/vog.com.tn\/?post_type=product&#038;p=70109"},"modified":"2025-01-23T09:23:27","modified_gmt":"2025-01-23T08:23:27","slug":"blouson-court-similicuir-et-fourrure-femme-153212-vog","status":"publish","type":"product","link":"https:\/\/vog.com.tn\/?product=blouson-court-similicuir-et-fourrure-femme-153212-vog","title":{"rendered":"Blouson Court-Similicuir Et Fourrure Femme-153212-VOG"},"content":{"rendered":"<p>Vog met en vente en ligne Blouson court Similicuir et Fourrure pour femme en Tunisie.\u00a0<b>Les manteaux\u00a0<\/b>sont des pi\u00e8ces phares pour l\u2019hiver. Notre s\u00e9lection de manteaux pour femmes offre tout ce dont vous avez besoin : des anoraks confortables aux manteaux de laine \u00e9l\u00e9gants. Vous trouverez \u00e9galement une vari\u00e9t\u00e9 de manteaux de fourrure, de parka, en cuir, cachemires \u2026<\/p>\n","protected":false},"excerpt":{"rendered":"<h4 class=\"vente-lgn-dsc\">Vente en ligne Blouson court pour femme.<\/h4>\n<ul>\n<li>Blouson Bi-mati\u00e8re<\/li>\n<li>Se ferme \u00e0 l\u2019aide d\u2019une fermeture zipp\u00e9e, et d\u2019une sangle<\/li>\n<li>Pr\u00e9sence de fausse fourrure au niveau du dos, du devant et des manches<\/li>\n<li>Manches longues<\/li>\n<li>Une sangle autour du cou pour se prot\u00e9ger du froid<\/li>\n<li>Longueur V\u00eatement : 68 cm<\/li>\n<li>Composition : 100% Polyester.<\/li>\n<li>Couleur : Beige, Noir<\/li>\n<\/ul>\n","protected":false},"featured_media":70124,"template":"","meta":[],"product_brand":[],"product_cat":[137,360,46,71],"product_tag":[],"class_list":{"0":"post-70109","1":"product","2":"type-product","3":"status-publish","4":"has-post-thumbnail","6":"product_cat-mode-femme","7":"product_cat-nouvelle-collection","8":"product_cat-vestes-blousons","9":"product_cat-vetements-femme","10":"pa_couleurs-beige","11":"pa_couleurs-noir","12":"pa_taille-xxl","13":"pa_taille-large","14":"pa_taille-moyenne","15":"pa_taille-small","16":"pa_taille-xl","19":"first","20":"outofstock","21":"taxable","22":"shipping-taxable","23":"product-type-variable"},"yoast_head":"<!-- This site is optimized with the Yoast SEO plugin v27.5 - https:\/\/yoast.com\/product\/yoast-seo-wordpress\/ -->\n<title>Blouson Court-Similicuir Et Fourrure Femme-153212-VOG - Vog Tunisie<\/title>\n<meta name=\"robots\" content=\"index, follow, max-snippet:-1, max-image-preview:large, max-video-preview:-1\" \/>\n<link rel=\"canonical\" href=\"https:\/\/vog.com.tn\/?product=blouson-court-similicuir-et-fourrure-femme-153212-vog\" \/>\n<meta property=\"og:locale\" content=\"fr_FR\" \/>\n<meta property=\"og:type\" content=\"article\" \/>\n<meta property=\"og:title\" content=\"Blouson Court-Similicuir Et Fourrure Femme-153212-VOG - Vog Tunisie\" \/>\n<meta property=\"og:description\" content=\"Vente en ligne Blouson court pour femme.   Blouson Bi-mati\u00e8re  Se ferme \u00e0 l\u2019aide d\u2019une fermeture zipp\u00e9e, et d\u2019une sangle  Pr\u00e9sence de fausse fourrure au niveau du dos, du devant et des manches  Manches longues  Une sangle autour du cou pour se prot\u00e9ger du froid  Longueur V\u00eatement : 68 cm  Composition : 100% Polyester.  Couleur : Beige, Noir\" \/>\n<meta property=\"og:url\" content=\"https:\/\/vog.com.tn\/?product=blouson-court-similicuir-et-fourrure-femme-153212-vog\" \/>\n<meta property=\"og:site_name\" content=\"Vog Tunisie\" \/>\n<meta property=\"article:modified_time\" content=\"2025-01-23T08:23:27+00:00\" \/>\n<meta property=\"og:image\" content=\"https:\/\/vog.com.tn\/wp-content\/uploads\/2024\/01\/blouson153212-noir-vog-2.png\" \/>\n\t<meta property=\"og:image:width\" content=\"572\" \/>\n\t<meta property=\"og:image:height\" content=\"800\" \/>\n\t<meta property=\"og:image:type\" content=\"image\/png\" \/>\n<meta name=\"twitter:card\" content=\"summary_large_image\" \/>\n<meta name=\"twitter:label1\" content=\"Dur\u00e9e de lecture estim\u00e9e\" \/>\n\t<meta name=\"twitter:data1\" content=\"1 minute\" \/>\n<script type=\"application\/ld+json\" class=\"yoast-schema-graph\">{\"@context\":\"https:\\\/\\\/schema.org\",\"@graph\":[{\"@type\":\"WebPage\",\"@id\":\"https:\\\/\\\/vog.com.tn\\\/?product=blouson-court-similicuir-et-fourrure-femme-153212-vog\",\"url\":\"https:\\\/\\\/vog.com.tn\\\/?product=blouson-court-similicuir-et-fourrure-femme-153212-vog\",\"name\":\"Blouson Court-Similicuir Et Fourrure Femme-153212-VOG - Vog Tunisie\",\"isPartOf\":{\"@id\":\"https:\\\/\\\/vog.com.tn\\\/#website\"},\"primaryImageOfPage\":{\"@id\":\"https:\\\/\\\/vog.com.tn\\\/?product=blouson-court-similicuir-et-fourrure-femme-153212-vog#primaryimage\"},\"image\":{\"@id\":\"https:\\\/\\\/vog.com.tn\\\/?product=blouson-court-similicuir-et-fourrure-femme-153212-vog#primaryimage\"},\"thumbnailUrl\":\"https:\\\/\\\/vog.com.tn\\\/wp-content\\\/uploads\\\/2024\\\/01\\\/blouson153212-noir-vog-2.png\",\"datePublished\":\"2024-01-22T10:36:20+00:00\",\"dateModified\":\"2025-01-23T08:23:27+00:00\",\"breadcrumb\":{\"@id\":\"https:\\\/\\\/vog.com.tn\\\/?product=blouson-court-similicuir-et-fourrure-femme-153212-vog#breadcrumb\"},\"inLanguage\":\"fr-FR\",\"potentialAction\":[{\"@type\":\"ReadAction\",\"target\":[\"https:\\\/\\\/vog.com.tn\\\/?product=blouson-court-similicuir-et-fourrure-femme-153212-vog\"]}]},{\"@type\":\"ImageObject\",\"inLanguage\":\"fr-FR\",\"@id\":\"https:\\\/\\\/vog.com.tn\\\/?product=blouson-court-similicuir-et-fourrure-femme-153212-vog#primaryimage\",\"url\":\"https:\\\/\\\/vog.com.tn\\\/wp-content\\\/uploads\\\/2024\\\/01\\\/blouson153212-noir-vog-2.png\",\"contentUrl\":\"https:\\\/\\\/vog.com.tn\\\/wp-content\\\/uploads\\\/2024\\\/01\\\/blouson153212-noir-vog-2.png\",\"width\":572,\"height\":800},{\"@type\":\"BreadcrumbList\",\"@id\":\"https:\\\/\\\/vog.com.tn\\\/?product=blouson-court-similicuir-et-fourrure-femme-153212-vog#breadcrumb\",\"itemListElement\":[{\"@type\":\"ListItem\",\"position\":1,\"name\":\"Home\",\"item\":\"https:\\\/\\\/vog.com.tn\\\/\"},{\"@type\":\"ListItem\",\"position\":2,\"name\":\"Produits\",\"item\":\"https:\\\/\\\/vog.com.tn\\\/?page_id=8\"},{\"@type\":\"ListItem\",\"position\":3,\"name\":\"Blouson Court-Similicuir Et Fourrure Femme-153212-VOG\"}]},{\"@type\":\"WebSite\",\"@id\":\"https:\\\/\\\/vog.com.tn\\\/#website\",\"url\":\"https:\\\/\\\/vog.com.tn\\\/\",\"name\":\"Vog Tunisie\",\"description\":\"Pr\u00eat-\u00e0-porter\",\"potentialAction\":[{\"@type\":\"SearchAction\",\"target\":{\"@type\":\"EntryPoint\",\"urlTemplate\":\"https:\\\/\\\/vog.com.tn\\\/?s={search_term_string}\"},\"query-input\":{\"@type\":\"PropertyValueSpecification\",\"valueRequired\":true,\"valueName\":\"search_term_string\"}}],\"inLanguage\":\"fr-FR\"}]}<\/script>\n<!-- \/ Yoast SEO plugin. -->","yoast_head_json":{"title":"Blouson Court-Similicuir Et Fourrure Femme-153212-VOG - Vog Tunisie","robots":{"index":"index","follow":"follow","max-snippet":"max-snippet:-1","max-image-preview":"max-image-preview:large","max-video-preview":"max-video-preview:-1"},"canonical":"https:\/\/vog.com.tn\/?product=blouson-court-similicuir-et-fourrure-femme-153212-vog","og_locale":"fr_FR","og_type":"article","og_title":"Blouson Court-Similicuir Et Fourrure Femme-153212-VOG - Vog Tunisie","og_description":"Vente en ligne Blouson court pour femme.   Blouson Bi-mati\u00e8re  Se ferme \u00e0 l\u2019aide d\u2019une fermeture zipp\u00e9e, et d\u2019une sangle  Pr\u00e9sence de fausse fourrure au niveau du dos, du devant et des manches  Manches longues  Une sangle autour du cou pour se prot\u00e9ger du froid  Longueur V\u00eatement : 68 cm  Composition : 100% Polyester.  Couleur : Beige, Noir","og_url":"https:\/\/vog.com.tn\/?product=blouson-court-similicuir-et-fourrure-femme-153212-vog","og_site_name":"Vog Tunisie","article_modified_time":"2025-01-23T08:23:27+00:00","og_image":[{"width":572,"height":800,"url":"https:\/\/vog.com.tn\/wp-content\/uploads\/2024\/01\/blouson153212-noir-vog-2.png","type":"image\/png"}],"twitter_card":"summary_large_image","twitter_misc":{"Dur\u00e9e de lecture estim\u00e9e":"1 minute"},"schema":{"@context":"https:\/\/schema.org","@graph":[{"@type":"WebPage","@id":"https:\/\/vog.com.tn\/?product=blouson-court-similicuir-et-fourrure-femme-153212-vog","url":"https:\/\/vog.com.tn\/?product=blouson-court-similicuir-et-fourrure-femme-153212-vog","name":"Blouson Court-Similicuir Et Fourrure Femme-153212-VOG - Vog Tunisie","isPartOf":{"@id":"https:\/\/vog.com.tn\/#website"},"primaryImageOfPage":{"@id":"https:\/\/vog.com.tn\/?product=blouson-court-similicuir-et-fourrure-femme-153212-vog#primaryimage"},"image":{"@id":"https:\/\/vog.com.tn\/?product=blouson-court-similicuir-et-fourrure-femme-153212-vog#primaryimage"},"thumbnailUrl":"https:\/\/vog.com.tn\/wp-content\/uploads\/2024\/01\/blouson153212-noir-vog-2.png","datePublished":"2024-01-22T10:36:20+00:00","dateModified":"2025-01-23T08:23:27+00:00","breadcrumb":{"@id":"https:\/\/vog.com.tn\/?product=blouson-court-similicuir-et-fourrure-femme-153212-vog#breadcrumb"},"inLanguage":"fr-FR","potentialAction":[{"@type":"ReadAction","target":["https:\/\/vog.com.tn\/?product=blouson-court-similicuir-et-fourrure-femme-153212-vog"]}]},{"@type":"ImageObject","inLanguage":"fr-FR","@id":"https:\/\/vog.com.tn\/?product=blouson-court-similicuir-et-fourrure-femme-153212-vog#primaryimage","url":"https:\/\/vog.com.tn\/wp-content\/uploads\/2024\/01\/blouson153212-noir-vog-2.png","contentUrl":"https:\/\/vog.com.tn\/wp-content\/uploads\/2024\/01\/blouson153212-noir-vog-2.png","width":572,"height":800},{"@type":"BreadcrumbList","@id":"https:\/\/vog.com.tn\/?product=blouson-court-similicuir-et-fourrure-femme-153212-vog#breadcrumb","itemListElement":[{"@type":"ListItem","position":1,"name":"Home","item":"https:\/\/vog.com.tn\/"},{"@type":"ListItem","position":2,"name":"Produits","item":"https:\/\/vog.com.tn\/?page_id=8"},{"@type":"ListItem","position":3,"name":"Blouson Court-Similicuir Et Fourrure Femme-153212-VOG"}]},{"@type":"WebSite","@id":"https:\/\/vog.com.tn\/#website","url":"https:\/\/vog.com.tn\/","name":"Vog Tunisie","description":"Pr\u00eat-\u00e0-porter","potentialAction":[{"@type":"SearchAction","target":{"@type":"EntryPoint","urlTemplate":"https:\/\/vog.com.tn\/?s={search_term_string}"},"query-input":{"@type":"PropertyValueSpecification","valueRequired":true,"valueName":"search_term_string"}}],"inLanguage":"fr-FR"}]}},"_links":{"self":[{"href":"https:\/\/vog.com.tn\/index.php?rest_route=\/wp\/v2\/product\/70109","targetHints":{"allow":["GET"]}}],"collection":[{"href":"https:\/\/vog.com.tn\/index.php?rest_route=\/wp\/v2\/product"}],"about":[{"href":"https:\/\/vog.com.tn\/index.php?rest_route=\/wp\/v2\/types\/product"}],"wp:featuredmedia":[{"embeddable":true,"href":"https:\/\/vog.com.tn\/index.php?rest_route=\/wp\/v2\/media\/70124"}],"wp:attachment":[{"href":"https:\/\/vog.com.tn\/index.php?rest_route=%2Fwp%2Fv2%2Fmedia&parent=70109"}],"wp:term":[{"taxonomy":"product_brand","embeddable":true,"href":"https:\/\/vog.com.tn\/index.php?rest_route=%2Fwp%2Fv2%2Fproduct_brand&post=70109"},{"taxonomy":"product_cat","embeddable":true,"href":"https:\/\/vog.com.tn\/index.php?rest_route=%2Fwp%2Fv2%2Fproduct_cat&post=70109"},{"taxonomy":"product_tag","embeddable":true,"href":"https:\/\/vog.com.tn\/index.php?rest_route=%2Fwp%2Fv2%2Fproduct_tag&post=70109"}],"curies":[{"name":"wp","href":"https:\/\/api.w.org\/{rel}","templated":true}]}}