{"id":70132,"date":"2024-01-22T12:05:02","date_gmt":"2024-01-22T11:05:02","guid":{"rendered":"https:\/\/vog.com.tn\/?post_type=product&#038;p=70132"},"modified":"2025-01-18T15:42:30","modified_gmt":"2025-01-18T14:42:30","slug":"manteau-moutonne-154500-vog","status":"publish","type":"product","link":"https:\/\/vog.com.tn\/?product=manteau-moutonne-154500-vog","title":{"rendered":"Manteau moutonn\u00e9-154500-VOG"},"content":{"rendered":"<p>Vog met en vente en ligne Manteau long en Tunisie. Les manteaux sont des pi\u00e8ces phares pour l\u2019hiver. Notre s\u00e9lection de manteaux pour femmes offre tout ce dont vous avez besoin : des anoraks confortables aux manteaux de fourrure \u00e9l\u00e9gants. Vous trouverez \u00e9galement une vari\u00e9t\u00e9 de manteaux de fourrure, de parka, en cuir, cachemires \u2026<br \/>\nOn craque pour ces manteaux polyvalents qui rehaussent la simplicit\u00e9 d\u2019un jean et temp\u00e8rent l\u2019extr\u00eame f\u00e9minit\u00e9 d\u2019une robe. \u00c0 vous de jouer<\/p>\n","protected":false},"excerpt":{"rendered":"<p>Vente en lignes manteaux pour femme.<\/p>\n<ul>\n<li>Manteau moutonn\u00e9<\/li>\n<li>Se ferme \u00e0 l\u2019aide d\u2019un bouton, et une ceinture<\/li>\n<li>Manches longues<\/li>\n<li>Dot\u00e9 de deux poches<\/li>\n<li>Longueur V\u00eatement : 109 cm<\/li>\n<li>Composition : 95% polyester, 5% \u00e9lasthanne<\/li>\n<\/ul>\n","protected":false},"featured_media":70152,"template":"","meta":[],"product_brand":[],"product_cat":[48,137,360,71],"product_tag":[],"class_list":{"0":"post-70132","1":"product","2":"type-product","3":"status-publish","4":"has-post-thumbnail","6":"product_cat-manteaux-femme","7":"product_cat-mode-femme","8":"product_cat-nouvelle-collection","9":"product_cat-vetements-femme","10":"pa_couleurs-beige","11":"pa_couleurs-blanc","12":"pa_couleurs-kaki","13":"pa_couleurs-mauve","14":"pa_couleurs-noir","15":"pa_couleurs-rose","16":"pa_couleurs-taupe","17":"pa_taille-tu","20":"first","21":"outofstock","22":"taxable","23":"shipping-taxable","24":"product-type-variable"},"yoast_head":"<!-- This site is optimized with the Yoast SEO plugin v27.5 - https:\/\/yoast.com\/product\/yoast-seo-wordpress\/ -->\n<title>Manteau moutonn\u00e9-154500-VOG - Vog Tunisie<\/title>\n<meta name=\"robots\" content=\"index, follow, max-snippet:-1, max-image-preview:large, max-video-preview:-1\" \/>\n<link rel=\"canonical\" href=\"https:\/\/vog.com.tn\/?product=manteau-moutonne-154500-vog\" \/>\n<meta property=\"og:locale\" content=\"fr_FR\" \/>\n<meta property=\"og:type\" content=\"article\" \/>\n<meta property=\"og:title\" content=\"Manteau moutonn\u00e9-154500-VOG - Vog Tunisie\" \/>\n<meta property=\"og:description\" content=\"Vente en lignes manteaux pour femme.   Manteau moutonn\u00e9  Se ferme \u00e0 l\u2019aide d\u2019un bouton, et une ceinture  Manches longues  Dot\u00e9 de deux poches  Longueur V\u00eatement : 109 cm  Composition : 95% polyester, 5% \u00e9lasthanne\" \/>\n<meta property=\"og:url\" content=\"https:\/\/vog.com.tn\/?product=manteau-moutonne-154500-vog\" \/>\n<meta property=\"og:site_name\" content=\"Vog Tunisie\" \/>\n<meta property=\"article:modified_time\" content=\"2025-01-18T14:42:30+00:00\" \/>\n<meta property=\"og:image\" content=\"https:\/\/vog.com.tn\/wp-content\/uploads\/2024\/01\/manteaux-154500-mauve-vog-1.png\" \/>\n\t<meta property=\"og:image:width\" content=\"572\" \/>\n\t<meta property=\"og:image:height\" content=\"800\" \/>\n\t<meta property=\"og:image:type\" content=\"image\/png\" \/>\n<meta name=\"twitter:card\" content=\"summary_large_image\" \/>\n<meta name=\"twitter:label1\" content=\"Dur\u00e9e de lecture estim\u00e9e\" \/>\n\t<meta name=\"twitter:data1\" content=\"1 minute\" \/>\n<script type=\"application\/ld+json\" class=\"yoast-schema-graph\">{\"@context\":\"https:\\\/\\\/schema.org\",\"@graph\":[{\"@type\":\"WebPage\",\"@id\":\"https:\\\/\\\/vog.com.tn\\\/?product=manteau-moutonne-154500-vog\",\"url\":\"https:\\\/\\\/vog.com.tn\\\/?product=manteau-moutonne-154500-vog\",\"name\":\"Manteau moutonn\u00e9-154500-VOG - Vog Tunisie\",\"isPartOf\":{\"@id\":\"https:\\\/\\\/vog.com.tn\\\/#website\"},\"primaryImageOfPage\":{\"@id\":\"https:\\\/\\\/vog.com.tn\\\/?product=manteau-moutonne-154500-vog#primaryimage\"},\"image\":{\"@id\":\"https:\\\/\\\/vog.com.tn\\\/?product=manteau-moutonne-154500-vog#primaryimage\"},\"thumbnailUrl\":\"https:\\\/\\\/vog.com.tn\\\/wp-content\\\/uploads\\\/2024\\\/01\\\/manteaux-154500-mauve-vog-1.png\",\"datePublished\":\"2024-01-22T11:05:02+00:00\",\"dateModified\":\"2025-01-18T14:42:30+00:00\",\"breadcrumb\":{\"@id\":\"https:\\\/\\\/vog.com.tn\\\/?product=manteau-moutonne-154500-vog#breadcrumb\"},\"inLanguage\":\"fr-FR\",\"potentialAction\":[{\"@type\":\"ReadAction\",\"target\":[\"https:\\\/\\\/vog.com.tn\\\/?product=manteau-moutonne-154500-vog\"]}]},{\"@type\":\"ImageObject\",\"inLanguage\":\"fr-FR\",\"@id\":\"https:\\\/\\\/vog.com.tn\\\/?product=manteau-moutonne-154500-vog#primaryimage\",\"url\":\"https:\\\/\\\/vog.com.tn\\\/wp-content\\\/uploads\\\/2024\\\/01\\\/manteaux-154500-mauve-vog-1.png\",\"contentUrl\":\"https:\\\/\\\/vog.com.tn\\\/wp-content\\\/uploads\\\/2024\\\/01\\\/manteaux-154500-mauve-vog-1.png\",\"width\":572,\"height\":800},{\"@type\":\"BreadcrumbList\",\"@id\":\"https:\\\/\\\/vog.com.tn\\\/?product=manteau-moutonne-154500-vog#breadcrumb\",\"itemListElement\":[{\"@type\":\"ListItem\",\"position\":1,\"name\":\"Home\",\"item\":\"https:\\\/\\\/vog.com.tn\\\/\"},{\"@type\":\"ListItem\",\"position\":2,\"name\":\"Produits\",\"item\":\"https:\\\/\\\/vog.com.tn\\\/?page_id=8\"},{\"@type\":\"ListItem\",\"position\":3,\"name\":\"Manteau moutonn\u00e9-154500-VOG\"}]},{\"@type\":\"WebSite\",\"@id\":\"https:\\\/\\\/vog.com.tn\\\/#website\",\"url\":\"https:\\\/\\\/vog.com.tn\\\/\",\"name\":\"Vog Tunisie\",\"description\":\"Pr\u00eat-\u00e0-porter\",\"potentialAction\":[{\"@type\":\"SearchAction\",\"target\":{\"@type\":\"EntryPoint\",\"urlTemplate\":\"https:\\\/\\\/vog.com.tn\\\/?s={search_term_string}\"},\"query-input\":{\"@type\":\"PropertyValueSpecification\",\"valueRequired\":true,\"valueName\":\"search_term_string\"}}],\"inLanguage\":\"fr-FR\"}]}<\/script>\n<!-- \/ Yoast SEO plugin. -->","yoast_head_json":{"title":"Manteau moutonn\u00e9-154500-VOG - Vog Tunisie","robots":{"index":"index","follow":"follow","max-snippet":"max-snippet:-1","max-image-preview":"max-image-preview:large","max-video-preview":"max-video-preview:-1"},"canonical":"https:\/\/vog.com.tn\/?product=manteau-moutonne-154500-vog","og_locale":"fr_FR","og_type":"article","og_title":"Manteau moutonn\u00e9-154500-VOG - Vog Tunisie","og_description":"Vente en lignes manteaux pour femme.   Manteau moutonn\u00e9  Se ferme \u00e0 l\u2019aide d\u2019un bouton, et une ceinture  Manches longues  Dot\u00e9 de deux poches  Longueur V\u00eatement : 109 cm  Composition : 95% polyester, 5% \u00e9lasthanne","og_url":"https:\/\/vog.com.tn\/?product=manteau-moutonne-154500-vog","og_site_name":"Vog Tunisie","article_modified_time":"2025-01-18T14:42:30+00:00","og_image":[{"width":572,"height":800,"url":"https:\/\/vog.com.tn\/wp-content\/uploads\/2024\/01\/manteaux-154500-mauve-vog-1.png","type":"image\/png"}],"twitter_card":"summary_large_image","twitter_misc":{"Dur\u00e9e de lecture estim\u00e9e":"1 minute"},"schema":{"@context":"https:\/\/schema.org","@graph":[{"@type":"WebPage","@id":"https:\/\/vog.com.tn\/?product=manteau-moutonne-154500-vog","url":"https:\/\/vog.com.tn\/?product=manteau-moutonne-154500-vog","name":"Manteau moutonn\u00e9-154500-VOG - Vog Tunisie","isPartOf":{"@id":"https:\/\/vog.com.tn\/#website"},"primaryImageOfPage":{"@id":"https:\/\/vog.com.tn\/?product=manteau-moutonne-154500-vog#primaryimage"},"image":{"@id":"https:\/\/vog.com.tn\/?product=manteau-moutonne-154500-vog#primaryimage"},"thumbnailUrl":"https:\/\/vog.com.tn\/wp-content\/uploads\/2024\/01\/manteaux-154500-mauve-vog-1.png","datePublished":"2024-01-22T11:05:02+00:00","dateModified":"2025-01-18T14:42:30+00:00","breadcrumb":{"@id":"https:\/\/vog.com.tn\/?product=manteau-moutonne-154500-vog#breadcrumb"},"inLanguage":"fr-FR","potentialAction":[{"@type":"ReadAction","target":["https:\/\/vog.com.tn\/?product=manteau-moutonne-154500-vog"]}]},{"@type":"ImageObject","inLanguage":"fr-FR","@id":"https:\/\/vog.com.tn\/?product=manteau-moutonne-154500-vog#primaryimage","url":"https:\/\/vog.com.tn\/wp-content\/uploads\/2024\/01\/manteaux-154500-mauve-vog-1.png","contentUrl":"https:\/\/vog.com.tn\/wp-content\/uploads\/2024\/01\/manteaux-154500-mauve-vog-1.png","width":572,"height":800},{"@type":"BreadcrumbList","@id":"https:\/\/vog.com.tn\/?product=manteau-moutonne-154500-vog#breadcrumb","itemListElement":[{"@type":"ListItem","position":1,"name":"Home","item":"https:\/\/vog.com.tn\/"},{"@type":"ListItem","position":2,"name":"Produits","item":"https:\/\/vog.com.tn\/?page_id=8"},{"@type":"ListItem","position":3,"name":"Manteau moutonn\u00e9-154500-VOG"}]},{"@type":"WebSite","@id":"https:\/\/vog.com.tn\/#website","url":"https:\/\/vog.com.tn\/","name":"Vog Tunisie","description":"Pr\u00eat-\u00e0-porter","potentialAction":[{"@type":"SearchAction","target":{"@type":"EntryPoint","urlTemplate":"https:\/\/vog.com.tn\/?s={search_term_string}"},"query-input":{"@type":"PropertyValueSpecification","valueRequired":true,"valueName":"search_term_string"}}],"inLanguage":"fr-FR"}]}},"_links":{"self":[{"href":"https:\/\/vog.com.tn\/index.php?rest_route=\/wp\/v2\/product\/70132","targetHints":{"allow":["GET"]}}],"collection":[{"href":"https:\/\/vog.com.tn\/index.php?rest_route=\/wp\/v2\/product"}],"about":[{"href":"https:\/\/vog.com.tn\/index.php?rest_route=\/wp\/v2\/types\/product"}],"wp:featuredmedia":[{"embeddable":true,"href":"https:\/\/vog.com.tn\/index.php?rest_route=\/wp\/v2\/media\/70152"}],"wp:attachment":[{"href":"https:\/\/vog.com.tn\/index.php?rest_route=%2Fwp%2Fv2%2Fmedia&parent=70132"}],"wp:term":[{"taxonomy":"product_brand","embeddable":true,"href":"https:\/\/vog.com.tn\/index.php?rest_route=%2Fwp%2Fv2%2Fproduct_brand&post=70132"},{"taxonomy":"product_cat","embeddable":true,"href":"https:\/\/vog.com.tn\/index.php?rest_route=%2Fwp%2Fv2%2Fproduct_cat&post=70132"},{"taxonomy":"product_tag","embeddable":true,"href":"https:\/\/vog.com.tn\/index.php?rest_route=%2Fwp%2Fv2%2Fproduct_tag&post=70132"}],"curies":[{"name":"wp","href":"https:\/\/api.w.org\/{rel}","templated":true}]}}