{"id":70208,"date":"2024-01-22T12:52:11","date_gmt":"2024-01-22T11:52:11","guid":{"rendered":"https:\/\/vog.com.tn\/?post_type=product&#038;p=70208"},"modified":"2025-01-20T09:39:39","modified_gmt":"2025-01-20T08:39:39","slug":"manteaux-154503-vog","status":"publish","type":"product","link":"https:\/\/vog.com.tn\/?product=manteaux-154503-vog","title":{"rendered":"Manteaux -154503-VOG"},"content":{"rendered":"<p>Vog met en vente en ligne Manteaux\u00a0 en Tunisie. Les manteaux sont des pi\u00e8ces phares pour l\u2019hiver. Notre s\u00e9lection de manteaux pour femmes offre tout ce dont vous avez besoin : des anoraks confortables aux manteaux de fourrure \u00e9l\u00e9gants. Vous trouverez \u00e9galement une vari\u00e9t\u00e9 de manteaux de fourrure, de parka, en cuir, cachemires \u2026<\/p>\n","protected":false},"excerpt":{"rendered":"<p>Vente en ligne manteaux pour femme.<\/p>\n<ul>\n<li>Manteau l\u00e9g\u00e8re \u00e0 d\u00e9tails brod\u00e9s sur les bords et les 2 poches<\/li>\n<li>Se ferme \u00e0 l&rsquo;aide de 3 boutons \u00e0 l&rsquo;avant<\/li>\n<li>Manches longues<\/li>\n<li>Dot\u00e9 de deux poches<\/li>\n<li>Longueur V\u00eatement : 67 cm<\/li>\n<li>Composition : 100% polyester<\/li>\n<\/ul>\n","protected":false},"featured_media":70220,"template":"","meta":[],"product_brand":[],"product_cat":[48,137,360,71],"product_tag":[],"class_list":{"0":"post-70208","1":"product","2":"type-product","3":"status-publish","4":"has-post-thumbnail","6":"product_cat-manteaux-femme","7":"product_cat-mode-femme","8":"product_cat-nouvelle-collection","9":"product_cat-vetements-femme","10":"pa_couleurs-beige","11":"pa_couleurs-choco","12":"pa_couleurs-militaire","13":"pa_couleurs-noir","14":"pa_couleurs-taupe","15":"pa_taille-tu","18":"first","19":"outofstock","20":"taxable","21":"shipping-taxable","22":"product-type-variable"},"yoast_head":"<!-- This site is optimized with the Yoast SEO plugin v27.5 - https:\/\/yoast.com\/product\/yoast-seo-wordpress\/ -->\n<title>Manteaux -154503-VOG - Vog Tunisie<\/title>\n<meta name=\"robots\" content=\"index, follow, max-snippet:-1, max-image-preview:large, max-video-preview:-1\" \/>\n<link rel=\"canonical\" href=\"https:\/\/vog.com.tn\/?product=manteaux-154503-vog\" \/>\n<meta property=\"og:locale\" content=\"fr_FR\" \/>\n<meta property=\"og:type\" content=\"article\" \/>\n<meta property=\"og:title\" content=\"Manteaux -154503-VOG - Vog Tunisie\" \/>\n<meta property=\"og:description\" content=\"Vente en ligne manteaux pour femme.   Manteau l\u00e9g\u00e8re \u00e0 d\u00e9tails brod\u00e9s sur les bords et les 2 poches  Se ferme \u00e0 l&#039;aide de 3 boutons \u00e0 l&#039;avant  Manches longues  Dot\u00e9 de deux poches  Longueur V\u00eatement : 67 cm  Composition : 100% polyester\" \/>\n<meta property=\"og:url\" content=\"https:\/\/vog.com.tn\/?product=manteaux-154503-vog\" \/>\n<meta property=\"og:site_name\" content=\"Vog Tunisie\" \/>\n<meta property=\"article:modified_time\" content=\"2025-01-20T08:39:39+00:00\" \/>\n<meta property=\"og:image\" content=\"https:\/\/vog.com.tn\/wp-content\/uploads\/2024\/01\/manteaux-154503-militaire-vog-2.png\" \/>\n\t<meta property=\"og:image:width\" content=\"572\" \/>\n\t<meta property=\"og:image:height\" content=\"800\" \/>\n\t<meta property=\"og:image:type\" content=\"image\/png\" \/>\n<meta name=\"twitter:card\" content=\"summary_large_image\" \/>\n<meta name=\"twitter:label1\" content=\"Dur\u00e9e de lecture estim\u00e9e\" \/>\n\t<meta name=\"twitter:data1\" content=\"1 minute\" \/>\n<script type=\"application\/ld+json\" class=\"yoast-schema-graph\">{\"@context\":\"https:\\\/\\\/schema.org\",\"@graph\":[{\"@type\":\"WebPage\",\"@id\":\"https:\\\/\\\/vog.com.tn\\\/?product=manteaux-154503-vog\",\"url\":\"https:\\\/\\\/vog.com.tn\\\/?product=manteaux-154503-vog\",\"name\":\"Manteaux -154503-VOG - Vog Tunisie\",\"isPartOf\":{\"@id\":\"https:\\\/\\\/vog.com.tn\\\/#website\"},\"primaryImageOfPage\":{\"@id\":\"https:\\\/\\\/vog.com.tn\\\/?product=manteaux-154503-vog#primaryimage\"},\"image\":{\"@id\":\"https:\\\/\\\/vog.com.tn\\\/?product=manteaux-154503-vog#primaryimage\"},\"thumbnailUrl\":\"https:\\\/\\\/vog.com.tn\\\/wp-content\\\/uploads\\\/2024\\\/01\\\/manteaux-154503-militaire-vog-2.png\",\"datePublished\":\"2024-01-22T11:52:11+00:00\",\"dateModified\":\"2025-01-20T08:39:39+00:00\",\"breadcrumb\":{\"@id\":\"https:\\\/\\\/vog.com.tn\\\/?product=manteaux-154503-vog#breadcrumb\"},\"inLanguage\":\"fr-FR\",\"potentialAction\":[{\"@type\":\"ReadAction\",\"target\":[\"https:\\\/\\\/vog.com.tn\\\/?product=manteaux-154503-vog\"]}]},{\"@type\":\"ImageObject\",\"inLanguage\":\"fr-FR\",\"@id\":\"https:\\\/\\\/vog.com.tn\\\/?product=manteaux-154503-vog#primaryimage\",\"url\":\"https:\\\/\\\/vog.com.tn\\\/wp-content\\\/uploads\\\/2024\\\/01\\\/manteaux-154503-militaire-vog-2.png\",\"contentUrl\":\"https:\\\/\\\/vog.com.tn\\\/wp-content\\\/uploads\\\/2024\\\/01\\\/manteaux-154503-militaire-vog-2.png\",\"width\":572,\"height\":800},{\"@type\":\"BreadcrumbList\",\"@id\":\"https:\\\/\\\/vog.com.tn\\\/?product=manteaux-154503-vog#breadcrumb\",\"itemListElement\":[{\"@type\":\"ListItem\",\"position\":1,\"name\":\"Home\",\"item\":\"https:\\\/\\\/vog.com.tn\\\/\"},{\"@type\":\"ListItem\",\"position\":2,\"name\":\"Produits\",\"item\":\"https:\\\/\\\/vog.com.tn\\\/?page_id=8\"},{\"@type\":\"ListItem\",\"position\":3,\"name\":\"Manteaux -154503-VOG\"}]},{\"@type\":\"WebSite\",\"@id\":\"https:\\\/\\\/vog.com.tn\\\/#website\",\"url\":\"https:\\\/\\\/vog.com.tn\\\/\",\"name\":\"Vog Tunisie\",\"description\":\"Pr\u00eat-\u00e0-porter\",\"potentialAction\":[{\"@type\":\"SearchAction\",\"target\":{\"@type\":\"EntryPoint\",\"urlTemplate\":\"https:\\\/\\\/vog.com.tn\\\/?s={search_term_string}\"},\"query-input\":{\"@type\":\"PropertyValueSpecification\",\"valueRequired\":true,\"valueName\":\"search_term_string\"}}],\"inLanguage\":\"fr-FR\"}]}<\/script>\n<!-- \/ Yoast SEO plugin. -->","yoast_head_json":{"title":"Manteaux -154503-VOG - Vog Tunisie","robots":{"index":"index","follow":"follow","max-snippet":"max-snippet:-1","max-image-preview":"max-image-preview:large","max-video-preview":"max-video-preview:-1"},"canonical":"https:\/\/vog.com.tn\/?product=manteaux-154503-vog","og_locale":"fr_FR","og_type":"article","og_title":"Manteaux -154503-VOG - Vog Tunisie","og_description":"Vente en ligne manteaux pour femme.   Manteau l\u00e9g\u00e8re \u00e0 d\u00e9tails brod\u00e9s sur les bords et les 2 poches  Se ferme \u00e0 l'aide de 3 boutons \u00e0 l'avant  Manches longues  Dot\u00e9 de deux poches  Longueur V\u00eatement : 67 cm  Composition : 100% polyester","og_url":"https:\/\/vog.com.tn\/?product=manteaux-154503-vog","og_site_name":"Vog Tunisie","article_modified_time":"2025-01-20T08:39:39+00:00","og_image":[{"width":572,"height":800,"url":"https:\/\/vog.com.tn\/wp-content\/uploads\/2024\/01\/manteaux-154503-militaire-vog-2.png","type":"image\/png"}],"twitter_card":"summary_large_image","twitter_misc":{"Dur\u00e9e de lecture estim\u00e9e":"1 minute"},"schema":{"@context":"https:\/\/schema.org","@graph":[{"@type":"WebPage","@id":"https:\/\/vog.com.tn\/?product=manteaux-154503-vog","url":"https:\/\/vog.com.tn\/?product=manteaux-154503-vog","name":"Manteaux -154503-VOG - Vog Tunisie","isPartOf":{"@id":"https:\/\/vog.com.tn\/#website"},"primaryImageOfPage":{"@id":"https:\/\/vog.com.tn\/?product=manteaux-154503-vog#primaryimage"},"image":{"@id":"https:\/\/vog.com.tn\/?product=manteaux-154503-vog#primaryimage"},"thumbnailUrl":"https:\/\/vog.com.tn\/wp-content\/uploads\/2024\/01\/manteaux-154503-militaire-vog-2.png","datePublished":"2024-01-22T11:52:11+00:00","dateModified":"2025-01-20T08:39:39+00:00","breadcrumb":{"@id":"https:\/\/vog.com.tn\/?product=manteaux-154503-vog#breadcrumb"},"inLanguage":"fr-FR","potentialAction":[{"@type":"ReadAction","target":["https:\/\/vog.com.tn\/?product=manteaux-154503-vog"]}]},{"@type":"ImageObject","inLanguage":"fr-FR","@id":"https:\/\/vog.com.tn\/?product=manteaux-154503-vog#primaryimage","url":"https:\/\/vog.com.tn\/wp-content\/uploads\/2024\/01\/manteaux-154503-militaire-vog-2.png","contentUrl":"https:\/\/vog.com.tn\/wp-content\/uploads\/2024\/01\/manteaux-154503-militaire-vog-2.png","width":572,"height":800},{"@type":"BreadcrumbList","@id":"https:\/\/vog.com.tn\/?product=manteaux-154503-vog#breadcrumb","itemListElement":[{"@type":"ListItem","position":1,"name":"Home","item":"https:\/\/vog.com.tn\/"},{"@type":"ListItem","position":2,"name":"Produits","item":"https:\/\/vog.com.tn\/?page_id=8"},{"@type":"ListItem","position":3,"name":"Manteaux -154503-VOG"}]},{"@type":"WebSite","@id":"https:\/\/vog.com.tn\/#website","url":"https:\/\/vog.com.tn\/","name":"Vog Tunisie","description":"Pr\u00eat-\u00e0-porter","potentialAction":[{"@type":"SearchAction","target":{"@type":"EntryPoint","urlTemplate":"https:\/\/vog.com.tn\/?s={search_term_string}"},"query-input":{"@type":"PropertyValueSpecification","valueRequired":true,"valueName":"search_term_string"}}],"inLanguage":"fr-FR"}]}},"_links":{"self":[{"href":"https:\/\/vog.com.tn\/index.php?rest_route=\/wp\/v2\/product\/70208","targetHints":{"allow":["GET"]}}],"collection":[{"href":"https:\/\/vog.com.tn\/index.php?rest_route=\/wp\/v2\/product"}],"about":[{"href":"https:\/\/vog.com.tn\/index.php?rest_route=\/wp\/v2\/types\/product"}],"wp:featuredmedia":[{"embeddable":true,"href":"https:\/\/vog.com.tn\/index.php?rest_route=\/wp\/v2\/media\/70220"}],"wp:attachment":[{"href":"https:\/\/vog.com.tn\/index.php?rest_route=%2Fwp%2Fv2%2Fmedia&parent=70208"}],"wp:term":[{"taxonomy":"product_brand","embeddable":true,"href":"https:\/\/vog.com.tn\/index.php?rest_route=%2Fwp%2Fv2%2Fproduct_brand&post=70208"},{"taxonomy":"product_cat","embeddable":true,"href":"https:\/\/vog.com.tn\/index.php?rest_route=%2Fwp%2Fv2%2Fproduct_cat&post=70208"},{"taxonomy":"product_tag","embeddable":true,"href":"https:\/\/vog.com.tn\/index.php?rest_route=%2Fwp%2Fv2%2Fproduct_tag&post=70208"}],"curies":[{"name":"wp","href":"https:\/\/api.w.org\/{rel}","templated":true}]}}