{"id":70337,"date":"2024-01-26T15:49:51","date_gmt":"2024-01-26T14:49:51","guid":{"rendered":"https:\/\/vog.com.tn\/?post_type=product&#038;p=70337"},"modified":"2026-02-14T16:19:37","modified_gmt":"2026-02-14T15:19:37","slug":"blazer-femme-145513-vog","status":"publish","type":"product","link":"https:\/\/vog.com.tn\/?product=blazer-femme-145513-vog","title":{"rendered":"Blazer Femme-145513-VOG"},"content":{"rendered":"<p>Vog met en vente en ligne Blazer pour femme en Tunisie. Indispensable \u00e0 toute garde-robe, les vestes sont ind\u00e9modables. Elles rehaussent les tenues unies et sont particuli\u00e8rement adapt\u00e9es en mi-saison. Pendant les fra\u00eeches journ\u00e9es printani\u00e8res ou les douces journ\u00e9es d\u2019automne, la veste offre un peu de chaleur<\/p>\n","protected":false},"excerpt":{"rendered":"<p>Vente en ligne veste blazer pour femme.<\/p>\n<ul>\n<li>Veste blazer style officier.<\/li>\n<li>Se ferme \u00e0 l\u2019aide d\u2019un bouton.<\/li>\n<li>Dot\u00e9e de 2 poches d\u00e9coratives \u00e0 revers<\/li>\n<li>Se ferme \u00e0 l\u2019aide de deux boutons<\/li>\n<li>Doublure int\u00e9rieure satin\u00e9e et d&rsquo;\u00e9paulettes.<\/li>\n<li>Manches longues<\/li>\n<li>Longueur : environ 72 cm.<\/li>\n<li>Composition : 100% polyester<\/li>\n<li>Couleur : choco, Noir<\/li>\n<\/ul>\n","protected":false},"featured_media":70347,"template":"","meta":[],"product_brand":[],"product_cat":[272,137,360,71],"product_tag":[],"class_list":{"0":"post-70337","1":"product","2":"type-product","3":"status-publish","4":"has-post-thumbnail","6":"product_cat-blazer","7":"product_cat-mode-femme","8":"product_cat-nouvelle-collection","9":"product_cat-vetements-femme","10":"pa_couleurs-choco","11":"pa_couleurs-noir","12":"pa_taille-large","13":"pa_taille-moyenne","14":"pa_taille-small","17":"first","18":"instock","19":"taxable","20":"shipping-taxable","21":"purchasable","22":"product-type-variable"},"yoast_head":"<!-- This site is optimized with the Yoast SEO plugin v27.5 - https:\/\/yoast.com\/product\/yoast-seo-wordpress\/ -->\n<title>Blazer Femme-145513-VOG - Vog Tunisie<\/title>\n<meta name=\"robots\" content=\"index, follow, max-snippet:-1, max-image-preview:large, max-video-preview:-1\" \/>\n<link rel=\"canonical\" href=\"https:\/\/vog.com.tn\/?product=blazer-femme-145513-vog\" \/>\n<meta property=\"og:locale\" content=\"fr_FR\" \/>\n<meta property=\"og:type\" content=\"article\" \/>\n<meta property=\"og:title\" content=\"Blazer Femme-145513-VOG - Vog Tunisie\" \/>\n<meta property=\"og:description\" content=\"Vente en ligne veste blazer pour femme.   Veste blazer style officier.  Se ferme \u00e0 l\u2019aide d\u2019un bouton.  Dot\u00e9e de 2 poches d\u00e9coratives \u00e0 revers  Se ferme \u00e0 l\u2019aide de deux boutons  Doublure int\u00e9rieure satin\u00e9e et d&#039;\u00e9paulettes.  Manches longues  Longueur : environ 72 cm.  Composition : 100% polyester  Couleur : choco, Noir\" \/>\n<meta property=\"og:url\" content=\"https:\/\/vog.com.tn\/?product=blazer-femme-145513-vog\" \/>\n<meta property=\"og:site_name\" content=\"Vog Tunisie\" \/>\n<meta property=\"article:modified_time\" content=\"2026-02-14T15:19:37+00:00\" \/>\n<meta property=\"og:image\" content=\"https:\/\/vog.com.tn\/wp-content\/uploads\/2024\/01\/blazer-145513-choco-vog-3.png\" \/>\n\t<meta property=\"og:image:width\" content=\"572\" \/>\n\t<meta property=\"og:image:height\" content=\"800\" \/>\n\t<meta property=\"og:image:type\" content=\"image\/png\" \/>\n<meta name=\"twitter:card\" content=\"summary_large_image\" \/>\n<meta name=\"twitter:label1\" content=\"Dur\u00e9e de lecture estim\u00e9e\" \/>\n\t<meta name=\"twitter:data1\" content=\"1 minute\" \/>\n<script type=\"application\/ld+json\" class=\"yoast-schema-graph\">{\"@context\":\"https:\\\/\\\/schema.org\",\"@graph\":[{\"@type\":\"WebPage\",\"@id\":\"https:\\\/\\\/vog.com.tn\\\/?product=blazer-femme-145513-vog\",\"url\":\"https:\\\/\\\/vog.com.tn\\\/?product=blazer-femme-145513-vog\",\"name\":\"Blazer Femme-145513-VOG - Vog Tunisie\",\"isPartOf\":{\"@id\":\"https:\\\/\\\/vog.com.tn\\\/#website\"},\"primaryImageOfPage\":{\"@id\":\"https:\\\/\\\/vog.com.tn\\\/?product=blazer-femme-145513-vog#primaryimage\"},\"image\":{\"@id\":\"https:\\\/\\\/vog.com.tn\\\/?product=blazer-femme-145513-vog#primaryimage\"},\"thumbnailUrl\":\"https:\\\/\\\/vog.com.tn\\\/wp-content\\\/uploads\\\/2024\\\/01\\\/blazer-145513-choco-vog-3.png\",\"datePublished\":\"2024-01-26T14:49:51+00:00\",\"dateModified\":\"2026-02-14T15:19:37+00:00\",\"breadcrumb\":{\"@id\":\"https:\\\/\\\/vog.com.tn\\\/?product=blazer-femme-145513-vog#breadcrumb\"},\"inLanguage\":\"fr-FR\",\"potentialAction\":[{\"@type\":\"ReadAction\",\"target\":[\"https:\\\/\\\/vog.com.tn\\\/?product=blazer-femme-145513-vog\"]}]},{\"@type\":\"ImageObject\",\"inLanguage\":\"fr-FR\",\"@id\":\"https:\\\/\\\/vog.com.tn\\\/?product=blazer-femme-145513-vog#primaryimage\",\"url\":\"https:\\\/\\\/vog.com.tn\\\/wp-content\\\/uploads\\\/2024\\\/01\\\/blazer-145513-choco-vog-3.png\",\"contentUrl\":\"https:\\\/\\\/vog.com.tn\\\/wp-content\\\/uploads\\\/2024\\\/01\\\/blazer-145513-choco-vog-3.png\",\"width\":572,\"height\":800},{\"@type\":\"BreadcrumbList\",\"@id\":\"https:\\\/\\\/vog.com.tn\\\/?product=blazer-femme-145513-vog#breadcrumb\",\"itemListElement\":[{\"@type\":\"ListItem\",\"position\":1,\"name\":\"Home\",\"item\":\"https:\\\/\\\/vog.com.tn\\\/\"},{\"@type\":\"ListItem\",\"position\":2,\"name\":\"Produits\",\"item\":\"https:\\\/\\\/vog.com.tn\\\/?page_id=8\"},{\"@type\":\"ListItem\",\"position\":3,\"name\":\"Blazer Femme-145513-VOG\"}]},{\"@type\":\"WebSite\",\"@id\":\"https:\\\/\\\/vog.com.tn\\\/#website\",\"url\":\"https:\\\/\\\/vog.com.tn\\\/\",\"name\":\"Vog Tunisie\",\"description\":\"Pr\u00eat-\u00e0-porter\",\"potentialAction\":[{\"@type\":\"SearchAction\",\"target\":{\"@type\":\"EntryPoint\",\"urlTemplate\":\"https:\\\/\\\/vog.com.tn\\\/?s={search_term_string}\"},\"query-input\":{\"@type\":\"PropertyValueSpecification\",\"valueRequired\":true,\"valueName\":\"search_term_string\"}}],\"inLanguage\":\"fr-FR\"}]}<\/script>\n<!-- \/ Yoast SEO plugin. -->","yoast_head_json":{"title":"Blazer Femme-145513-VOG - Vog Tunisie","robots":{"index":"index","follow":"follow","max-snippet":"max-snippet:-1","max-image-preview":"max-image-preview:large","max-video-preview":"max-video-preview:-1"},"canonical":"https:\/\/vog.com.tn\/?product=blazer-femme-145513-vog","og_locale":"fr_FR","og_type":"article","og_title":"Blazer Femme-145513-VOG - Vog Tunisie","og_description":"Vente en ligne veste blazer pour femme.   Veste blazer style officier.  Se ferme \u00e0 l\u2019aide d\u2019un bouton.  Dot\u00e9e de 2 poches d\u00e9coratives \u00e0 revers  Se ferme \u00e0 l\u2019aide de deux boutons  Doublure int\u00e9rieure satin\u00e9e et d'\u00e9paulettes.  Manches longues  Longueur : environ 72 cm.  Composition : 100% polyester  Couleur : choco, Noir","og_url":"https:\/\/vog.com.tn\/?product=blazer-femme-145513-vog","og_site_name":"Vog Tunisie","article_modified_time":"2026-02-14T15:19:37+00:00","og_image":[{"width":572,"height":800,"url":"https:\/\/vog.com.tn\/wp-content\/uploads\/2024\/01\/blazer-145513-choco-vog-3.png","type":"image\/png"}],"twitter_card":"summary_large_image","twitter_misc":{"Dur\u00e9e de lecture estim\u00e9e":"1 minute"},"schema":{"@context":"https:\/\/schema.org","@graph":[{"@type":"WebPage","@id":"https:\/\/vog.com.tn\/?product=blazer-femme-145513-vog","url":"https:\/\/vog.com.tn\/?product=blazer-femme-145513-vog","name":"Blazer Femme-145513-VOG - Vog Tunisie","isPartOf":{"@id":"https:\/\/vog.com.tn\/#website"},"primaryImageOfPage":{"@id":"https:\/\/vog.com.tn\/?product=blazer-femme-145513-vog#primaryimage"},"image":{"@id":"https:\/\/vog.com.tn\/?product=blazer-femme-145513-vog#primaryimage"},"thumbnailUrl":"https:\/\/vog.com.tn\/wp-content\/uploads\/2024\/01\/blazer-145513-choco-vog-3.png","datePublished":"2024-01-26T14:49:51+00:00","dateModified":"2026-02-14T15:19:37+00:00","breadcrumb":{"@id":"https:\/\/vog.com.tn\/?product=blazer-femme-145513-vog#breadcrumb"},"inLanguage":"fr-FR","potentialAction":[{"@type":"ReadAction","target":["https:\/\/vog.com.tn\/?product=blazer-femme-145513-vog"]}]},{"@type":"ImageObject","inLanguage":"fr-FR","@id":"https:\/\/vog.com.tn\/?product=blazer-femme-145513-vog#primaryimage","url":"https:\/\/vog.com.tn\/wp-content\/uploads\/2024\/01\/blazer-145513-choco-vog-3.png","contentUrl":"https:\/\/vog.com.tn\/wp-content\/uploads\/2024\/01\/blazer-145513-choco-vog-3.png","width":572,"height":800},{"@type":"BreadcrumbList","@id":"https:\/\/vog.com.tn\/?product=blazer-femme-145513-vog#breadcrumb","itemListElement":[{"@type":"ListItem","position":1,"name":"Home","item":"https:\/\/vog.com.tn\/"},{"@type":"ListItem","position":2,"name":"Produits","item":"https:\/\/vog.com.tn\/?page_id=8"},{"@type":"ListItem","position":3,"name":"Blazer Femme-145513-VOG"}]},{"@type":"WebSite","@id":"https:\/\/vog.com.tn\/#website","url":"https:\/\/vog.com.tn\/","name":"Vog Tunisie","description":"Pr\u00eat-\u00e0-porter","potentialAction":[{"@type":"SearchAction","target":{"@type":"EntryPoint","urlTemplate":"https:\/\/vog.com.tn\/?s={search_term_string}"},"query-input":{"@type":"PropertyValueSpecification","valueRequired":true,"valueName":"search_term_string"}}],"inLanguage":"fr-FR"}]}},"_links":{"self":[{"href":"https:\/\/vog.com.tn\/index.php?rest_route=\/wp\/v2\/product\/70337","targetHints":{"allow":["GET"]}}],"collection":[{"href":"https:\/\/vog.com.tn\/index.php?rest_route=\/wp\/v2\/product"}],"about":[{"href":"https:\/\/vog.com.tn\/index.php?rest_route=\/wp\/v2\/types\/product"}],"wp:featuredmedia":[{"embeddable":true,"href":"https:\/\/vog.com.tn\/index.php?rest_route=\/wp\/v2\/media\/70347"}],"wp:attachment":[{"href":"https:\/\/vog.com.tn\/index.php?rest_route=%2Fwp%2Fv2%2Fmedia&parent=70337"}],"wp:term":[{"taxonomy":"product_brand","embeddable":true,"href":"https:\/\/vog.com.tn\/index.php?rest_route=%2Fwp%2Fv2%2Fproduct_brand&post=70337"},{"taxonomy":"product_cat","embeddable":true,"href":"https:\/\/vog.com.tn\/index.php?rest_route=%2Fwp%2Fv2%2Fproduct_cat&post=70337"},{"taxonomy":"product_tag","embeddable":true,"href":"https:\/\/vog.com.tn\/index.php?rest_route=%2Fwp%2Fv2%2Fproduct_tag&post=70337"}],"curies":[{"name":"wp","href":"https:\/\/api.w.org\/{rel}","templated":true}]}}