{"id":70455,"date":"2024-01-27T11:10:52","date_gmt":"2024-01-27T10:10:52","guid":{"rendered":"https:\/\/vog.com.tn\/?post_type=product&#038;p=70455"},"modified":"2024-04-01T11:42:53","modified_gmt":"2024-04-01T09:42:53","slug":"chemisier-151556-vog","status":"publish","type":"product","link":"https:\/\/vog.com.tn\/?product=chemisier-151556-vog","title":{"rendered":"Chemisier-151556-VOG"},"content":{"rendered":"<p>V\u00e9ritable pi\u00e8ce ma\u00eetresse dans votre garde-robe, le chemisier pour femme est un v\u00eatement f\u00e9minin par excellence. C\u2019est un parfait alli\u00e9 soit pour vos journ\u00e9es de travail ou vos escapades. Laissez-vous tenter par notre chemise avec sa coupe fluide et sa composition l\u00e9g\u00e8re. Rien de mieux pour passer une journ\u00e9e au travail ou pour sortir, vous pouvez l\u2019associer avec des baskets et une paire de jeans ou avec une jupe droite et des escarpins pour un look plus professionnel.<\/p>\n","protected":false},"excerpt":{"rendered":"<p>Vente en ligne Chemisier pour femme.<\/p>\n<ul>\n<li>Chemise fluide<\/li>\n<li>Patte de boutonnage devant et bouton aux poignets.<\/li>\n<li>Manches longues<\/li>\n<li>Mod\u00e8le l\u00e9g\u00e8rement asym\u00e9trique<\/li>\n<li>Longueur V\u00eatement : 56 cm<\/li>\n<li>Composition : 95% polyester et 5% \u00e9lasthanne.<\/li>\n<li>Couleur : Beige<\/li>\n<\/ul>\n","protected":false},"featured_media":70460,"template":"","meta":[],"product_brand":[],"product_cat":[137,360,71],"product_tag":[],"class_list":{"0":"post-70455","1":"product","2":"type-product","3":"status-publish","4":"has-post-thumbnail","6":"product_cat-mode-femme","7":"product_cat-nouvelle-collection","8":"product_cat-vetements-femme","9":"pa_couleurs-marine-30","10":"pa_taille-moyenne","11":"pa_taille-small","12":"pa_taille-xl","15":"first","16":"instock","17":"taxable","18":"shipping-taxable","19":"purchasable","20":"product-type-variable"},"yoast_head":"<!-- This site is optimized with the Yoast SEO plugin v27.5 - https:\/\/yoast.com\/product\/yoast-seo-wordpress\/ -->\n<title>Chemisier-151556-VOG - Vog Tunisie<\/title>\n<meta name=\"robots\" content=\"index, follow, max-snippet:-1, max-image-preview:large, max-video-preview:-1\" \/>\n<link rel=\"canonical\" href=\"https:\/\/vog.com.tn\/?product=chemisier-151556-vog\" \/>\n<meta property=\"og:locale\" content=\"fr_FR\" \/>\n<meta property=\"og:type\" content=\"article\" \/>\n<meta property=\"og:title\" content=\"Chemisier-151556-VOG - Vog Tunisie\" \/>\n<meta property=\"og:description\" content=\"Vente en ligne Chemisier pour femme.   Chemise fluide  Patte de boutonnage devant et bouton aux poignets.  Manches longues  Mod\u00e8le l\u00e9g\u00e8rement asym\u00e9trique  Longueur V\u00eatement : 56 cm  Composition : 95% polyester et 5% \u00e9lasthanne.  Couleur : Beige\" \/>\n<meta property=\"og:url\" content=\"https:\/\/vog.com.tn\/?product=chemisier-151556-vog\" \/>\n<meta property=\"og:site_name\" content=\"Vog Tunisie\" \/>\n<meta property=\"article:modified_time\" content=\"2024-04-01T09:42:53+00:00\" \/>\n<meta property=\"og:image\" content=\"https:\/\/vog.com.tn\/wp-content\/uploads\/2024\/01\/chemise-151556-marine-b-30-1.png\" \/>\n\t<meta property=\"og:image:width\" content=\"572\" \/>\n\t<meta property=\"og:image:height\" content=\"800\" \/>\n\t<meta property=\"og:image:type\" content=\"image\/png\" \/>\n<meta name=\"twitter:card\" content=\"summary_large_image\" \/>\n<meta name=\"twitter:label1\" content=\"Dur\u00e9e de lecture estim\u00e9e\" \/>\n\t<meta name=\"twitter:data1\" content=\"1 minute\" \/>\n<script type=\"application\/ld+json\" class=\"yoast-schema-graph\">{\"@context\":\"https:\\\/\\\/schema.org\",\"@graph\":[{\"@type\":\"WebPage\",\"@id\":\"https:\\\/\\\/vog.com.tn\\\/?product=chemisier-151556-vog\",\"url\":\"https:\\\/\\\/vog.com.tn\\\/?product=chemisier-151556-vog\",\"name\":\"Chemisier-151556-VOG - Vog Tunisie\",\"isPartOf\":{\"@id\":\"https:\\\/\\\/vog.com.tn\\\/#website\"},\"primaryImageOfPage\":{\"@id\":\"https:\\\/\\\/vog.com.tn\\\/?product=chemisier-151556-vog#primaryimage\"},\"image\":{\"@id\":\"https:\\\/\\\/vog.com.tn\\\/?product=chemisier-151556-vog#primaryimage\"},\"thumbnailUrl\":\"https:\\\/\\\/vog.com.tn\\\/wp-content\\\/uploads\\\/2024\\\/01\\\/chemise-151556-marine-b-30-1.png\",\"datePublished\":\"2024-01-27T10:10:52+00:00\",\"dateModified\":\"2024-04-01T09:42:53+00:00\",\"breadcrumb\":{\"@id\":\"https:\\\/\\\/vog.com.tn\\\/?product=chemisier-151556-vog#breadcrumb\"},\"inLanguage\":\"fr-FR\",\"potentialAction\":[{\"@type\":\"ReadAction\",\"target\":[\"https:\\\/\\\/vog.com.tn\\\/?product=chemisier-151556-vog\"]}]},{\"@type\":\"ImageObject\",\"inLanguage\":\"fr-FR\",\"@id\":\"https:\\\/\\\/vog.com.tn\\\/?product=chemisier-151556-vog#primaryimage\",\"url\":\"https:\\\/\\\/vog.com.tn\\\/wp-content\\\/uploads\\\/2024\\\/01\\\/chemise-151556-marine-b-30-1.png\",\"contentUrl\":\"https:\\\/\\\/vog.com.tn\\\/wp-content\\\/uploads\\\/2024\\\/01\\\/chemise-151556-marine-b-30-1.png\",\"width\":572,\"height\":800},{\"@type\":\"BreadcrumbList\",\"@id\":\"https:\\\/\\\/vog.com.tn\\\/?product=chemisier-151556-vog#breadcrumb\",\"itemListElement\":[{\"@type\":\"ListItem\",\"position\":1,\"name\":\"Home\",\"item\":\"https:\\\/\\\/vog.com.tn\\\/\"},{\"@type\":\"ListItem\",\"position\":2,\"name\":\"Produits\",\"item\":\"https:\\\/\\\/vog.com.tn\\\/?page_id=8\"},{\"@type\":\"ListItem\",\"position\":3,\"name\":\"Chemisier-151556-VOG\"}]},{\"@type\":\"WebSite\",\"@id\":\"https:\\\/\\\/vog.com.tn\\\/#website\",\"url\":\"https:\\\/\\\/vog.com.tn\\\/\",\"name\":\"Vog Tunisie\",\"description\":\"Pr\u00eat-\u00e0-porter\",\"potentialAction\":[{\"@type\":\"SearchAction\",\"target\":{\"@type\":\"EntryPoint\",\"urlTemplate\":\"https:\\\/\\\/vog.com.tn\\\/?s={search_term_string}\"},\"query-input\":{\"@type\":\"PropertyValueSpecification\",\"valueRequired\":true,\"valueName\":\"search_term_string\"}}],\"inLanguage\":\"fr-FR\"}]}<\/script>\n<!-- \/ Yoast SEO plugin. -->","yoast_head_json":{"title":"Chemisier-151556-VOG - Vog Tunisie","robots":{"index":"index","follow":"follow","max-snippet":"max-snippet:-1","max-image-preview":"max-image-preview:large","max-video-preview":"max-video-preview:-1"},"canonical":"https:\/\/vog.com.tn\/?product=chemisier-151556-vog","og_locale":"fr_FR","og_type":"article","og_title":"Chemisier-151556-VOG - Vog Tunisie","og_description":"Vente en ligne Chemisier pour femme.   Chemise fluide  Patte de boutonnage devant et bouton aux poignets.  Manches longues  Mod\u00e8le l\u00e9g\u00e8rement asym\u00e9trique  Longueur V\u00eatement : 56 cm  Composition : 95% polyester et 5% \u00e9lasthanne.  Couleur : Beige","og_url":"https:\/\/vog.com.tn\/?product=chemisier-151556-vog","og_site_name":"Vog Tunisie","article_modified_time":"2024-04-01T09:42:53+00:00","og_image":[{"width":572,"height":800,"url":"https:\/\/vog.com.tn\/wp-content\/uploads\/2024\/01\/chemise-151556-marine-b-30-1.png","type":"image\/png"}],"twitter_card":"summary_large_image","twitter_misc":{"Dur\u00e9e de lecture estim\u00e9e":"1 minute"},"schema":{"@context":"https:\/\/schema.org","@graph":[{"@type":"WebPage","@id":"https:\/\/vog.com.tn\/?product=chemisier-151556-vog","url":"https:\/\/vog.com.tn\/?product=chemisier-151556-vog","name":"Chemisier-151556-VOG - Vog Tunisie","isPartOf":{"@id":"https:\/\/vog.com.tn\/#website"},"primaryImageOfPage":{"@id":"https:\/\/vog.com.tn\/?product=chemisier-151556-vog#primaryimage"},"image":{"@id":"https:\/\/vog.com.tn\/?product=chemisier-151556-vog#primaryimage"},"thumbnailUrl":"https:\/\/vog.com.tn\/wp-content\/uploads\/2024\/01\/chemise-151556-marine-b-30-1.png","datePublished":"2024-01-27T10:10:52+00:00","dateModified":"2024-04-01T09:42:53+00:00","breadcrumb":{"@id":"https:\/\/vog.com.tn\/?product=chemisier-151556-vog#breadcrumb"},"inLanguage":"fr-FR","potentialAction":[{"@type":"ReadAction","target":["https:\/\/vog.com.tn\/?product=chemisier-151556-vog"]}]},{"@type":"ImageObject","inLanguage":"fr-FR","@id":"https:\/\/vog.com.tn\/?product=chemisier-151556-vog#primaryimage","url":"https:\/\/vog.com.tn\/wp-content\/uploads\/2024\/01\/chemise-151556-marine-b-30-1.png","contentUrl":"https:\/\/vog.com.tn\/wp-content\/uploads\/2024\/01\/chemise-151556-marine-b-30-1.png","width":572,"height":800},{"@type":"BreadcrumbList","@id":"https:\/\/vog.com.tn\/?product=chemisier-151556-vog#breadcrumb","itemListElement":[{"@type":"ListItem","position":1,"name":"Home","item":"https:\/\/vog.com.tn\/"},{"@type":"ListItem","position":2,"name":"Produits","item":"https:\/\/vog.com.tn\/?page_id=8"},{"@type":"ListItem","position":3,"name":"Chemisier-151556-VOG"}]},{"@type":"WebSite","@id":"https:\/\/vog.com.tn\/#website","url":"https:\/\/vog.com.tn\/","name":"Vog Tunisie","description":"Pr\u00eat-\u00e0-porter","potentialAction":[{"@type":"SearchAction","target":{"@type":"EntryPoint","urlTemplate":"https:\/\/vog.com.tn\/?s={search_term_string}"},"query-input":{"@type":"PropertyValueSpecification","valueRequired":true,"valueName":"search_term_string"}}],"inLanguage":"fr-FR"}]}},"_links":{"self":[{"href":"https:\/\/vog.com.tn\/index.php?rest_route=\/wp\/v2\/product\/70455","targetHints":{"allow":["GET"]}}],"collection":[{"href":"https:\/\/vog.com.tn\/index.php?rest_route=\/wp\/v2\/product"}],"about":[{"href":"https:\/\/vog.com.tn\/index.php?rest_route=\/wp\/v2\/types\/product"}],"wp:featuredmedia":[{"embeddable":true,"href":"https:\/\/vog.com.tn\/index.php?rest_route=\/wp\/v2\/media\/70460"}],"wp:attachment":[{"href":"https:\/\/vog.com.tn\/index.php?rest_route=%2Fwp%2Fv2%2Fmedia&parent=70455"}],"wp:term":[{"taxonomy":"product_brand","embeddable":true,"href":"https:\/\/vog.com.tn\/index.php?rest_route=%2Fwp%2Fv2%2Fproduct_brand&post=70455"},{"taxonomy":"product_cat","embeddable":true,"href":"https:\/\/vog.com.tn\/index.php?rest_route=%2Fwp%2Fv2%2Fproduct_cat&post=70455"},{"taxonomy":"product_tag","embeddable":true,"href":"https:\/\/vog.com.tn\/index.php?rest_route=%2Fwp%2Fv2%2Fproduct_tag&post=70455"}],"curies":[{"name":"wp","href":"https:\/\/api.w.org\/{rel}","templated":true}]}}