{"id":73539,"date":"2024-06-27T16:59:02","date_gmt":"2024-06-27T14:59:02","guid":{"rendered":"https:\/\/vog.com.tn\/?post_type=product&#038;p=73539"},"modified":"2025-05-28T16:29:54","modified_gmt":"2025-05-28T14:29:54","slug":"maillot-de-bain-femme-43068-vog","status":"publish","type":"product","link":"https:\/\/vog.com.tn\/?product=maillot-de-bain-femme-43068-vog","title":{"rendered":"Maillot De Bain Femme \u2013 43068\u2013 VOG"},"content":{"rendered":"<p>Vog met en vente en ligne maillot de bain femme en Tunisie. Qui dit soleil, dit maillots de bain ! D\u00e9couvrez notre s\u00e9lection de bikinis, maillots de bain 2 pi\u00e8ce, trikinis, et tankinis pour des vacances bien m\u00e9rit\u00e9es. Le choix du maillot de bain se fera toujours en rapport avec la morphologie. Les couleurs claires et flashy seront id\u00e9ales pour mettre en avant votre bronzage. Cette ann\u00e9e il faut miser sur les maillots de bain aux motifs ethniques, aux couleurs flashy, avec des jeux de lani\u00e8res ou tout simplement dans un style r\u00e9tro chic. Et il ne faut surtout pas n\u00e9gliger le maillot de bain une pi\u00e8ce ou trikini cet \u00e9t\u00e9, car ils seront ind\u00e9niablement les stars de la plage. Plongez la t\u00eate la premi\u00e8re dans notre nouvelle collection qui sent bon l\u2019\u00e9t\u00e9, aux prix l\u00e9gers.<\/p>\n<div class=\"heateorSssClear\"><\/div>\n<div class=\"heateor_sss_sharing_container heateor_sss_horizontal_sharing\" data-heateor-sss-href=\"https:\/\/vog.com.tn\/?product=bikini-43132\"><\/div>\n<div class=\"heateorSssClear\"><\/div>\n<div class=\"heateor_sss_sharing_container heateor_sss_horizontal_sharing\" data-heateor-sss-href=\"https:\/\/vog.com.tn\/?product=maillot-de-bain-43044-2\"><\/div>\n<div class=\"heateorSssClear\"><\/div>\n<div class=\"heateor_sss_sharing_container heateor_sss_horizontal_sharing\" data-heateor-sss-href=\"https:\/\/vog.com.tn\/?product=maillot-de-bain-femme-43067-vog\"><\/div>\n","protected":false},"excerpt":{"rendered":"<p>Vente en ligne maillot de bain pour femme.<\/p>\n<ul>\n<li>Maillot de bain 1 pi\u00e8ce en tissu c\u00f4tel\u00e9<\/li>\n<li>Mod\u00e8le \u00e0 volants sur l&rsquo;\u00e9paule.<\/li>\n<li>Pr\u00e9sence de froufrous.<\/li>\n<li>Pr\u00e9sence d\u2019une boucle m\u00e9tallique dor\u00e9e.<\/li>\n<li>Dot\u00e9 de coussinets de maintien amovibles.<\/li>\n<li>Information : Le mannequin mesure 1m70 et porte une taille 38.<\/li>\n<li>Composition : 82% polyamide<\/li>\n<li>18% \u00e9lasthanne<\/li>\n<\/ul>\n","protected":false},"featured_media":73547,"template":"","meta":[],"product_brand":[],"product_cat":[254,66,137,360,71],"product_tag":[],"class_list":{"0":"post-73539","1":"product","2":"type-product","3":"status-publish","4":"has-post-thumbnail","6":"product_cat-maillot-de-bain-1-piece-tankini","7":"product_cat-maillot-de-bain-femme","8":"product_cat-mode-femme","9":"product_cat-nouvelle-collection","10":"product_cat-vetements-femme","11":"pa_couleurs-turquoise","12":"pa_taille-large","13":"pa_taille-moyenne","14":"pa_taille-small","15":"pa_taille-xl","18":"first","19":"outofstock","20":"taxable","21":"shipping-taxable","22":"product-type-variable"},"yoast_head":"<!-- This site is optimized with the Yoast SEO plugin v27.5 - https:\/\/yoast.com\/product\/yoast-seo-wordpress\/ -->\n<title>Maillot De Bain Femme \u2013 43068\u2013 VOG - Vog Tunisie<\/title>\n<meta name=\"robots\" content=\"index, follow, max-snippet:-1, max-image-preview:large, max-video-preview:-1\" \/>\n<link rel=\"canonical\" href=\"https:\/\/vog.com.tn\/?product=maillot-de-bain-femme-43068-vog\" \/>\n<meta property=\"og:locale\" content=\"fr_FR\" \/>\n<meta property=\"og:type\" content=\"article\" \/>\n<meta property=\"og:title\" content=\"Maillot De Bain Femme \u2013 43068\u2013 VOG - Vog Tunisie\" \/>\n<meta property=\"og:description\" content=\"Vente en ligne maillot de bain pour femme.   Maillot de bain 1 pi\u00e8ce en tissu c\u00f4tel\u00e9  Mod\u00e8le \u00e0 volants sur l&#039;\u00e9paule.  Pr\u00e9sence de froufrous.  Pr\u00e9sence d\u2019une boucle m\u00e9tallique dor\u00e9e.  Dot\u00e9 de coussinets de maintien amovibles.  Information : Le mannequin mesure 1m70 et porte une taille 38.  Composition : 82% polyamide  18% \u00e9lasthanne\" \/>\n<meta property=\"og:url\" content=\"https:\/\/vog.com.tn\/?product=maillot-de-bain-femme-43068-vog\" \/>\n<meta property=\"og:site_name\" content=\"Vog Tunisie\" \/>\n<meta property=\"article:modified_time\" content=\"2025-05-28T14:29:54+00:00\" \/>\n<meta property=\"og:image\" content=\"https:\/\/vog.com.tn\/wp-content\/uploads\/2024\/06\/43068-4-turqu-scaled.jpg\" \/>\n\t<meta property=\"og:image:width\" content=\"1707\" \/>\n\t<meta property=\"og:image:height\" content=\"2560\" \/>\n\t<meta property=\"og:image:type\" content=\"image\/jpeg\" \/>\n<meta name=\"twitter:card\" content=\"summary_large_image\" \/>\n<meta name=\"twitter:label1\" content=\"Dur\u00e9e de lecture estim\u00e9e\" \/>\n\t<meta name=\"twitter:data1\" content=\"1 minute\" \/>\n<script type=\"application\/ld+json\" class=\"yoast-schema-graph\">{\"@context\":\"https:\\\/\\\/schema.org\",\"@graph\":[{\"@type\":\"WebPage\",\"@id\":\"https:\\\/\\\/vog.com.tn\\\/?product=maillot-de-bain-femme-43068-vog\",\"url\":\"https:\\\/\\\/vog.com.tn\\\/?product=maillot-de-bain-femme-43068-vog\",\"name\":\"Maillot De Bain Femme \u2013 43068\u2013 VOG - Vog Tunisie\",\"isPartOf\":{\"@id\":\"https:\\\/\\\/vog.com.tn\\\/#website\"},\"primaryImageOfPage\":{\"@id\":\"https:\\\/\\\/vog.com.tn\\\/?product=maillot-de-bain-femme-43068-vog#primaryimage\"},\"image\":{\"@id\":\"https:\\\/\\\/vog.com.tn\\\/?product=maillot-de-bain-femme-43068-vog#primaryimage\"},\"thumbnailUrl\":\"https:\\\/\\\/vog.com.tn\\\/wp-content\\\/uploads\\\/2024\\\/06\\\/43068-4-turqu-scaled.jpg\",\"datePublished\":\"2024-06-27T14:59:02+00:00\",\"dateModified\":\"2025-05-28T14:29:54+00:00\",\"breadcrumb\":{\"@id\":\"https:\\\/\\\/vog.com.tn\\\/?product=maillot-de-bain-femme-43068-vog#breadcrumb\"},\"inLanguage\":\"fr-FR\",\"potentialAction\":[{\"@type\":\"ReadAction\",\"target\":[\"https:\\\/\\\/vog.com.tn\\\/?product=maillot-de-bain-femme-43068-vog\"]}]},{\"@type\":\"ImageObject\",\"inLanguage\":\"fr-FR\",\"@id\":\"https:\\\/\\\/vog.com.tn\\\/?product=maillot-de-bain-femme-43068-vog#primaryimage\",\"url\":\"https:\\\/\\\/vog.com.tn\\\/wp-content\\\/uploads\\\/2024\\\/06\\\/43068-4-turqu-scaled.jpg\",\"contentUrl\":\"https:\\\/\\\/vog.com.tn\\\/wp-content\\\/uploads\\\/2024\\\/06\\\/43068-4-turqu-scaled.jpg\",\"width\":1707,\"height\":2560},{\"@type\":\"BreadcrumbList\",\"@id\":\"https:\\\/\\\/vog.com.tn\\\/?product=maillot-de-bain-femme-43068-vog#breadcrumb\",\"itemListElement\":[{\"@type\":\"ListItem\",\"position\":1,\"name\":\"Home\",\"item\":\"https:\\\/\\\/vog.com.tn\\\/\"},{\"@type\":\"ListItem\",\"position\":2,\"name\":\"Produits\",\"item\":\"https:\\\/\\\/vog.com.tn\\\/?page_id=8\"},{\"@type\":\"ListItem\",\"position\":3,\"name\":\"Maillot De Bain Femme \u2013 43068\u2013 VOG\"}]},{\"@type\":\"WebSite\",\"@id\":\"https:\\\/\\\/vog.com.tn\\\/#website\",\"url\":\"https:\\\/\\\/vog.com.tn\\\/\",\"name\":\"Vog Tunisie\",\"description\":\"Pr\u00eat-\u00e0-porter\",\"potentialAction\":[{\"@type\":\"SearchAction\",\"target\":{\"@type\":\"EntryPoint\",\"urlTemplate\":\"https:\\\/\\\/vog.com.tn\\\/?s={search_term_string}\"},\"query-input\":{\"@type\":\"PropertyValueSpecification\",\"valueRequired\":true,\"valueName\":\"search_term_string\"}}],\"inLanguage\":\"fr-FR\"}]}<\/script>\n<!-- \/ Yoast SEO plugin. -->","yoast_head_json":{"title":"Maillot De Bain Femme \u2013 43068\u2013 VOG - Vog Tunisie","robots":{"index":"index","follow":"follow","max-snippet":"max-snippet:-1","max-image-preview":"max-image-preview:large","max-video-preview":"max-video-preview:-1"},"canonical":"https:\/\/vog.com.tn\/?product=maillot-de-bain-femme-43068-vog","og_locale":"fr_FR","og_type":"article","og_title":"Maillot De Bain Femme \u2013 43068\u2013 VOG - Vog Tunisie","og_description":"Vente en ligne maillot de bain pour femme.   Maillot de bain 1 pi\u00e8ce en tissu c\u00f4tel\u00e9  Mod\u00e8le \u00e0 volants sur l'\u00e9paule.  Pr\u00e9sence de froufrous.  Pr\u00e9sence d\u2019une boucle m\u00e9tallique dor\u00e9e.  Dot\u00e9 de coussinets de maintien amovibles.  Information : Le mannequin mesure 1m70 et porte une taille 38.  Composition : 82% polyamide  18% \u00e9lasthanne","og_url":"https:\/\/vog.com.tn\/?product=maillot-de-bain-femme-43068-vog","og_site_name":"Vog Tunisie","article_modified_time":"2025-05-28T14:29:54+00:00","og_image":[{"width":1707,"height":2560,"url":"https:\/\/vog.com.tn\/wp-content\/uploads\/2024\/06\/43068-4-turqu-scaled.jpg","type":"image\/jpeg"}],"twitter_card":"summary_large_image","twitter_misc":{"Dur\u00e9e de lecture estim\u00e9e":"1 minute"},"schema":{"@context":"https:\/\/schema.org","@graph":[{"@type":"WebPage","@id":"https:\/\/vog.com.tn\/?product=maillot-de-bain-femme-43068-vog","url":"https:\/\/vog.com.tn\/?product=maillot-de-bain-femme-43068-vog","name":"Maillot De Bain Femme \u2013 43068\u2013 VOG - Vog Tunisie","isPartOf":{"@id":"https:\/\/vog.com.tn\/#website"},"primaryImageOfPage":{"@id":"https:\/\/vog.com.tn\/?product=maillot-de-bain-femme-43068-vog#primaryimage"},"image":{"@id":"https:\/\/vog.com.tn\/?product=maillot-de-bain-femme-43068-vog#primaryimage"},"thumbnailUrl":"https:\/\/vog.com.tn\/wp-content\/uploads\/2024\/06\/43068-4-turqu-scaled.jpg","datePublished":"2024-06-27T14:59:02+00:00","dateModified":"2025-05-28T14:29:54+00:00","breadcrumb":{"@id":"https:\/\/vog.com.tn\/?product=maillot-de-bain-femme-43068-vog#breadcrumb"},"inLanguage":"fr-FR","potentialAction":[{"@type":"ReadAction","target":["https:\/\/vog.com.tn\/?product=maillot-de-bain-femme-43068-vog"]}]},{"@type":"ImageObject","inLanguage":"fr-FR","@id":"https:\/\/vog.com.tn\/?product=maillot-de-bain-femme-43068-vog#primaryimage","url":"https:\/\/vog.com.tn\/wp-content\/uploads\/2024\/06\/43068-4-turqu-scaled.jpg","contentUrl":"https:\/\/vog.com.tn\/wp-content\/uploads\/2024\/06\/43068-4-turqu-scaled.jpg","width":1707,"height":2560},{"@type":"BreadcrumbList","@id":"https:\/\/vog.com.tn\/?product=maillot-de-bain-femme-43068-vog#breadcrumb","itemListElement":[{"@type":"ListItem","position":1,"name":"Home","item":"https:\/\/vog.com.tn\/"},{"@type":"ListItem","position":2,"name":"Produits","item":"https:\/\/vog.com.tn\/?page_id=8"},{"@type":"ListItem","position":3,"name":"Maillot De Bain Femme \u2013 43068\u2013 VOG"}]},{"@type":"WebSite","@id":"https:\/\/vog.com.tn\/#website","url":"https:\/\/vog.com.tn\/","name":"Vog Tunisie","description":"Pr\u00eat-\u00e0-porter","potentialAction":[{"@type":"SearchAction","target":{"@type":"EntryPoint","urlTemplate":"https:\/\/vog.com.tn\/?s={search_term_string}"},"query-input":{"@type":"PropertyValueSpecification","valueRequired":true,"valueName":"search_term_string"}}],"inLanguage":"fr-FR"}]}},"_links":{"self":[{"href":"https:\/\/vog.com.tn\/index.php?rest_route=\/wp\/v2\/product\/73539","targetHints":{"allow":["GET"]}}],"collection":[{"href":"https:\/\/vog.com.tn\/index.php?rest_route=\/wp\/v2\/product"}],"about":[{"href":"https:\/\/vog.com.tn\/index.php?rest_route=\/wp\/v2\/types\/product"}],"wp:featuredmedia":[{"embeddable":true,"href":"https:\/\/vog.com.tn\/index.php?rest_route=\/wp\/v2\/media\/73547"}],"wp:attachment":[{"href":"https:\/\/vog.com.tn\/index.php?rest_route=%2Fwp%2Fv2%2Fmedia&parent=73539"}],"wp:term":[{"taxonomy":"product_brand","embeddable":true,"href":"https:\/\/vog.com.tn\/index.php?rest_route=%2Fwp%2Fv2%2Fproduct_brand&post=73539"},{"taxonomy":"product_cat","embeddable":true,"href":"https:\/\/vog.com.tn\/index.php?rest_route=%2Fwp%2Fv2%2Fproduct_cat&post=73539"},{"taxonomy":"product_tag","embeddable":true,"href":"https:\/\/vog.com.tn\/index.php?rest_route=%2Fwp%2Fv2%2Fproduct_tag&post=73539"}],"curies":[{"name":"wp","href":"https:\/\/api.w.org\/{rel}","templated":true}]}}