{"id":74505,"date":"2024-07-06T12:03:45","date_gmt":"2024-07-06T10:03:45","guid":{"rendered":"https:\/\/vog.com.tn\/?post_type=product&#038;p=74505"},"modified":"2025-07-18T10:38:29","modified_gmt":"2025-07-18T08:38:29","slug":"ensemble-femme-158431-vog","status":"publish","type":"product","link":"https:\/\/vog.com.tn\/?product=ensemble-femme-158431-vog","title":{"rendered":"Ensemble Femme \u2013 158431 \u2013 VOG"},"content":{"rendered":"<p>VOG met en vente en ligne Ensemble femme en Tunisie. Des ensembles pour femme chics et tendances pour accueillir la nouvelle saison d\u2019\u00e9t\u00e9 ! Notre s\u00e9lection comprend des ensembles \u00e9l\u00e9gants et versatiles que vous pourrez porter au bureau, mais aussi le week-end. Choisissez des pi\u00e8ces over size et pimentez votre look avec plusieurs couleurs.<\/p>\n<div class=\"heateorSssClear\"><\/div>\n<div class=\"heateor_sss_sharing_container heateor_sss_horizontal_sharing\" data-heateor-sss-href=\"https:\/\/vog.com.tn\/?product=ensemble-femme-140443\"><\/div>\n<div class=\"heateorSssClear\"><\/div>\n<div class=\"heateor_sss_sharing_container heateor_sss_horizontal_sharing\" data-heateor-sss-href=\"https:\/\/vog.com.tn\/?product=ensemble-femme-158433-vog\"><\/div>\n","protected":false},"excerpt":{"rendered":"<p>Vente en ligne ensemble pour femme.<\/p>\n<ul>\n<li>Ensemble ray\u00e9 deux pi\u00e8ces, Pantalon et chemise<\/li>\n<li>Chemise se ferme \u00e0 l\u2019aide des boutons<\/li>\n<li>Manches longues<\/li>\n<li>Un pantalon large dot\u00e9 une ceinture<\/li>\n<li>Pr\u00e9sence de deux poches et ceinture<\/li>\n<li>Composition\u00a0:\u00a096% polyester, 4% \u00e9lasthanne<\/li>\n<\/ul>\n","protected":false},"featured_media":74510,"template":"","meta":[],"product_brand":[],"product_cat":[239,137,360,71],"product_tag":[],"class_list":{"0":"post-74505","1":"product","2":"type-product","3":"status-publish","4":"has-post-thumbnail","6":"product_cat-ensembles","7":"product_cat-mode-femme","8":"product_cat-nouvelle-collection","9":"product_cat-vetements-femme","10":"pa_couleurs-gris","11":"pa_taille-m-l","12":"pa_taille-s-m","15":"first","16":"outofstock","17":"taxable","18":"shipping-taxable","19":"product-type-variable"},"yoast_head":"<!-- This site is optimized with the Yoast SEO plugin v27.5 - https:\/\/yoast.com\/product\/yoast-seo-wordpress\/ -->\n<title>Ensemble Femme \u2013 158431 \u2013 VOG - Vog Tunisie<\/title>\n<meta name=\"robots\" content=\"index, follow, max-snippet:-1, max-image-preview:large, max-video-preview:-1\" \/>\n<link rel=\"canonical\" href=\"https:\/\/vog.com.tn\/?product=ensemble-femme-158431-vog\" \/>\n<meta property=\"og:locale\" content=\"fr_FR\" \/>\n<meta property=\"og:type\" content=\"article\" \/>\n<meta property=\"og:title\" content=\"Ensemble Femme \u2013 158431 \u2013 VOG - Vog Tunisie\" \/>\n<meta property=\"og:description\" content=\"Vente en ligne ensemble pour femme.   Ensemble ray\u00e9 deux pi\u00e8ces, Pantalon et chemise  Chemise se ferme \u00e0 l\u2019aide des boutons  Manches longues  Un pantalon large dot\u00e9 une ceinture  Pr\u00e9sence de deux poches et ceinture  Composition\u00a0:\u00a096% polyester, 4% \u00e9lasthanne\" \/>\n<meta property=\"og:url\" content=\"https:\/\/vog.com.tn\/?product=ensemble-femme-158431-vog\" \/>\n<meta property=\"og:site_name\" content=\"Vog Tunisie\" \/>\n<meta property=\"article:modified_time\" content=\"2025-07-18T08:38:29+00:00\" \/>\n<meta property=\"og:image\" content=\"https:\/\/vog.com.tn\/wp-content\/uploads\/2024\/07\/158431-2-724x1024.png\" \/>\n\t<meta property=\"og:image:width\" content=\"724\" \/>\n\t<meta property=\"og:image:height\" content=\"1024\" \/>\n\t<meta property=\"og:image:type\" content=\"image\/png\" \/>\n<meta name=\"twitter:card\" content=\"summary_large_image\" \/>\n<meta name=\"twitter:label1\" content=\"Dur\u00e9e de lecture estim\u00e9e\" \/>\n\t<meta name=\"twitter:data1\" content=\"1 minute\" \/>\n<script type=\"application\/ld+json\" class=\"yoast-schema-graph\">{\"@context\":\"https:\\\/\\\/schema.org\",\"@graph\":[{\"@type\":\"WebPage\",\"@id\":\"https:\\\/\\\/vog.com.tn\\\/?product=ensemble-femme-158431-vog\",\"url\":\"https:\\\/\\\/vog.com.tn\\\/?product=ensemble-femme-158431-vog\",\"name\":\"Ensemble Femme \u2013 158431 \u2013 VOG - Vog Tunisie\",\"isPartOf\":{\"@id\":\"https:\\\/\\\/vog.com.tn\\\/#website\"},\"primaryImageOfPage\":{\"@id\":\"https:\\\/\\\/vog.com.tn\\\/?product=ensemble-femme-158431-vog#primaryimage\"},\"image\":{\"@id\":\"https:\\\/\\\/vog.com.tn\\\/?product=ensemble-femme-158431-vog#primaryimage\"},\"thumbnailUrl\":\"https:\\\/\\\/vog.com.tn\\\/wp-content\\\/uploads\\\/2024\\\/07\\\/158431-2.png\",\"datePublished\":\"2024-07-06T10:03:45+00:00\",\"dateModified\":\"2025-07-18T08:38:29+00:00\",\"breadcrumb\":{\"@id\":\"https:\\\/\\\/vog.com.tn\\\/?product=ensemble-femme-158431-vog#breadcrumb\"},\"inLanguage\":\"fr-FR\",\"potentialAction\":[{\"@type\":\"ReadAction\",\"target\":[\"https:\\\/\\\/vog.com.tn\\\/?product=ensemble-femme-158431-vog\"]}]},{\"@type\":\"ImageObject\",\"inLanguage\":\"fr-FR\",\"@id\":\"https:\\\/\\\/vog.com.tn\\\/?product=ensemble-femme-158431-vog#primaryimage\",\"url\":\"https:\\\/\\\/vog.com.tn\\\/wp-content\\\/uploads\\\/2024\\\/07\\\/158431-2.png\",\"contentUrl\":\"https:\\\/\\\/vog.com.tn\\\/wp-content\\\/uploads\\\/2024\\\/07\\\/158431-2.png\",\"width\":1587,\"height\":2245},{\"@type\":\"BreadcrumbList\",\"@id\":\"https:\\\/\\\/vog.com.tn\\\/?product=ensemble-femme-158431-vog#breadcrumb\",\"itemListElement\":[{\"@type\":\"ListItem\",\"position\":1,\"name\":\"Home\",\"item\":\"https:\\\/\\\/vog.com.tn\\\/\"},{\"@type\":\"ListItem\",\"position\":2,\"name\":\"Produits\",\"item\":\"https:\\\/\\\/vog.com.tn\\\/?page_id=8\"},{\"@type\":\"ListItem\",\"position\":3,\"name\":\"Ensemble Femme \u2013 158431 \u2013 VOG\"}]},{\"@type\":\"WebSite\",\"@id\":\"https:\\\/\\\/vog.com.tn\\\/#website\",\"url\":\"https:\\\/\\\/vog.com.tn\\\/\",\"name\":\"Vog Tunisie\",\"description\":\"Pr\u00eat-\u00e0-porter\",\"potentialAction\":[{\"@type\":\"SearchAction\",\"target\":{\"@type\":\"EntryPoint\",\"urlTemplate\":\"https:\\\/\\\/vog.com.tn\\\/?s={search_term_string}\"},\"query-input\":{\"@type\":\"PropertyValueSpecification\",\"valueRequired\":true,\"valueName\":\"search_term_string\"}}],\"inLanguage\":\"fr-FR\"}]}<\/script>\n<!-- \/ Yoast SEO plugin. -->","yoast_head_json":{"title":"Ensemble Femme \u2013 158431 \u2013 VOG - Vog Tunisie","robots":{"index":"index","follow":"follow","max-snippet":"max-snippet:-1","max-image-preview":"max-image-preview:large","max-video-preview":"max-video-preview:-1"},"canonical":"https:\/\/vog.com.tn\/?product=ensemble-femme-158431-vog","og_locale":"fr_FR","og_type":"article","og_title":"Ensemble Femme \u2013 158431 \u2013 VOG - Vog Tunisie","og_description":"Vente en ligne ensemble pour femme.   Ensemble ray\u00e9 deux pi\u00e8ces, Pantalon et chemise  Chemise se ferme \u00e0 l\u2019aide des boutons  Manches longues  Un pantalon large dot\u00e9 une ceinture  Pr\u00e9sence de deux poches et ceinture  Composition\u00a0:\u00a096% polyester, 4% \u00e9lasthanne","og_url":"https:\/\/vog.com.tn\/?product=ensemble-femme-158431-vog","og_site_name":"Vog Tunisie","article_modified_time":"2025-07-18T08:38:29+00:00","og_image":[{"width":724,"height":1024,"url":"https:\/\/vog.com.tn\/wp-content\/uploads\/2024\/07\/158431-2-724x1024.png","type":"image\/png"}],"twitter_card":"summary_large_image","twitter_misc":{"Dur\u00e9e de lecture estim\u00e9e":"1 minute"},"schema":{"@context":"https:\/\/schema.org","@graph":[{"@type":"WebPage","@id":"https:\/\/vog.com.tn\/?product=ensemble-femme-158431-vog","url":"https:\/\/vog.com.tn\/?product=ensemble-femme-158431-vog","name":"Ensemble Femme \u2013 158431 \u2013 VOG - Vog Tunisie","isPartOf":{"@id":"https:\/\/vog.com.tn\/#website"},"primaryImageOfPage":{"@id":"https:\/\/vog.com.tn\/?product=ensemble-femme-158431-vog#primaryimage"},"image":{"@id":"https:\/\/vog.com.tn\/?product=ensemble-femme-158431-vog#primaryimage"},"thumbnailUrl":"https:\/\/vog.com.tn\/wp-content\/uploads\/2024\/07\/158431-2.png","datePublished":"2024-07-06T10:03:45+00:00","dateModified":"2025-07-18T08:38:29+00:00","breadcrumb":{"@id":"https:\/\/vog.com.tn\/?product=ensemble-femme-158431-vog#breadcrumb"},"inLanguage":"fr-FR","potentialAction":[{"@type":"ReadAction","target":["https:\/\/vog.com.tn\/?product=ensemble-femme-158431-vog"]}]},{"@type":"ImageObject","inLanguage":"fr-FR","@id":"https:\/\/vog.com.tn\/?product=ensemble-femme-158431-vog#primaryimage","url":"https:\/\/vog.com.tn\/wp-content\/uploads\/2024\/07\/158431-2.png","contentUrl":"https:\/\/vog.com.tn\/wp-content\/uploads\/2024\/07\/158431-2.png","width":1587,"height":2245},{"@type":"BreadcrumbList","@id":"https:\/\/vog.com.tn\/?product=ensemble-femme-158431-vog#breadcrumb","itemListElement":[{"@type":"ListItem","position":1,"name":"Home","item":"https:\/\/vog.com.tn\/"},{"@type":"ListItem","position":2,"name":"Produits","item":"https:\/\/vog.com.tn\/?page_id=8"},{"@type":"ListItem","position":3,"name":"Ensemble Femme \u2013 158431 \u2013 VOG"}]},{"@type":"WebSite","@id":"https:\/\/vog.com.tn\/#website","url":"https:\/\/vog.com.tn\/","name":"Vog Tunisie","description":"Pr\u00eat-\u00e0-porter","potentialAction":[{"@type":"SearchAction","target":{"@type":"EntryPoint","urlTemplate":"https:\/\/vog.com.tn\/?s={search_term_string}"},"query-input":{"@type":"PropertyValueSpecification","valueRequired":true,"valueName":"search_term_string"}}],"inLanguage":"fr-FR"}]}},"_links":{"self":[{"href":"https:\/\/vog.com.tn\/index.php?rest_route=\/wp\/v2\/product\/74505","targetHints":{"allow":["GET"]}}],"collection":[{"href":"https:\/\/vog.com.tn\/index.php?rest_route=\/wp\/v2\/product"}],"about":[{"href":"https:\/\/vog.com.tn\/index.php?rest_route=\/wp\/v2\/types\/product"}],"wp:featuredmedia":[{"embeddable":true,"href":"https:\/\/vog.com.tn\/index.php?rest_route=\/wp\/v2\/media\/74510"}],"wp:attachment":[{"href":"https:\/\/vog.com.tn\/index.php?rest_route=%2Fwp%2Fv2%2Fmedia&parent=74505"}],"wp:term":[{"taxonomy":"product_brand","embeddable":true,"href":"https:\/\/vog.com.tn\/index.php?rest_route=%2Fwp%2Fv2%2Fproduct_brand&post=74505"},{"taxonomy":"product_cat","embeddable":true,"href":"https:\/\/vog.com.tn\/index.php?rest_route=%2Fwp%2Fv2%2Fproduct_cat&post=74505"},{"taxonomy":"product_tag","embeddable":true,"href":"https:\/\/vog.com.tn\/index.php?rest_route=%2Fwp%2Fv2%2Fproduct_tag&post=74505"}],"curies":[{"name":"wp","href":"https:\/\/api.w.org\/{rel}","templated":true}]}}