{"id":74775,"date":"2024-07-11T11:57:02","date_gmt":"2024-07-11T09:57:02","guid":{"rendered":"https:\/\/vog.com.tn\/?post_type=product&#038;p=74775"},"modified":"2026-05-06T12:11:39","modified_gmt":"2026-05-06T10:11:39","slug":"pantalon-158153-vog","status":"publish","type":"product","link":"https:\/\/vog.com.tn\/?product=pantalon-158153-vog","title":{"rendered":"Pantalon \u2013 158153\u2013 VOG"},"content":{"rendered":"<p>VOG met en vente en ligne Pantalon \u2013 en Tunisie. un mom fit taille haute, pour un confort quotidien. \u00c7a coupe droite convient \u00e0 toutes les morphologies, Il est dot\u00e9 d\u2019une coupe droite. Large aux hanches, il souligne la taille de celle qui le porte. Il s\u2019adapte \u00e0 tous les styles, on vous conseille de le porter avec un t-shirt ou une chemise l\u00e9g\u00e8rement rentr\u00e9e dedans.<\/p>\n<div class=\"heateorSssClear\"><\/div>\n<div class=\"heateor_sss_sharing_container heateor_sss_horizontal_sharing\" data-heateor-sss-href=\"https:\/\/vog.com.tn\/?product=pantalon-jeans-137508-vog\"><\/div>\n<div class=\"heateorSssClear\"><\/div>\n<div class=\"heateor_sss_sharing_container heateor_sss_horizontal_sharing\" data-heateor-sss-href=\"https:\/\/vog.com.tn\/?product=pantalon-jeans-137541-vog\"><\/div>\n<div class=\"heateorSssClear\"><\/div>\n<div class=\"heateor_sss_sharing_container heateor_sss_horizontal_sharing\" data-heateor-sss-href=\"https:\/\/vog.com.tn\/?product=pantalon-jeans-blaetch-150104-vog\"><\/div>\n<div class=\"heateorSssClear\"><\/div>\n<div class=\"heateor_sss_sharing_container heateor_sss_horizontal_sharing\" data-heateor-sss-href=\"https:\/\/vog.com.tn\/?product=pantalon-jeans-blaetch-150105-vog\"><\/div>\n<div class=\"heateorSssClear\"><\/div>\n<div class=\"heateor_sss_sharing_container heateor_sss_horizontal_sharing\" data-heateor-sss-href=\"https:\/\/vog.com.tn\/?product=pantalon-158169-vog\"><\/div>\n<div class=\"heateorSssClear\"><\/div>\n<div class=\"heateor_sss_sharing_container heateor_sss_horizontal_sharing\" data-heateor-sss-href=\"https:\/\/vog.com.tn\/?product=pantalon-155004-vog\"><\/div>\n","protected":false},"excerpt":{"rendered":"<p>Vente en ligne pantalon pour femme.<\/p>\n<ul>\n<li>Pantalon large avec ceinture amovible \u00e0 nouer.<\/li>\n<li>Dot\u00e9 d&rsquo;un \u00e9lastique \u00e0 la taille au niveau du dos.<\/li>\n<li>Mod\u00e8le \u00c9vas\u00e9 et Large<\/li>\n<li>Taille Haute<\/li>\n<li>Longueur V\u00eatement\u00a0:\u00a0106 cm<\/li>\n<li>Composition\u00a0:\u00a096% polyester, 4% \u00e9lasthanne<\/li>\n<li>Couleur\u00a0: Beige, Blanc, royal, Noir<\/li>\n<\/ul>\n","protected":false},"featured_media":74787,"template":"","meta":[],"product_brand":[],"product_cat":[137,360,92,71],"product_tag":[],"class_list":{"0":"post-74775","1":"product","2":"type-product","3":"status-publish","4":"has-post-thumbnail","6":"product_cat-mode-femme","7":"product_cat-nouvelle-collection","8":"product_cat-pantalons","9":"product_cat-vetements-femme","10":"pa_couleurs-beige","11":"pa_couleurs-noir","12":"pa_couleurs-royal","13":"pa_taille-large","14":"pa_taille-moyenne","15":"pa_taille-small","18":"first","19":"outofstock","20":"taxable","21":"shipping-taxable","22":"product-type-variable"},"yoast_head":"<!-- This site is optimized with the Yoast SEO plugin v27.5 - https:\/\/yoast.com\/product\/yoast-seo-wordpress\/ -->\n<title>Pantalon \u2013 158153\u2013 VOG - Vog Tunisie<\/title>\n<meta name=\"robots\" content=\"index, follow, max-snippet:-1, max-image-preview:large, max-video-preview:-1\" \/>\n<link rel=\"canonical\" href=\"https:\/\/vog.com.tn\/?product=pantalon-158153-vog\" \/>\n<meta property=\"og:locale\" content=\"fr_FR\" \/>\n<meta property=\"og:type\" content=\"article\" \/>\n<meta property=\"og:title\" content=\"Pantalon \u2013 158153\u2013 VOG - Vog Tunisie\" \/>\n<meta property=\"og:description\" content=\"Vente en ligne pantalon pour femme.   Pantalon large avec ceinture amovible \u00e0 nouer.  Dot\u00e9 d&#039;un \u00e9lastique \u00e0 la taille au niveau du dos.  Mod\u00e8le \u00c9vas\u00e9 et Large  Taille Haute  Longueur V\u00eatement\u00a0:\u00a0106 cm  Composition\u00a0:\u00a096% polyester, 4% \u00e9lasthanne  Couleur\u00a0: Beige, Blanc, royal, Noir\" \/>\n<meta property=\"og:url\" content=\"https:\/\/vog.com.tn\/?product=pantalon-158153-vog\" \/>\n<meta property=\"og:site_name\" content=\"Vog Tunisie\" \/>\n<meta property=\"article:modified_time\" content=\"2026-05-06T10:11:39+00:00\" \/>\n<meta property=\"og:image\" content=\"https:\/\/vog.com.tn\/wp-content\/uploads\/2024\/07\/158153.png\" \/>\n\t<meta property=\"og:image:width\" content=\"572\" \/>\n\t<meta property=\"og:image:height\" content=\"800\" \/>\n\t<meta property=\"og:image:type\" content=\"image\/png\" \/>\n<meta name=\"twitter:card\" content=\"summary_large_image\" \/>\n<meta name=\"twitter:label1\" content=\"Dur\u00e9e de lecture estim\u00e9e\" \/>\n\t<meta name=\"twitter:data1\" content=\"1 minute\" \/>\n<script type=\"application\/ld+json\" class=\"yoast-schema-graph\">{\"@context\":\"https:\\\/\\\/schema.org\",\"@graph\":[{\"@type\":\"WebPage\",\"@id\":\"https:\\\/\\\/vog.com.tn\\\/?product=pantalon-158153-vog\",\"url\":\"https:\\\/\\\/vog.com.tn\\\/?product=pantalon-158153-vog\",\"name\":\"Pantalon \u2013 158153\u2013 VOG - Vog Tunisie\",\"isPartOf\":{\"@id\":\"https:\\\/\\\/vog.com.tn\\\/#website\"},\"primaryImageOfPage\":{\"@id\":\"https:\\\/\\\/vog.com.tn\\\/?product=pantalon-158153-vog#primaryimage\"},\"image\":{\"@id\":\"https:\\\/\\\/vog.com.tn\\\/?product=pantalon-158153-vog#primaryimage\"},\"thumbnailUrl\":\"https:\\\/\\\/vog.com.tn\\\/wp-content\\\/uploads\\\/2024\\\/07\\\/158153.png\",\"datePublished\":\"2024-07-11T09:57:02+00:00\",\"dateModified\":\"2026-05-06T10:11:39+00:00\",\"breadcrumb\":{\"@id\":\"https:\\\/\\\/vog.com.tn\\\/?product=pantalon-158153-vog#breadcrumb\"},\"inLanguage\":\"fr-FR\",\"potentialAction\":[{\"@type\":\"ReadAction\",\"target\":[\"https:\\\/\\\/vog.com.tn\\\/?product=pantalon-158153-vog\"]}]},{\"@type\":\"ImageObject\",\"inLanguage\":\"fr-FR\",\"@id\":\"https:\\\/\\\/vog.com.tn\\\/?product=pantalon-158153-vog#primaryimage\",\"url\":\"https:\\\/\\\/vog.com.tn\\\/wp-content\\\/uploads\\\/2024\\\/07\\\/158153.png\",\"contentUrl\":\"https:\\\/\\\/vog.com.tn\\\/wp-content\\\/uploads\\\/2024\\\/07\\\/158153.png\",\"width\":572,\"height\":800},{\"@type\":\"BreadcrumbList\",\"@id\":\"https:\\\/\\\/vog.com.tn\\\/?product=pantalon-158153-vog#breadcrumb\",\"itemListElement\":[{\"@type\":\"ListItem\",\"position\":1,\"name\":\"Home\",\"item\":\"https:\\\/\\\/vog.com.tn\\\/\"},{\"@type\":\"ListItem\",\"position\":2,\"name\":\"Produits\",\"item\":\"https:\\\/\\\/vog.com.tn\\\/?page_id=8\"},{\"@type\":\"ListItem\",\"position\":3,\"name\":\"Pantalon \u2013 158153\u2013 VOG\"}]},{\"@type\":\"WebSite\",\"@id\":\"https:\\\/\\\/vog.com.tn\\\/#website\",\"url\":\"https:\\\/\\\/vog.com.tn\\\/\",\"name\":\"Vog Tunisie\",\"description\":\"Pr\u00eat-\u00e0-porter\",\"potentialAction\":[{\"@type\":\"SearchAction\",\"target\":{\"@type\":\"EntryPoint\",\"urlTemplate\":\"https:\\\/\\\/vog.com.tn\\\/?s={search_term_string}\"},\"query-input\":{\"@type\":\"PropertyValueSpecification\",\"valueRequired\":true,\"valueName\":\"search_term_string\"}}],\"inLanguage\":\"fr-FR\"}]}<\/script>\n<!-- \/ Yoast SEO plugin. -->","yoast_head_json":{"title":"Pantalon \u2013 158153\u2013 VOG - Vog Tunisie","robots":{"index":"index","follow":"follow","max-snippet":"max-snippet:-1","max-image-preview":"max-image-preview:large","max-video-preview":"max-video-preview:-1"},"canonical":"https:\/\/vog.com.tn\/?product=pantalon-158153-vog","og_locale":"fr_FR","og_type":"article","og_title":"Pantalon \u2013 158153\u2013 VOG - Vog Tunisie","og_description":"Vente en ligne pantalon pour femme.   Pantalon large avec ceinture amovible \u00e0 nouer.  Dot\u00e9 d'un \u00e9lastique \u00e0 la taille au niveau du dos.  Mod\u00e8le \u00c9vas\u00e9 et Large  Taille Haute  Longueur V\u00eatement\u00a0:\u00a0106 cm  Composition\u00a0:\u00a096% polyester, 4% \u00e9lasthanne  Couleur\u00a0: Beige, Blanc, royal, Noir","og_url":"https:\/\/vog.com.tn\/?product=pantalon-158153-vog","og_site_name":"Vog Tunisie","article_modified_time":"2026-05-06T10:11:39+00:00","og_image":[{"width":572,"height":800,"url":"https:\/\/vog.com.tn\/wp-content\/uploads\/2024\/07\/158153.png","type":"image\/png"}],"twitter_card":"summary_large_image","twitter_misc":{"Dur\u00e9e de lecture estim\u00e9e":"1 minute"},"schema":{"@context":"https:\/\/schema.org","@graph":[{"@type":"WebPage","@id":"https:\/\/vog.com.tn\/?product=pantalon-158153-vog","url":"https:\/\/vog.com.tn\/?product=pantalon-158153-vog","name":"Pantalon \u2013 158153\u2013 VOG - Vog Tunisie","isPartOf":{"@id":"https:\/\/vog.com.tn\/#website"},"primaryImageOfPage":{"@id":"https:\/\/vog.com.tn\/?product=pantalon-158153-vog#primaryimage"},"image":{"@id":"https:\/\/vog.com.tn\/?product=pantalon-158153-vog#primaryimage"},"thumbnailUrl":"https:\/\/vog.com.tn\/wp-content\/uploads\/2024\/07\/158153.png","datePublished":"2024-07-11T09:57:02+00:00","dateModified":"2026-05-06T10:11:39+00:00","breadcrumb":{"@id":"https:\/\/vog.com.tn\/?product=pantalon-158153-vog#breadcrumb"},"inLanguage":"fr-FR","potentialAction":[{"@type":"ReadAction","target":["https:\/\/vog.com.tn\/?product=pantalon-158153-vog"]}]},{"@type":"ImageObject","inLanguage":"fr-FR","@id":"https:\/\/vog.com.tn\/?product=pantalon-158153-vog#primaryimage","url":"https:\/\/vog.com.tn\/wp-content\/uploads\/2024\/07\/158153.png","contentUrl":"https:\/\/vog.com.tn\/wp-content\/uploads\/2024\/07\/158153.png","width":572,"height":800},{"@type":"BreadcrumbList","@id":"https:\/\/vog.com.tn\/?product=pantalon-158153-vog#breadcrumb","itemListElement":[{"@type":"ListItem","position":1,"name":"Home","item":"https:\/\/vog.com.tn\/"},{"@type":"ListItem","position":2,"name":"Produits","item":"https:\/\/vog.com.tn\/?page_id=8"},{"@type":"ListItem","position":3,"name":"Pantalon \u2013 158153\u2013 VOG"}]},{"@type":"WebSite","@id":"https:\/\/vog.com.tn\/#website","url":"https:\/\/vog.com.tn\/","name":"Vog Tunisie","description":"Pr\u00eat-\u00e0-porter","potentialAction":[{"@type":"SearchAction","target":{"@type":"EntryPoint","urlTemplate":"https:\/\/vog.com.tn\/?s={search_term_string}"},"query-input":{"@type":"PropertyValueSpecification","valueRequired":true,"valueName":"search_term_string"}}],"inLanguage":"fr-FR"}]}},"_links":{"self":[{"href":"https:\/\/vog.com.tn\/index.php?rest_route=\/wp\/v2\/product\/74775","targetHints":{"allow":["GET"]}}],"collection":[{"href":"https:\/\/vog.com.tn\/index.php?rest_route=\/wp\/v2\/product"}],"about":[{"href":"https:\/\/vog.com.tn\/index.php?rest_route=\/wp\/v2\/types\/product"}],"wp:featuredmedia":[{"embeddable":true,"href":"https:\/\/vog.com.tn\/index.php?rest_route=\/wp\/v2\/media\/74787"}],"wp:attachment":[{"href":"https:\/\/vog.com.tn\/index.php?rest_route=%2Fwp%2Fv2%2Fmedia&parent=74775"}],"wp:term":[{"taxonomy":"product_brand","embeddable":true,"href":"https:\/\/vog.com.tn\/index.php?rest_route=%2Fwp%2Fv2%2Fproduct_brand&post=74775"},{"taxonomy":"product_cat","embeddable":true,"href":"https:\/\/vog.com.tn\/index.php?rest_route=%2Fwp%2Fv2%2Fproduct_cat&post=74775"},{"taxonomy":"product_tag","embeddable":true,"href":"https:\/\/vog.com.tn\/index.php?rest_route=%2Fwp%2Fv2%2Fproduct_tag&post=74775"}],"curies":[{"name":"wp","href":"https:\/\/api.w.org\/{rel}","templated":true}]}}