{"id":74891,"date":"2024-07-18T18:08:06","date_gmt":"2024-07-18T16:08:06","guid":{"rendered":"https:\/\/vog.com.tn\/?post_type=product&#038;p=74891"},"modified":"2026-04-27T12:12:20","modified_gmt":"2026-04-27T10:12:20","slug":"mules-a-talon-femme-177153-vog","status":"publish","type":"product","link":"https:\/\/vog.com.tn\/?product=mules-a-talon-femme-177153-vog","title":{"rendered":"Mules A Talon Femme-177153-VOG"},"content":{"rendered":"<p>Une Mule \u00e0 talon qui accentuera votre f\u00e9minit\u00e9 avec son mod\u00e8le fait de simili cuir, souple et qui assure un confort maximal \u00e0 vos pieds. C\u2019est un mod\u00e8le classique avec une touche moderne qui va tr\u00e8s bien avec vos habits, parfait pour tous les occasions et incontournable de cette saison!<\/p>\n","protected":false},"excerpt":{"rendered":"<p>Vente en ligne mules \u00e0 talon pour femme<\/p>\n<ul>\n<li>Mules \u00e0 talon avec brides \u00e0 strass<\/li>\n<li>Mod\u00e8le \u00e0 bout ouvert carr\u00e9 et talon carr\u00e9<\/li>\n<li>Semelle int\u00e9rieure rembourr\u00e9e pour plus de confort.<\/li>\n<li>Tige, semelle int\u00e9rieure &amp; ext\u00e9rieure : synth\u00e9tique.<\/li>\n<li>Hauteur du talon: 5cm<\/li>\n<\/ul>\n","protected":false},"featured_media":74909,"template":"","meta":[],"product_brand":[],"product_cat":[96,137,246,360],"product_tag":[],"class_list":{"0":"post-74891","1":"product","2":"type-product","3":"status-publish","4":"has-post-thumbnail","6":"product_cat-chaussures-femme","7":"product_cat-mode-femme","8":"product_cat-mules-talon","9":"product_cat-nouvelle-collection","10":"pa_couleurs-bronze","11":"pa_couleurs-gold","12":"pa_pointure-105","13":"pa_pointure-106","14":"pa_pointure-107","15":"pa_pointure-108","16":"pa_pointure-109","17":"pa_pointure-110","20":"first","21":"outofstock","22":"taxable","23":"shipping-taxable","24":"product-type-variable"},"yoast_head":"<!-- This site is optimized with the Yoast SEO plugin v27.5 - https:\/\/yoast.com\/product\/yoast-seo-wordpress\/ -->\n<title>Mules A Talon Femme-177153-VOG - Vog Tunisie<\/title>\n<meta name=\"robots\" content=\"index, follow, max-snippet:-1, max-image-preview:large, max-video-preview:-1\" \/>\n<link rel=\"canonical\" href=\"https:\/\/vog.com.tn\/?product=mules-a-talon-femme-177153-vog\" \/>\n<meta property=\"og:locale\" content=\"fr_FR\" \/>\n<meta property=\"og:type\" content=\"article\" \/>\n<meta property=\"og:title\" content=\"Mules A Talon Femme-177153-VOG - Vog Tunisie\" \/>\n<meta property=\"og:description\" content=\"Vente en ligne mules \u00e0 talon pour femme   Mules \u00e0 talon avec brides \u00e0 strass  Mod\u00e8le \u00e0 bout ouvert carr\u00e9 et talon carr\u00e9  Semelle int\u00e9rieure rembourr\u00e9e pour plus de confort.  Tige, semelle int\u00e9rieure &amp; ext\u00e9rieure : synth\u00e9tique.  Hauteur du talon: 5cm\" \/>\n<meta property=\"og:url\" content=\"https:\/\/vog.com.tn\/?product=mules-a-talon-femme-177153-vog\" \/>\n<meta property=\"og:site_name\" content=\"Vog Tunisie\" \/>\n<meta property=\"article:modified_time\" content=\"2026-04-27T10:12:20+00:00\" \/>\n<meta property=\"og:image\" content=\"https:\/\/vog.com.tn\/wp-content\/uploads\/2024\/07\/177153-3.png\" \/>\n\t<meta property=\"og:image:width\" content=\"572\" \/>\n\t<meta property=\"og:image:height\" content=\"800\" \/>\n\t<meta property=\"og:image:type\" content=\"image\/png\" \/>\n<meta name=\"twitter:card\" content=\"summary_large_image\" \/>\n<meta name=\"twitter:label1\" content=\"Dur\u00e9e de lecture estim\u00e9e\" \/>\n\t<meta name=\"twitter:data1\" content=\"1 minute\" \/>\n<script type=\"application\/ld+json\" class=\"yoast-schema-graph\">{\"@context\":\"https:\\\/\\\/schema.org\",\"@graph\":[{\"@type\":\"WebPage\",\"@id\":\"https:\\\/\\\/vog.com.tn\\\/?product=mules-a-talon-femme-177153-vog\",\"url\":\"https:\\\/\\\/vog.com.tn\\\/?product=mules-a-talon-femme-177153-vog\",\"name\":\"Mules A Talon Femme-177153-VOG - Vog Tunisie\",\"isPartOf\":{\"@id\":\"https:\\\/\\\/vog.com.tn\\\/#website\"},\"primaryImageOfPage\":{\"@id\":\"https:\\\/\\\/vog.com.tn\\\/?product=mules-a-talon-femme-177153-vog#primaryimage\"},\"image\":{\"@id\":\"https:\\\/\\\/vog.com.tn\\\/?product=mules-a-talon-femme-177153-vog#primaryimage\"},\"thumbnailUrl\":\"https:\\\/\\\/vog.com.tn\\\/wp-content\\\/uploads\\\/2024\\\/07\\\/177153-3.png\",\"datePublished\":\"2024-07-18T16:08:06+00:00\",\"dateModified\":\"2026-04-27T10:12:20+00:00\",\"breadcrumb\":{\"@id\":\"https:\\\/\\\/vog.com.tn\\\/?product=mules-a-talon-femme-177153-vog#breadcrumb\"},\"inLanguage\":\"fr-FR\",\"potentialAction\":[{\"@type\":\"ReadAction\",\"target\":[\"https:\\\/\\\/vog.com.tn\\\/?product=mules-a-talon-femme-177153-vog\"]}]},{\"@type\":\"ImageObject\",\"inLanguage\":\"fr-FR\",\"@id\":\"https:\\\/\\\/vog.com.tn\\\/?product=mules-a-talon-femme-177153-vog#primaryimage\",\"url\":\"https:\\\/\\\/vog.com.tn\\\/wp-content\\\/uploads\\\/2024\\\/07\\\/177153-3.png\",\"contentUrl\":\"https:\\\/\\\/vog.com.tn\\\/wp-content\\\/uploads\\\/2024\\\/07\\\/177153-3.png\",\"width\":572,\"height\":800},{\"@type\":\"BreadcrumbList\",\"@id\":\"https:\\\/\\\/vog.com.tn\\\/?product=mules-a-talon-femme-177153-vog#breadcrumb\",\"itemListElement\":[{\"@type\":\"ListItem\",\"position\":1,\"name\":\"Home\",\"item\":\"https:\\\/\\\/vog.com.tn\\\/\"},{\"@type\":\"ListItem\",\"position\":2,\"name\":\"Produits\",\"item\":\"https:\\\/\\\/vog.com.tn\\\/?page_id=8\"},{\"@type\":\"ListItem\",\"position\":3,\"name\":\"Mules A Talon Femme-177153-VOG\"}]},{\"@type\":\"WebSite\",\"@id\":\"https:\\\/\\\/vog.com.tn\\\/#website\",\"url\":\"https:\\\/\\\/vog.com.tn\\\/\",\"name\":\"Vog Tunisie\",\"description\":\"Pr\u00eat-\u00e0-porter\",\"potentialAction\":[{\"@type\":\"SearchAction\",\"target\":{\"@type\":\"EntryPoint\",\"urlTemplate\":\"https:\\\/\\\/vog.com.tn\\\/?s={search_term_string}\"},\"query-input\":{\"@type\":\"PropertyValueSpecification\",\"valueRequired\":true,\"valueName\":\"search_term_string\"}}],\"inLanguage\":\"fr-FR\"}]}<\/script>\n<!-- \/ Yoast SEO plugin. -->","yoast_head_json":{"title":"Mules A Talon Femme-177153-VOG - Vog Tunisie","robots":{"index":"index","follow":"follow","max-snippet":"max-snippet:-1","max-image-preview":"max-image-preview:large","max-video-preview":"max-video-preview:-1"},"canonical":"https:\/\/vog.com.tn\/?product=mules-a-talon-femme-177153-vog","og_locale":"fr_FR","og_type":"article","og_title":"Mules A Talon Femme-177153-VOG - Vog Tunisie","og_description":"Vente en ligne mules \u00e0 talon pour femme   Mules \u00e0 talon avec brides \u00e0 strass  Mod\u00e8le \u00e0 bout ouvert carr\u00e9 et talon carr\u00e9  Semelle int\u00e9rieure rembourr\u00e9e pour plus de confort.  Tige, semelle int\u00e9rieure &amp; ext\u00e9rieure : synth\u00e9tique.  Hauteur du talon: 5cm","og_url":"https:\/\/vog.com.tn\/?product=mules-a-talon-femme-177153-vog","og_site_name":"Vog Tunisie","article_modified_time":"2026-04-27T10:12:20+00:00","og_image":[{"width":572,"height":800,"url":"https:\/\/vog.com.tn\/wp-content\/uploads\/2024\/07\/177153-3.png","type":"image\/png"}],"twitter_card":"summary_large_image","twitter_misc":{"Dur\u00e9e de lecture estim\u00e9e":"1 minute"},"schema":{"@context":"https:\/\/schema.org","@graph":[{"@type":"WebPage","@id":"https:\/\/vog.com.tn\/?product=mules-a-talon-femme-177153-vog","url":"https:\/\/vog.com.tn\/?product=mules-a-talon-femme-177153-vog","name":"Mules A Talon Femme-177153-VOG - Vog Tunisie","isPartOf":{"@id":"https:\/\/vog.com.tn\/#website"},"primaryImageOfPage":{"@id":"https:\/\/vog.com.tn\/?product=mules-a-talon-femme-177153-vog#primaryimage"},"image":{"@id":"https:\/\/vog.com.tn\/?product=mules-a-talon-femme-177153-vog#primaryimage"},"thumbnailUrl":"https:\/\/vog.com.tn\/wp-content\/uploads\/2024\/07\/177153-3.png","datePublished":"2024-07-18T16:08:06+00:00","dateModified":"2026-04-27T10:12:20+00:00","breadcrumb":{"@id":"https:\/\/vog.com.tn\/?product=mules-a-talon-femme-177153-vog#breadcrumb"},"inLanguage":"fr-FR","potentialAction":[{"@type":"ReadAction","target":["https:\/\/vog.com.tn\/?product=mules-a-talon-femme-177153-vog"]}]},{"@type":"ImageObject","inLanguage":"fr-FR","@id":"https:\/\/vog.com.tn\/?product=mules-a-talon-femme-177153-vog#primaryimage","url":"https:\/\/vog.com.tn\/wp-content\/uploads\/2024\/07\/177153-3.png","contentUrl":"https:\/\/vog.com.tn\/wp-content\/uploads\/2024\/07\/177153-3.png","width":572,"height":800},{"@type":"BreadcrumbList","@id":"https:\/\/vog.com.tn\/?product=mules-a-talon-femme-177153-vog#breadcrumb","itemListElement":[{"@type":"ListItem","position":1,"name":"Home","item":"https:\/\/vog.com.tn\/"},{"@type":"ListItem","position":2,"name":"Produits","item":"https:\/\/vog.com.tn\/?page_id=8"},{"@type":"ListItem","position":3,"name":"Mules A Talon Femme-177153-VOG"}]},{"@type":"WebSite","@id":"https:\/\/vog.com.tn\/#website","url":"https:\/\/vog.com.tn\/","name":"Vog Tunisie","description":"Pr\u00eat-\u00e0-porter","potentialAction":[{"@type":"SearchAction","target":{"@type":"EntryPoint","urlTemplate":"https:\/\/vog.com.tn\/?s={search_term_string}"},"query-input":{"@type":"PropertyValueSpecification","valueRequired":true,"valueName":"search_term_string"}}],"inLanguage":"fr-FR"}]}},"_links":{"self":[{"href":"https:\/\/vog.com.tn\/index.php?rest_route=\/wp\/v2\/product\/74891","targetHints":{"allow":["GET"]}}],"collection":[{"href":"https:\/\/vog.com.tn\/index.php?rest_route=\/wp\/v2\/product"}],"about":[{"href":"https:\/\/vog.com.tn\/index.php?rest_route=\/wp\/v2\/types\/product"}],"wp:featuredmedia":[{"embeddable":true,"href":"https:\/\/vog.com.tn\/index.php?rest_route=\/wp\/v2\/media\/74909"}],"wp:attachment":[{"href":"https:\/\/vog.com.tn\/index.php?rest_route=%2Fwp%2Fv2%2Fmedia&parent=74891"}],"wp:term":[{"taxonomy":"product_brand","embeddable":true,"href":"https:\/\/vog.com.tn\/index.php?rest_route=%2Fwp%2Fv2%2Fproduct_brand&post=74891"},{"taxonomy":"product_cat","embeddable":true,"href":"https:\/\/vog.com.tn\/index.php?rest_route=%2Fwp%2Fv2%2Fproduct_cat&post=74891"},{"taxonomy":"product_tag","embeddable":true,"href":"https:\/\/vog.com.tn\/index.php?rest_route=%2Fwp%2Fv2%2Fproduct_tag&post=74891"}],"curies":[{"name":"wp","href":"https:\/\/api.w.org\/{rel}","templated":true}]}}