{"id":75038,"date":"2024-07-24T14:24:08","date_gmt":"2024-07-24T12:24:08","guid":{"rendered":"https:\/\/vog.com.tn\/?post_type=product&#038;p=75038"},"modified":"2025-04-08T11:19:46","modified_gmt":"2025-04-08T09:19:46","slug":"sandales-femme-177302-vog","status":"publish","type":"product","link":"https:\/\/vog.com.tn\/?product=sandales-femme-177302-vog","title":{"rendered":"Sandales Femme \u2013 177302\u2013 VOG"},"content":{"rendered":"<p>\u00c9l\u00e9gantes sandales pour femme, dont l\u2019unique bride \u00e0 l\u2019avant habille le coup de pied. Le reste de la sandale affiche un aspect grain\u00e9. Ces nu-pieds offrent une belle note de raffinement et de brillance \u00e0 toutes vos tenues. N\u2019h\u00e9sitez pas \u00e0 les assortir d\u2019une ample robe longue et vaporeuse pour une soir\u00e9e chic.<\/p>\n","protected":false},"excerpt":{"rendered":"<p>Vente en lignes sandales pour femme.<\/p>\n<ul>\n<li>Sandales en tissu.<\/li>\n<li>Sandales \u00e0 bout rond et talon \u00e9pais en forme de demi-lune.<\/li>\n<li>Dot\u00e9es d\u2019une bride \u00e0 boucle en tissu au niveau de la cheville.<\/li>\n<li>Mod\u00e8le \u00e0 semelle rembourr\u00e9e pour plus de confort.<\/li>\n<li>Tige, semelle int\u00e9rieure &amp; ext\u00e9rieure : synth\u00e9tique.<\/li>\n<li>Hauteur Talon : 6 cm<\/li>\n<\/ul>\n","protected":false},"featured_media":75045,"template":"","meta":[],"product_brand":[],"product_cat":[96,137,360,78,260],"product_tag":[],"class_list":{"0":"post-75038","1":"product","2":"type-product","3":"status-publish","4":"has-post-thumbnail","6":"product_cat-chaussures-femme","7":"product_cat-mode-femme","8":"product_cat-nouvelle-collection","9":"product_cat-sandales-nu-pieds-femme","10":"product_cat-sandales-a-talon","11":"pa_couleurs-beige","12":"pa_pointure-105","13":"pa_pointure-106","14":"pa_pointure-107","15":"pa_pointure-108","16":"pa_pointure-109","17":"pa_pointure-110","20":"first","21":"outofstock","22":"taxable","23":"shipping-taxable","24":"product-type-variable"},"yoast_head":"<!-- This site is optimized with the Yoast SEO plugin v27.5 - https:\/\/yoast.com\/product\/yoast-seo-wordpress\/ -->\n<title>Sandales Femme \u2013 177302\u2013 VOG - Vog Tunisie<\/title>\n<meta name=\"robots\" content=\"index, follow, max-snippet:-1, max-image-preview:large, max-video-preview:-1\" \/>\n<link rel=\"canonical\" href=\"https:\/\/vog.com.tn\/?product=sandales-femme-177302-vog\" \/>\n<meta property=\"og:locale\" content=\"fr_FR\" \/>\n<meta property=\"og:type\" content=\"article\" \/>\n<meta property=\"og:title\" content=\"Sandales Femme \u2013 177302\u2013 VOG - Vog Tunisie\" \/>\n<meta property=\"og:description\" content=\"Vente en lignes sandales pour femme.   Sandales en tissu.  Sandales \u00e0 bout rond et talon \u00e9pais en forme de demi-lune.  Dot\u00e9es d\u2019une bride \u00e0 boucle en tissu au niveau de la cheville.  Mod\u00e8le \u00e0 semelle rembourr\u00e9e pour plus de confort.  Tige, semelle int\u00e9rieure &amp; ext\u00e9rieure : synth\u00e9tique.  Hauteur Talon : 6 cm\" \/>\n<meta property=\"og:url\" content=\"https:\/\/vog.com.tn\/?product=sandales-femme-177302-vog\" \/>\n<meta property=\"og:site_name\" content=\"Vog Tunisie\" \/>\n<meta property=\"article:modified_time\" content=\"2025-04-08T09:19:46+00:00\" \/>\n<meta property=\"og:image\" content=\"https:\/\/vog.com.tn\/wp-content\/uploads\/2024\/07\/177302.png\" \/>\n\t<meta property=\"og:image:width\" content=\"532\" \/>\n\t<meta property=\"og:image:height\" content=\"800\" \/>\n\t<meta property=\"og:image:type\" content=\"image\/png\" \/>\n<meta name=\"twitter:card\" content=\"summary_large_image\" \/>\n<meta name=\"twitter:label1\" content=\"Dur\u00e9e de lecture estim\u00e9e\" \/>\n\t<meta name=\"twitter:data1\" content=\"1 minute\" \/>\n<script type=\"application\/ld+json\" class=\"yoast-schema-graph\">{\"@context\":\"https:\\\/\\\/schema.org\",\"@graph\":[{\"@type\":\"WebPage\",\"@id\":\"https:\\\/\\\/vog.com.tn\\\/?product=sandales-femme-177302-vog\",\"url\":\"https:\\\/\\\/vog.com.tn\\\/?product=sandales-femme-177302-vog\",\"name\":\"Sandales Femme \u2013 177302\u2013 VOG - Vog Tunisie\",\"isPartOf\":{\"@id\":\"https:\\\/\\\/vog.com.tn\\\/#website\"},\"primaryImageOfPage\":{\"@id\":\"https:\\\/\\\/vog.com.tn\\\/?product=sandales-femme-177302-vog#primaryimage\"},\"image\":{\"@id\":\"https:\\\/\\\/vog.com.tn\\\/?product=sandales-femme-177302-vog#primaryimage\"},\"thumbnailUrl\":\"https:\\\/\\\/vog.com.tn\\\/wp-content\\\/uploads\\\/2024\\\/07\\\/177302.png\",\"datePublished\":\"2024-07-24T12:24:08+00:00\",\"dateModified\":\"2025-04-08T09:19:46+00:00\",\"breadcrumb\":{\"@id\":\"https:\\\/\\\/vog.com.tn\\\/?product=sandales-femme-177302-vog#breadcrumb\"},\"inLanguage\":\"fr-FR\",\"potentialAction\":[{\"@type\":\"ReadAction\",\"target\":[\"https:\\\/\\\/vog.com.tn\\\/?product=sandales-femme-177302-vog\"]}]},{\"@type\":\"ImageObject\",\"inLanguage\":\"fr-FR\",\"@id\":\"https:\\\/\\\/vog.com.tn\\\/?product=sandales-femme-177302-vog#primaryimage\",\"url\":\"https:\\\/\\\/vog.com.tn\\\/wp-content\\\/uploads\\\/2024\\\/07\\\/177302.png\",\"contentUrl\":\"https:\\\/\\\/vog.com.tn\\\/wp-content\\\/uploads\\\/2024\\\/07\\\/177302.png\",\"width\":532,\"height\":800},{\"@type\":\"BreadcrumbList\",\"@id\":\"https:\\\/\\\/vog.com.tn\\\/?product=sandales-femme-177302-vog#breadcrumb\",\"itemListElement\":[{\"@type\":\"ListItem\",\"position\":1,\"name\":\"Home\",\"item\":\"https:\\\/\\\/vog.com.tn\\\/\"},{\"@type\":\"ListItem\",\"position\":2,\"name\":\"Produits\",\"item\":\"https:\\\/\\\/vog.com.tn\\\/?page_id=8\"},{\"@type\":\"ListItem\",\"position\":3,\"name\":\"Sandales Femme \u2013 177302\u2013 VOG\"}]},{\"@type\":\"WebSite\",\"@id\":\"https:\\\/\\\/vog.com.tn\\\/#website\",\"url\":\"https:\\\/\\\/vog.com.tn\\\/\",\"name\":\"Vog Tunisie\",\"description\":\"Pr\u00eat-\u00e0-porter\",\"potentialAction\":[{\"@type\":\"SearchAction\",\"target\":{\"@type\":\"EntryPoint\",\"urlTemplate\":\"https:\\\/\\\/vog.com.tn\\\/?s={search_term_string}\"},\"query-input\":{\"@type\":\"PropertyValueSpecification\",\"valueRequired\":true,\"valueName\":\"search_term_string\"}}],\"inLanguage\":\"fr-FR\"}]}<\/script>\n<!-- \/ Yoast SEO plugin. -->","yoast_head_json":{"title":"Sandales Femme \u2013 177302\u2013 VOG - Vog Tunisie","robots":{"index":"index","follow":"follow","max-snippet":"max-snippet:-1","max-image-preview":"max-image-preview:large","max-video-preview":"max-video-preview:-1"},"canonical":"https:\/\/vog.com.tn\/?product=sandales-femme-177302-vog","og_locale":"fr_FR","og_type":"article","og_title":"Sandales Femme \u2013 177302\u2013 VOG - Vog Tunisie","og_description":"Vente en lignes sandales pour femme.   Sandales en tissu.  Sandales \u00e0 bout rond et talon \u00e9pais en forme de demi-lune.  Dot\u00e9es d\u2019une bride \u00e0 boucle en tissu au niveau de la cheville.  Mod\u00e8le \u00e0 semelle rembourr\u00e9e pour plus de confort.  Tige, semelle int\u00e9rieure &amp; ext\u00e9rieure : synth\u00e9tique.  Hauteur Talon : 6 cm","og_url":"https:\/\/vog.com.tn\/?product=sandales-femme-177302-vog","og_site_name":"Vog Tunisie","article_modified_time":"2025-04-08T09:19:46+00:00","og_image":[{"width":532,"height":800,"url":"https:\/\/vog.com.tn\/wp-content\/uploads\/2024\/07\/177302.png","type":"image\/png"}],"twitter_card":"summary_large_image","twitter_misc":{"Dur\u00e9e de lecture estim\u00e9e":"1 minute"},"schema":{"@context":"https:\/\/schema.org","@graph":[{"@type":"WebPage","@id":"https:\/\/vog.com.tn\/?product=sandales-femme-177302-vog","url":"https:\/\/vog.com.tn\/?product=sandales-femme-177302-vog","name":"Sandales Femme \u2013 177302\u2013 VOG - Vog Tunisie","isPartOf":{"@id":"https:\/\/vog.com.tn\/#website"},"primaryImageOfPage":{"@id":"https:\/\/vog.com.tn\/?product=sandales-femme-177302-vog#primaryimage"},"image":{"@id":"https:\/\/vog.com.tn\/?product=sandales-femme-177302-vog#primaryimage"},"thumbnailUrl":"https:\/\/vog.com.tn\/wp-content\/uploads\/2024\/07\/177302.png","datePublished":"2024-07-24T12:24:08+00:00","dateModified":"2025-04-08T09:19:46+00:00","breadcrumb":{"@id":"https:\/\/vog.com.tn\/?product=sandales-femme-177302-vog#breadcrumb"},"inLanguage":"fr-FR","potentialAction":[{"@type":"ReadAction","target":["https:\/\/vog.com.tn\/?product=sandales-femme-177302-vog"]}]},{"@type":"ImageObject","inLanguage":"fr-FR","@id":"https:\/\/vog.com.tn\/?product=sandales-femme-177302-vog#primaryimage","url":"https:\/\/vog.com.tn\/wp-content\/uploads\/2024\/07\/177302.png","contentUrl":"https:\/\/vog.com.tn\/wp-content\/uploads\/2024\/07\/177302.png","width":532,"height":800},{"@type":"BreadcrumbList","@id":"https:\/\/vog.com.tn\/?product=sandales-femme-177302-vog#breadcrumb","itemListElement":[{"@type":"ListItem","position":1,"name":"Home","item":"https:\/\/vog.com.tn\/"},{"@type":"ListItem","position":2,"name":"Produits","item":"https:\/\/vog.com.tn\/?page_id=8"},{"@type":"ListItem","position":3,"name":"Sandales Femme \u2013 177302\u2013 VOG"}]},{"@type":"WebSite","@id":"https:\/\/vog.com.tn\/#website","url":"https:\/\/vog.com.tn\/","name":"Vog Tunisie","description":"Pr\u00eat-\u00e0-porter","potentialAction":[{"@type":"SearchAction","target":{"@type":"EntryPoint","urlTemplate":"https:\/\/vog.com.tn\/?s={search_term_string}"},"query-input":{"@type":"PropertyValueSpecification","valueRequired":true,"valueName":"search_term_string"}}],"inLanguage":"fr-FR"}]}},"_links":{"self":[{"href":"https:\/\/vog.com.tn\/index.php?rest_route=\/wp\/v2\/product\/75038","targetHints":{"allow":["GET"]}}],"collection":[{"href":"https:\/\/vog.com.tn\/index.php?rest_route=\/wp\/v2\/product"}],"about":[{"href":"https:\/\/vog.com.tn\/index.php?rest_route=\/wp\/v2\/types\/product"}],"wp:featuredmedia":[{"embeddable":true,"href":"https:\/\/vog.com.tn\/index.php?rest_route=\/wp\/v2\/media\/75045"}],"wp:attachment":[{"href":"https:\/\/vog.com.tn\/index.php?rest_route=%2Fwp%2Fv2%2Fmedia&parent=75038"}],"wp:term":[{"taxonomy":"product_brand","embeddable":true,"href":"https:\/\/vog.com.tn\/index.php?rest_route=%2Fwp%2Fv2%2Fproduct_brand&post=75038"},{"taxonomy":"product_cat","embeddable":true,"href":"https:\/\/vog.com.tn\/index.php?rest_route=%2Fwp%2Fv2%2Fproduct_cat&post=75038"},{"taxonomy":"product_tag","embeddable":true,"href":"https:\/\/vog.com.tn\/index.php?rest_route=%2Fwp%2Fv2%2Fproduct_tag&post=75038"}],"curies":[{"name":"wp","href":"https:\/\/api.w.org\/{rel}","templated":true}]}}