{"id":75144,"date":"2024-07-24T18:54:24","date_gmt":"2024-07-24T16:54:24","guid":{"rendered":"https:\/\/vog.com.tn\/?post_type=product&#038;p=75144"},"modified":"2024-07-24T18:54:26","modified_gmt":"2024-07-24T16:54:26","slug":"sac-couffin-raphia-167057-vog","status":"publish","type":"product","link":"https:\/\/vog.com.tn\/?product=sac-couffin-raphia-167057-vog","title":{"rendered":"Sac Couffin Raphia \u2013 167057 \u2013 VOG"},"content":{"rendered":"<p>Un sac couffin en raphia avec des dentelles combine l\u2019\u00e9l\u00e9gance d\u00e9contract\u00e9e du raphia tress\u00e9 avec la d\u00e9licatesse f\u00e9minine des dentelles, id\u00e9al pour transporter vos essentiels de plage ou pour une journ\u00e9e de shopping en ville, tout en apportant une touche de style boh\u00e8me \u00e0 votre tenue.<\/p>\n","protected":false},"excerpt":{"rendered":"<p>Vente en lignes sac \u00e0 main pour femme.<\/p>\n<ul>\n<li>Sac en raphia tress\u00e9e.<\/li>\n<li>Dot\u00e9e d\u2019une touche dentelle artisanale et authentique.<\/li>\n<li>Une Fermeture glissi\u00e8re.<\/li>\n<\/ul>\n","protected":false},"featured_media":75146,"template":"","meta":[],"product_brand":[],"product_cat":[137,360,122,123],"product_tag":[],"class_list":{"0":"post-75144","1":"product","2":"type-product","3":"status-publish","4":"has-post-thumbnail","6":"product_cat-mode-femme","7":"product_cat-nouvelle-collection","8":"product_cat-vente-en-ligne-sacs-femme-tunisievog-pret-a-porter-tunisie","9":"product_cat-sacs-a-main-femme","10":"pa_couleurs-bleu","13":"first","14":"instock","15":"taxable","16":"shipping-taxable","17":"purchasable","18":"product-type-variable"},"yoast_head":"<!-- This site is optimized with the Yoast SEO plugin v27.5 - https:\/\/yoast.com\/product\/yoast-seo-wordpress\/ -->\n<title>Sac Couffin Raphia \u2013 167057 \u2013 VOG - Vog Tunisie<\/title>\n<meta name=\"robots\" content=\"index, follow, max-snippet:-1, max-image-preview:large, max-video-preview:-1\" \/>\n<link rel=\"canonical\" href=\"https:\/\/vog.com.tn\/?product=sac-couffin-raphia-167057-vog\" \/>\n<meta property=\"og:locale\" content=\"fr_FR\" \/>\n<meta property=\"og:type\" content=\"article\" \/>\n<meta property=\"og:title\" content=\"Sac Couffin Raphia \u2013 167057 \u2013 VOG - Vog Tunisie\" \/>\n<meta property=\"og:description\" content=\"Vente en lignes sac \u00e0 main pour femme.   Sac en raphia tress\u00e9e.  Dot\u00e9e d\u2019une touche dentelle artisanale et authentique.  Une Fermeture glissi\u00e8re.\" \/>\n<meta property=\"og:url\" content=\"https:\/\/vog.com.tn\/?product=sac-couffin-raphia-167057-vog\" \/>\n<meta property=\"og:site_name\" content=\"Vog Tunisie\" \/>\n<meta property=\"article:modified_time\" content=\"2024-07-24T16:54:26+00:00\" \/>\n<meta property=\"og:image\" content=\"https:\/\/vog.com.tn\/wp-content\/uploads\/2024\/07\/167057-VOG-1.png\" \/>\n\t<meta property=\"og:image:width\" content=\"572\" \/>\n\t<meta property=\"og:image:height\" content=\"800\" \/>\n\t<meta property=\"og:image:type\" content=\"image\/png\" \/>\n<meta name=\"twitter:card\" content=\"summary_large_image\" \/>\n<meta name=\"twitter:label1\" content=\"Dur\u00e9e de lecture estim\u00e9e\" \/>\n\t<meta name=\"twitter:data1\" content=\"1 minute\" \/>\n<script type=\"application\/ld+json\" class=\"yoast-schema-graph\">{\"@context\":\"https:\\\/\\\/schema.org\",\"@graph\":[{\"@type\":\"WebPage\",\"@id\":\"https:\\\/\\\/vog.com.tn\\\/?product=sac-couffin-raphia-167057-vog\",\"url\":\"https:\\\/\\\/vog.com.tn\\\/?product=sac-couffin-raphia-167057-vog\",\"name\":\"Sac Couffin Raphia \u2013 167057 \u2013 VOG - Vog Tunisie\",\"isPartOf\":{\"@id\":\"https:\\\/\\\/vog.com.tn\\\/#website\"},\"primaryImageOfPage\":{\"@id\":\"https:\\\/\\\/vog.com.tn\\\/?product=sac-couffin-raphia-167057-vog#primaryimage\"},\"image\":{\"@id\":\"https:\\\/\\\/vog.com.tn\\\/?product=sac-couffin-raphia-167057-vog#primaryimage\"},\"thumbnailUrl\":\"https:\\\/\\\/vog.com.tn\\\/wp-content\\\/uploads\\\/2024\\\/07\\\/167057-VOG-1.png\",\"datePublished\":\"2024-07-24T16:54:24+00:00\",\"dateModified\":\"2024-07-24T16:54:26+00:00\",\"breadcrumb\":{\"@id\":\"https:\\\/\\\/vog.com.tn\\\/?product=sac-couffin-raphia-167057-vog#breadcrumb\"},\"inLanguage\":\"fr-FR\",\"potentialAction\":[{\"@type\":\"ReadAction\",\"target\":[\"https:\\\/\\\/vog.com.tn\\\/?product=sac-couffin-raphia-167057-vog\"]}]},{\"@type\":\"ImageObject\",\"inLanguage\":\"fr-FR\",\"@id\":\"https:\\\/\\\/vog.com.tn\\\/?product=sac-couffin-raphia-167057-vog#primaryimage\",\"url\":\"https:\\\/\\\/vog.com.tn\\\/wp-content\\\/uploads\\\/2024\\\/07\\\/167057-VOG-1.png\",\"contentUrl\":\"https:\\\/\\\/vog.com.tn\\\/wp-content\\\/uploads\\\/2024\\\/07\\\/167057-VOG-1.png\",\"width\":572,\"height\":800},{\"@type\":\"BreadcrumbList\",\"@id\":\"https:\\\/\\\/vog.com.tn\\\/?product=sac-couffin-raphia-167057-vog#breadcrumb\",\"itemListElement\":[{\"@type\":\"ListItem\",\"position\":1,\"name\":\"Home\",\"item\":\"https:\\\/\\\/vog.com.tn\\\/\"},{\"@type\":\"ListItem\",\"position\":2,\"name\":\"Produits\",\"item\":\"https:\\\/\\\/vog.com.tn\\\/?page_id=8\"},{\"@type\":\"ListItem\",\"position\":3,\"name\":\"Sac Couffin Raphia \u2013 167057 \u2013 VOG\"}]},{\"@type\":\"WebSite\",\"@id\":\"https:\\\/\\\/vog.com.tn\\\/#website\",\"url\":\"https:\\\/\\\/vog.com.tn\\\/\",\"name\":\"Vog Tunisie\",\"description\":\"Pr\u00eat-\u00e0-porter\",\"potentialAction\":[{\"@type\":\"SearchAction\",\"target\":{\"@type\":\"EntryPoint\",\"urlTemplate\":\"https:\\\/\\\/vog.com.tn\\\/?s={search_term_string}\"},\"query-input\":{\"@type\":\"PropertyValueSpecification\",\"valueRequired\":true,\"valueName\":\"search_term_string\"}}],\"inLanguage\":\"fr-FR\"}]}<\/script>\n<!-- \/ Yoast SEO plugin. -->","yoast_head_json":{"title":"Sac Couffin Raphia \u2013 167057 \u2013 VOG - Vog Tunisie","robots":{"index":"index","follow":"follow","max-snippet":"max-snippet:-1","max-image-preview":"max-image-preview:large","max-video-preview":"max-video-preview:-1"},"canonical":"https:\/\/vog.com.tn\/?product=sac-couffin-raphia-167057-vog","og_locale":"fr_FR","og_type":"article","og_title":"Sac Couffin Raphia \u2013 167057 \u2013 VOG - Vog Tunisie","og_description":"Vente en lignes sac \u00e0 main pour femme.   Sac en raphia tress\u00e9e.  Dot\u00e9e d\u2019une touche dentelle artisanale et authentique.  Une Fermeture glissi\u00e8re.","og_url":"https:\/\/vog.com.tn\/?product=sac-couffin-raphia-167057-vog","og_site_name":"Vog Tunisie","article_modified_time":"2024-07-24T16:54:26+00:00","og_image":[{"width":572,"height":800,"url":"https:\/\/vog.com.tn\/wp-content\/uploads\/2024\/07\/167057-VOG-1.png","type":"image\/png"}],"twitter_card":"summary_large_image","twitter_misc":{"Dur\u00e9e de lecture estim\u00e9e":"1 minute"},"schema":{"@context":"https:\/\/schema.org","@graph":[{"@type":"WebPage","@id":"https:\/\/vog.com.tn\/?product=sac-couffin-raphia-167057-vog","url":"https:\/\/vog.com.tn\/?product=sac-couffin-raphia-167057-vog","name":"Sac Couffin Raphia \u2013 167057 \u2013 VOG - Vog Tunisie","isPartOf":{"@id":"https:\/\/vog.com.tn\/#website"},"primaryImageOfPage":{"@id":"https:\/\/vog.com.tn\/?product=sac-couffin-raphia-167057-vog#primaryimage"},"image":{"@id":"https:\/\/vog.com.tn\/?product=sac-couffin-raphia-167057-vog#primaryimage"},"thumbnailUrl":"https:\/\/vog.com.tn\/wp-content\/uploads\/2024\/07\/167057-VOG-1.png","datePublished":"2024-07-24T16:54:24+00:00","dateModified":"2024-07-24T16:54:26+00:00","breadcrumb":{"@id":"https:\/\/vog.com.tn\/?product=sac-couffin-raphia-167057-vog#breadcrumb"},"inLanguage":"fr-FR","potentialAction":[{"@type":"ReadAction","target":["https:\/\/vog.com.tn\/?product=sac-couffin-raphia-167057-vog"]}]},{"@type":"ImageObject","inLanguage":"fr-FR","@id":"https:\/\/vog.com.tn\/?product=sac-couffin-raphia-167057-vog#primaryimage","url":"https:\/\/vog.com.tn\/wp-content\/uploads\/2024\/07\/167057-VOG-1.png","contentUrl":"https:\/\/vog.com.tn\/wp-content\/uploads\/2024\/07\/167057-VOG-1.png","width":572,"height":800},{"@type":"BreadcrumbList","@id":"https:\/\/vog.com.tn\/?product=sac-couffin-raphia-167057-vog#breadcrumb","itemListElement":[{"@type":"ListItem","position":1,"name":"Home","item":"https:\/\/vog.com.tn\/"},{"@type":"ListItem","position":2,"name":"Produits","item":"https:\/\/vog.com.tn\/?page_id=8"},{"@type":"ListItem","position":3,"name":"Sac Couffin Raphia \u2013 167057 \u2013 VOG"}]},{"@type":"WebSite","@id":"https:\/\/vog.com.tn\/#website","url":"https:\/\/vog.com.tn\/","name":"Vog Tunisie","description":"Pr\u00eat-\u00e0-porter","potentialAction":[{"@type":"SearchAction","target":{"@type":"EntryPoint","urlTemplate":"https:\/\/vog.com.tn\/?s={search_term_string}"},"query-input":{"@type":"PropertyValueSpecification","valueRequired":true,"valueName":"search_term_string"}}],"inLanguage":"fr-FR"}]}},"_links":{"self":[{"href":"https:\/\/vog.com.tn\/index.php?rest_route=\/wp\/v2\/product\/75144","targetHints":{"allow":["GET"]}}],"collection":[{"href":"https:\/\/vog.com.tn\/index.php?rest_route=\/wp\/v2\/product"}],"about":[{"href":"https:\/\/vog.com.tn\/index.php?rest_route=\/wp\/v2\/types\/product"}],"wp:featuredmedia":[{"embeddable":true,"href":"https:\/\/vog.com.tn\/index.php?rest_route=\/wp\/v2\/media\/75146"}],"wp:attachment":[{"href":"https:\/\/vog.com.tn\/index.php?rest_route=%2Fwp%2Fv2%2Fmedia&parent=75144"}],"wp:term":[{"taxonomy":"product_brand","embeddable":true,"href":"https:\/\/vog.com.tn\/index.php?rest_route=%2Fwp%2Fv2%2Fproduct_brand&post=75144"},{"taxonomy":"product_cat","embeddable":true,"href":"https:\/\/vog.com.tn\/index.php?rest_route=%2Fwp%2Fv2%2Fproduct_cat&post=75144"},{"taxonomy":"product_tag","embeddable":true,"href":"https:\/\/vog.com.tn\/index.php?rest_route=%2Fwp%2Fv2%2Fproduct_tag&post=75144"}],"curies":[{"name":"wp","href":"https:\/\/api.w.org\/{rel}","templated":true}]}}