{"id":75164,"date":"2024-07-24T19:26:57","date_gmt":"2024-07-24T17:26:57","guid":{"rendered":"https:\/\/vog.com.tn\/?post_type=product&#038;p=75164"},"modified":"2024-08-27T19:48:19","modified_gmt":"2024-08-27T17:48:19","slug":"sac-couffin-en-paille-167068-vog","status":"publish","type":"product","link":"https:\/\/vog.com.tn\/?product=sac-couffin-en-paille-167068-vog","title":{"rendered":"Sac Couffin en paille \u2013 167068 \u2013 VOG"},"content":{"rendered":"<p>Ce sac cabas en paille, avec son design \u00e0 rayures horizontales et ses poign\u00e9es en bambou, incarne un m\u00e9lange parfait de fonctionnalit\u00e9 et de style. Il est id\u00e9al pour les amatrices de mode soucieuses de l&rsquo;environnement.<\/p>\n","protected":false},"excerpt":{"rendered":"<div class=\"woocommerce-product-details__short-description\">\n<div class=\"woocommerce-product-details__short-description\">\n<p>Vente en lignes sac \u00e0 main pour femme.<\/p>\n<ul>\n<li>Sac en paille tress\u00e9e.<\/li>\n<li>Dot\u00e9e d\u2019un design \u00e0 rayures horizontales.<\/li>\n<li>Une Fermeture glissi\u00e8re.<\/li>\n<\/ul>\n<\/div>\n<div data-product_id=\"75154\" data-threshold_min=\"30\" data-threshold_max=\"100\" data-total=\"1\"><\/div>\n<\/div>\n<div data-product_id=\"75159\" data-threshold_min=\"30\" data-threshold_max=\"100\" data-total=\"1\"><\/div>\n","protected":false},"featured_media":75169,"template":"","meta":[],"product_brand":[],"product_cat":[137,360,122,123],"product_tag":[],"class_list":{"0":"post-75164","1":"product","2":"type-product","3":"status-publish","4":"has-post-thumbnail","6":"product_cat-mode-femme","7":"product_cat-nouvelle-collection","8":"product_cat-vente-en-ligne-sacs-femme-tunisievog-pret-a-porter-tunisie","9":"product_cat-sacs-a-main-femme","10":"pa_couleurs-camel","11":"pa_couleurs-noir","14":"first","15":"instock","16":"taxable","17":"shipping-taxable","18":"purchasable","19":"product-type-variable"},"yoast_head":"<!-- This site is optimized with the Yoast SEO plugin v27.5 - https:\/\/yoast.com\/product\/yoast-seo-wordpress\/ -->\n<title>Sac Couffin en paille \u2013 167068 \u2013 VOG - Vog Tunisie<\/title>\n<meta name=\"robots\" content=\"index, follow, max-snippet:-1, max-image-preview:large, max-video-preview:-1\" \/>\n<link rel=\"canonical\" href=\"https:\/\/vog.com.tn\/?product=sac-couffin-en-paille-167068-vog\" \/>\n<meta property=\"og:locale\" content=\"fr_FR\" \/>\n<meta property=\"og:type\" content=\"article\" \/>\n<meta property=\"og:title\" content=\"Sac Couffin en paille \u2013 167068 \u2013 VOG - Vog Tunisie\" \/>\n<meta property=\"og:description\" content=\"Vente en lignes sac \u00e0 main pour femme.   Sac en paille tress\u00e9e.  Dot\u00e9e d\u2019un design \u00e0 rayures horizontales.  Une Fermeture glissi\u00e8re.\" \/>\n<meta property=\"og:url\" content=\"https:\/\/vog.com.tn\/?product=sac-couffin-en-paille-167068-vog\" \/>\n<meta property=\"og:site_name\" content=\"Vog Tunisie\" \/>\n<meta property=\"article:modified_time\" content=\"2024-08-27T17:48:19+00:00\" \/>\n<meta property=\"og:image\" content=\"https:\/\/vog.com.tn\/wp-content\/uploads\/2024\/07\/167068-VOG-1.png\" \/>\n\t<meta property=\"og:image:width\" content=\"572\" \/>\n\t<meta property=\"og:image:height\" content=\"800\" \/>\n\t<meta property=\"og:image:type\" content=\"image\/png\" \/>\n<meta name=\"twitter:card\" content=\"summary_large_image\" \/>\n<meta name=\"twitter:label1\" content=\"Dur\u00e9e de lecture estim\u00e9e\" \/>\n\t<meta name=\"twitter:data1\" content=\"1 minute\" \/>\n<script type=\"application\/ld+json\" class=\"yoast-schema-graph\">{\"@context\":\"https:\\\/\\\/schema.org\",\"@graph\":[{\"@type\":\"WebPage\",\"@id\":\"https:\\\/\\\/vog.com.tn\\\/?product=sac-couffin-en-paille-167068-vog\",\"url\":\"https:\\\/\\\/vog.com.tn\\\/?product=sac-couffin-en-paille-167068-vog\",\"name\":\"Sac Couffin en paille \u2013 167068 \u2013 VOG - Vog Tunisie\",\"isPartOf\":{\"@id\":\"https:\\\/\\\/vog.com.tn\\\/#website\"},\"primaryImageOfPage\":{\"@id\":\"https:\\\/\\\/vog.com.tn\\\/?product=sac-couffin-en-paille-167068-vog#primaryimage\"},\"image\":{\"@id\":\"https:\\\/\\\/vog.com.tn\\\/?product=sac-couffin-en-paille-167068-vog#primaryimage\"},\"thumbnailUrl\":\"https:\\\/\\\/vog.com.tn\\\/wp-content\\\/uploads\\\/2024\\\/07\\\/167068-VOG-1.png\",\"datePublished\":\"2024-07-24T17:26:57+00:00\",\"dateModified\":\"2024-08-27T17:48:19+00:00\",\"breadcrumb\":{\"@id\":\"https:\\\/\\\/vog.com.tn\\\/?product=sac-couffin-en-paille-167068-vog#breadcrumb\"},\"inLanguage\":\"fr-FR\",\"potentialAction\":[{\"@type\":\"ReadAction\",\"target\":[\"https:\\\/\\\/vog.com.tn\\\/?product=sac-couffin-en-paille-167068-vog\"]}]},{\"@type\":\"ImageObject\",\"inLanguage\":\"fr-FR\",\"@id\":\"https:\\\/\\\/vog.com.tn\\\/?product=sac-couffin-en-paille-167068-vog#primaryimage\",\"url\":\"https:\\\/\\\/vog.com.tn\\\/wp-content\\\/uploads\\\/2024\\\/07\\\/167068-VOG-1.png\",\"contentUrl\":\"https:\\\/\\\/vog.com.tn\\\/wp-content\\\/uploads\\\/2024\\\/07\\\/167068-VOG-1.png\",\"width\":572,\"height\":800},{\"@type\":\"BreadcrumbList\",\"@id\":\"https:\\\/\\\/vog.com.tn\\\/?product=sac-couffin-en-paille-167068-vog#breadcrumb\",\"itemListElement\":[{\"@type\":\"ListItem\",\"position\":1,\"name\":\"Home\",\"item\":\"https:\\\/\\\/vog.com.tn\\\/\"},{\"@type\":\"ListItem\",\"position\":2,\"name\":\"Produits\",\"item\":\"https:\\\/\\\/vog.com.tn\\\/?page_id=8\"},{\"@type\":\"ListItem\",\"position\":3,\"name\":\"Sac Couffin en paille \u2013 167068 \u2013 VOG\"}]},{\"@type\":\"WebSite\",\"@id\":\"https:\\\/\\\/vog.com.tn\\\/#website\",\"url\":\"https:\\\/\\\/vog.com.tn\\\/\",\"name\":\"Vog Tunisie\",\"description\":\"Pr\u00eat-\u00e0-porter\",\"potentialAction\":[{\"@type\":\"SearchAction\",\"target\":{\"@type\":\"EntryPoint\",\"urlTemplate\":\"https:\\\/\\\/vog.com.tn\\\/?s={search_term_string}\"},\"query-input\":{\"@type\":\"PropertyValueSpecification\",\"valueRequired\":true,\"valueName\":\"search_term_string\"}}],\"inLanguage\":\"fr-FR\"}]}<\/script>\n<!-- \/ Yoast SEO plugin. -->","yoast_head_json":{"title":"Sac Couffin en paille \u2013 167068 \u2013 VOG - Vog Tunisie","robots":{"index":"index","follow":"follow","max-snippet":"max-snippet:-1","max-image-preview":"max-image-preview:large","max-video-preview":"max-video-preview:-1"},"canonical":"https:\/\/vog.com.tn\/?product=sac-couffin-en-paille-167068-vog","og_locale":"fr_FR","og_type":"article","og_title":"Sac Couffin en paille \u2013 167068 \u2013 VOG - Vog Tunisie","og_description":"Vente en lignes sac \u00e0 main pour femme.   Sac en paille tress\u00e9e.  Dot\u00e9e d\u2019un design \u00e0 rayures horizontales.  Une Fermeture glissi\u00e8re.","og_url":"https:\/\/vog.com.tn\/?product=sac-couffin-en-paille-167068-vog","og_site_name":"Vog Tunisie","article_modified_time":"2024-08-27T17:48:19+00:00","og_image":[{"width":572,"height":800,"url":"https:\/\/vog.com.tn\/wp-content\/uploads\/2024\/07\/167068-VOG-1.png","type":"image\/png"}],"twitter_card":"summary_large_image","twitter_misc":{"Dur\u00e9e de lecture estim\u00e9e":"1 minute"},"schema":{"@context":"https:\/\/schema.org","@graph":[{"@type":"WebPage","@id":"https:\/\/vog.com.tn\/?product=sac-couffin-en-paille-167068-vog","url":"https:\/\/vog.com.tn\/?product=sac-couffin-en-paille-167068-vog","name":"Sac Couffin en paille \u2013 167068 \u2013 VOG - Vog Tunisie","isPartOf":{"@id":"https:\/\/vog.com.tn\/#website"},"primaryImageOfPage":{"@id":"https:\/\/vog.com.tn\/?product=sac-couffin-en-paille-167068-vog#primaryimage"},"image":{"@id":"https:\/\/vog.com.tn\/?product=sac-couffin-en-paille-167068-vog#primaryimage"},"thumbnailUrl":"https:\/\/vog.com.tn\/wp-content\/uploads\/2024\/07\/167068-VOG-1.png","datePublished":"2024-07-24T17:26:57+00:00","dateModified":"2024-08-27T17:48:19+00:00","breadcrumb":{"@id":"https:\/\/vog.com.tn\/?product=sac-couffin-en-paille-167068-vog#breadcrumb"},"inLanguage":"fr-FR","potentialAction":[{"@type":"ReadAction","target":["https:\/\/vog.com.tn\/?product=sac-couffin-en-paille-167068-vog"]}]},{"@type":"ImageObject","inLanguage":"fr-FR","@id":"https:\/\/vog.com.tn\/?product=sac-couffin-en-paille-167068-vog#primaryimage","url":"https:\/\/vog.com.tn\/wp-content\/uploads\/2024\/07\/167068-VOG-1.png","contentUrl":"https:\/\/vog.com.tn\/wp-content\/uploads\/2024\/07\/167068-VOG-1.png","width":572,"height":800},{"@type":"BreadcrumbList","@id":"https:\/\/vog.com.tn\/?product=sac-couffin-en-paille-167068-vog#breadcrumb","itemListElement":[{"@type":"ListItem","position":1,"name":"Home","item":"https:\/\/vog.com.tn\/"},{"@type":"ListItem","position":2,"name":"Produits","item":"https:\/\/vog.com.tn\/?page_id=8"},{"@type":"ListItem","position":3,"name":"Sac Couffin en paille \u2013 167068 \u2013 VOG"}]},{"@type":"WebSite","@id":"https:\/\/vog.com.tn\/#website","url":"https:\/\/vog.com.tn\/","name":"Vog Tunisie","description":"Pr\u00eat-\u00e0-porter","potentialAction":[{"@type":"SearchAction","target":{"@type":"EntryPoint","urlTemplate":"https:\/\/vog.com.tn\/?s={search_term_string}"},"query-input":{"@type":"PropertyValueSpecification","valueRequired":true,"valueName":"search_term_string"}}],"inLanguage":"fr-FR"}]}},"_links":{"self":[{"href":"https:\/\/vog.com.tn\/index.php?rest_route=\/wp\/v2\/product\/75164","targetHints":{"allow":["GET"]}}],"collection":[{"href":"https:\/\/vog.com.tn\/index.php?rest_route=\/wp\/v2\/product"}],"about":[{"href":"https:\/\/vog.com.tn\/index.php?rest_route=\/wp\/v2\/types\/product"}],"wp:featuredmedia":[{"embeddable":true,"href":"https:\/\/vog.com.tn\/index.php?rest_route=\/wp\/v2\/media\/75169"}],"wp:attachment":[{"href":"https:\/\/vog.com.tn\/index.php?rest_route=%2Fwp%2Fv2%2Fmedia&parent=75164"}],"wp:term":[{"taxonomy":"product_brand","embeddable":true,"href":"https:\/\/vog.com.tn\/index.php?rest_route=%2Fwp%2Fv2%2Fproduct_brand&post=75164"},{"taxonomy":"product_cat","embeddable":true,"href":"https:\/\/vog.com.tn\/index.php?rest_route=%2Fwp%2Fv2%2Fproduct_cat&post=75164"},{"taxonomy":"product_tag","embeddable":true,"href":"https:\/\/vog.com.tn\/index.php?rest_route=%2Fwp%2Fv2%2Fproduct_tag&post=75164"}],"curies":[{"name":"wp","href":"https:\/\/api.w.org\/{rel}","templated":true}]}}