{"id":75180,"date":"2024-07-24T20:37:01","date_gmt":"2024-07-24T18:37:01","guid":{"rendered":"https:\/\/vog.com.tn\/?post_type=product&#038;p=75180"},"modified":"2025-06-02T15:30:05","modified_gmt":"2025-06-02T13:30:05","slug":"sac-couffin-en-paille-167071-vog","status":"publish","type":"product","link":"https:\/\/vog.com.tn\/?product=sac-couffin-en-paille-167071-vog","title":{"rendered":"Sac Couffin En Paille \u2013 167071 \u2013 VOG"},"content":{"rendered":"<p>\u00c9l\u00e9gant et polyvalent, ce sac couffin en paille \u00e0 rayures s\u2019accorde facilement \u00e0 vos diff\u00e9rentes tenues tout en apportant une touche de style chic et intemporel \u00e0 votre look. La grande capacit\u00e9 de ce couffin vous permet notamment d\u2019emporter facilement un grand nombre d\u2019affaires et se r\u00e9v\u00e8le \u00eatre \u00e9galement un atout de taille pour la plage, la piscine, le shopping ou les voyages.<\/p>\n","protected":false},"excerpt":{"rendered":"<p>Vente en lignes sac \u00e0 main pour femme.<\/p>\n<ul>\n<li>Sac en paille tress\u00e9e.<\/li>\n<li>Dot\u00e9e d\u2019un design \u00e0 rayures horizontales.<\/li>\n<li>Une Fermeture glissi\u00e8re.<\/li>\n<\/ul>\n","protected":false},"featured_media":75182,"template":"","meta":[],"product_brand":[],"product_cat":[137,360,122,123],"product_tag":[],"class_list":{"0":"post-75180","1":"product","2":"type-product","3":"status-publish","4":"has-post-thumbnail","6":"product_cat-mode-femme","7":"product_cat-nouvelle-collection","8":"product_cat-vente-en-ligne-sacs-femme-tunisievog-pret-a-porter-tunisie","9":"product_cat-sacs-a-main-femme","10":"pa_couleurs-vert","13":"first","14":"instock","15":"taxable","16":"shipping-taxable","17":"purchasable","18":"product-type-variable"},"yoast_head":"<!-- This site is optimized with the Yoast SEO plugin v27.5 - https:\/\/yoast.com\/product\/yoast-seo-wordpress\/ -->\n<title>Sac Couffin En Paille \u2013 167071 \u2013 VOG - Vog Tunisie<\/title>\n<meta name=\"robots\" content=\"index, follow, max-snippet:-1, max-image-preview:large, max-video-preview:-1\" \/>\n<link rel=\"canonical\" href=\"https:\/\/vog.com.tn\/?product=sac-couffin-en-paille-167071-vog\" \/>\n<meta property=\"og:locale\" content=\"fr_FR\" \/>\n<meta property=\"og:type\" content=\"article\" \/>\n<meta property=\"og:title\" content=\"Sac Couffin En Paille \u2013 167071 \u2013 VOG - Vog Tunisie\" \/>\n<meta property=\"og:description\" content=\"Vente en lignes sac \u00e0 main pour femme.   Sac en paille tress\u00e9e.  Dot\u00e9e d\u2019un design \u00e0 rayures horizontales.  Une Fermeture glissi\u00e8re.\" \/>\n<meta property=\"og:url\" content=\"https:\/\/vog.com.tn\/?product=sac-couffin-en-paille-167071-vog\" \/>\n<meta property=\"og:site_name\" content=\"Vog Tunisie\" \/>\n<meta property=\"article:modified_time\" content=\"2025-06-02T13:30:05+00:00\" \/>\n<meta property=\"og:image\" content=\"https:\/\/vog.com.tn\/wp-content\/uploads\/2024\/07\/167071-VOG-1.png\" \/>\n\t<meta property=\"og:image:width\" content=\"572\" \/>\n\t<meta property=\"og:image:height\" content=\"800\" \/>\n\t<meta property=\"og:image:type\" content=\"image\/png\" \/>\n<meta name=\"twitter:card\" content=\"summary_large_image\" \/>\n<meta name=\"twitter:label1\" content=\"Dur\u00e9e de lecture estim\u00e9e\" \/>\n\t<meta name=\"twitter:data1\" content=\"1 minute\" \/>\n<script type=\"application\/ld+json\" class=\"yoast-schema-graph\">{\"@context\":\"https:\\\/\\\/schema.org\",\"@graph\":[{\"@type\":\"WebPage\",\"@id\":\"https:\\\/\\\/vog.com.tn\\\/?product=sac-couffin-en-paille-167071-vog\",\"url\":\"https:\\\/\\\/vog.com.tn\\\/?product=sac-couffin-en-paille-167071-vog\",\"name\":\"Sac Couffin En Paille \u2013 167071 \u2013 VOG - Vog Tunisie\",\"isPartOf\":{\"@id\":\"https:\\\/\\\/vog.com.tn\\\/#website\"},\"primaryImageOfPage\":{\"@id\":\"https:\\\/\\\/vog.com.tn\\\/?product=sac-couffin-en-paille-167071-vog#primaryimage\"},\"image\":{\"@id\":\"https:\\\/\\\/vog.com.tn\\\/?product=sac-couffin-en-paille-167071-vog#primaryimage\"},\"thumbnailUrl\":\"https:\\\/\\\/vog.com.tn\\\/wp-content\\\/uploads\\\/2024\\\/07\\\/167071-VOG-1.png\",\"datePublished\":\"2024-07-24T18:37:01+00:00\",\"dateModified\":\"2025-06-02T13:30:05+00:00\",\"breadcrumb\":{\"@id\":\"https:\\\/\\\/vog.com.tn\\\/?product=sac-couffin-en-paille-167071-vog#breadcrumb\"},\"inLanguage\":\"fr-FR\",\"potentialAction\":[{\"@type\":\"ReadAction\",\"target\":[\"https:\\\/\\\/vog.com.tn\\\/?product=sac-couffin-en-paille-167071-vog\"]}]},{\"@type\":\"ImageObject\",\"inLanguage\":\"fr-FR\",\"@id\":\"https:\\\/\\\/vog.com.tn\\\/?product=sac-couffin-en-paille-167071-vog#primaryimage\",\"url\":\"https:\\\/\\\/vog.com.tn\\\/wp-content\\\/uploads\\\/2024\\\/07\\\/167071-VOG-1.png\",\"contentUrl\":\"https:\\\/\\\/vog.com.tn\\\/wp-content\\\/uploads\\\/2024\\\/07\\\/167071-VOG-1.png\",\"width\":572,\"height\":800},{\"@type\":\"BreadcrumbList\",\"@id\":\"https:\\\/\\\/vog.com.tn\\\/?product=sac-couffin-en-paille-167071-vog#breadcrumb\",\"itemListElement\":[{\"@type\":\"ListItem\",\"position\":1,\"name\":\"Home\",\"item\":\"https:\\\/\\\/vog.com.tn\\\/\"},{\"@type\":\"ListItem\",\"position\":2,\"name\":\"Produits\",\"item\":\"https:\\\/\\\/vog.com.tn\\\/?page_id=8\"},{\"@type\":\"ListItem\",\"position\":3,\"name\":\"Sac Couffin En Paille \u2013 167071 \u2013 VOG\"}]},{\"@type\":\"WebSite\",\"@id\":\"https:\\\/\\\/vog.com.tn\\\/#website\",\"url\":\"https:\\\/\\\/vog.com.tn\\\/\",\"name\":\"Vog Tunisie\",\"description\":\"Pr\u00eat-\u00e0-porter\",\"potentialAction\":[{\"@type\":\"SearchAction\",\"target\":{\"@type\":\"EntryPoint\",\"urlTemplate\":\"https:\\\/\\\/vog.com.tn\\\/?s={search_term_string}\"},\"query-input\":{\"@type\":\"PropertyValueSpecification\",\"valueRequired\":true,\"valueName\":\"search_term_string\"}}],\"inLanguage\":\"fr-FR\"}]}<\/script>\n<!-- \/ Yoast SEO plugin. -->","yoast_head_json":{"title":"Sac Couffin En Paille \u2013 167071 \u2013 VOG - Vog Tunisie","robots":{"index":"index","follow":"follow","max-snippet":"max-snippet:-1","max-image-preview":"max-image-preview:large","max-video-preview":"max-video-preview:-1"},"canonical":"https:\/\/vog.com.tn\/?product=sac-couffin-en-paille-167071-vog","og_locale":"fr_FR","og_type":"article","og_title":"Sac Couffin En Paille \u2013 167071 \u2013 VOG - Vog Tunisie","og_description":"Vente en lignes sac \u00e0 main pour femme.   Sac en paille tress\u00e9e.  Dot\u00e9e d\u2019un design \u00e0 rayures horizontales.  Une Fermeture glissi\u00e8re.","og_url":"https:\/\/vog.com.tn\/?product=sac-couffin-en-paille-167071-vog","og_site_name":"Vog Tunisie","article_modified_time":"2025-06-02T13:30:05+00:00","og_image":[{"width":572,"height":800,"url":"https:\/\/vog.com.tn\/wp-content\/uploads\/2024\/07\/167071-VOG-1.png","type":"image\/png"}],"twitter_card":"summary_large_image","twitter_misc":{"Dur\u00e9e de lecture estim\u00e9e":"1 minute"},"schema":{"@context":"https:\/\/schema.org","@graph":[{"@type":"WebPage","@id":"https:\/\/vog.com.tn\/?product=sac-couffin-en-paille-167071-vog","url":"https:\/\/vog.com.tn\/?product=sac-couffin-en-paille-167071-vog","name":"Sac Couffin En Paille \u2013 167071 \u2013 VOG - Vog Tunisie","isPartOf":{"@id":"https:\/\/vog.com.tn\/#website"},"primaryImageOfPage":{"@id":"https:\/\/vog.com.tn\/?product=sac-couffin-en-paille-167071-vog#primaryimage"},"image":{"@id":"https:\/\/vog.com.tn\/?product=sac-couffin-en-paille-167071-vog#primaryimage"},"thumbnailUrl":"https:\/\/vog.com.tn\/wp-content\/uploads\/2024\/07\/167071-VOG-1.png","datePublished":"2024-07-24T18:37:01+00:00","dateModified":"2025-06-02T13:30:05+00:00","breadcrumb":{"@id":"https:\/\/vog.com.tn\/?product=sac-couffin-en-paille-167071-vog#breadcrumb"},"inLanguage":"fr-FR","potentialAction":[{"@type":"ReadAction","target":["https:\/\/vog.com.tn\/?product=sac-couffin-en-paille-167071-vog"]}]},{"@type":"ImageObject","inLanguage":"fr-FR","@id":"https:\/\/vog.com.tn\/?product=sac-couffin-en-paille-167071-vog#primaryimage","url":"https:\/\/vog.com.tn\/wp-content\/uploads\/2024\/07\/167071-VOG-1.png","contentUrl":"https:\/\/vog.com.tn\/wp-content\/uploads\/2024\/07\/167071-VOG-1.png","width":572,"height":800},{"@type":"BreadcrumbList","@id":"https:\/\/vog.com.tn\/?product=sac-couffin-en-paille-167071-vog#breadcrumb","itemListElement":[{"@type":"ListItem","position":1,"name":"Home","item":"https:\/\/vog.com.tn\/"},{"@type":"ListItem","position":2,"name":"Produits","item":"https:\/\/vog.com.tn\/?page_id=8"},{"@type":"ListItem","position":3,"name":"Sac Couffin En Paille \u2013 167071 \u2013 VOG"}]},{"@type":"WebSite","@id":"https:\/\/vog.com.tn\/#website","url":"https:\/\/vog.com.tn\/","name":"Vog Tunisie","description":"Pr\u00eat-\u00e0-porter","potentialAction":[{"@type":"SearchAction","target":{"@type":"EntryPoint","urlTemplate":"https:\/\/vog.com.tn\/?s={search_term_string}"},"query-input":{"@type":"PropertyValueSpecification","valueRequired":true,"valueName":"search_term_string"}}],"inLanguage":"fr-FR"}]}},"_links":{"self":[{"href":"https:\/\/vog.com.tn\/index.php?rest_route=\/wp\/v2\/product\/75180","targetHints":{"allow":["GET"]}}],"collection":[{"href":"https:\/\/vog.com.tn\/index.php?rest_route=\/wp\/v2\/product"}],"about":[{"href":"https:\/\/vog.com.tn\/index.php?rest_route=\/wp\/v2\/types\/product"}],"wp:featuredmedia":[{"embeddable":true,"href":"https:\/\/vog.com.tn\/index.php?rest_route=\/wp\/v2\/media\/75182"}],"wp:attachment":[{"href":"https:\/\/vog.com.tn\/index.php?rest_route=%2Fwp%2Fv2%2Fmedia&parent=75180"}],"wp:term":[{"taxonomy":"product_brand","embeddable":true,"href":"https:\/\/vog.com.tn\/index.php?rest_route=%2Fwp%2Fv2%2Fproduct_brand&post=75180"},{"taxonomy":"product_cat","embeddable":true,"href":"https:\/\/vog.com.tn\/index.php?rest_route=%2Fwp%2Fv2%2Fproduct_cat&post=75180"},{"taxonomy":"product_tag","embeddable":true,"href":"https:\/\/vog.com.tn\/index.php?rest_route=%2Fwp%2Fv2%2Fproduct_tag&post=75180"}],"curies":[{"name":"wp","href":"https:\/\/api.w.org\/{rel}","templated":true}]}}