{"id":76942,"date":"2024-10-28T15:09:18","date_gmt":"2024-10-28T14:09:18","guid":{"rendered":"https:\/\/vog.com.tn\/?post_type=product&#038;p=76942"},"modified":"2025-05-07T16:53:11","modified_gmt":"2025-05-07T14:53:11","slug":"basket-femme-177504-vog","status":"publish","type":"product","link":"https:\/\/vog.com.tn\/?product=basket-femme-177504-vog","title":{"rendered":"Basket Femme \u2013 177504 \u2013 VOG"},"content":{"rendered":"<div class=\"flex-shrink-0 flex flex-col relative items-end\">\n<div>\n<div class=\"pt-0\">\n<div class=\"gizmo-bot-avatar flex h-8 w-8 items-center justify-center overflow-hidden rounded-full\">\n<div class=\"relative p-1 rounded-sm flex items-center justify-center bg-token-main-surface-primary text-token-text-primary h-8 w-8\">Baskets modernes au look chunky, avec une semelle \u00e9paisse de 4 cm pour un style d\u00e9contract\u00e9 et tendance. Confortables et respirantes, elles ajoutent une touche d&rsquo;\u00e9l\u00e9gance \u00e0 chaque tenue quotidienne.<\/div>\n<\/div>\n<\/div>\n<\/div>\n<\/div>\n","protected":false},"excerpt":{"rendered":"<p>baskets avec une semelle assez \u00e9paisse, ce qui leur donne un style l\u00e9g\u00e8rement \u00ab\u00a0chunky\u00a0\u00bb ou massif.<\/p>\n<ul>\n<li>Couleur beige avec nuances de blanc cass\u00e9 et de cr\u00e8me<\/li>\n<li>Design moderne et l\u00e9g\u00e8rement chunky<\/li>\n<li>Semelle \u00e9paisse ajoutant environ 3 \u00e0 4 cm de hauteur<\/li>\n<li>Dessus en mat\u00e9riaux m\u00e9lang\u00e9s (cuir synth\u00e9tique et maille) pour style et respirabilit\u00e9<\/li>\n<li>Logo visible sur le c\u00f4t\u00e9<\/li>\n<li>Col et languette rembourr\u00e9s pour plus de confort<\/li>\n<li>Id\u00e9al pour un style d\u00e9contract\u00e9 au quotidien<\/li>\n<\/ul>\n","protected":false},"featured_media":76955,"template":"","meta":[],"product_brand":[],"product_cat":[97,96,137,360],"product_tag":[],"class_list":{"0":"post-76942","1":"product","2":"type-product","3":"status-publish","4":"has-post-thumbnail","6":"product_cat-chaussures-baskets-femme","7":"product_cat-chaussures-femme","8":"product_cat-mode-femme","9":"product_cat-nouvelle-collection","10":"pa_couleurs-beige","11":"pa_couleurs-blanc","12":"pa_pointure-105","13":"pa_pointure-106","14":"pa_pointure-107","15":"pa_pointure-108","16":"pa_pointure-109","17":"pa_pointure-110","20":"first","21":"outofstock","22":"taxable","23":"shipping-taxable","24":"product-type-variable"},"yoast_head":"<!-- This site is optimized with the Yoast SEO plugin v27.5 - https:\/\/yoast.com\/product\/yoast-seo-wordpress\/ -->\n<title>Basket Femme \u2013 177504 \u2013 VOG - Vog Tunisie<\/title>\n<meta name=\"robots\" content=\"index, follow, max-snippet:-1, max-image-preview:large, max-video-preview:-1\" \/>\n<link rel=\"canonical\" href=\"https:\/\/vog.com.tn\/?product=basket-femme-177504-vog\" \/>\n<meta property=\"og:locale\" content=\"fr_FR\" \/>\n<meta property=\"og:type\" content=\"article\" \/>\n<meta property=\"og:title\" content=\"Basket Femme \u2013 177504 \u2013 VOG - Vog Tunisie\" \/>\n<meta property=\"og:description\" content=\"baskets avec une semelle assez \u00e9paisse, ce qui leur donne un style l\u00e9g\u00e8rement &quot;chunky&quot; ou massif.   Couleur beige avec nuances de blanc cass\u00e9 et de cr\u00e8me  Design moderne et l\u00e9g\u00e8rement chunky  Semelle \u00e9paisse ajoutant environ 3 \u00e0 4 cm de hauteur  Dessus en mat\u00e9riaux m\u00e9lang\u00e9s (cuir synth\u00e9tique et maille) pour style et respirabilit\u00e9  Logo visible sur le c\u00f4t\u00e9  Col et languette rembourr\u00e9s pour plus de confort  Id\u00e9al pour un style d\u00e9contract\u00e9 au quotidien\" \/>\n<meta property=\"og:url\" content=\"https:\/\/vog.com.tn\/?product=basket-femme-177504-vog\" \/>\n<meta property=\"og:site_name\" content=\"Vog Tunisie\" \/>\n<meta property=\"article:modified_time\" content=\"2025-05-07T14:53:11+00:00\" \/>\n<meta property=\"og:image\" content=\"https:\/\/vog.com.tn\/wp-content\/uploads\/2024\/10\/177504-beige2.png\" \/>\n\t<meta property=\"og:image:width\" content=\"572\" \/>\n\t<meta property=\"og:image:height\" content=\"800\" \/>\n\t<meta property=\"og:image:type\" content=\"image\/png\" \/>\n<meta name=\"twitter:card\" content=\"summary_large_image\" \/>\n<meta name=\"twitter:label1\" content=\"Dur\u00e9e de lecture estim\u00e9e\" \/>\n\t<meta name=\"twitter:data1\" content=\"1 minute\" \/>\n<script type=\"application\/ld+json\" class=\"yoast-schema-graph\">{\"@context\":\"https:\\\/\\\/schema.org\",\"@graph\":[{\"@type\":\"WebPage\",\"@id\":\"https:\\\/\\\/vog.com.tn\\\/?product=basket-femme-177504-vog\",\"url\":\"https:\\\/\\\/vog.com.tn\\\/?product=basket-femme-177504-vog\",\"name\":\"Basket Femme \u2013 177504 \u2013 VOG - Vog Tunisie\",\"isPartOf\":{\"@id\":\"https:\\\/\\\/vog.com.tn\\\/#website\"},\"primaryImageOfPage\":{\"@id\":\"https:\\\/\\\/vog.com.tn\\\/?product=basket-femme-177504-vog#primaryimage\"},\"image\":{\"@id\":\"https:\\\/\\\/vog.com.tn\\\/?product=basket-femme-177504-vog#primaryimage\"},\"thumbnailUrl\":\"https:\\\/\\\/vog.com.tn\\\/wp-content\\\/uploads\\\/2024\\\/10\\\/177504-beige2.png\",\"datePublished\":\"2024-10-28T14:09:18+00:00\",\"dateModified\":\"2025-05-07T14:53:11+00:00\",\"breadcrumb\":{\"@id\":\"https:\\\/\\\/vog.com.tn\\\/?product=basket-femme-177504-vog#breadcrumb\"},\"inLanguage\":\"fr-FR\",\"potentialAction\":[{\"@type\":\"ReadAction\",\"target\":[\"https:\\\/\\\/vog.com.tn\\\/?product=basket-femme-177504-vog\"]}]},{\"@type\":\"ImageObject\",\"inLanguage\":\"fr-FR\",\"@id\":\"https:\\\/\\\/vog.com.tn\\\/?product=basket-femme-177504-vog#primaryimage\",\"url\":\"https:\\\/\\\/vog.com.tn\\\/wp-content\\\/uploads\\\/2024\\\/10\\\/177504-beige2.png\",\"contentUrl\":\"https:\\\/\\\/vog.com.tn\\\/wp-content\\\/uploads\\\/2024\\\/10\\\/177504-beige2.png\",\"width\":572,\"height\":800},{\"@type\":\"BreadcrumbList\",\"@id\":\"https:\\\/\\\/vog.com.tn\\\/?product=basket-femme-177504-vog#breadcrumb\",\"itemListElement\":[{\"@type\":\"ListItem\",\"position\":1,\"name\":\"Home\",\"item\":\"https:\\\/\\\/vog.com.tn\\\/\"},{\"@type\":\"ListItem\",\"position\":2,\"name\":\"Produits\",\"item\":\"https:\\\/\\\/vog.com.tn\\\/?page_id=8\"},{\"@type\":\"ListItem\",\"position\":3,\"name\":\"Basket Femme \u2013 177504 \u2013 VOG\"}]},{\"@type\":\"WebSite\",\"@id\":\"https:\\\/\\\/vog.com.tn\\\/#website\",\"url\":\"https:\\\/\\\/vog.com.tn\\\/\",\"name\":\"Vog Tunisie\",\"description\":\"Pr\u00eat-\u00e0-porter\",\"potentialAction\":[{\"@type\":\"SearchAction\",\"target\":{\"@type\":\"EntryPoint\",\"urlTemplate\":\"https:\\\/\\\/vog.com.tn\\\/?s={search_term_string}\"},\"query-input\":{\"@type\":\"PropertyValueSpecification\",\"valueRequired\":true,\"valueName\":\"search_term_string\"}}],\"inLanguage\":\"fr-FR\"}]}<\/script>\n<!-- \/ Yoast SEO plugin. -->","yoast_head_json":{"title":"Basket Femme \u2013 177504 \u2013 VOG - Vog Tunisie","robots":{"index":"index","follow":"follow","max-snippet":"max-snippet:-1","max-image-preview":"max-image-preview:large","max-video-preview":"max-video-preview:-1"},"canonical":"https:\/\/vog.com.tn\/?product=basket-femme-177504-vog","og_locale":"fr_FR","og_type":"article","og_title":"Basket Femme \u2013 177504 \u2013 VOG - Vog Tunisie","og_description":"baskets avec une semelle assez \u00e9paisse, ce qui leur donne un style l\u00e9g\u00e8rement \"chunky\" ou massif.   Couleur beige avec nuances de blanc cass\u00e9 et de cr\u00e8me  Design moderne et l\u00e9g\u00e8rement chunky  Semelle \u00e9paisse ajoutant environ 3 \u00e0 4 cm de hauteur  Dessus en mat\u00e9riaux m\u00e9lang\u00e9s (cuir synth\u00e9tique et maille) pour style et respirabilit\u00e9  Logo visible sur le c\u00f4t\u00e9  Col et languette rembourr\u00e9s pour plus de confort  Id\u00e9al pour un style d\u00e9contract\u00e9 au quotidien","og_url":"https:\/\/vog.com.tn\/?product=basket-femme-177504-vog","og_site_name":"Vog Tunisie","article_modified_time":"2025-05-07T14:53:11+00:00","og_image":[{"width":572,"height":800,"url":"https:\/\/vog.com.tn\/wp-content\/uploads\/2024\/10\/177504-beige2.png","type":"image\/png"}],"twitter_card":"summary_large_image","twitter_misc":{"Dur\u00e9e de lecture estim\u00e9e":"1 minute"},"schema":{"@context":"https:\/\/schema.org","@graph":[{"@type":"WebPage","@id":"https:\/\/vog.com.tn\/?product=basket-femme-177504-vog","url":"https:\/\/vog.com.tn\/?product=basket-femme-177504-vog","name":"Basket Femme \u2013 177504 \u2013 VOG - Vog Tunisie","isPartOf":{"@id":"https:\/\/vog.com.tn\/#website"},"primaryImageOfPage":{"@id":"https:\/\/vog.com.tn\/?product=basket-femme-177504-vog#primaryimage"},"image":{"@id":"https:\/\/vog.com.tn\/?product=basket-femme-177504-vog#primaryimage"},"thumbnailUrl":"https:\/\/vog.com.tn\/wp-content\/uploads\/2024\/10\/177504-beige2.png","datePublished":"2024-10-28T14:09:18+00:00","dateModified":"2025-05-07T14:53:11+00:00","breadcrumb":{"@id":"https:\/\/vog.com.tn\/?product=basket-femme-177504-vog#breadcrumb"},"inLanguage":"fr-FR","potentialAction":[{"@type":"ReadAction","target":["https:\/\/vog.com.tn\/?product=basket-femme-177504-vog"]}]},{"@type":"ImageObject","inLanguage":"fr-FR","@id":"https:\/\/vog.com.tn\/?product=basket-femme-177504-vog#primaryimage","url":"https:\/\/vog.com.tn\/wp-content\/uploads\/2024\/10\/177504-beige2.png","contentUrl":"https:\/\/vog.com.tn\/wp-content\/uploads\/2024\/10\/177504-beige2.png","width":572,"height":800},{"@type":"BreadcrumbList","@id":"https:\/\/vog.com.tn\/?product=basket-femme-177504-vog#breadcrumb","itemListElement":[{"@type":"ListItem","position":1,"name":"Home","item":"https:\/\/vog.com.tn\/"},{"@type":"ListItem","position":2,"name":"Produits","item":"https:\/\/vog.com.tn\/?page_id=8"},{"@type":"ListItem","position":3,"name":"Basket Femme \u2013 177504 \u2013 VOG"}]},{"@type":"WebSite","@id":"https:\/\/vog.com.tn\/#website","url":"https:\/\/vog.com.tn\/","name":"Vog Tunisie","description":"Pr\u00eat-\u00e0-porter","potentialAction":[{"@type":"SearchAction","target":{"@type":"EntryPoint","urlTemplate":"https:\/\/vog.com.tn\/?s={search_term_string}"},"query-input":{"@type":"PropertyValueSpecification","valueRequired":true,"valueName":"search_term_string"}}],"inLanguage":"fr-FR"}]}},"_links":{"self":[{"href":"https:\/\/vog.com.tn\/index.php?rest_route=\/wp\/v2\/product\/76942","targetHints":{"allow":["GET"]}}],"collection":[{"href":"https:\/\/vog.com.tn\/index.php?rest_route=\/wp\/v2\/product"}],"about":[{"href":"https:\/\/vog.com.tn\/index.php?rest_route=\/wp\/v2\/types\/product"}],"wp:featuredmedia":[{"embeddable":true,"href":"https:\/\/vog.com.tn\/index.php?rest_route=\/wp\/v2\/media\/76955"}],"wp:attachment":[{"href":"https:\/\/vog.com.tn\/index.php?rest_route=%2Fwp%2Fv2%2Fmedia&parent=76942"}],"wp:term":[{"taxonomy":"product_brand","embeddable":true,"href":"https:\/\/vog.com.tn\/index.php?rest_route=%2Fwp%2Fv2%2Fproduct_brand&post=76942"},{"taxonomy":"product_cat","embeddable":true,"href":"https:\/\/vog.com.tn\/index.php?rest_route=%2Fwp%2Fv2%2Fproduct_cat&post=76942"},{"taxonomy":"product_tag","embeddable":true,"href":"https:\/\/vog.com.tn\/index.php?rest_route=%2Fwp%2Fv2%2Fproduct_tag&post=76942"}],"curies":[{"name":"wp","href":"https:\/\/api.w.org\/{rel}","templated":true}]}}